{"id":1710,"date":"2018-09-16T09:37:24","date_gmt":"2018-09-16T09:37:24","guid":{"rendered":"http:\/\/veda.polac.cz\/?page_id=1710"},"modified":"2019-04-18T07:33:36","modified_gmt":"2019-04-18T07:33:36","slug":"01-2001","status":"publish","type":"page","link":"https:\/\/veda.polac.cz\/?page_id=1710","title":{"rendered":"01\/2001"},"content":{"rendered":"<p><strong>Postupy policie p\u0159i kontaktu s dom\u00e1c\u00edm n\u00e1sil\u00edm<\/strong><br \/>\ndoc. PhDr. Ludmila \u010c\u00edrtkov\u00e1, CSc.<\/p>\n<hr \/>\n<p><strong>\u00daloha obecn\u00ed policie p\u0159i pln\u011bn\u00ed\u00a0 bezpe\u010dnostn\u00edch \u00fakol\u016f.\u00a0 Proces vzniku obecn\u00ed policie<\/strong><br \/>\nPhDr. Vladim\u00edr H\u00e1jek<\/p>\n<hr \/>\n<p><strong>Pr\u00e1vn\u00ed \u00faprava soukrom\u00fdch bezpe\u010dnostn\u00edch slu\u017eeb na Slovensku a\u00a0v\u00a0\u010cesk\u00e9 republice<\/strong><br \/>\nJUDr. Eva Horzinkov\u00e1, Ph.D.<\/p>\n<hr \/>\n<p><strong>Sn\u00ed\u017een\u00ed hranice trestn\u00ed odpov\u011bdnosti probl\u00e9m d\u011btsk\u00e9 kriminality nevy\u0159e\u0161\u00ed<\/strong><br \/>\nJUDr. Ivana Zoubkov\u00e1, CSc.<\/p>\n<hr \/>\n<p><strong>Priv\u00e1tn\u00ed detektivov\u00e9\u00a0 &#8211; n\u00e1stroj nebo objekt spole\u010densk\u00e9 kontroly?<\/strong><br \/>\nPaedDr. Franti\u0161ek Nov\u00e1k<\/p>\n<hr \/>\n<p><strong>Bezpe\u010dnostn\u00ed slu\u017eby a hromadn\u00e1 s\u00eddla v\u00a0kontextu vz\u00e1jemn\u00fdch zm\u011bn<\/strong><br \/>\nPaedDr. Franti\u0161ek Nov\u00e1k<\/p>\n<hr \/>\n<p><strong>Absolventi Policejn\u00ed akademie \u010cR (\u0161koln\u00ed rok 1997\/98) v praxi<\/strong><br \/>\ndoc. PhDr. Zden\u011bk Rozum, CSc.<\/p>\n<hr \/>\n<p><strong>Kinematick\u00e1 charakteristika vybran\u00fdch \u00fadern\u00fdch akc\u00ed<\/strong><br \/>\ndoc. PhDr. Ji\u0159\u00ed Straus, CSc.<\/p>\n<hr \/>\n<p><strong>\u010casov\u00e1 st\u00e1lost daktyloskopick\u00fdch stop<\/strong><br \/>\ndoc. PhDr. Ji\u0159\u00ed Straus, CSc., Bc. Monika Nedv\u011bdov\u00e1<\/p>\n<hr \/>\n<p><strong>Ml\u00e1de\u017e a drogy v \u010cesk\u00e9 republice na prahu t\u0159et\u00edho tis\u00edcilet\u00ed<\/strong><br \/>\ndoc. ing. Renata \u0160tablov\u00e1, CSc.<\/p>\n<hr \/>\n<p><strong>Prostituce, odkud a kam kr\u00e1\u010d\u00ed\u0161?<\/strong><br \/>\nJUDr. Ji\u0159\u00ed K\u0159epelka, JUDr. Miroslav Polcar, JUDr. Milan \u0160ubrt<\/p>\n<hr \/>\n<p><strong>Politi\u010dt\u00ed extremist\u00e9 a radik\u00e1lov\u00e9<\/strong><br \/>\nDr. \u0160tefan Danics, Ph.D.<\/p>\n<hr \/>\n<p><strong>Aktu\u00e1ln\u00ed ot\u00e1zky postaven\u00ed a \u00fakol\u016f \u010detnictva ve Francii<\/strong><br \/>\nJUDr. Anton\u00edn Fil\u00e1k, CSc., Martin Vrabec<\/p>\n<hr \/>\n<p><strong>Policejn\u00ed v\u011bdy a teorie policejn\u011b bezpe\u010dnostn\u00ed \u010dinnosti<\/strong><br \/>\nprof. PhDr. Kv\u011bto\u0148 Holcr, DrSc., doc. PhDr. Robert Chalka, CSc., prof. JUDr. Ing. Viktor Porada, DrSc.<\/p>\n<hr \/>\n<p><strong>K\u00a0problematice po\u017eadavk\u016f org\u00e1n\u016f \u010dinn\u00fdch v\u00a0trestn\u00edm \u0159\u00edzen\u00ed na znaleckou expertizu ve vztahu k\u00a0mo\u017enostem soudn\u00edch znalc\u016f<\/strong><br \/>\nJUDr. Jan Chmel\u00edk, prof. JUDr. Ing. Viktor Porada, DrSc.<\/p>\n<hr \/>\n<p><strong>Aktiviz\u00e1cia vyu\u010dovacieho procesu uplatnen\u00edm probl\u00e9mov\u00e9ho pr\u00edstupu vo\u00a0vyu\u010dovan\u00ed na Akad\u00e9mii Policajn\u00e9ho zboru v Bratislave<\/strong><br \/>\nIng. Jozef Hal\u00e1dik, Ph.D.<\/p>\n<hr \/>\n<p><strong>V\u00fdznam technologick\u00fdch vedomost\u00ed a\u00a0vyplyvu technick\u00e9ho rozvoja na riadenie a\u00a0\u010dinnos\u0165 pol\u00edcie<\/strong><br \/>\ndoc.JUDr. Anton Tallo, CSc.<\/p>\n<hr \/>\n<p><strong>Zpr\u00e1va o z\u00e1v\u011bre\u010dn\u00e9m oponentn\u00edm \u0159\u00edzen\u00ed, v\u00fdstupech, doporu\u010den\u00edch\u00a0a slu\u017eb\u00e1ch vych\u00e1zej\u00edc\u00edch z\u00a0grantov\u00e9ho projektu \u201eHarmonizace \u010desk\u00e9ho pr\u00e1vn\u00edho \u0159\u00e1du s\u00a0evropsk\u00fdm pr\u00e1vem v\u00a0resortu MV\u201c<\/strong><br \/>\nJUDr. Vladim\u00edr Zoubek, CSc.<\/p>\n<hr \/>\n<p><strong>Informace z N\u00e1rodn\u00ed konference\u00a0 \u201eSport v\u00a0\u010cesk\u00e9 republice na za\u010d\u00e1tku nov\u00e9ho tis\u00edcilet\u00ed\u201c<\/strong><br \/>\nIng. Milan Kn\u00fd, CSc.<\/p>\n<hr \/>\n<p><strong>Recenzia na publikaci:<\/strong><br \/>\n<strong>\u010cern\u00edk, V., Vicen\u00edk, J., Vi\u0161\u0148ovsk\u00fd, E.: Praktick\u00e9 usudzovanie, konanie a\u00a0humanitn\u00e1 interpret\u00e1cia.\u00a0<\/strong><br \/>\nRNDr. Jaroslav Holomek, CSc.<\/p>\n<hr \/>\n<p><strong>Recenze monografi\u00ed:<\/strong><br \/>\n<strong>Tallo, A.: Automobilov\u00e1 kriminalita a Tallo, A.: Automobilov\u00e1 kriminalita v Eur\u00f3pe<\/strong><br \/>\ndoc. PhDr. Ji\u0159\u00ed Straus, CSc., prof. JUDr. Ing. Viktor Porada, DrSc.<\/p>\n<hr \/>\n<p><strong>Recenze publikace:<\/strong><br \/>\n<strong>Jana Viktoryov\u00e1: Pl\u00e1nov\u00e1n\u00ed vy\u0161et\u0159ov\u00e1n\u00ed<\/strong><br \/>\nJUDr. Jan Chmel\u00edk<\/p>\n<hr \/>\n<p><a href=\"https:\/\/veda.polac.cz\/?page_id=235\">Zp\u011bt<\/a><\/p>\n","protected":false},"excerpt":{"rendered":"<p>Postupy policie p\u0159i kontaktu s dom\u00e1c\u00edm n\u00e1sil\u00edm doc. PhDr. Ludmila \u010c\u00edrtkov\u00e1, CSc. \u00daloha obecn\u00ed policie p\u0159i pln\u011bn\u00ed\u00a0 bezpe\u010dnostn\u00edch \u00fakol\u016f.\u00a0 Proces vzniku obecn\u00ed policie PhDr. Vladim\u00edr H\u00e1jek Pr\u00e1vn\u00ed \u00faprava soukrom\u00fdch bezpe\u010dnostn\u00edch slu\u017eeb na Slovensku a\u00a0v\u00a0\u010cesk\u00e9 republice JUDr. Eva Horzinkov\u00e1, Ph.D. Sn\u00ed\u017een\u00ed hranice trestn\u00ed odpov\u011bdnosti probl\u00e9m d\u011btsk\u00e9 kriminality nevy\u0159e\u0161\u00ed JUDr. Ivana Zoubkov\u00e1, CSc. Priv\u00e1tn\u00ed detektivov\u00e9\u00a0 &#8211; n\u00e1stroj [&hellip;]<\/p>\n","protected":false},"author":2,"featured_media":0,"parent":235,"menu_order":61,"comment_status":"closed","ping_status":"closed","template":"","meta":{"footnotes":""},"class_list":["post-1710","page","type-page","status-publish","hentry"],"_links":{"self":[{"href":"https:\/\/veda.polac.cz\/index.php?rest_route=\/wp\/v2\/pages\/1710","targetHints":{"allow":["GET"]}}],"collection":[{"href":"https:\/\/veda.polac.cz\/index.php?rest_route=\/wp\/v2\/pages"}],"about":[{"href":"https:\/\/veda.polac.cz\/index.php?rest_route=\/wp\/v2\/types\/page"}],"author":[{"embeddable":true,"href":"https:\/\/veda.polac.cz\/index.php?rest_route=\/wp\/v2\/users\/2"}],"replies":[{"embeddable":true,"href":"https:\/\/veda.polac.cz\/index.php?rest_route=%2Fwp%2Fv2%2Fcomments&post=1710"}],"version-history":[{"count":2,"href":"https:\/\/veda.polac.cz\/index.php?rest_route=\/wp\/v2\/pages\/1710\/revisions"}],"predecessor-version":[{"id":2542,"href":"https:\/\/veda.polac.cz\/index.php?rest_route=\/wp\/v2\/pages\/1710\/revisions\/2542"}],"up":[{"embeddable":true,"href":"https:\/\/veda.polac.cz\/index.php?rest_route=\/wp\/v2\/pages\/235"}],"wp:attachment":[{"href":"https:\/\/veda.polac.cz\/index.php?rest_route=%2Fwp%2Fv2%2Fmedia&parent=1710"}],"curies":[{"name":"wp","href":"https:\/\/api.w.org\/{rel}","templated":true}]}}