{"id":171,"date":"2018-09-08T06:03:31","date_gmt":"2018-09-08T06:03:31","guid":{"rendered":"http:\/\/veda.polac.cz\/?page_id=171"},"modified":"2018-11-02T22:31:39","modified_gmt":"2018-11-02T22:31:39","slug":"171-2","status":"publish","type":"page","link":"https:\/\/veda.polac.cz\/?page_id=171","title":{"rendered":""},"content":{"rendered":"<p style=\"text-align: center;\">Resum\u00e9 \u010dl\u00e1nku<\/p>\n<p><strong>K postaven\u00ed slu\u017eebn\u00edho funkcion\u00e1\u0159e v k\u00e1ze\u0148sk\u00e9m \u0159\u00edzen\u00ed a \u0159e\u0161en\u00ed n\u00e1mitky podjatosti<\/strong><br \/>\n<em>JUDr. PhDr. Zden\u011bk Fiala, Ph.D., Policejn\u00ed akademie \u010cesk\u00e9 republiky v Praze, Fakulta bezpe\u010dnostn\u00edho managementu, katedra ve\u0159ejn\u00e9 spr\u00e1vy<\/em><\/p>\n<p>V prvn\u00ed \u010d\u00e1sti p\u0159\u00edsp\u011bvku autor vymezuje postaven\u00ed slu\u017eebn\u00edho funkcion\u00e1\u0159e coby subjektu k\u00e1ze\u0148sk\u00e9ho \u0159\u00edzen\u00ed, v druh\u00e9 \u010d\u00e1sti p\u0159\u00edsp\u011bvku je pak v\u011bnov\u00e1na pozornost ot\u00e1zce uplatn\u011bn\u00ed institutu tzv. podjatosti v k\u00e1ze\u0148sk\u00e9m \u0159\u00edzen\u00ed ve sv\u011btle soudn\u00ed judikatury. Autor upozor\u0148uje p\u0159edev\u0161\u00edm na nutnost aplikace \u00a7 14 spr\u00e1vn\u00edho \u0159\u00e1du p\u0159i \u0159e\u0161en\u00ed vznesen\u00fdch n\u00e1mitek.<br \/>\n<strong>Kl\u00ed\u010dov\u00e1 slova:<\/strong>\u00a0k\u00e1ze\u0148sk\u00e9 \u0159\u00edzen\u00ed, slu\u017eebn\u00ed funkcion\u00e1\u0159, podjatost.<\/p>\n<p><a href=\"https:\/\/veda.polac.cz\/wp-content\/uploads\/2018\/11\/012018K-postaven\u00ed-slu\u017eebn\u00edho-funkcion\u00e1\u0159e-v-k\u00e1ze\u0148sk\u00e9m-\u0159\u00edzen\u00ed-a-\u0159e\u0161en\u00ed-n\u00e1mitky-podjatosti.pdf\">Pdf form\u00e1t<\/a><\/p>\n<p><a href=\"https:\/\/veda.polac.cz\/?page_id=85\">01\/2018<\/a><\/p>\n","protected":false},"excerpt":{"rendered":"<p>Resum\u00e9 \u010dl\u00e1nku K postaven\u00ed slu\u017eebn\u00edho funkcion\u00e1\u0159e v k\u00e1ze\u0148sk\u00e9m \u0159\u00edzen\u00ed a \u0159e\u0161en\u00ed n\u00e1mitky podjatosti JUDr. PhDr. Zden\u011bk Fiala, Ph.D., Policejn\u00ed akademie \u010cesk\u00e9 republiky v Praze, Fakulta bezpe\u010dnostn\u00edho managementu, katedra ve\u0159ejn\u00e9 spr\u00e1vy V prvn\u00ed \u010d\u00e1sti p\u0159\u00edsp\u011bvku autor vymezuje postaven\u00ed slu\u017eebn\u00edho funkcion\u00e1\u0159e coby subjektu k\u00e1ze\u0148sk\u00e9ho \u0159\u00edzen\u00ed, v druh\u00e9 \u010d\u00e1sti p\u0159\u00edsp\u011bvku je pak v\u011bnov\u00e1na pozornost ot\u00e1zce uplatn\u011bn\u00ed institutu tzv. [&hellip;]<\/p>\n","protected":false},"author":2,"featured_media":0,"parent":85,"menu_order":2,"comment_status":"closed","ping_status":"closed","template":"","meta":{"footnotes":""},"class_list":["post-171","page","type-page","status-publish","hentry"],"_links":{"self":[{"href":"https:\/\/veda.polac.cz\/index.php?rest_route=\/wp\/v2\/pages\/171","targetHints":{"allow":["GET"]}}],"collection":[{"href":"https:\/\/veda.polac.cz\/index.php?rest_route=\/wp\/v2\/pages"}],"about":[{"href":"https:\/\/veda.polac.cz\/index.php?rest_route=\/wp\/v2\/types\/page"}],"author":[{"embeddable":true,"href":"https:\/\/veda.polac.cz\/index.php?rest_route=\/wp\/v2\/users\/2"}],"replies":[{"embeddable":true,"href":"https:\/\/veda.polac.cz\/index.php?rest_route=%2Fwp%2Fv2%2Fcomments&post=171"}],"version-history":[{"count":6,"href":"https:\/\/veda.polac.cz\/index.php?rest_route=\/wp\/v2\/pages\/171\/revisions"}],"predecessor-version":[{"id":2155,"href":"https:\/\/veda.polac.cz\/index.php?rest_route=\/wp\/v2\/pages\/171\/revisions\/2155"}],"up":[{"embeddable":true,"href":"https:\/\/veda.polac.cz\/index.php?rest_route=\/wp\/v2\/pages\/85"}],"wp:attachment":[{"href":"https:\/\/veda.polac.cz\/index.php?rest_route=%2Fwp%2Fv2%2Fmedia&parent=171"}],"curies":[{"name":"wp","href":"https:\/\/api.w.org\/{rel}","templated":true}]}}