{"id":1707,"date":"2018-09-16T09:34:14","date_gmt":"2018-09-16T09:34:14","guid":{"rendered":"http:\/\/veda.polac.cz\/?page_id=1707"},"modified":"2019-04-18T07:34:30","modified_gmt":"2019-04-18T07:34:30","slug":"02-2001","status":"publish","type":"page","link":"https:\/\/veda.polac.cz\/?page_id=1707","title":{"rendered":"02\/2001"},"content":{"rendered":"<p><strong>Priority policie v\u00a0podm\u00ednk\u00e1ch postmodern\u00edho st\u00e1tu<\/strong><br \/>\nPhDr. Zuzana Herzogov\u00e1, CSc.<\/p>\n<hr \/>\n<p><strong>Niektor\u00e9 pr\u00edstupy k\u00a0vyu\u017e\u00edvaniu eduka\u010dn\u00fdch prostriedkov v\u00a0podmienkach vysokej \u0161koly<\/strong><br \/>\ndoc. J\u00e1n Buzalka, CSc.<\/p>\n<hr \/>\n<p><strong>Terorismus\u00a0 jako sou\u010d\u00e1st nekooperativn\u00ed politiky<\/strong><br \/>\nDr. \u0160tefan Danics, Ph.D.<\/p>\n<hr \/>\n<p><strong>Terorismus \u2013 v\u00e1lka t\u0159et\u00edho tis\u00edcilet\u00ed<\/strong><br \/>\nMgr. Luk\u00e1\u0161 Urban<\/p>\n<hr \/>\n<p><strong>Pr\u00e1vo na odpor<\/strong><br \/>\nZden\u011bk Krej\u010d\u00ed, Dr.<\/p>\n<hr \/>\n<p><strong>Anal\u00fdza profesn\u00edho profilu \u0159\u00edd\u00edc\u00edch pracovn\u00edk\u016f policie\u00a0a determinace jejich soci\u00e1ln\u00ed kompetence<\/strong><br \/>\nDr. Zden\u011bk Kova\u0159\u00edk, CSc.<\/p>\n<hr \/>\n<p><strong>Speci\u00e1ln\u00ed policejn\u00ed jednotky\u00a0 a vybran\u00e9 aspekty jejich v\u00fdcviku<\/strong><br \/>\nMgr. Marian Brzybohat\u00fd, Ph.D.<\/p>\n<hr \/>\n<p><strong>Z\u00e1kladn\u00e9 pr\u00edstupy ku kr\u00edzov\u00e9mu pl\u00e1novaniu<\/strong><br \/>\ndoc. J\u00e1n Buzalka, CSc.<\/p>\n<hr \/>\n<p><strong>Probl\u00e9my transferu vedeck\u00fdch poznatkov vo vz\u0165ahu k\u00a0potreb\u00e1m policajnej praxe<\/strong><br \/>\nRSDr. Peter Bilsk\u00fd, CSc., prof. PhDr. Jaroslav Erneker, DrSc.<br \/>\nprof. JUDr. Ing. Viktor Porada, DrSc.<\/p>\n<hr \/>\n<p><strong>Policajn\u00e1 deontol\u00f3gia a jej mo\u017en\u00fd vklad do boja proti\u00a0korupcii v\u00a0PZ<\/strong><br \/>\ndoc. PaedDr. Samuel Uhr\u00edn, CSc.<\/p>\n<hr \/>\n<p><strong>Osobitosti odha\u013eovania trestnej \u010dinnosti korupcie<\/strong><br \/>\nIng. Miroslav Liso\u0148, Ph.D., doc. JUDr. Dezider Bango, CSc., prof. JUDr. Ing. Viktor Porada, DrSc.<\/p>\n<hr \/>\n<p><strong>Tradi\u010dn\u00ed a nov\u00e9 \u00fakoly Policie \u010cR v prevenci kriminality ml\u00e1de\u017ee<\/strong><br \/>\nJUDr. Ivana Zoubkov\u00e1, CSc.<\/p>\n<hr \/>\n<p><strong>Mo\u017enosti modelov\u00e1n\u00ed p\u0159i biomechanick\u00e9m zkoum\u00e1n\u00ed<\/strong><br \/>\nprof. PhDr. Ji\u0159\u00ed Straus, CSc.<\/p>\n<hr \/>\n<p><strong>Detekce a likvidace chemick\u00fdch, biologick\u00fdch, radia\u010dn\u00edch a jadern\u00fdch zbran\u00ed kombinovan\u00fdch s\u00a0n\u00e1stra\u017en\u00fdm v\u00fdbu\u0161n\u00fdm syst\u00e9mem<\/strong><br \/>\nRNDr. Jaroslav Ture\u010dek, Ph.D.<\/p>\n<hr \/>\n<p><strong>Priv\u00e1tn\u00ed slu\u017eby pod kontrolou st\u00e1tu\u00a0 (syst\u00e9m komer\u010dn\u00ed bezpe\u010dnosti v Polsku)<\/strong><br \/>\nPaedDr. Franti\u0161ek Nov\u00e1k<\/p>\n<hr \/>\n<p><strong>Spolupr\u00e1ce Policie \u010cR s\u00a0ve\u0159ejnost\u00ed jako p\u0159edm\u011bt v\u00fdzkumu<\/strong><br \/>\nPhDr. Pavel Krej\u010d\u00ed, CSc., doc. PhDr. Ji\u0159\u00ed Semr\u00e1d, CSc., dr. Zden\u011bk Kova\u0159\u00edk, CSc.<\/p>\n<hr \/>\n<p><strong>P\u0159\u00edsp\u011bvek k\u00a0vnit\u0159n\u00ed pedagogick\u00e9 evaluaci\u00a0 (v\u00fdznam zp\u011btn\u00e9 vazby p\u0159i hodnocen\u00ed v\u00fduky povinn\u011b voliteln\u00e9ho p\u0159edm\u011btu)<\/strong><br \/>\nPhDr. Iva Borsk\u00e1, CSc.<\/p>\n<hr \/>\n<p><strong>P\u0159ij\u00edmac\u00ed \u0159\u00edzen\u00ed na PA \u010cR z\u00a0pohledu statistick\u00e9 anal\u00fdzy<\/strong><br \/>\nDr. Zden\u011bk Kova\u0159\u00edk, CSc.<\/p>\n<hr \/>\n<p><strong>Recenze publikace:\u00a0 Jan Hejda: \u00a0Kriminologick\u00e9, trestn\u011b pr\u00e1vn\u00ed a\u00a0kriminalistick\u00e9 aspekty drogov\u00e9ho probl\u00e9mu v\u00a0\u010cR a jeho \u0159e\u0161en\u00ed<\/strong><br \/>\ndoc. PhDr. Ji\u0159\u00ed Straus, CSc.<\/p>\n<hr \/>\n<p><a href=\"https:\/\/veda.polac.cz\/?page_id=235\">Zp\u011bt<\/a><\/p>\n","protected":false},"excerpt":{"rendered":"<p>Priority policie v\u00a0podm\u00ednk\u00e1ch postmodern\u00edho st\u00e1tu PhDr. Zuzana Herzogov\u00e1, CSc. Niektor\u00e9 pr\u00edstupy k\u00a0vyu\u017e\u00edvaniu eduka\u010dn\u00fdch prostriedkov v\u00a0podmienkach vysokej \u0161koly doc. J\u00e1n Buzalka, CSc. Terorismus\u00a0 jako sou\u010d\u00e1st nekooperativn\u00ed politiky Dr. \u0160tefan Danics, Ph.D. Terorismus \u2013 v\u00e1lka t\u0159et\u00edho tis\u00edcilet\u00ed Mgr. Luk\u00e1\u0161 Urban Pr\u00e1vo na odpor Zden\u011bk Krej\u010d\u00ed, Dr. Anal\u00fdza profesn\u00edho profilu \u0159\u00edd\u00edc\u00edch pracovn\u00edk\u016f policie\u00a0a determinace jejich soci\u00e1ln\u00ed kompetence Dr. [&hellip;]<\/p>\n","protected":false},"author":2,"featured_media":0,"parent":235,"menu_order":60,"comment_status":"closed","ping_status":"closed","template":"","meta":{"footnotes":""},"class_list":["post-1707","page","type-page","status-publish","hentry"],"_links":{"self":[{"href":"https:\/\/veda.polac.cz\/index.php?rest_route=\/wp\/v2\/pages\/1707","targetHints":{"allow":["GET"]}}],"collection":[{"href":"https:\/\/veda.polac.cz\/index.php?rest_route=\/wp\/v2\/pages"}],"about":[{"href":"https:\/\/veda.polac.cz\/index.php?rest_route=\/wp\/v2\/types\/page"}],"author":[{"embeddable":true,"href":"https:\/\/veda.polac.cz\/index.php?rest_route=\/wp\/v2\/users\/2"}],"replies":[{"embeddable":true,"href":"https:\/\/veda.polac.cz\/index.php?rest_route=%2Fwp%2Fv2%2Fcomments&post=1707"}],"version-history":[{"count":2,"href":"https:\/\/veda.polac.cz\/index.php?rest_route=\/wp\/v2\/pages\/1707\/revisions"}],"predecessor-version":[{"id":2544,"href":"https:\/\/veda.polac.cz\/index.php?rest_route=\/wp\/v2\/pages\/1707\/revisions\/2544"}],"up":[{"embeddable":true,"href":"https:\/\/veda.polac.cz\/index.php?rest_route=\/wp\/v2\/pages\/235"}],"wp:attachment":[{"href":"https:\/\/veda.polac.cz\/index.php?rest_route=%2Fwp%2Fv2%2Fmedia&parent=1707"}],"curies":[{"name":"wp","href":"https:\/\/api.w.org\/{rel}","templated":true}]}}