{"id":1705,"date":"2018-09-16T09:30:50","date_gmt":"2018-09-16T09:30:50","guid":{"rendered":"http:\/\/veda.polac.cz\/?page_id=1705"},"modified":"2019-04-18T07:35:25","modified_gmt":"2019-04-18T07:35:25","slug":"01-2002","status":"publish","type":"page","link":"https:\/\/veda.polac.cz\/?page_id=1705","title":{"rendered":"01\/2002"},"content":{"rendered":"<p><strong>Slavnostn\u00ed \u0159e\u010d p\u0159i p\u0159\u00edle\u017eitosti inaugurace do rektorsk\u00e9ho \u00fa\u0159adu<\/strong><br \/>\ndoc. Ing. Hana Barto\u0161ov\u00e1, CSc.<\/p>\n<hr \/>\n<p><strong>Kriminalistika na prahu 21. stolet\u00ed &#8211; vybran\u00e9 aspekty<\/strong><br \/>\nprof. PhDr. Ji\u0159\u00ed Straus, CSc.,\u00a0 prof. JUDr. Ing. Viktor Porada, DrSc.<\/p>\n<hr \/>\n<p><strong>Pr\u00edspevok k\u00a0diskusii o objekte kriminalistiky<\/strong><br \/>\nprof. Ing. V\u00e1clav Krajn\u00edk, CSc., doc. JUDr. Ji\u0159\u00ed Hlava, CSc.<\/p>\n<hr \/>\n<p><strong>Pozn\u00e1mky k\u00a0vymedzeniu predmetu kriminalistiky<\/strong><br \/>\nprof. Ing. V\u00e1clav Krajn\u00edk, CSc., doc. JUDr. Ji\u0159\u00ed Hlava, CSc.<\/p>\n<hr \/>\n<p><strong>St\u00e1t a \u0158\u00edmsko-katolick\u00e1 c\u00edrkev<\/strong><br \/>\nPhDr. Miroslav Blahout<\/p>\n<hr \/>\n<p><strong>Absolventi Policejn\u00ed akademie \u010cR v\u00a0praxi\u00a0<\/strong><br \/>\n<strong>(Akademick\u00fd rok 1998\/99)<\/strong><br \/>\ndoc. PhDr. Zden\u011bk Rozum, CSc.<\/p>\n<hr \/>\n<p><strong>Skinheadi a extr\u00e9mn\u00ed politick\u00e1 pravice<\/strong><br \/>\nDr. \u0160tefan Danics, Ph.D.<\/p>\n<hr \/>\n<p><strong>Private Security Industry Act 2001 (konec liber\u00e1ln\u00edho p\u0159\u00edstupu k\u00a0SBS ve Velk\u00e9 Brit\u00e1nii)<\/strong><br \/>\nPaedDr. Franti\u0161ek Nov\u00e1k<\/p>\n<hr \/>\n<p><strong>Biomechanick\u00e1 charakteristika p\u0159\u00edm\u00e9ho \u00faderu<\/strong><br \/>\nprof. PhDr. Ji\u0159\u00ed Straus, CSc.<\/p>\n<hr \/>\n<p><strong>Biomechanika p\u00e1du z\u00a0v\u00fd\u0161ky<\/strong><br \/>\nZden\u011bk Sad\u00edlek<\/p>\n<hr \/>\n<p><strong>K\u00a0mo\u017en\u00fdm praktick\u00fdm probl\u00e9m\u016fm prov\u00e1d\u011bn\u00ed zkr\u00e1cen\u00e9ho p\u0159\u00edpravn\u00e9ho \u0159\u00edzen\u00ed<\/strong><br \/>\nJUDr. Franti\u0161ek Voleveck\u00fd<\/p>\n<hr \/>\n<p><strong>Operat\u00edvne vy\u0165a\u017eovanie os\u00f4b &#8211; osobitn\u00e1 forma v\u00fdsluchu?<\/strong><br \/>\nJUDr. Iveta Kub\u00edkov\u00e1<\/p>\n<hr \/>\n<p><strong>Teoretick\u00e1 v\u00fdchodisk\u00e1 profil\u00e1cie p\u00e1chate\u013eov trestn\u00fdch \u010dinov vr\u00e1\u017ed<\/strong><br \/>\nJUDr. Anton\u00edn Nesvadba, Ph.D.<\/p>\n<hr \/>\n<p><strong>Kriminalistick\u00e9 sk\u00famanie portr\u00e9tu osoby<\/strong><br \/>\nRNDr. So\u0148a Masnicov\u00e1, Ph.D.<\/p>\n<hr \/>\n<p><strong>Vlastnosti inertn\u00edch v\u00fdbu\u0161nin rozhoduj\u00edc\u00ed pro jejich detekci<\/strong><br \/>\nRNDr. Jaroslav Ture\u010dek, Ph.D.<\/p>\n<hr \/>\n<p><strong>Recenze v\u011bdeck\u00e9 monografie doc. PhDr. J\u00e1na Bubeliniho, CSc. \u201ePrevencia kriminality\u201d<\/strong><br \/>\nprof. PhDr. Kv\u011bto\u0148 Holcr, DrSc.,\u00a0 prof. JUDr. Ing. Viktor Porada, DrSc.<\/p>\n<hr \/>\n<p><strong>Recenze\u00a0publikace\u00a0Rak, R. a kol.: Kr\u00e1de\u017ee vozidel.\u00a0<\/strong><br \/>\n<strong>Odhalov\u00e1n\u00ed, vy\u0161et\u0159ov\u00e1n\u00ed a prevence. zp\u011btn\u00e9 vazby.<\/strong><br \/>\nprof. PhDr. Ji\u0159\u00ed Straus, CSc.<\/p>\n<hr \/>\n<p><strong>Recenze\u00a0publikace\u00a0Viktoryov\u00e1 Jana a kol.; Te\u00f3ria a prax dokazovania vo vy\u0161etrovan\u00ed.<\/strong><br \/>\nDr. Jozef Balga, Ph.D.<\/p>\n<hr \/>\n<p><strong>Zpr\u00e1va o habilita\u010dn\u00edm \u0159\u00edzen\u00ed JUDr. Vladim\u00edra Zoubka, CSc.<\/strong><br \/>\ndoc. JUDr.\u00a0 PhDr. Milo\u0161 Ve\u010de\u0159a, CSc.<\/p>\n<hr \/>\n<p><strong>PhDr. Ji\u0159\u00ed Straus, CSc. profesorem<\/strong><br \/>\nprof. Ing. V\u00e1clav Krajn\u00edk, CSc.,<\/p>\n<hr \/>\n<p><a href=\"https:\/\/veda.polac.cz\/?page_id=235\">Zp\u011bt<\/a><\/p>\n","protected":false},"excerpt":{"rendered":"<p>Slavnostn\u00ed \u0159e\u010d p\u0159i p\u0159\u00edle\u017eitosti inaugurace do rektorsk\u00e9ho \u00fa\u0159adu doc. Ing. Hana Barto\u0161ov\u00e1, CSc. Kriminalistika na prahu 21. stolet\u00ed &#8211; vybran\u00e9 aspekty prof. PhDr. Ji\u0159\u00ed Straus, CSc.,\u00a0 prof. JUDr. Ing. Viktor Porada, DrSc. Pr\u00edspevok k\u00a0diskusii o objekte kriminalistiky prof. Ing. V\u00e1clav Krajn\u00edk, CSc., doc. JUDr. Ji\u0159\u00ed Hlava, CSc. Pozn\u00e1mky k\u00a0vymedzeniu predmetu kriminalistiky prof. Ing. V\u00e1clav Krajn\u00edk, [&hellip;]<\/p>\n","protected":false},"author":2,"featured_media":0,"parent":235,"menu_order":59,"comment_status":"closed","ping_status":"closed","template":"","meta":{"footnotes":""},"class_list":["post-1705","page","type-page","status-publish","hentry"],"_links":{"self":[{"href":"https:\/\/veda.polac.cz\/index.php?rest_route=\/wp\/v2\/pages\/1705","targetHints":{"allow":["GET"]}}],"collection":[{"href":"https:\/\/veda.polac.cz\/index.php?rest_route=\/wp\/v2\/pages"}],"about":[{"href":"https:\/\/veda.polac.cz\/index.php?rest_route=\/wp\/v2\/types\/page"}],"author":[{"embeddable":true,"href":"https:\/\/veda.polac.cz\/index.php?rest_route=\/wp\/v2\/users\/2"}],"replies":[{"embeddable":true,"href":"https:\/\/veda.polac.cz\/index.php?rest_route=%2Fwp%2Fv2%2Fcomments&post=1705"}],"version-history":[{"count":2,"href":"https:\/\/veda.polac.cz\/index.php?rest_route=\/wp\/v2\/pages\/1705\/revisions"}],"predecessor-version":[{"id":2546,"href":"https:\/\/veda.polac.cz\/index.php?rest_route=\/wp\/v2\/pages\/1705\/revisions\/2546"}],"up":[{"embeddable":true,"href":"https:\/\/veda.polac.cz\/index.php?rest_route=\/wp\/v2\/pages\/235"}],"wp:attachment":[{"href":"https:\/\/veda.polac.cz\/index.php?rest_route=%2Fwp%2Fv2%2Fmedia&parent=1705"}],"curies":[{"name":"wp","href":"https:\/\/api.w.org\/{rel}","templated":true}]}}