{"id":1702,"date":"2018-09-16T09:26:16","date_gmt":"2018-09-16T09:26:16","guid":{"rendered":"http:\/\/veda.polac.cz\/?page_id=1702"},"modified":"2019-04-18T07:38:08","modified_gmt":"2019-04-18T07:38:08","slug":"zvlastni-cislo-2003","status":"publish","type":"page","link":"https:\/\/veda.polac.cz\/?page_id=1702","title":{"rendered":"Zvl\u00e1\u0161tn\u00ed \u010d\u00edslo 2003"},"content":{"rendered":"<p><strong>Zvl\u00e1\u0161tn\u00ed \u010d\u00edslo v\u011bnovan\u00e9\u00a0problematice v\u011bdecko &#8211; v\u00fdzkumn\u00fdch \u00fakol\u016f V\u00fdzkumn\u00e9ho z\u00e1m\u011bru PA \u010cR<\/strong><\/p>\n<p><strong>Vnit\u0159n\u00ed bezpe\u010dnost v evropsk\u00e9m kontextu vzd\u011bl\u00e1v\u00e1n\u00ed, v\u011bdy a v\u00fdzkumu<\/strong><br \/>\nDoc. Ing. Hana Barto\u0161ov\u00e1, CSc.<\/p>\n<hr \/>\n<p><strong>Umenie policajnej pr\u00e1ce \u2013 policajn\u00e1 veda a\u00a0vzdel\u00e1vanie<\/strong><br \/>\nLex Mellink &#8211; Simone de Wit, prelo\u017eil: Doc. RNDr. Jaroslav Holomek, CSc.<\/p>\n<hr \/>\n<p><strong>Marketing us\u0142ug bezpiecze\u0144stwa<\/strong><br \/>\nDr. Leszek Korzeniowski<\/p>\n<hr \/>\n<p><strong>Verejnopr\u00e1vna povaha slu\u017eobn\u00e9ho pomeru pr\u00edslu\u0161n\u00edkov Policajn\u00e9ho zboru<\/strong><br \/>\nDoc. JUDr. Jozef Kuril, CSc.<\/p>\n<hr \/>\n<p><strong>Probl\u00e9my transferu vedeck\u00fdch poznatkov vo vz\u0165ahu k potreb\u00e1m policajnej praxe<\/strong><br \/>\nRSDr. Peter Bilsk\u00fd, CSc., Prof. PhDr. Jaroslav Erneker, DrSc.,<br \/>\nProf. JUDr. Ing. Viktor Porada, DrSc.<\/p>\n<hr \/>\n<p><strong>Kontrola (prevencia) kriminality vy\u017eaduje zmenu syst\u00e9mov<\/strong><br \/>\nProf. JUDr. Milan \u010ci\u010d, DrSc., Doc. JUDr. Yvetta Turayov\u00e1, CSc.<\/p>\n<hr \/>\n<p><strong>\u00davod do teorie ochrany objekt\u016f<\/strong><br \/>\nProf. Ing. Mari\u00e1n Mes\u00e1ro\u0161, CSc., Prof. JUDr. Ing. Viktor Porada, DrSc.,<br \/>\nDoc. RNDr. Jaroslav Ture\u010dek, Ph.D.<\/p>\n<hr \/>\n<p><strong>Nov\u00e9 \u00fakony a formy dopravn\u011b bezpe\u010dnostn\u00ed represe<\/strong><br \/>\nPhDr.Kamil Pavl\u00ed\u010dek, CSc.<\/p>\n<hr \/>\n<p><strong>Osobnost policejn\u00edho mana\u017eera: vlastnosti osobnosti a inteligence<\/strong><br \/>\nProf. PhDr. Miloslav Kod\u00fdm, CSc.<\/p>\n<hr \/>\n<p><strong>N\u011bkter\u00e9 teoretick\u00e9 a metodologick\u00e9 aspekty vztahu: v\u011bda &#8211; bezpe\u010dnost &#8211; management<\/strong><br \/>\nIng. Milan Kn\u00fd, CSc.<\/p>\n<hr \/>\n<p><strong>Pojem a druhy policejn\u00ed techniky<\/strong><br \/>\nRNDr. Jaroslav Ture\u010dek, Ph.D.<\/p>\n<hr \/>\n<p><strong>\u00da\u010del prov\u00e1d\u011bn\u00ed analytick\u00e9 \u010dinnosti p\u0159i \u0159\u00edzen\u00ed policie a z\u00e1kladn\u00ed rozd\u011blen\u00ed prov\u00e1d\u011bn\u00fdch anal\u00fdz<\/strong><br \/>\nDoc. JUDr. \u0160tefan Hund\u00e1k, CSc.<\/p>\n<hr \/>\n<p><strong>Nestrann\u00e9 prosazov\u00e1n\u00ed z\u00e1kona<\/strong><br \/>\nPhDr. Zuzana Herzogov\u00e1, CSc.<\/p>\n<hr \/>\n<p><strong>Anal\u00fdza faktor\u016f ovliv\u0148uj\u00edc\u00edch \u010dinnost slu\u017eby po\u0159\u00e1dkov\u00e9 a dopravn\u00ed policie ve velk\u00fdch m\u011bstech<\/strong><br \/>\nDoc. JUDr. Pavel Macek, CSc.<\/p>\n<hr \/>\n<p><strong>Mo\u017enosti ochrany dat v datab\u00e1z\u00edch<\/strong><br \/>\nRNDr. Josef Po\u017e\u00e1r, CSc.<\/p>\n<hr \/>\n<p><strong>Charakteristick\u00e9 znaky informa\u010dn\u00ed bezpe\u010dnosti<\/strong><br \/>\nRNDr. Josef Po\u017e\u00e1r, CSc.<\/p>\n<hr \/>\n<p><strong>Pedagogick\u00e9 pr\u00edstupy k\u00a0tvorbe \u0161tudijn\u00fdch programov s\u00a0kreditov\u00fdm syst\u00e9mom hodnotenia \u0161t\u00fadia na Akad\u00e9mii Policajn\u00e9ho zboru<\/strong><br \/>\nProf. PhDr. Ji\u0159\u00ed Sekni\u010dka, DrSc.<\/p>\n<hr \/>\n<p><strong>Odhalov\u00e1n\u00ed a vy\u0161et\u0159ov\u00e1n\u00ed terorismu<\/strong><br \/>\nDoc. JUDr. Jan Chmel\u00edk, Ph.D., Prof. JUDr. Ing. Viktor Porada, DrSc.<\/p>\n<hr \/>\n<p><strong>Sociologick\u00e9 aspekty integr\u00e1cie bezpe\u010dnostn\u00e9ho syst\u00e9mu<\/strong><br \/>\nProf. PhDr. Jaroslav Erneker, DrSc.<\/p>\n<hr \/>\n<p><strong>Struktura a syst\u00e9m pr\u00e1vn\u00edch z\u00e1klad\u016f policejn\u011b bezpe\u010dnostn\u00ed \u010dinnosti<\/strong><br \/>\nJUDr. Anton\u00edn Fil\u00e1k, CSc.<\/p>\n<hr \/>\n<p><strong>Policajn\u00e9 vedy a\u00a0vzdel\u00e1vanie policajtov v\u00a0oblasti pr\u00e1vnych discipl\u00edn<\/strong><br \/>\nJUDr. \u013dubo\u0161 W\u00e4ldl, Ph.D.<\/p>\n<hr \/>\n<p><strong>Progn\u00f3za v\u00fdvoja krimin\u00e1lnej sc\u00e9ny Slovenskej republiky<\/strong><br \/>\nProf. PhDr. Kv\u011bto\u0148 Holcr, DrSc<\/p>\n<hr \/>\n<p><strong>Teoretick\u00fd rozbor policejn\u00ed informace, situace a identifikace policejn\u00ed \u010dinnosti<\/strong><br \/>\nProf. JUDr. Ing. Viktor Porada, DrSc.<\/p>\n<hr \/>\n<p><strong>Z\u00e1kladn\u00ed charakteristika korupce<\/strong><br \/>\nDoc. JUDr. Jan Chmel\u00edk, Ph.D., Prof. JUDr. Ing. Viktor Porada, DrSc.<\/p>\n<hr \/>\n<p><strong>Formy a zp\u016fsoby p\u00e1ch\u00e1n\u00ed korupce a oblasti jej\u00edho\u00a0 p\u016fsoben\u00ed<\/strong><br \/>\nDoc. JUDr. Jan Chmel\u00edk, Ph.D., Prof. JUDr. Ing. Viktor Porada, DrSc.<\/p>\n<hr \/>\n<p><strong>Typick\u00e9 aktu\u00e1ln\u00ed zp\u016fsoby korup\u010dn\u00edho jedn\u00e1n\u00ed v\u00a0\u010cesk\u00e9 republice a zvl\u00e1\u0161tnosti dokazov\u00e1n\u00ed.<\/strong><br \/>\nDoc. JUDr. Jan Chmel\u00edk, Ph.D., Prof. JUDr. Ing. Viktor Porada, DrSc.<\/p>\n<hr \/>\n<p><strong>Bezpe\u010dnostn\u00fd syst\u00e9m Slovenskej republiky \u2013 syst\u00e9m bezpe\u010dnostn\u00fdch slu\u017eieb v\u00a0SR<\/strong><br \/>\nDoc. PaedDr. Samuel Uhrin, CSc.<\/p>\n<hr \/>\n<p><strong>Pr\u00e1vo na bezpe\u010dnost a st\u00e1tn\u00ed moc v demokratick\u00e9 spole\u010dnosti<\/strong><br \/>\nJUDr. Pavel B\u00edlek, Ph.D.<\/p>\n<hr \/>\n<p><strong>Policie jako \u010dinnost a jako instituce \u2013 prom\u011bny v \u010dase<\/strong><br \/>\nJUDr. Pavel B\u00edlek, Ph.D.<\/p>\n<hr \/>\n<p><strong>Rozpozn\u00e1v\u00e1n\u00ed lidsk\u00e9 tv\u00e1\u0159e<\/strong><br \/>\nDoc. Ing. Roman Rak, Ph.D., Prof. JUDr.Ing. Viktor Porada, DrSc., Prof. PhDr. Ji\u0159\u00ed Straus, DrSc.<\/p>\n<hr \/>\n<p><strong>Priv\u00e1tn\u00ed bezpe\u010dnostn\u00ed kontrola &#8211; z\u00e1konit\u00fd a z\u00e1konn\u00fd proces<\/strong><br \/>\nPaedDr. Franti\u0161ek Nov\u00e1k<\/p>\n<hr \/>\n<p><strong>Fenom\u00e9n rozvoja telekomunika\u010dn\u00fdch technol\u00f3gi\u00ed v\u00a0r\u00e1mci rezortu Ministerstva vn\u00fatra\u00a0 Slovenskej republiky<\/strong><br \/>\nProf. Ing. Anton Tallo, CSc.<\/p>\n<hr \/>\n<p><strong>Finan\u010dn\u00e1 spravodajsk\u00e1 jednotka ako nezastupiteln\u00e1 autorita pri ochrane pred pran\u00edm \u0161pinav\u00fdch pe\u0148az\u00ed<\/strong><br \/>\nIng. Jozef Stieranka Ph.D.<\/p>\n<hr \/>\n<p><strong>Teorie a praxe &#8211; vedouc\u00ed odd\u011blen\u00ed jako subjekt \u0159\u00edzen\u00ed<\/strong><br \/>\nMgr. Zden\u011bk Chmela<\/p>\n<hr \/>\n<p><strong>K\u00a0sou\u010dinnosti a spolupr\u00e1ci obecn\u00edch a m\u011bstsk\u00fdch polici\u00ed v\u00a0\u010cesk\u00e9 republice<\/strong><br \/>\nPhDr. Vladim\u00edr H\u00e1jek<\/p>\n<hr \/>\n<p><strong>Prevencia kriminality v Slovenskej republike<\/strong><br \/>\nDoc. PhDr. Mgr. Jan Bubel\u00edni, CSc.<\/p>\n<hr \/>\n<p><strong>Procesn\u00e9 z\u00e1ruky \u00faplnosti a\u00a0spr\u00e1vnosti dokazovania vo vy\u0161etrovan\u00ed<\/strong><br \/>\nDoc. Dr. Mgr. Jana Viktoryov\u00e1<\/p>\n<hr \/>\n<p><strong>Hodnotenie rizik\u00e1 v komer\u010dnom prostred\u00ed<\/strong><br \/>\nDoc. Ing. Jaroslav Slepeck\u00fd, PhD., Doc. Ing.Josef Reit\u0161pis, PhD.<\/p>\n<hr \/>\n<p><strong>Management zm\u011bn<\/strong><br \/>\nIng. Jan Kr\u00e1\u010dmar, CSc.<\/p>\n<hr \/>\n<p><strong>Person\u00e1ln\u00ed \u010dinnosti v\u00a0p\u0159\u00edprav\u011b managementu<\/strong><br \/>\nDoc. PhDr. Stanislav Ne\u010das, CSc.,<\/p>\n<hr \/>\n<p><strong>Technopolis, glob\u00e1ln\u00ed zlo\u010din a absence glob\u00e1ln\u00edho \u0159\u00edzen\u00ed jak p\u0159edm\u011bt zkoum\u00e1n\u00ed<\/strong><br \/>\nDoc. JUDr. Vladim\u00edr Zoubek, CSc.<\/p>\n<hr \/>\n<p><strong>Teoreticko-praktick\u00e9 pr\u00edstupy k\u00a0vyu\u017e\u00edvaniu taktick\u00e9ho postupu \u2013 p\u00f4sobenie na vypo\u010d\u00favan\u00e9ho, ktor\u00fd vypoved\u00e1 nepravdivo (v\u00a0podmienkach Slovenskej republiky)<\/strong><br \/>\nJUDr. Iveta Kub\u00edkov\u00e1, Ph.D.<\/p>\n<hr \/>\n<p><strong>Um\u00edme zach\u00e1zet s\u00a0moc\u00ed?<\/strong><br \/>\nJUDr. et\u00a0 Mgr. Jo\u017ea Spurn\u00fd, Ph.D.<\/p>\n<hr \/>\n<p><strong>Nieko\u013eko pozn\u00e1mok k\u00a0 hodnoteniu znaleck\u00e9ho posudku ako v\u00fdznamn\u00e9ho d\u00f4kazneho prostriedku v\u00a0trestnom konan\u00ed<\/strong><br \/>\nJUDr. Jaroslav Blatnick\u00fd<\/p>\n<hr \/>\n<p><strong>Mezin\u00e1rodn\u00ed konvence pro navracen\u00ed odcizen\u00fdch motorov\u00fdch vozidel a mo\u017enosti zapojen\u00ed poji\u0161\u0165oven v\u00a0\u010cesk\u00e9 republice<\/strong><br \/>\nProf. JUDr. Ing. Viktor Porada DrSc., JUDr. Vlastimil Pr\u0161al<\/p>\n<hr \/>\n<p><strong>Ohrozenie obyvate\u013estva biokontamin\u00e1ciou<\/strong><br \/>\nProf. PhDr. J\u00e1n Buzalka, Ph.D.<\/p>\n<hr \/>\n<p><strong>Spolo\u010densk\u00e1 podstata policajn\u00fdch vied a\u00a0ich vz\u0165ah k\u00a0ostatn\u00fdm spolo\u010densk\u00fdm ved\u00e1m<\/strong><br \/>\nDoc. JUDr. Anton\u00edn Nesvadba, Ph.D.<\/p>\n<hr \/>\n<p><strong>K\u00a0niektor\u00fdm ot\u00e1zkam\u00a0 vy\u0161etrovania v\u0161eobecne nebezpe\u010dn\u00fdch mimoriadnych udalost\u00ed \u2013 v\u00fdbuchov s\u00a0pou\u017eit\u00edm n\u00e1stra\u017en\u00fdch v\u00fdbu\u0161n\u00fdch syst\u00e9mov<\/strong><br \/>\nDoc. JUDr. Dezider Bango, CSc., JUDr. J\u00e1n Palarec<\/p>\n<hr \/>\n<p><strong>Vyu\u017eitie kriminalistick\u00fdch met\u00f3d pri objas\u0148ovan\u00ed a\u00a0vy\u0161etrovan\u00ed v\u0161eobecne nebezpe\u010dn\u00fdch mimoriadnych udalost\u00ed<\/strong><br \/>\nDoc. JUDr. Dezider Bango, CSc., JUDr. J\u00e1n Palarec<\/p>\n<hr \/>\n<p><strong>Extremismus a bezpe\u010dnost \u010cR<\/strong><br \/>\nDoc. Dr. \u0160tefan Danics, Ph.D.<\/p>\n<hr \/>\n<p><strong>Zabezpe\u010dovac\u00ed za\u0159\u00edzen\u00ed motorov\u00fdch vozidel<\/strong><br \/>\nProf. JUDr. Ing. Viktor Porada, DrSc., JUDr. Vlastimil Pr\u0161al<\/p>\n<hr \/>\n<p><strong>Pr\u00e1vny z\u00e1klad \u010dinnosti s\u00fakromn\u00fdch bezpe\u010dnostn\u00fdch slu\u017eieb a jeho legislat\u00edvny v\u00fdvoj v Slovenskej republike<\/strong><br \/>\nJUDr. Stanislav Kri\u017eovsk\u00fd<\/p>\n<hr \/>\n<p><strong>Z\u00e1kladn\u00e1 charakteristika ochrany objektov<\/strong><br \/>\nIng. Peter Lo\u0161onczi<\/p>\n<hr \/>\n<p><strong>Zabezpe\u010denie ochrany objektov v\u00a0praxi<\/strong><br \/>\nOndrej Jamnick\u00fd<\/p>\n<hr \/>\n<p><strong>Nieko\u013eko pozn\u00e1mok k\u00a0 hodnoteniu znaleck\u00e9ho posudku ako v\u00fdznamn\u00e9ho d\u00f4kazneho prostriedku v\u00a0trestnom konan\u00ed<\/strong><br \/>\nJUDr. Jaroslav Blatnick\u00fd<\/p>\n<hr \/>\n<p><strong>\u0160trasbursk\u00fd syst\u00e9m Rady Evropy na ochranu lidsk\u00fdch pr\u00e1v se z\u0159etelem k pr\u00e1vu na bezpe\u010dnost<\/strong><br \/>\nMgr. Miroslav Krutina<\/p>\n<hr \/>\n<p><strong>Policie, lidsk\u00e1 pr\u00e1va a profesn\u00ed etika<\/strong><br \/>\nPaedDr. Ivana Dufkov\u00e1<\/p>\n<hr \/>\n<p><strong>Policajn\u00e1 deontol\u00f3gia a jej mo\u017en\u00fd vklad do boja proti korupcii v PZ<\/strong><br \/>\nDoc. PaedDr. Samuel Uhr\u00edn, CSc.,<\/p>\n<hr \/>\n<p><strong>Recenzn\u00fd posudok\u00a0 na monografii:<\/strong><br \/>\n<strong>\u201ePranie \u0161pinav\u00fdch pe\u0148az\u00ed\u201c autora Ing. Jozefa Stieranku Ph.D.<\/strong><br \/>\nProf. JUDr. Ing. Viktor Porada, DrSc.<\/p>\n<hr \/>\n<p><a href=\"https:\/\/veda.polac.cz\/?page_id=235\">Zp\u011bt<\/a><\/p>\n","protected":false},"excerpt":{"rendered":"<p>Zvl\u00e1\u0161tn\u00ed \u010d\u00edslo v\u011bnovan\u00e9\u00a0problematice v\u011bdecko &#8211; v\u00fdzkumn\u00fdch \u00fakol\u016f V\u00fdzkumn\u00e9ho z\u00e1m\u011bru PA \u010cR Vnit\u0159n\u00ed bezpe\u010dnost v evropsk\u00e9m kontextu vzd\u011bl\u00e1v\u00e1n\u00ed, v\u011bdy a v\u00fdzkumu Doc. Ing. Hana Barto\u0161ov\u00e1, CSc. Umenie policajnej pr\u00e1ce \u2013 policajn\u00e1 veda a\u00a0vzdel\u00e1vanie Lex Mellink &#8211; Simone de Wit, prelo\u017eil: Doc. RNDr. Jaroslav Holomek, CSc. Marketing us\u0142ug bezpiecze\u0144stwa Dr. Leszek Korzeniowski Verejnopr\u00e1vna povaha slu\u017eobn\u00e9ho pomeru pr\u00edslu\u0161n\u00edkov [&hellip;]<\/p>\n","protected":false},"author":2,"featured_media":0,"parent":235,"menu_order":58,"comment_status":"closed","ping_status":"closed","template":"","meta":{"footnotes":""},"class_list":["post-1702","page","type-page","status-publish","hentry"],"_links":{"self":[{"href":"https:\/\/veda.polac.cz\/index.php?rest_route=\/wp\/v2\/pages\/1702","targetHints":{"allow":["GET"]}}],"collection":[{"href":"https:\/\/veda.polac.cz\/index.php?rest_route=\/wp\/v2\/pages"}],"about":[{"href":"https:\/\/veda.polac.cz\/index.php?rest_route=\/wp\/v2\/types\/page"}],"author":[{"embeddable":true,"href":"https:\/\/veda.polac.cz\/index.php?rest_route=\/wp\/v2\/users\/2"}],"replies":[{"embeddable":true,"href":"https:\/\/veda.polac.cz\/index.php?rest_route=%2Fwp%2Fv2%2Fcomments&post=1702"}],"version-history":[{"count":4,"href":"https:\/\/veda.polac.cz\/index.php?rest_route=\/wp\/v2\/pages\/1702\/revisions"}],"predecessor-version":[{"id":2552,"href":"https:\/\/veda.polac.cz\/index.php?rest_route=\/wp\/v2\/pages\/1702\/revisions\/2552"}],"up":[{"embeddable":true,"href":"https:\/\/veda.polac.cz\/index.php?rest_route=\/wp\/v2\/pages\/235"}],"wp:attachment":[{"href":"https:\/\/veda.polac.cz\/index.php?rest_route=%2Fwp%2Fv2%2Fmedia&parent=1702"}],"curies":[{"name":"wp","href":"https:\/\/api.w.org\/{rel}","templated":true}]}}