{"id":1697,"date":"2018-09-16T09:11:40","date_gmt":"2018-09-16T09:11:40","guid":{"rendered":"http:\/\/veda.polac.cz\/?page_id=1697"},"modified":"2019-04-18T07:37:15","modified_gmt":"2019-04-18T07:37:15","slug":"02-2003","status":"publish","type":"page","link":"https:\/\/veda.polac.cz\/?page_id=1697","title":{"rendered":"02\/2003"},"content":{"rendered":"<p><strong>St\u0159et civiliza\u010dn\u00edch hodnot a post-modern\u00ed situace objektivn\u00edho pr\u00e1va<\/strong><br \/>\ndoc. JUDr. Vladim\u00edr Zoubek, CSc.<\/p>\n<hr \/>\n<p><strong>V\u00fdznam normat\u00edvno-axiologick\u00e9ho sk\u00famania politiky<\/strong><br \/>\nprof. PhDr. Emil Duda, DrSc., doc. PhDr. \u0160tefan Zelen\u00e1k, CSc.<\/p>\n<hr \/>\n<p><strong>Bezpe\u010dnostn\u00ed rizika glob\u00e1ln\u00edch probl\u00e9m\u016f lidstva<\/strong><br \/>\nMgr. Luk\u00e1\u0161 Urban<\/p>\n<hr \/>\n<p><strong>Trestn\u00e1 sou\u010dinnost<\/strong><br \/>\nJUDr. Milan \u0160ubrt<\/p>\n<hr \/>\n<p><strong>Podez\u0159el\u00fd v p\u0159\u00edpravn\u00e9m \u0159\u00edzen\u00ed trestn\u00edm<\/strong><br \/>\nJUDr. Franti\u0161ek Voleveck\u00fd<\/p>\n<hr \/>\n<p><strong>Rozvoj netradi\u010dn\u00edch trh\u016f (nov\u00e9 p\u0159\u00edle\u017eitosti pro\u00a0soukrom\u00e9 bezpe\u010dnostn\u00ed slu\u017eby)<\/strong><br \/>\nPaedDr. Franti\u0161ek Nov\u00e1k<\/p>\n<hr \/>\n<p><strong>Specifika bezpe\u010dnostn\u00ed situace p\u0159i hokejov\u00fdch utk\u00e1n\u00edch<\/strong><br \/>\nMgr. Zden\u011bk Chmela, JUDr. Anton\u00edn Fil\u00e1k,CSc.<\/p>\n<hr \/>\n<p><strong>Mo\u017enost vyu\u017eit\u00ed GPS v policejn\u00ed \u010dinnosti I.<\/strong><br \/>\nIng. Ji\u0159\u00ed Jon\u00e1k,\u00a0 prof. PhDr. Ji\u0159\u00ed Straus, DrSc.<\/p>\n<hr \/>\n<p><strong>Nootropn\u00ed l\u00e1tky<\/strong><br \/>\ndoc. Ing. Renata \u0160tablov\u00e1, CSc.<\/p>\n<hr \/>\n<p><strong>Obecn\u00e9 principy, pojem a podstata procesu dolov\u00e1n\u00ed dat (Data Miningu)<\/strong><br \/>\nRNDr. Josef Po\u017e\u00e1r, CSc.<\/p>\n<hr \/>\n<p><strong>Identifikace osoby podle stopy bos\u00e9 nohy &#8211; plantogramu<\/strong><br \/>\nprof. PhDr. Ji\u0159\u00ed Straus, DrSc., bc. Franti\u0161ek D\u011bdi\u010d\u00edk<\/p>\n<hr \/>\n<p><strong>Jak\u00fdm sm\u011brem v\u00a0oblasti p\u0159\u00edm\u00e9ho donucen\u00ed po rozd\u011blen\u00ed katedry?<\/strong><br \/>\nMgr. Otakar Hronek<\/p>\n<hr \/>\n<p><strong>K\u00a0optimalizaci metod prov\u011b\u0159ov\u00e1n\u00ed jazykov\u00fdch znalost\u00ed<\/strong><br \/>\nMgr. Alena T\u00fdmlov\u00e1<\/p>\n<hr \/>\n<p><strong>Informace o zased\u00e1n\u00ed CCC CEPOL, kter\u00e9 se konalo ve dnech 28.\u00a0a\u00a029.\u00a0dubna 2003 na Policejn\u00ed akademii \u010cR v\u00a0Praze<\/strong><br \/>\nJi\u0159\u00ed Polan<\/p>\n<hr \/>\n<p><a href=\"https:\/\/veda.polac.cz\/?page_id=235\">Zp\u011bt<\/a><\/p>\n","protected":false},"excerpt":{"rendered":"<p>St\u0159et civiliza\u010dn\u00edch hodnot a post-modern\u00ed situace objektivn\u00edho pr\u00e1va doc. JUDr. Vladim\u00edr Zoubek, CSc. V\u00fdznam normat\u00edvno-axiologick\u00e9ho sk\u00famania politiky prof. PhDr. Emil Duda, DrSc., doc. PhDr. \u0160tefan Zelen\u00e1k, CSc. Bezpe\u010dnostn\u00ed rizika glob\u00e1ln\u00edch probl\u00e9m\u016f lidstva Mgr. Luk\u00e1\u0161 Urban Trestn\u00e1 sou\u010dinnost JUDr. Milan \u0160ubrt Podez\u0159el\u00fd v p\u0159\u00edpravn\u00e9m \u0159\u00edzen\u00ed trestn\u00edm JUDr. Franti\u0161ek Voleveck\u00fd Rozvoj netradi\u010dn\u00edch trh\u016f (nov\u00e9 p\u0159\u00edle\u017eitosti pro\u00a0soukrom\u00e9 bezpe\u010dnostn\u00ed [&hellip;]<\/p>\n","protected":false},"author":2,"featured_media":0,"parent":235,"menu_order":56,"comment_status":"closed","ping_status":"closed","template":"","meta":{"footnotes":""},"class_list":["post-1697","page","type-page","status-publish","hentry"],"_links":{"self":[{"href":"https:\/\/veda.polac.cz\/index.php?rest_route=\/wp\/v2\/pages\/1697","targetHints":{"allow":["GET"]}}],"collection":[{"href":"https:\/\/veda.polac.cz\/index.php?rest_route=\/wp\/v2\/pages"}],"about":[{"href":"https:\/\/veda.polac.cz\/index.php?rest_route=\/wp\/v2\/types\/page"}],"author":[{"embeddable":true,"href":"https:\/\/veda.polac.cz\/index.php?rest_route=\/wp\/v2\/users\/2"}],"replies":[{"embeddable":true,"href":"https:\/\/veda.polac.cz\/index.php?rest_route=%2Fwp%2Fv2%2Fcomments&post=1697"}],"version-history":[{"count":2,"href":"https:\/\/veda.polac.cz\/index.php?rest_route=\/wp\/v2\/pages\/1697\/revisions"}],"predecessor-version":[{"id":2550,"href":"https:\/\/veda.polac.cz\/index.php?rest_route=\/wp\/v2\/pages\/1697\/revisions\/2550"}],"up":[{"embeddable":true,"href":"https:\/\/veda.polac.cz\/index.php?rest_route=\/wp\/v2\/pages\/235"}],"wp:attachment":[{"href":"https:\/\/veda.polac.cz\/index.php?rest_route=%2Fwp%2Fv2%2Fmedia&parent=1697"}],"curies":[{"name":"wp","href":"https:\/\/api.w.org\/{rel}","templated":true}]}}