{"id":1694,"date":"2018-09-16T09:08:35","date_gmt":"2018-09-16T09:08:35","guid":{"rendered":"http:\/\/veda.polac.cz\/?page_id=1694"},"modified":"2019-04-18T07:55:05","modified_gmt":"2019-04-18T07:55:05","slug":"zvlastni-cislo-2004","status":"publish","type":"page","link":"https:\/\/veda.polac.cz\/?page_id=1694","title":{"rendered":"Zvl\u00e1\u0161tn\u00ed \u010d\u00edslo 2004"},"content":{"rendered":"<p><strong>Teoretick\u00e1 identifikace a reflexe spole\u010densk\u00fdch pot\u0159eb ve\u00a0 vazb\u011b na aktu\u00e1ln\u00ed probl\u00e9my policejn\u00ed praxe (prezentace hlavn\u00edch v\u00fdsledk\u016f v\u00fdzkumu)<\/strong><br \/>\nProf. JUDr. Ing. Viktor Porada, DrSc.<\/p>\n<hr \/>\n<p><strong>V\u00fdchodiska metodologie a policejn\u00ed v\u011bdy speci\u00e1ln\u00ed jako v\u011bdy praktick\u00e9<\/strong><br \/>\nDoc. RNDr. Jaroslav Holomek, CSc., Prof. PhDr. Kv\u011bto\u0148 Holcr, DrSc.,<br \/>\nProf. JUDr. Ing. Viktor Porada, DrSc.<\/p>\n<hr \/>\n<p><strong>Transfer v\u011bdeck\u00fdch poznatk\u016f v p\u0159\u00edprav\u011b a realizaci rozhodnut\u00ed<\/strong><br \/>\nProf. PhDr. Jaroslav Erneker, DrSc., Prof. JUDr. Ing. Viktor Porada, DrSc.<\/p>\n<hr \/>\n<p><strong>Rozvoj policejn\u00edch v\u011bd a transfer poznatk\u016f do praxe na Policejn\u00ed akademii \u010cR<\/strong><br \/>\nProf. JUDr. Ing. Viktor Porada, DrSc.,<\/p>\n<hr \/>\n<p><strong>Rozvoj policajn\u00fdch ved v \u010ceskej republike a na Slovensku<\/strong><br \/>\nProf. JUDr. Ing. Viktor Porada, DrSc., Doc. RNDr. Jaroslav Holomek, CSc., Prof. PhDr. Kv\u011bto\u0148 Holcr, DrSc<\/p>\n<hr \/>\n<p><strong>Syst\u00e9m policejn\u011b-v\u011bdn\u00edho pozn\u00e1n\u00ed<\/strong><br \/>\nProf. PhDr. Kv\u011bto\u0148 Holcr, DrSc., Prof. JUDr. Ing. Viktor Porada, DrSc.,<\/p>\n<hr \/>\n<p><strong>Transfer poznatk\u016f policejn\u00edch v\u011bd do policejn\u00ed \u010dinnosti<\/strong><br \/>\nProf. PhDr. Jaroslav Erneker, DrSc., Prof. JUDr. Ing. Viktor Porada, DrSc.<\/p>\n<hr \/>\n<p><strong>Vz\u0165ah policajnej vedy a vzdel\u00e1vania policajtov<\/strong><br \/>\nProf. PhDr. Ji\u0159\u00ed Sekni\u010dka, DrSc., Prof. JUDr. Ing. Viktor Porada, DrSc.<\/p>\n<hr \/>\n<p><strong>Teorie policejn\u00ed psychologie (Prezentace d\u00edl\u010d\u00edho \u00fakolu I\/3)<\/strong><br \/>\nDoc. PhDr. Ludmila \u010c\u00edrtkov\u00e1, CSc.<\/p>\n<hr \/>\n<p><strong>Ob\u011bti pron\u00e1sledov\u00e1n\u00ed<\/strong><br \/>\nDoc. PhDr. Ludmila \u010c\u00edrtkov\u00e1, CSc.<\/p>\n<hr \/>\n<p><strong>Policejn\u00ed management a jeho vztah k bezpe\u010dnostn\u00ed problematice<\/strong><br \/>\nIng. Milan Kn\u00fd, CSc.<\/p>\n<hr \/>\n<p><strong>Bezpe\u010dnost informac\u00ed a informa\u010dn\u00edch syst\u00e9m\u016f<\/strong><br \/>\nDoc. Ing. Hana Barto\u0161ov\u00e1, CSc.<\/p>\n<hr \/>\n<p><strong>Role a osobnost bezpe\u010dnostn\u00edho mana\u017eera v\u00a0realizaci \u00fasp\u011b\u0161n\u00e9 informa\u010dn\u00ed bezpe\u010dnosti<\/strong><br \/>\nDoc. Ing. Roman Rak, Ph.D., Mgr. Ingrid Matou\u0161kov\u00e1, Prof. JUDr. Ing. Viktor Porada, DrSc.<\/p>\n<hr \/>\n<p><strong>Policie a bezpe\u010dnost v podm\u00ednk\u00e1ch glob\u00e1ln\u00edho sv\u011bta<\/strong><br \/>\nDoc. Dr. \u0160tefan Danics, Ph.D.<\/p>\n<hr \/>\n<p><strong>Charakteristika subsyst\u00e9m\u016f spr\u00e1vn\u011b bezpe\u010dnostn\u00ed \u010dinnosti policejn\u011b bezpe\u010dnostn\u00edch org\u00e1n\u016f<\/strong><br \/>\nJUDr. Anton\u00edn Fil\u00e1k, CSc.<\/p>\n<hr \/>\n<p><strong>Regulativn\u00ed v\u00fdznam norem spr\u00e1vn\u00edho (policejn\u00edho) pr\u00e1va pro spr\u00e1vn\u011b bezpe\u010dnostn\u00ed \u010dinnost<\/strong><br \/>\nJUDr. Anton\u00edn Fil\u00e1k, CSc.<\/p>\n<hr \/>\n<p><strong>Postmodern\u00ed pohled na globalizuj\u00edc\u00ed objektivn\u00ed realitu jako podm\u00ednka rozvoje policejn\u00ed a pr\u00e1vn\u00ed v\u011bdy<\/strong><br \/>\nDoc. JUDr. Vladim\u00edr Zoubek, CSc.<\/p>\n<hr \/>\n<p><strong>Struktur\u00e1ln\u00ed a syst\u00e9mov\u00e9 zm\u011bny bezpe\u010dnostn\u00edch slu\u017eeb<\/strong><br \/>\nPaedDr. Franti\u0161ek Nov\u00e1k<\/p>\n<hr \/>\n<p><strong>Policie a lidsk\u00e1 pr\u00e1va: pr\u00e1vn\u00ed a faktick\u00fd stav v obdob\u00ed 1996 \u2013 2003 (v\u010detn\u011b v\u00fdhledu do roku 2005)<\/strong><br \/>\nJUDr. et Mgr. Pavel B\u00edlek, Ph.D.<\/p>\n<hr \/>\n<p><strong>Nevyhnutnos\u0165 definovania pojmu terorizmus<\/strong><br \/>\nDoc. JUDr. Vladim\u00edr \u010ce\u010dot, CSc.<\/p>\n<hr \/>\n<p><strong>Nieko\u013eko pozn\u00e1mok k\u00a0pl\u00e1novaniu vo vy\u0161etrovan\u00ed<\/strong><br \/>\nDoc. Dr. Mgr. Jana Viktoryov\u00e1, JUDr. Jozef \u010cent\u00e9\u0161, Ph.D.<\/p>\n<hr \/>\n<p><strong>Taktika\u00a0prosazov\u00e1n\u00ed investic do informa\u010dn\u00ed bezpe\u010dnosti<\/strong><br \/>\nMgr. Ingrid Matou\u0161kov\u00e1<\/p>\n<hr \/>\n<p><strong>Terorizmus a finan\u010dn\u00ed trhy po roce 2000<\/strong><br \/>\nDoc. Ing. Jaroslav Slepeck\u00fd, Ph.D.<\/p>\n<hr \/>\n<p><strong>Bezpe\u010dnost jako jeden ze z\u00e1kladn\u00edch aspekt\u016f rozvoje spole\u010dnosti<\/strong><br \/>\nProf. Ing. Bed\u0159ich \u0160est\u00e1k, DrSc., RNDr. Dana Proch\u00e1zkov\u00e1, DrSc.<\/p>\n<hr \/>\n<p><strong>Proces krizov\u00e9ho \u0159\u00edzen\u00ed v\u00a0praxi \u00a0(v\u00fdsledky empirick\u00e9ho pr\u016fzkumu)<\/strong><br \/>\nProf. Ing. Bed\u0159ich \u0160est\u00e1k, DrSc., Dr. Zden\u011bk Kova\u0159\u00edk, CSc., PaedDr. Ing. Jan Zelinka<\/p>\n<hr \/>\n<p><strong>Niektor\u00e9 teoretick\u00e9 p\u0159\u00edstupy krizov\u00e9ho mana\u017ementu\u00a0a hrozba medzin\u00e1rodn\u00e9ho terorizmu<\/strong><br \/>\nProf. PhDr. J\u00e1n Buzalka, Ph.D.<\/p>\n<hr \/>\n<p><strong>V\u00fdvin pr\u00edstupov k\u00a0evaku\u00e1cii ako opatreniu ochrany obyvate\u013estva na \u00fazem\u00ed Slovenska<\/strong><br \/>\nProf. PhDr. J\u00e1n Buzalka, Ph.D.<\/p>\n<hr \/>\n<p><strong>Shlukov\u00e1 anal\u00fdza ve v\u00fdzkumu policejn\u00ed praxe<\/strong><br \/>\nDr. Zden\u011bk Kova\u0159\u00edk, CSc., RNDr. Jaroslav Kvapil<\/p>\n<hr \/>\n<p><strong>Vybran\u00e9 aspekty kriminalistick\u00e9 stopy<\/strong><br \/>\nProf. JUDr. Ing. Viktor Porada, DrSc., Prof. PhDr. Ji\u0159\u00ed Straus, DrSc., Ing. Jaroslav Such\u00e1nek, CSc.<\/p>\n<hr \/>\n<p><strong>Kybernetick\u00e1 kriminalita a kriminalita kyberneticky souvisej\u00edc\u00ed<\/strong><br \/>\nDoc. Ing. Roman Rak, Ph.D.<\/p>\n<hr \/>\n<p><strong>Digit\u00e1ln\u00ed stopy v kriminalistice a forenzn\u00edch v\u011bd\u00e1ch<\/strong><br \/>\nProf. JUDr. Ing. Viktor Porada, DrSc., Doc. Ing. Roman Rak, Ph.D.,<\/p>\n<hr \/>\n<p><strong>Teorie biomechaniky p\u00e1du a biomechanick\u00e1 klasifikace p\u00e1d\u016f<\/strong><br \/>\nProf. PhDr. Ji\u0159\u00ed Straus, DrSc.<\/p>\n<hr \/>\n<p><strong>Dynamick\u00e9 aspekty biomechaniky \u00faderu<\/strong><br \/>\nProf. PhDr. Ji\u0159\u00ed Straus, DrSc.<\/p>\n<hr \/>\n<p><strong>Modifikace metod zkoum\u00e1n\u00ed v\u00a0trasologii<\/strong><br \/>\nProf. PhDr. Ji\u0159\u00ed Straus, DrSc., Prof. JUDr. Ing. Viktor Porada, DrSc., Bc. Jan Vrba,<\/p>\n<hr \/>\n<p><strong>Zviditel\u0148ov\u00e1n\u00ed a zaji\u0161\u0165ov\u00e1n\u00ed trasologick\u00fdch stop<\/strong><br \/>\nProf. PhDr. Ji\u0159\u00ed Straus, DrSc., Prof. JUDr. Ing. Viktor Porada, DrSc., Bc. Jan Vrba,<\/p>\n<hr \/>\n<p><strong>Soudn\u011b-l\u00e9ka\u0159sk\u00e9 a kriminalistick\u00e9 aspekty st\u0159eln\u00fdch poran\u011bn\u00ed organismu<\/strong><br \/>\nMUDr. Michal Dogo\u0161i, CSc.<\/p>\n<hr \/>\n<p><strong>Ladislav Havl\u00ed\u010dek \u2013 zakladatel kriminalistick\u00e9 mechanoskopie<\/strong><br \/>\nProf. PhDr. Ji\u0159\u00ed Straus, DrSc., Mgr. Franti\u0161ek Vavera<\/p>\n<hr \/>\n<p><strong>Celo\u017eivotn\u00ed vzd\u011bl\u00e1v\u00e1n\u00ed policist\u016f<\/strong><br \/>\nJUDr. Mgr. Jo\u017ea Spurn\u00fd<\/p>\n<hr \/>\n<p><a href=\"https:\/\/veda.polac.cz\/?page_id=235\">Zp\u011bt<\/a><\/p>\n","protected":false},"excerpt":{"rendered":"<p>Teoretick\u00e1 identifikace a reflexe spole\u010densk\u00fdch pot\u0159eb ve\u00a0 vazb\u011b na aktu\u00e1ln\u00ed probl\u00e9my policejn\u00ed praxe (prezentace hlavn\u00edch v\u00fdsledk\u016f v\u00fdzkumu) Prof. JUDr. Ing. Viktor Porada, DrSc. V\u00fdchodiska metodologie a policejn\u00ed v\u011bdy speci\u00e1ln\u00ed jako v\u011bdy praktick\u00e9 Doc. RNDr. Jaroslav Holomek, CSc., Prof. PhDr. Kv\u011bto\u0148 Holcr, DrSc., Prof. JUDr. Ing. Viktor Porada, DrSc. Transfer v\u011bdeck\u00fdch poznatk\u016f v p\u0159\u00edprav\u011b a realizaci [&hellip;]<\/p>\n","protected":false},"author":2,"featured_media":0,"parent":235,"menu_order":58,"comment_status":"closed","ping_status":"closed","template":"","meta":{"footnotes":""},"class_list":["post-1694","page","type-page","status-publish","hentry"],"_links":{"self":[{"href":"https:\/\/veda.polac.cz\/index.php?rest_route=\/wp\/v2\/pages\/1694","targetHints":{"allow":["GET"]}}],"collection":[{"href":"https:\/\/veda.polac.cz\/index.php?rest_route=\/wp\/v2\/pages"}],"about":[{"href":"https:\/\/veda.polac.cz\/index.php?rest_route=\/wp\/v2\/types\/page"}],"author":[{"embeddable":true,"href":"https:\/\/veda.polac.cz\/index.php?rest_route=\/wp\/v2\/users\/2"}],"replies":[{"embeddable":true,"href":"https:\/\/veda.polac.cz\/index.php?rest_route=%2Fwp%2Fv2%2Fcomments&post=1694"}],"version-history":[{"count":2,"href":"https:\/\/veda.polac.cz\/index.php?rest_route=\/wp\/v2\/pages\/1694\/revisions"}],"predecessor-version":[{"id":2558,"href":"https:\/\/veda.polac.cz\/index.php?rest_route=\/wp\/v2\/pages\/1694\/revisions\/2558"}],"up":[{"embeddable":true,"href":"https:\/\/veda.polac.cz\/index.php?rest_route=\/wp\/v2\/pages\/235"}],"wp:attachment":[{"href":"https:\/\/veda.polac.cz\/index.php?rest_route=%2Fwp%2Fv2%2Fmedia&parent=1694"}],"curies":[{"name":"wp","href":"https:\/\/api.w.org\/{rel}","templated":true}]}}