{"id":1692,"date":"2018-09-16T09:01:44","date_gmt":"2018-09-16T09:01:44","guid":{"rendered":"http:\/\/veda.polac.cz\/?page_id=1692"},"modified":"2019-04-18T07:54:32","modified_gmt":"2019-04-18T07:54:32","slug":"01-2004","status":"publish","type":"page","link":"https:\/\/veda.polac.cz\/?page_id=1692","title":{"rendered":"01\/2004"},"content":{"rendered":"<p><strong>C\u00edlov\u011b programov\u00e9 a operativn\u00ed \u0159\u00edzen\u00ed na Policejn\u00ed akademii v\u00a0roce 2004<\/strong><br \/>\ndoc. Ing. Hana Barto\u0161ov\u00e1, CSc.<\/p>\n<hr \/>\n<p><strong>Mana\u017eersk\u00e9 techniky<\/strong><br \/>\ndoc. Ing. Hana Barto\u0161ov\u00e1, CSc.<\/p>\n<hr \/>\n<p><strong>Distan\u010dn\u00ed vzd\u011bl\u00e1v\u00e1n\u00ed v\u00a0podm\u00ednk\u00e1ch Policejn\u00ed akademie \u010cR<\/strong><br \/>\nPhDr. Iva Borsk\u00e1, CSc.<\/p>\n<hr \/>\n<p><strong>Extremismus a protiextremistick\u00e1 politika<\/strong><br \/>\ndoc. Dr. \u0160tefan Danics, Ph.D.<\/p>\n<hr \/>\n<p><strong>Terorismus a psychologick\u00e9 operace\u00a0 (PSYOPS)<\/strong><br \/>\ndoc. PhDr. Marian Brzybohat\u00fd, Ph.D.<\/p>\n<hr \/>\n<p><strong>Etick\u00e9 ot\u00e1zky \u010dinnosti pracovn\u00edk\u016f slu\u017eby po\u0159\u00e1dkov\u00e9 policie<\/strong><br \/>\nJUDr. Anton\u00edn Fil\u00e1k, CSc., Mgr. Zden\u011bk Chmela<\/p>\n<hr \/>\n<p><strong>Korunn\u00ed sv\u011bdek \u2013 n\u011bkolik pozn\u00e1mek\u00a0<\/strong><br \/>\nJUDr. Milan \u0160ubrt<\/p>\n<hr \/>\n<p><strong>Mladistv\u00fd podez\u0159el\u00fd ve zkr\u00e1cen\u00e9m p\u0159\u00edpravn\u00e9m \u0159\u00edzen\u00ed<\/strong><br \/>\nJUDr. Franti\u0161ek Voleveck\u00fd<\/p>\n<hr \/>\n<p><strong>Trestn\u00ed odpov\u011bdnost ve zdravotnictv\u00ed- trendy ve vy\u0161et\u0159ov\u00e1n\u00ed<\/strong><br \/>\nJUDr. Nikolaj Hrib<\/p>\n<hr \/>\n<p><strong>Korupcia v podmienkach Policajn\u00e9ho zboru a jej niektor\u00e9 kriminalistick\u00e9 aspekty<\/strong><br \/>\nJUDr. Iveta Kub\u00edkov\u00e1, Ph.D.<\/p>\n<hr \/>\n<p><strong>N\u011bkter\u00e9 aspekty nov\u00e9 pr\u00e1vn\u00ed \u00fapravy a jejich odraz v\u00a0sou\u010dinnostn\u00edch vztaz\u00edch mezi slu\u017ebou po\u0159\u00e1dkov\u00e9 policie &#8211; slu\u017ebou krimin\u00e1ln\u00ed policie a vy\u0161et\u0159ov\u00e1n\u00ed<\/strong><br \/>\nMgr. Zden\u011bk Chmela, JUDr. Anton\u00edn Fil\u00e1k, CSc<\/p>\n<hr \/>\n<p><strong>Ve\u0159ejn\u00fd po\u0159\u00e1dek z\u00a0pohledu samospr\u00e1vy obc\u00ed<\/strong><br \/>\ndoc. JUDr. Eva Horzinkov\u00e1, Ph.D.<\/p>\n<hr \/>\n<p><strong>Bezpe\u010dnostn\u00ed slu\u017eby v\u00a0Evropsk\u00e9m spole\u010denstv\u00ed<\/strong><br \/>\nPaedDr. Franti\u0161ek Nov\u00e1k<\/p>\n<hr \/>\n<p><strong>Princ\u00edpy z\u00e1kladn\u00fdch pr\u00e1v a\u00a0slob\u00f4d v\u00a0\u00dastave Slovenskej republiky<\/strong><br \/>\ndoc. JUDr. J\u00e1n Kr\u00e1\u013e, CSc.<\/p>\n<hr \/>\n<p><strong>Geopolitick\u00fd priestor<\/strong><br \/>\nDr. \u0160tefan Volner, CSc.<\/p>\n<hr \/>\n<p><a href=\"https:\/\/veda.polac.cz\/?page_id=235\">Zp\u011bt<\/a><\/p>\n","protected":false},"excerpt":{"rendered":"<p>C\u00edlov\u011b programov\u00e9 a operativn\u00ed \u0159\u00edzen\u00ed na Policejn\u00ed akademii v\u00a0roce 2004 doc. Ing. Hana Barto\u0161ov\u00e1, CSc. Mana\u017eersk\u00e9 techniky doc. Ing. Hana Barto\u0161ov\u00e1, CSc. Distan\u010dn\u00ed vzd\u011bl\u00e1v\u00e1n\u00ed v\u00a0podm\u00ednk\u00e1ch Policejn\u00ed akademie \u010cR PhDr. Iva Borsk\u00e1, CSc. Extremismus a protiextremistick\u00e1 politika doc. Dr. \u0160tefan Danics, Ph.D. Terorismus a psychologick\u00e9 operace\u00a0 (PSYOPS) doc. PhDr. Marian Brzybohat\u00fd, Ph.D. Etick\u00e9 ot\u00e1zky \u010dinnosti pracovn\u00edk\u016f [&hellip;]<\/p>\n","protected":false},"author":2,"featured_media":0,"parent":235,"menu_order":57,"comment_status":"closed","ping_status":"closed","template":"","meta":{"footnotes":""},"class_list":["post-1692","page","type-page","status-publish","hentry"],"_links":{"self":[{"href":"https:\/\/veda.polac.cz\/index.php?rest_route=\/wp\/v2\/pages\/1692","targetHints":{"allow":["GET"]}}],"collection":[{"href":"https:\/\/veda.polac.cz\/index.php?rest_route=\/wp\/v2\/pages"}],"about":[{"href":"https:\/\/veda.polac.cz\/index.php?rest_route=\/wp\/v2\/types\/page"}],"author":[{"embeddable":true,"href":"https:\/\/veda.polac.cz\/index.php?rest_route=\/wp\/v2\/users\/2"}],"replies":[{"embeddable":true,"href":"https:\/\/veda.polac.cz\/index.php?rest_route=%2Fwp%2Fv2%2Fcomments&post=1692"}],"version-history":[{"count":2,"href":"https:\/\/veda.polac.cz\/index.php?rest_route=\/wp\/v2\/pages\/1692\/revisions"}],"predecessor-version":[{"id":2556,"href":"https:\/\/veda.polac.cz\/index.php?rest_route=\/wp\/v2\/pages\/1692\/revisions\/2556"}],"up":[{"embeddable":true,"href":"https:\/\/veda.polac.cz\/index.php?rest_route=\/wp\/v2\/pages\/235"}],"wp:attachment":[{"href":"https:\/\/veda.polac.cz\/index.php?rest_route=%2Fwp%2Fv2%2Fmedia&parent=1692"}],"curies":[{"name":"wp","href":"https:\/\/api.w.org\/{rel}","templated":true}]}}