{"id":169,"date":"2018-09-08T06:01:31","date_gmt":"2018-09-08T06:01:31","guid":{"rendered":"http:\/\/veda.polac.cz\/?page_id=169"},"modified":"2018-11-02T22:30:53","modified_gmt":"2018-11-02T22:30:53","slug":"169-2","status":"publish","type":"page","link":"https:\/\/veda.polac.cz\/?page_id=169","title":{"rendered":""},"content":{"rendered":"<p style=\"text-align: center;\">Resum\u00e9 \u010dl\u00e1nku<\/p>\n<p><strong>Trendy f\u00fazie policajn\u00fdch \u010dinnost\u00ed a informa\u010dno-komunika\u010dn\u00fdch technol\u00f3gi\u00ed<\/strong><br \/>\n<em>Dr. h. c. doc. JUDr. Lucia Kurilovsk\u00e1, PhD., \u00dastav \u0161t\u00e1tu a pr\u00e1va SAV<\/em><br \/>\n<em>Akad\u00e9mia Policajn\u00e9ho zboru v Bratislave<\/em><br \/>\n<em>plk. Ing. Stanislav \u0160i\u0161ul\u00e1k, PhD., Akad\u00e9mia Policajn\u00e9ho zboru v Bratislave<\/em><\/p>\n<p>\u010cl\u00e1nok sa zaober\u00e1 nov\u00fdmi trendmi vo f\u00fazii implement\u00e1cie relevantn\u00fdch \u00fadajov a vz\u00e1jomnej komunik\u00e1cie pre potreby v\u00fdkonu policajn\u00fdch \u010dinnost\u00ed v r\u00e1mci Policajn\u00e9ho zboru ale obzvl\u00e1\u0161\u0165 u analytikov krimin\u00e1lnej pol\u00edcie. Predklad\u00e1 mo\u017enosti rie\u0161enia velenia a riadenia v re\u00e1lnom \u010dase. Popisuje pou\u017eitie anal\u00fdzy videoz\u00e1znamu v re\u00e1lnom \u010dase, v\u00fdhody videosynopsie, analytick\u00fd syst\u00e9m pre odha\u013eovanie a vy\u0161etrovanie trestnej \u010dinnosti a informatiz\u00e1ciu riadenia policajn\u00fdch z\u00e1sahov. Z\u00e1verom poukazuje na nevyhnutnos\u0165 pou\u017e\u00edvania elektronick\u00fdch n\u00e1strojov v Policajnom zbore v kontexte s inovat\u00edvnymi postupmi pri odha\u013eovan\u00ed a objas\u0148ovan\u00ed trestnej \u010dinnosti.<br \/>\n<strong>K\u013e\u00fa\u010dov\u00e9 slov\u00e1:<\/strong>\u00a0anal\u00fdza, trestn\u00fd \u010din, videoz\u00e1znam, detekcia, re\u00e1lny \u010das, lokaliz\u00e1cia, riadenie, policajn\u00fd z\u00e1sah, monitorovanie.<\/p>\n<p><a href=\"https:\/\/veda.polac.cz\/wp-content\/uploads\/2018\/11\/012018Trendy-f\u00fazie-policajn\u00fdch-\u010dinnost\u00ed-a-informa\u010dno-komunika\u010dn\u00fdch-technol\u00f3gi\u00ed1.pdf\">Pdf form\u00e1t<\/a><\/p>\n<p><a href=\"https:\/\/veda.polac.cz\/?page_id=85\">01\/2018<\/a><\/p>\n","protected":false},"excerpt":{"rendered":"<p>Resum\u00e9 \u010dl\u00e1nku Trendy f\u00fazie policajn\u00fdch \u010dinnost\u00ed a informa\u010dno-komunika\u010dn\u00fdch technol\u00f3gi\u00ed Dr. h. c. doc. JUDr. Lucia Kurilovsk\u00e1, PhD., \u00dastav \u0161t\u00e1tu a pr\u00e1va SAV Akad\u00e9mia Policajn\u00e9ho zboru v Bratislave plk. Ing. Stanislav \u0160i\u0161ul\u00e1k, PhD., Akad\u00e9mia Policajn\u00e9ho zboru v Bratislave \u010cl\u00e1nok sa zaober\u00e1 nov\u00fdmi trendmi vo f\u00fazii implement\u00e1cie relevantn\u00fdch \u00fadajov a vz\u00e1jomnej komunik\u00e1cie pre potreby v\u00fdkonu policajn\u00fdch \u010dinnost\u00ed [&hellip;]<\/p>\n","protected":false},"author":2,"featured_media":0,"parent":85,"menu_order":1,"comment_status":"closed","ping_status":"closed","template":"","meta":{"footnotes":""},"class_list":["post-169","page","type-page","status-publish","hentry"],"_links":{"self":[{"href":"https:\/\/veda.polac.cz\/index.php?rest_route=\/wp\/v2\/pages\/169","targetHints":{"allow":["GET"]}}],"collection":[{"href":"https:\/\/veda.polac.cz\/index.php?rest_route=\/wp\/v2\/pages"}],"about":[{"href":"https:\/\/veda.polac.cz\/index.php?rest_route=\/wp\/v2\/types\/page"}],"author":[{"embeddable":true,"href":"https:\/\/veda.polac.cz\/index.php?rest_route=\/wp\/v2\/users\/2"}],"replies":[{"embeddable":true,"href":"https:\/\/veda.polac.cz\/index.php?rest_route=%2Fwp%2Fv2%2Fcomments&post=169"}],"version-history":[{"count":9,"href":"https:\/\/veda.polac.cz\/index.php?rest_route=\/wp\/v2\/pages\/169\/revisions"}],"predecessor-version":[{"id":2154,"href":"https:\/\/veda.polac.cz\/index.php?rest_route=\/wp\/v2\/pages\/169\/revisions\/2154"}],"up":[{"embeddable":true,"href":"https:\/\/veda.polac.cz\/index.php?rest_route=\/wp\/v2\/pages\/85"}],"wp:attachment":[{"href":"https:\/\/veda.polac.cz\/index.php?rest_route=%2Fwp%2Fv2%2Fmedia&parent=169"}],"curies":[{"name":"wp","href":"https:\/\/api.w.org\/{rel}","templated":true}]}}