{"id":1687,"date":"2018-09-16T08:52:33","date_gmt":"2018-09-16T08:52:33","guid":{"rendered":"http:\/\/veda.polac.cz\/?page_id=1687"},"modified":"2019-04-18T08:06:38","modified_gmt":"2019-04-18T08:06:38","slug":"zvlastni-cislo-2005","status":"publish","type":"page","link":"https:\/\/veda.polac.cz\/?page_id=1687","title":{"rendered":"Zvl\u00e1\u0161tn\u00ed \u010d\u00edslo 2005"},"content":{"rendered":"<p><strong>Teoretick\u00e9, metodologick\u00e9 a spole\u010densk\u00e9 z\u00e1klady policejn\u00edch v\u011bd<\/strong><br \/>\nProf. PhDr. Kv\u011bto\u0148 Holcr, DrSc., Doc. RNDr. Jaroslav Holomek, CSc., Prof. JUDr. Ing. Viktor Porada, DrSc<\/p>\n<hr \/>\n<p><strong>Teoretick\u00e9 ot\u00e1zky transferu vedeck\u00fdch poznatkov do policajnej praxe<\/strong><br \/>\nProf. PhDr. Jan Buzalka, CSc., Prof. JUDr. Ing. Viktor Porada, DrSc<\/p>\n<hr \/>\n<p><strong>Procesy z\u00edsk\u00e1v\u00e1n\u00ed v\u011bdeck\u00fdch poznatk\u016f<\/strong><br \/>\nProf. PhDr. Kv\u011bto\u0148 Holcr, DrSc., Doc. RNDr. Jaroslav Holomek, CSc., Prof. JUDr. Ing. Viktor Porada, DrSc<\/p>\n<hr \/>\n<p><strong>Pot\u0159eba v\u011bdeck\u00fdch poznatk\u016f v\u00a0sou\u010dasn\u00e9 policejn\u00ed praxi<\/strong><br \/>\nDr. Peter Bilsk\u00fd, CSc., Prof. PhDr. Jaroslav Erneker, DrSc., Prof. JUDr. Ing. Viktor Porada, DrSc.<\/p>\n<hr \/>\n<p><strong>Z\u00edsk\u00e1v\u00e1n\u00ed a vyu\u017e\u00edv\u00e1n\u00ed prognostick\u00fdch poznatk\u016f v prost\u0159ed\u00ed policejn\u00ed organizace<\/strong><br \/>\nProf. PhDr. Kv\u011bto\u0148 Holcr, DrSc., Doc. PhDr. Robert Chalka, CSc., Prof. JUDr. Ing. Viktor Porada, DrSc.<\/p>\n<hr \/>\n<p><strong>Policista a jeho profesn\u00ed \u010dinnost<\/strong><br \/>\nProf. PhDr. Jaroslav Erneker, DrSc.<\/p>\n<hr \/>\n<p><strong>Profesn\u00ed profil policisty<\/strong><br \/>\nDr. Peter Bilsk\u00fd, CSc.<\/p>\n<hr \/>\n<p><strong>Bezpe\u010dnost jako v\u00fdchodisko vymezen\u00ed policejn\u00edch v\u011bd<\/strong><br \/>\nDoc. RNDr. Jaroslav Holomek, CSc., Doc. PhDr. Ren\u00e9 Pawera, PhD., Doc. PhDr. Karol Murdza, CSc.,\u00a0 Prof. JUDr. Ing. Viktor Porada, DrSc.<\/p>\n<hr \/>\n<p><strong>Ladislav Tondl: Technisches Denken und Schlussfolgern. Neun Kapitel einer Philosophie der Technik<\/strong><br \/>\nDoc. RNDr. Jaroslav Holomek, CSc., Prof. JUDr. Ing. Viktor Porada, DrSc.<\/p>\n<hr \/>\n<p><strong>V\u0161eobecn\u00e9 bezpe\u010dnostn\u00ed p\u0159edpoklady a\u00a0v\u00fdchodiska evropsk\u00e9 bezpe\u010dnostn\u00ed v\u011bdy<\/strong><br \/>\nDoc. PhDr. Ren\u00e9 Pawera, PhD.<\/p>\n<hr \/>\n<p><strong>Bezpe\u010dnos\u0165: teoretick\u00e1 kon\u0161trukcia a\u00a0soci\u00e1lny syst\u00e9m<\/strong><br \/>\nDoc. PhDr. Karol Murdza, CSc.<\/p>\n<hr \/>\n<p><strong>Nevyhnutnos\u0165 definovania pojmu terorizmus<\/strong><br \/>\nDoc. JUDr. Vladim\u00edr \u010ce\u010dot, CSc.<\/p>\n<hr \/>\n<p><strong>Nieko\u013eko pozn\u00e1mok k\u00a0pl\u00e1novaniu vo vy\u0161etrovan\u00ed<\/strong><br \/>\nDoc. Dr. Mgr. Jana Viktoryov\u00e1, JUDr. Jozef \u010cent\u00e9\u0161, Ph.D.<\/p>\n<hr \/>\n<p><strong>Taktika\u00a0prosazov\u00e1n\u00ed investic do informa\u010dn\u00ed bezpe\u010dnosti<\/strong><br \/>\nMgr. Ingrid Matou\u0161kov\u00e1<\/p>\n<hr \/>\n<p><strong>Terorizmus a finan\u010dn\u00ed trhy po roce 2000<\/strong><br \/>\nDoc. Ing. Jaroslav Slepeck\u00fd, Ph.D.<\/p>\n<hr \/>\n<p><strong>Bezpe\u010dnost jako jeden ze z\u00e1kladn\u00edch aspekt\u016f rozvoje spole\u010dnosti<\/strong><br \/>\nProf. Ing. Bed\u0159ich \u0160est\u00e1k, DrSc., RNDr. Dana Proch\u00e1zkov\u00e1, DrSc.<\/p>\n<hr \/>\n<p><strong>Proces krizov\u00e9ho \u0159\u00edzen\u00ed v\u00a0praxi \u00a0(v\u00fdsledky empirick\u00e9ho pr\u016fzkumu)<\/strong><br \/>\nProf. Ing. Bed\u0159ich \u0160est\u00e1k, DrSc., Dr. Zden\u011bk Kova\u0159\u00edk, CSc., PaedDr. Ing. Jan Zelinka<\/p>\n<hr \/>\n<p><strong>Niektor\u00e9 teoretick\u00e9 p\u0159\u00edstupy krizov\u00e9ho mana\u017ementu\u00a0a hrozba medzin\u00e1rodn\u00e9ho terorizmu<\/strong><br \/>\nProf. PhDr. J\u00e1n Buzalka, Ph.D.<\/p>\n<hr \/>\n<p><strong>V\u00fdvin pr\u00edstupov k\u00a0evaku\u00e1cii ako opatreniu ochrany obyvate\u013estva na \u00fazem\u00ed Slovenska<\/strong><br \/>\nProf. PhDr. J\u00e1n Buzalka, Ph.D.<\/p>\n<hr \/>\n<p><strong>Shlukov\u00e1 anal\u00fdza ve v\u00fdzkumu policejn\u00ed praxe<\/strong><br \/>\nDr. Zden\u011bk Kova\u0159\u00edk, CSc., RNDr. Jaroslav Kvapil<\/p>\n<hr \/>\n<p><strong>Vybran\u00e9 aspekty kriminalistick\u00e9 stopy<\/strong><br \/>\nProf. JUDr. Ing. Viktor Porada, DrSc., Prof. PhDr. Ji\u0159\u00ed Straus, DrSc., Ing. Jaroslav Such\u00e1nek, CSc.<\/p>\n<hr \/>\n<p><strong>Kybernetick\u00e1 kriminalita a kriminalita kyberneticky souvisej\u00edc\u00ed<\/strong><br \/>\nDoc. Ing. Roman Rak, Ph.D.<\/p>\n<hr \/>\n<p><strong>Digit\u00e1ln\u00ed stopy v kriminalistice a forenzn\u00edch v\u011bd\u00e1ch<\/strong><br \/>\nProf. JUDr. Ing. Viktor Porada, DrSc., Doc. Ing. Roman Rak, Ph.D.,<\/p>\n<hr \/>\n<p><strong>Teorie biomechaniky p\u00e1du a biomechanick\u00e1 klasifikace p\u00e1d\u016f<\/strong><br \/>\nProf. PhDr. Ji\u0159\u00ed Straus, DrSc.<\/p>\n<hr \/>\n<p><strong>Dynamick\u00e9 aspekty biomechaniky \u00faderu<\/strong><br \/>\nProf. PhDr. Ji\u0159\u00ed Straus, DrSc.<\/p>\n<hr \/>\n<p><strong>Modifikace metod zkoum\u00e1n\u00ed v\u00a0trasologii<\/strong><br \/>\nProf. PhDr. Ji\u0159\u00ed Straus, DrSc., Prof. JUDr. Ing. Viktor Porada, DrSc., Bc. Jan Vrba,<\/p>\n<hr \/>\n<p><strong>Zviditel\u0148ov\u00e1n\u00ed a zaji\u0161\u0165ov\u00e1n\u00ed trasologick\u00fdch stop<\/strong><br \/>\nProf. PhDr. Ji\u0159\u00ed Straus, DrSc., Prof. JUDr. Ing. Viktor Porada, DrSc., Bc. Jan Vrba,<\/p>\n<hr \/>\n<p><strong>Soudn\u011b-l\u00e9ka\u0159sk\u00e9 a kriminalistick\u00e9 aspekty st\u0159eln\u00fdch poran\u011bn\u00ed organismu<\/strong><br \/>\nMUDr. Michal Dogo\u0161i, CSc.<\/p>\n<hr \/>\n<p><strong>Ladislav Havl\u00ed\u010dek \u2013 zakladatel kriminalistick\u00e9 mechanoskopie<\/strong><br \/>\nProf. PhDr. Ji\u0159\u00ed Straus, DrSc., Mgr. Franti\u0161ek Vavera<\/p>\n<hr \/>\n<p><strong>Celo\u017eivotn\u00ed vzd\u011bl\u00e1v\u00e1n\u00ed policist\u016f<\/strong><br \/>\nJUDr. Mgr. Jo\u017ea Spurn\u00fd<\/p>\n<hr \/>\n<p><strong>Statistick\u00e9 metody v\u00a0procesu kriminalistick\u00e9 identifikace<\/strong><br \/>\nMgr. Lubo\u0161 Kothaj, Prof. JUDr. Ing. Viktor Porada, DrSc.<\/p>\n<hr \/>\n<p><strong>Digital evidence and its characteristics<\/strong><br \/>\nProf. JUDr. Ing. Viktor Porada, DrSc., Doc. Ing. Roman Rak, Ph.D.<\/p>\n<hr \/>\n<p><strong>Kriminalistick\u00e1 identifikace ve vztahu k\u00a0identifikaci objekt\u016f a syst\u00e9m\u016f<\/strong><br \/>\nMgr. Lubo\u0161 Kothaj, Prof. JUDr. Ing. Viktor Porada, DrSc.<\/p>\n<hr \/>\n<p><strong>Znaleck\u00e9 zkoum\u00e1n\u00ed p\u0159i vy\u0161et\u0159ov\u00e1n\u00ed loupe\u017en\u00e9ho p\u0159epaden\u00ed<\/strong><br \/>\nProf. PhDr. Ji\u0159\u00ed Straus, DrSc.<\/p>\n<hr \/>\n<p><strong>Pam\u011b\u0165ov\u00e9 stopy: aktu\u00e1ln\u00ed teorie, v\u00fdzkumy a forenzn\u00ed aplikace<\/strong><br \/>\nDoc. PhDr. Ludmila \u010c\u00edrtkov\u00e1, CSc., Prof. JUDr. Ing. Viktor Porada, DrSc.<\/p>\n<hr \/>\n<p><strong>N\u011bkter\u00e9 zvl\u00e1\u0161tnosti teorie kriminalistick\u00e9 identifikace a jej\u00ed p\u0159\u00edklady aplikace v\u00a0praxi<\/strong><br \/>\nMgr. Lubo\u0161 Kothaj, Prof. JUDr. Ing. Viktor Porada, DrSc.<\/p>\n<hr \/>\n<p><strong>Centimetrov\u00e9, milimetrov\u00e9 a terahertzov\u00e9 vlny pro bezpe\u010dnostn\u00ed skenov\u00e1n\u00ed osob<\/strong><br \/>\nDoc. RNDr. Jaroslav Ture\u010dek, PhD.<\/p>\n<hr \/>\n<p><strong>Rozhodovac\u00ed stromy p\u0159i anal\u00fdze dat z\u00a0v\u00fdzkumu policejn\u00ed problematiky<\/strong><br \/>\nRNDr. Jaroslav Kvapil, Dr. Zden\u011bk Kova\u0159\u00edk, CSc.<\/p>\n<hr \/>\n<p><strong>Anal\u00fdza hlavn\u00edch komponent (PCA) \u2013 \u00fa\u010dinn\u00fd n\u00e1stroj \u0159e\u0161en\u00ed v\u00edcerozm\u011brn\u00fdch \u00faloh z\u00a0policejn\u00ed praxe<\/strong><br \/>\nDr. Zden\u011bk Kova\u0159\u00edk, CSc., RNDr. Jaroslav Kvapil<\/p>\n<hr \/>\n<p><strong>\u00davod do faktorov\u00e9 anal\u00fdzy<\/strong><br \/>\nRNDr. Jaroslav Kvapil, Dr. Zden\u011bk Kova\u0159\u00edk, CSc.<\/p>\n<hr \/>\n<p><strong>Situace ohro\u017een\u00ed a komunika\u010dn\u00ed aktivity<\/strong><br \/>\nMgr. Ingrid Matou\u0161kov\u00e1, JUDr. Mgr. Jo\u017ea Spurn\u00fd, PhD.<\/p>\n<hr \/>\n<p><strong>Po\u010d\u00edta\u010dov\u00e1 anal\u00fdza dat z\u00a0v\u00fdzkumu policejn\u00ed problematiky s\u00a0vyu\u017eit\u00edm faktorov\u00e9 anal\u00fdzy<\/strong><br \/>\nDr. Zden\u011bk Kova\u0159\u00edk, CSc., RNDr. Jaroslav Kvapil<\/p>\n<hr \/>\n<p><strong>Pojem, p\u0159edm\u011bt a v\u00fdznam kriminalistick\u00e9 daktyloskopie\u00a0<\/strong><br \/>\nProf. PhDr. Ji\u0159\u00ed Straus, DrSc., Prof. JUDr. Ing. Viktor Porada, DrSc.<\/p>\n<hr \/>\n<p><strong>Z\u00e1kladn\u00ed charakteristiky, komponenty a syst\u00e9m ochrany \u017eivotn\u00edho prost\u0159ed\u00ed<\/strong><br \/>\nPlk. Doc. JUDr. Jan Chmel\u00edk, Ph.D., Prof. JUDr. Ing. Viktor Porada, DrSc<\/p>\n<hr \/>\n<p><strong>V\u00fdvoj kriminality v\u00a0digit\u00e1ln\u00edm prost\u0159ed\u00ed a trendy aktu\u00e1ln\u00edch hrozeb<\/strong><br \/>\nDoc. Ing. Roman Rak, Ph.D., Prof. JUDr. Ing. Viktor Porada, DrSc.<\/p>\n<hr \/>\n<p><a href=\"https:\/\/veda.polac.cz\/?page_id=235\">Zp\u011bt<\/a><\/p>\n","protected":false},"excerpt":{"rendered":"<p>Teoretick\u00e9, metodologick\u00e9 a spole\u010densk\u00e9 z\u00e1klady policejn\u00edch v\u011bd Prof. PhDr. Kv\u011bto\u0148 Holcr, DrSc., Doc. RNDr. Jaroslav Holomek, CSc., Prof. JUDr. Ing. Viktor Porada, DrSc Teoretick\u00e9 ot\u00e1zky transferu vedeck\u00fdch poznatkov do policajnej praxe Prof. PhDr. Jan Buzalka, CSc., Prof. JUDr. Ing. Viktor Porada, DrSc Procesy z\u00edsk\u00e1v\u00e1n\u00ed v\u011bdeck\u00fdch poznatk\u016f Prof. PhDr. Kv\u011bto\u0148 Holcr, DrSc., Doc. RNDr. Jaroslav Holomek, [&hellip;]<\/p>\n","protected":false},"author":2,"featured_media":0,"parent":235,"menu_order":55,"comment_status":"closed","ping_status":"closed","template":"","meta":{"footnotes":""},"class_list":["post-1687","page","type-page","status-publish","hentry"],"_links":{"self":[{"href":"https:\/\/veda.polac.cz\/index.php?rest_route=\/wp\/v2\/pages\/1687","targetHints":{"allow":["GET"]}}],"collection":[{"href":"https:\/\/veda.polac.cz\/index.php?rest_route=\/wp\/v2\/pages"}],"about":[{"href":"https:\/\/veda.polac.cz\/index.php?rest_route=\/wp\/v2\/types\/page"}],"author":[{"embeddable":true,"href":"https:\/\/veda.polac.cz\/index.php?rest_route=\/wp\/v2\/users\/2"}],"replies":[{"embeddable":true,"href":"https:\/\/veda.polac.cz\/index.php?rest_route=%2Fwp%2Fv2%2Fcomments&post=1687"}],"version-history":[{"count":2,"href":"https:\/\/veda.polac.cz\/index.php?rest_route=\/wp\/v2\/pages\/1687\/revisions"}],"predecessor-version":[{"id":2567,"href":"https:\/\/veda.polac.cz\/index.php?rest_route=\/wp\/v2\/pages\/1687\/revisions\/2567"}],"up":[{"embeddable":true,"href":"https:\/\/veda.polac.cz\/index.php?rest_route=\/wp\/v2\/pages\/235"}],"wp:attachment":[{"href":"https:\/\/veda.polac.cz\/index.php?rest_route=%2Fwp%2Fv2%2Fmedia&parent=1687"}],"curies":[{"name":"wp","href":"https:\/\/api.w.org\/{rel}","templated":true}]}}