{"id":1685,"date":"2018-09-16T08:46:12","date_gmt":"2018-09-16T08:46:12","guid":{"rendered":"http:\/\/veda.polac.cz\/?page_id=1685"},"modified":"2019-04-18T08:03:48","modified_gmt":"2019-04-18T08:03:48","slug":"01-2005","status":"publish","type":"page","link":"https:\/\/veda.polac.cz\/?page_id=1685","title":{"rendered":"01\/2005"},"content":{"rendered":"<p><strong>V\u00fduka evropsk\u00e9ho pr\u00e1va a navazuj\u00edc\u00ed europeiza\u010dn\u00ed\u00a0 opat\u0159en\u00ed na PA \u010cR<\/strong><br \/>\nDoc. JUDr. Bohumil Pikna, CSc.<\/p>\n<hr \/>\n<p><strong>Prevence kriminality na \u00fazem\u00ed hl. m. Prahy<\/strong><br \/>\nJUDr. Petr Hul\u00ednsk\u00fd<\/p>\n<hr \/>\n<p><strong>Z\u00e1kon o soudnictv\u00ed ve v\u011bcech ml\u00e1de\u017ee (ZSM) &#8211; z\u00e1kladn\u00ed z\u00e1sady<\/strong><br \/>\nJUDr. Josef Sou\u010dek, CSc., JUDr. Milan \u0160ubrt<\/p>\n<hr \/>\n<p><strong>Odklony ve zkr\u00e1cen\u00e9m p\u0159\u00edpravn\u00e9m \u0159\u00edzen\u00ed<\/strong><br \/>\nJUDr. Franti\u0161ek Voleveck\u00fd<\/p>\n<hr \/>\n<p><strong>Po\u0161koden\u00fd v\u00a0trestnom konan\u00ed &#8211; legislat\u00edvna s\u00fa\u010dasnos\u0165 a\u00a0perspekt\u00edvy<\/strong><br \/>\nDoc. JUDr. Vladim\u00edr \u010ce\u010dot, CSc.<\/p>\n<hr \/>\n<p><strong>Kriminalistick\u00e9 stopy o vlastnostech vnit\u0159n\u00ed stavby nebo vnit\u0159n\u00edho slo\u017een\u00ed objektu<\/strong><br \/>\nIng. Jaroslav Such\u00e1nek, CSc., prof. JUDr. Ing. Viktor Porada, DrSc., prof. PhDr. Ji\u0159\u00ed Straus, DrSc.<\/p>\n<hr \/>\n<p><strong>Vyhled\u00e1v\u00e1n\u00ed a zaji\u0161\u0165ov\u00e1n\u00ed kriminalistick\u00fdch stop<\/strong><br \/>\nProf. PhDr. Ji\u0159\u00ed Straus, DrSc., Ing. Jaroslav Such\u00e1nek, CSc., prof. JUDr. Ing. Viktor Porada, DrSc.<\/p>\n<hr \/>\n<p><strong>Charakteristiky a specifika digit\u00e1ln\u00edch stop<\/strong><br \/>\ndoc. RNDr. Roman Rak, Ph.D, prof. JUDr. Ing. Viktor Porada, DrSc.<\/p>\n<hr \/>\n<p><strong>Kriminalistick\u00e1 stopa, pojem a klasifikace, hypotetick\u00e1 \u00favaha<\/strong><br \/>\nJUDr. Nikolaj Hrib<\/p>\n<hr \/>\n<p><strong>Dynamick\u00e9 aspekty biomechaniky \u00faderu<\/strong><br \/>\nprof. PhDr. Ji\u0159\u00ed Straus, DrSc.<\/p>\n<hr \/>\n<p><strong>Informa\u010dn\u00ed bezpe\u010dnost v\u00a0organizaci<\/strong><br \/>\nRNDr. Josef Po\u017e\u00e1r, CSc.<\/p>\n<hr \/>\n<p><strong>Perspektivy rozvoje dataminingu v\u00a0policejn\u00ed \u010dinnosti<\/strong><br \/>\nBc. Josef Prchal<\/p>\n<hr \/>\n<p><strong>Nov\u00e9 podn\u011bty pro management SBS<\/strong><br \/>\nBc. Martin Bohman, PaedDr. Franti\u0161ek Nov\u00e1k<\/p>\n<hr \/>\n<p><strong>Zpracov\u00e1n\u00ed projektu elektrick\u00e9ho zabezpe\u010dovac\u00edho syst\u00e9mu<\/strong><br \/>\nJUDr. Jan Uhl\u00e1\u0159<\/p>\n<hr \/>\n<p><strong>Sv\u011btov\u00e1 konference o sn\u00ed\u017een\u00ed dopad\u016f pohrom Kobe 2005.<\/strong><br \/>\nRNDr. Dana Proch\u00e1zkov\u00e1, DrSc., Prof. Ing. Bed\u0159ich \u0160est\u00e1k, DrSc.<\/p>\n<hr \/>\n<p><strong>Anal\u00fdza d\u016fsledk\u016f katastrof na sv\u011btovou ekonomiku<\/strong><br \/>\nDoc. Ing. Jaroslav Slepeck\u00fd, Ph.D.<\/p>\n<hr \/>\n<p><strong>Agresivn\u00ed projevy hromadn\u00e9ho chov\u00e1n\u00ed v\u00a0policejn\u00ed praxi<\/strong><br \/>\nJUDr. et Mgr. Jo\u017ea Spurn\u00fd, Ph.D.<\/p>\n<hr \/>\n<p><strong>Komparace vstupn\u00edch a v\u00fdstupn\u00edch znalost\u00ed anglick\u00e9ho jazyka student\u016f policist\u016f a civiln\u00edch student\u016f prezen\u010dn\u00ed formy bakal\u00e1\u0159sk\u00e9ho studia na PA \u010cR<\/strong><\/p>\n<hr \/>\n<p><strong>Informace o kon\u00e1n\u00ed odborn\u00e9ho mezin\u00e1rodn\u00edho semin\u00e1\u0159e na t\u00e9ma\u00a0<\/strong><br \/>\n<strong>&#8222;Pou\u017eit\u00ed operativn\u011b p\u00e1trac\u00edch prost\u0159edk\u016f k z\u00edsk\u00e1n\u00ed d\u016fkaz\u016f pro trestn\u00ed \u0159\u00edzen\u00ed&#8220;<\/strong><br \/>\nDoc. JUDr. \u0160tefan Hund\u00e1k, CSc.<\/p>\n<hr \/>\n<p><strong>Problematika komer\u010dn\u00edho sexu\u00e1ln\u00edho zneu\u017e\u00edv\u00e1n\u00ed d\u011bt\u00ed v\u00a0\u010desk\u00e9m pohrani\u010d\u00ed<\/strong><br \/>\n<strong>Recenze a reakce na knihu Cathrin Schauer &#8211; Kinder auf dem Strich.<\/strong><br \/>\nMgr. Luk\u00e1\u0161 Benda<\/p>\n<hr \/>\n<p><strong>Recenze publikace:<\/strong><br \/>\n<strong>\u201eKontroln\u00ed syst\u00e9my ve\u0159ejn\u00e9 spr\u00e1vy a ve\u0159ejn\u00e9ho sektoru\u201c<\/strong><br \/>\nIng. Milan Kn\u00fd, CSc.<\/p>\n<hr \/>\n<p><strong>Franti\u0161ek Ochrana:<\/strong><br \/>\n<strong>\u201eVe\u0159ejn\u00fd sektor a efektivn\u00ed rozhodov\u00e1n\u00ed\u201c<\/strong><br \/>\nIng. Milan Kn\u00fd, CSc.<\/p>\n<hr \/>\n<p><a href=\"https:\/\/veda.polac.cz\/?page_id=235\">Zp\u011bt<\/a><\/p>\n","protected":false},"excerpt":{"rendered":"<p>V\u00fduka evropsk\u00e9ho pr\u00e1va a navazuj\u00edc\u00ed europeiza\u010dn\u00ed\u00a0 opat\u0159en\u00ed na PA \u010cR Doc. JUDr. Bohumil Pikna, CSc. Prevence kriminality na \u00fazem\u00ed hl. m. Prahy JUDr. Petr Hul\u00ednsk\u00fd Z\u00e1kon o soudnictv\u00ed ve v\u011bcech ml\u00e1de\u017ee (ZSM) &#8211; z\u00e1kladn\u00ed z\u00e1sady JUDr. Josef Sou\u010dek, CSc., JUDr. Milan \u0160ubrt Odklony ve zkr\u00e1cen\u00e9m p\u0159\u00edpravn\u00e9m \u0159\u00edzen\u00ed JUDr. Franti\u0161ek Voleveck\u00fd Po\u0161koden\u00fd v\u00a0trestnom konan\u00ed &#8211; legislat\u00edvna [&hellip;]<\/p>\n","protected":false},"author":2,"featured_media":0,"parent":235,"menu_order":54,"comment_status":"closed","ping_status":"closed","template":"","meta":{"footnotes":""},"class_list":["post-1685","page","type-page","status-publish","hentry"],"_links":{"self":[{"href":"https:\/\/veda.polac.cz\/index.php?rest_route=\/wp\/v2\/pages\/1685","targetHints":{"allow":["GET"]}}],"collection":[{"href":"https:\/\/veda.polac.cz\/index.php?rest_route=\/wp\/v2\/pages"}],"about":[{"href":"https:\/\/veda.polac.cz\/index.php?rest_route=\/wp\/v2\/types\/page"}],"author":[{"embeddable":true,"href":"https:\/\/veda.polac.cz\/index.php?rest_route=\/wp\/v2\/users\/2"}],"replies":[{"embeddable":true,"href":"https:\/\/veda.polac.cz\/index.php?rest_route=%2Fwp%2Fv2%2Fcomments&post=1685"}],"version-history":[{"count":2,"href":"https:\/\/veda.polac.cz\/index.php?rest_route=\/wp\/v2\/pages\/1685\/revisions"}],"predecessor-version":[{"id":2560,"href":"https:\/\/veda.polac.cz\/index.php?rest_route=\/wp\/v2\/pages\/1685\/revisions\/2560"}],"up":[{"embeddable":true,"href":"https:\/\/veda.polac.cz\/index.php?rest_route=\/wp\/v2\/pages\/235"}],"wp:attachment":[{"href":"https:\/\/veda.polac.cz\/index.php?rest_route=%2Fwp%2Fv2%2Fmedia&parent=1685"}],"curies":[{"name":"wp","href":"https:\/\/api.w.org\/{rel}","templated":true}]}}