{"id":1683,"date":"2018-09-16T08:42:56","date_gmt":"2018-09-16T08:42:56","guid":{"rendered":"http:\/\/veda.polac.cz\/?page_id=1683"},"modified":"2019-04-18T08:04:56","modified_gmt":"2019-04-18T08:04:56","slug":"02-2005","status":"publish","type":"page","link":"https:\/\/veda.polac.cz\/?page_id=1683","title":{"rendered":"02\/2005"},"content":{"rendered":"<p><strong>Absolventi Policejn\u00ed akademie \u010cR v\u00a0praxi v\u00a0akademick\u00e9m roce 1999\/2000<\/strong><br \/>\nDoc. PhDr. Zden\u011bk Rozum, CSc.<\/p>\n<hr \/>\n<p><strong>Bezpe\u010dnos\u0165 a securitologia<\/strong><br \/>\nDr. In\u017e. Leszek Korzeniowski<\/p>\n<hr \/>\n<p><strong>P\u0159ehled mo\u017en\u00fdch rizik a hrozeb \u00faniku citliv\u00fdch informac\u00ed z\u00a0organizace<\/strong><br \/>\nRNDr. Josef Po\u017e\u00e1r, CSc.<\/p>\n<hr \/>\n<p><strong>Sou\u010dasn\u00e1 protiextremistick\u00e1 politika v\u00a0\u010cesk\u00e9 republice<\/strong><br \/>\ndoc. Dr. \u0160tefan Danics, Ph.D.<\/p>\n<hr \/>\n<p><strong>Environment\u00e1ln\u00ed extremismus<\/strong><br \/>\nBc. Lenka Burdov\u00e1<\/p>\n<hr \/>\n<p><strong>Rozd\u00edl metodologie kriminalistiky a kriminologie<\/strong><br \/>\nMgr. Franti\u0161ek Vavera<\/p>\n<hr \/>\n<p><strong>N\u011bkolik pozn\u00e1mek k\u00a0sou\u010dasn\u00e9mu stavu policie a\u00a0mo\u017enostem optimalizace jej\u00ed \u010dinnosti<\/strong><br \/>\nMgr. Martin Bohman<\/p>\n<hr \/>\n<p><strong>Trestn\u00fd \u010din vra\u017edy z\u00a0pohledu statistick\u00e9 anal\u00fdzy<\/strong><br \/>\nRNDr. Jaroslav Kvapil, Dr. Zden\u011bk Kova\u0159\u00edk, CSc., plk. JUDr. Lubo\u0161 Valeri\u00e1n<\/p>\n<hr \/>\n<p><strong>Zaji\u0161\u0165ov\u00e1n\u00ed kriminalistick\u00fdch stop po\u010d\u00edta\u010dov\u00e9 kriminality<\/strong><br \/>\nMgr. Lubo\u0161 Kothaj, prof. JUDr. Ing. Viktor Porada, DrSc.<\/p>\n<hr \/>\n<p><strong>N\u011bkter\u00e9 perspektivn\u00ed mo\u017enosti identifikace osob, v\u011bc\u00ed a zv\u00ed\u0159at<\/strong><br \/>\nIng. Pavel Pady\u0161\u00e1k, CSc., Ing. Jaroslav Such\u00e1nek, CSc.<\/p>\n<hr \/>\n<p><strong>Vra\u017eda novorozen\u00e9ho d\u00edt\u011bte<\/strong><br \/>\nplk. Karel Mal\u00fd<\/p>\n<hr \/>\n<p><strong>Trendy rozvoje technologicky orientovan\u00e9 trestn\u00e9 \u010dinnosti v\u00a0digit\u00e1ln\u00edm prost\u0159ed\u00ed<\/strong><br \/>\nDoc. Ing. Roman Rak, Ph.D.<\/p>\n<hr \/>\n<p><strong>V\u00fdzkumy m\u00edry korupce u Policie \u010cR<\/strong><br \/>\nMgr. Ale\u0161 Pachmann<\/p>\n<hr \/>\n<p><strong>Z\u00e1kon o soudnictv\u00ed ve v\u011bcech ml\u00e1de\u017ee &#8211; \u0159\u00edzen\u00ed ve v\u011bcech d\u011bt\u00ed mlad\u0161\u00edch patn\u00e1cti let<\/strong><br \/>\nJUDr. Josef Sou\u010dek, CSc., JUDr. Milan \u0160ubrt<\/p>\n<hr \/>\n<p><strong>Konstrukce skutkov\u00fdch podstat a pr\u00e1vn\u00ed kvalifikace skutku<\/strong><br \/>\nJUDr. Miroslav Polcar<\/p>\n<hr \/>\n<p><strong>\u0160v\u00e9dsk\u00e9 bezpe\u010dnostn\u00ed slu\u017eby<\/strong><br \/>\nPaedDr. Franti\u0161ek Nov\u00e1k<\/p>\n<hr \/>\n<p><strong>Nekontaktn\u00ed podoby sexu\u00e1ln\u00edho n\u00e1sil\u00ed<\/strong><br \/>\nDoc. PhDr. Ludmila \u010c\u00edrtkov\u00e1, CSc.<\/p>\n<hr \/>\n<p><strong>Intuice \u2013 v\u011b\u0159it \u010di ne?<\/strong><br \/>\nMgr. Ingrid Matou\u0161kov\u00e1, JUDr. Mgr. Jo\u017ea Spurn\u00fd, Ph.D.<\/p>\n<hr \/>\n<p><strong>80.v\u00fdro\u010d\u00ed legendy \u010deskoslovensk\u00e9 kriminalistiky\u00a0<\/strong><br \/>\n<strong>vzpom\u00ednka v\u011bnovan\u00e1 osobnosti J\u00e1na Pje\u0161\u010daka<\/strong><\/p>\n<hr \/>\n<p><a href=\"https:\/\/veda.polac.cz\/?page_id=235\">Zp\u011bt<\/a><\/p>\n","protected":false},"excerpt":{"rendered":"<p>Absolventi Policejn\u00ed akademie \u010cR v\u00a0praxi v\u00a0akademick\u00e9m roce 1999\/2000 Doc. PhDr. Zden\u011bk Rozum, CSc. Bezpe\u010dnos\u0165 a securitologia Dr. In\u017e. Leszek Korzeniowski P\u0159ehled mo\u017en\u00fdch rizik a hrozeb \u00faniku citliv\u00fdch informac\u00ed z\u00a0organizace RNDr. Josef Po\u017e\u00e1r, CSc. Sou\u010dasn\u00e1 protiextremistick\u00e1 politika v\u00a0\u010cesk\u00e9 republice doc. Dr. \u0160tefan Danics, Ph.D. Environment\u00e1ln\u00ed extremismus Bc. Lenka Burdov\u00e1 Rozd\u00edl metodologie kriminalistiky a kriminologie Mgr. Franti\u0161ek [&hellip;]<\/p>\n","protected":false},"author":2,"featured_media":0,"parent":235,"menu_order":53,"comment_status":"closed","ping_status":"closed","template":"","meta":{"footnotes":""},"class_list":["post-1683","page","type-page","status-publish","hentry"],"_links":{"self":[{"href":"https:\/\/veda.polac.cz\/index.php?rest_route=\/wp\/v2\/pages\/1683","targetHints":{"allow":["GET"]}}],"collection":[{"href":"https:\/\/veda.polac.cz\/index.php?rest_route=\/wp\/v2\/pages"}],"about":[{"href":"https:\/\/veda.polac.cz\/index.php?rest_route=\/wp\/v2\/types\/page"}],"author":[{"embeddable":true,"href":"https:\/\/veda.polac.cz\/index.php?rest_route=\/wp\/v2\/users\/2"}],"replies":[{"embeddable":true,"href":"https:\/\/veda.polac.cz\/index.php?rest_route=%2Fwp%2Fv2%2Fcomments&post=1683"}],"version-history":[{"count":2,"href":"https:\/\/veda.polac.cz\/index.php?rest_route=\/wp\/v2\/pages\/1683\/revisions"}],"predecessor-version":[{"id":2564,"href":"https:\/\/veda.polac.cz\/index.php?rest_route=\/wp\/v2\/pages\/1683\/revisions\/2564"}],"up":[{"embeddable":true,"href":"https:\/\/veda.polac.cz\/index.php?rest_route=\/wp\/v2\/pages\/235"}],"wp:attachment":[{"href":"https:\/\/veda.polac.cz\/index.php?rest_route=%2Fwp%2Fv2%2Fmedia&parent=1683"}],"curies":[{"name":"wp","href":"https:\/\/api.w.org\/{rel}","templated":true}]}}