{"id":1681,"date":"2018-09-16T08:39:42","date_gmt":"2018-09-16T08:39:42","guid":{"rendered":"http:\/\/veda.polac.cz\/?page_id=1681"},"modified":"2019-04-18T08:04:17","modified_gmt":"2019-04-18T08:04:17","slug":"03-2005","status":"publish","type":"page","link":"https:\/\/veda.polac.cz\/?page_id=1681","title":{"rendered":"03\/2005"},"content":{"rendered":"<p><strong>Charakteristika bezpe\u010dnosti 21. storo\u010dia<\/strong><br \/>\nDoc. Dr. \u0160tefan Volner, CSc.<\/p>\n<hr \/>\n<p><strong>K ot\u00e1zk\u00e1m vzd\u011bl\u00e1v\u00e1n\u00ed a celo\u017eivotn\u00edho u\u010den\u00ed v\u00a0evropsk\u00e9m kontextu<\/strong><br \/>\ndoc. PhDr. V\u011bra Pol\u00e1\u010dkov\u00e1, CSc.<\/p>\n<hr \/>\n<p><strong>Celn\u00ed informa\u010dn\u00ed syst\u00e9m jako prost\u0159edek EU v boji se zlo\u010dinem<\/strong><br \/>\nDoc. JUDr. Bohumil Pikna, CSc.<\/p>\n<hr \/>\n<p><strong>Znalosti pro 21. stolet\u00ed<\/strong><br \/>\nMgr. Jitka B\u00edl\u00e1<\/p>\n<hr \/>\n<p><strong>Rakousk\u00e9 vojensk\u00e9 hrani\u010dn\u00ed kordony &#8211; ochrana st\u00e1tn\u00edch hranic v\u00a0minulosti<\/strong><br \/>\nMgr. Lubom\u00edr Uhl\u00ed\u0159<\/p>\n<hr \/>\n<p><strong>Francouzsk\u00e9 \u010detnictvo &#8211; mo\u017enosti vyu\u017eit\u00ed zahrani\u010dn\u00edch zku\u0161enost\u00ed<\/strong><br \/>\nJUDr. Anton\u00edn Fil\u00e1k, CSc., Mgr. Zden\u011bk Chmela, Bc. Martin Vrabec<\/p>\n<hr \/>\n<p><strong>Ochrana osob, majetku, ale i informac\u00ed u soukrom\u00fdch subjekt\u016f a organizac\u00ed<\/strong><br \/>\nMgr. Zden\u011bk\u00a0 \u0160t\u011bp\u00e1nek<\/p>\n<hr \/>\n<p><strong>Vybran\u00e9 pr\u016fzkumy v\u00a0oblasti bezpe\u010dnosti<\/strong><br \/>\nMgr. Martin Bohman<\/p>\n<hr \/>\n<p><strong>Stru\u010dn\u00e1 pozn\u00e1mka o filosofii komplexn\u00edho \u0159\u00edzen\u00ed kvality<\/strong><br \/>\nMgr. Ivana Mackov\u00e1<\/p>\n<hr \/>\n<p><strong>Po velk\u00e9 novele trestn\u00edho \u0159\u00e1du objevujeme v\u00a0kriminalistick\u00e9 taktice nov\u00e9 probl\u00e9my?<\/strong><br \/>\nJUDr. Zden\u011bk Konr\u00e1d, CSc.<\/p>\n<hr \/>\n<p><strong>Postupy police u p\u0159\u00edpad\u016f hromadn\u00e9ho \u00fahynu v\u010delstev<\/strong><br \/>\nplk. Karel Mal\u00fd, por. Ing. Hana \u0160ul\u00e1kov\u00e1, Ph.D.<\/p>\n<hr \/>\n<p><strong>Trestn\u00ed odpov\u011bdnost mladistv\u00fdch \u2013 komparace \u010desk\u00e9 a slovensk\u00e9 \u00fapravy<\/strong><br \/>\nJUDr. Josef Sou\u010dek CSc., JUDr. Milan \u0160ubrt<\/p>\n<hr \/>\n<p><strong>Trestn\u00ed \u0159\u00edzen\u00ed ve v\u011bcech mladistv\u00fdch \u2013 komparace \u010desk\u00e9 a slovensk\u00e9 \u00fapravy<\/strong><br \/>\nJUDr. Josef Sou\u010dek CSc., JUDr. Milan \u0160ubrt<\/p>\n<hr \/>\n<p><strong>Linka 158 a mo\u017enosti jej\u00ed modernizace<\/strong><br \/>\nMgr. Zden\u011bk Chmela JUDr. Anton\u00edn Fil\u00e1k, CSc. kpt. Bc. Petr Mat\u011bj\u010dek<\/p>\n<hr \/>\n<p><strong>Sympozium pokro\u010dil\u00e9ho v\u00fdzkumu NATO<\/strong><br \/>\n<strong>\u201eDetekce a likvidace improvizovan\u00fdch v\u00fdbu\u0161nin\u201c v\u00a0Saint Petersburgu<\/strong><br \/>\ndoc. RNDr. Jaroslav Ture\u010dek, Ph.D.<\/p>\n<hr \/>\n<p><strong>Recenze monografie Sabop\u00e1l Eduard: Kriminologick\u00e9 aspekty korupcie<\/strong><br \/>\ndoc. JUDr. Ivana Zoubkov\u00e1, PhD., PhDr. Marcela Moulisov\u00e1<\/p>\n<hr \/>\n<p><a href=\"https:\/\/veda.polac.cz\/?page_id=235\">Zp\u011bt<\/a><\/p>\n","protected":false},"excerpt":{"rendered":"<p>Charakteristika bezpe\u010dnosti 21. storo\u010dia Doc. Dr. \u0160tefan Volner, CSc. K ot\u00e1zk\u00e1m vzd\u011bl\u00e1v\u00e1n\u00ed a celo\u017eivotn\u00edho u\u010den\u00ed v\u00a0evropsk\u00e9m kontextu doc. PhDr. V\u011bra Pol\u00e1\u010dkov\u00e1, CSc. Celn\u00ed informa\u010dn\u00ed syst\u00e9m jako prost\u0159edek EU v boji se zlo\u010dinem Doc. JUDr. Bohumil Pikna, CSc. Znalosti pro 21. stolet\u00ed Mgr. Jitka B\u00edl\u00e1 Rakousk\u00e9 vojensk\u00e9 hrani\u010dn\u00ed kordony &#8211; ochrana st\u00e1tn\u00edch hranic v\u00a0minulosti Mgr. Lubom\u00edr [&hellip;]<\/p>\n","protected":false},"author":2,"featured_media":0,"parent":235,"menu_order":52,"comment_status":"closed","ping_status":"closed","template":"","meta":{"footnotes":""},"class_list":["post-1681","page","type-page","status-publish","hentry"],"_links":{"self":[{"href":"https:\/\/veda.polac.cz\/index.php?rest_route=\/wp\/v2\/pages\/1681","targetHints":{"allow":["GET"]}}],"collection":[{"href":"https:\/\/veda.polac.cz\/index.php?rest_route=\/wp\/v2\/pages"}],"about":[{"href":"https:\/\/veda.polac.cz\/index.php?rest_route=\/wp\/v2\/types\/page"}],"author":[{"embeddable":true,"href":"https:\/\/veda.polac.cz\/index.php?rest_route=\/wp\/v2\/users\/2"}],"replies":[{"embeddable":true,"href":"https:\/\/veda.polac.cz\/index.php?rest_route=%2Fwp%2Fv2%2Fcomments&post=1681"}],"version-history":[{"count":2,"href":"https:\/\/veda.polac.cz\/index.php?rest_route=\/wp\/v2\/pages\/1681\/revisions"}],"predecessor-version":[{"id":2562,"href":"https:\/\/veda.polac.cz\/index.php?rest_route=\/wp\/v2\/pages\/1681\/revisions\/2562"}],"up":[{"embeddable":true,"href":"https:\/\/veda.polac.cz\/index.php?rest_route=\/wp\/v2\/pages\/235"}],"wp:attachment":[{"href":"https:\/\/veda.polac.cz\/index.php?rest_route=%2Fwp%2Fv2%2Fmedia&parent=1681"}],"curies":[{"name":"wp","href":"https:\/\/api.w.org\/{rel}","templated":true}]}}