{"id":1678,"date":"2018-09-16T08:36:37","date_gmt":"2018-09-16T08:36:37","guid":{"rendered":"http:\/\/veda.polac.cz\/?page_id=1678"},"modified":"2019-04-18T08:05:29","modified_gmt":"2019-04-18T08:05:29","slug":"04-2005","status":"publish","type":"page","link":"https:\/\/veda.polac.cz\/?page_id=1678","title":{"rendered":"04\/2005"},"content":{"rendered":"<p><strong>Bezpe\u010dnostn\u00ed strategie \u010cesk\u00e9 republiky: postmodern\u00ed probl\u00e9my glob\u00e1ln\u00ed bezpe\u010dnosti<\/strong><br \/>\nDoc. JUDr. Vladim\u00edr Zoubek, CSc.<\/p>\n<hr \/>\n<p><strong>Bezpe\u010dnostn\u00ed aspekty konceptu netradi\u010dn\u00edho pojet\u00ed st\u00e1tn\u00ed suverenity\u00a0<\/strong><br \/>\nDoc. Dr. \u0160tefan Danics, Ph.D.<\/p>\n<hr \/>\n<p><strong>\u010cesko \u2013 integr\u00e1cia \u2013 bezpe\u010dnos\u0165<\/strong><br \/>\nDoc. Dr. \u0160tefan Volner, CSc.<\/p>\n<hr \/>\n<p><strong>St\u00e1t, ob\u010dan a policie v dob\u011b postmodern\u00ed\u00a0<\/strong><br \/>\nPhDr. Petr Nesvadba, CSc.<\/p>\n<hr \/>\n<p><strong>Mo\u017enosti prosazov\u00e1n\u00ed profesn\u00ed etiky v \u010dinnosti bezpe\u010dnostn\u00edch slu\u017eeb\u00a0<\/strong><br \/>\n<strong>(p\u0159\u00edsp\u011bvek k\u00a0principu sd\u00edlen\u00e9 odpov\u011bdnosti)\u00a0<\/strong><br \/>\nPaedDr. Franti\u0161ek Nov\u00e1k<\/p>\n<hr \/>\n<p><strong>Pr\u00e1vn\u00ed jedn\u00e1n\u00ed p\u0159i zad\u00e1v\u00e1n\u00ed ve\u0159ejn\u00fdch zak\u00e1zek\u00a0<\/strong><br \/>\nMgr. Eva Kle\u010dkov\u00e1<\/p>\n<hr \/>\n<p><strong>Pojet\u00ed trestn\u00e9ho \u010dinu v\u00a0rekodifikaci slovensk\u00e9ho trestn\u00edho z\u00e1kona\u00a0<\/strong><br \/>\nMgr. Petr Voleveck\u00fd<\/p>\n<hr \/>\n<p><strong>Znalci, tlumo\u010dn\u00edci a proces \u00fapadku podniku\u00a0<\/strong><br \/>\nJUDr. et\u00a0 Mgr. Petr Kroupa, Ph.D.<\/p>\n<hr \/>\n<p><strong>Expertn\u00ed syst\u00e9my &#8211; tvorba a vyu\u017eit\u00ed v\u00a0pr\u00e1ci policie\u00a0<\/strong><br \/>\nRNDr. Josef Pojer, CSc.<\/p>\n<hr \/>\n<p><strong>Projektov\u00e1n\u00ed zabezpe\u010dovac\u00edch syst\u00e9m\u016f\u00a0<\/strong><br \/>\nJUDr. Jan Uhl\u00e1\u0159<\/p>\n<hr \/>\n<p><strong>Vyu\u017eit\u00ed ve\u0159ejn\u00fdch sd\u011blovac\u00edch prost\u0159edk\u016f p\u0159i p\u00e1tr\u00e1n\u00ed po pachatel\u00edch vra\u017ed a loupe\u017e\u00ed<\/strong><br \/>\nJUDr. Nikolaj Hrib., Bc. Zden\u011bk B\u00e1rta<\/p>\n<hr \/>\n","protected":false},"excerpt":{"rendered":"<p>Bezpe\u010dnostn\u00ed strategie \u010cesk\u00e9 republiky: postmodern\u00ed probl\u00e9my glob\u00e1ln\u00ed bezpe\u010dnosti Doc. JUDr. Vladim\u00edr Zoubek, CSc. Bezpe\u010dnostn\u00ed aspekty konceptu netradi\u010dn\u00edho pojet\u00ed st\u00e1tn\u00ed suverenity\u00a0 Doc. Dr. \u0160tefan Danics, Ph.D. \u010cesko \u2013 integr\u00e1cia \u2013 bezpe\u010dnos\u0165 Doc. Dr. \u0160tefan Volner, CSc. St\u00e1t, ob\u010dan a policie v dob\u011b postmodern\u00ed\u00a0 PhDr. Petr Nesvadba, CSc. Mo\u017enosti prosazov\u00e1n\u00ed profesn\u00ed etiky v \u010dinnosti bezpe\u010dnostn\u00edch slu\u017eeb\u00a0 (p\u0159\u00edsp\u011bvek [&hellip;]<\/p>\n","protected":false},"author":2,"featured_media":0,"parent":235,"menu_order":51,"comment_status":"closed","ping_status":"closed","template":"","meta":{"footnotes":""},"class_list":["post-1678","page","type-page","status-publish","hentry"],"_links":{"self":[{"href":"https:\/\/veda.polac.cz\/index.php?rest_route=\/wp\/v2\/pages\/1678","targetHints":{"allow":["GET"]}}],"collection":[{"href":"https:\/\/veda.polac.cz\/index.php?rest_route=\/wp\/v2\/pages"}],"about":[{"href":"https:\/\/veda.polac.cz\/index.php?rest_route=\/wp\/v2\/types\/page"}],"author":[{"embeddable":true,"href":"https:\/\/veda.polac.cz\/index.php?rest_route=\/wp\/v2\/users\/2"}],"replies":[{"embeddable":true,"href":"https:\/\/veda.polac.cz\/index.php?rest_route=%2Fwp%2Fv2%2Fcomments&post=1678"}],"version-history":[{"count":2,"href":"https:\/\/veda.polac.cz\/index.php?rest_route=\/wp\/v2\/pages\/1678\/revisions"}],"predecessor-version":[{"id":2565,"href":"https:\/\/veda.polac.cz\/index.php?rest_route=\/wp\/v2\/pages\/1678\/revisions\/2565"}],"up":[{"embeddable":true,"href":"https:\/\/veda.polac.cz\/index.php?rest_route=\/wp\/v2\/pages\/235"}],"wp:attachment":[{"href":"https:\/\/veda.polac.cz\/index.php?rest_route=%2Fwp%2Fv2%2Fmedia&parent=1678"}],"curies":[{"name":"wp","href":"https:\/\/api.w.org\/{rel}","templated":true}]}}