{"id":1676,"date":"2018-09-16T08:33:49","date_gmt":"2018-09-16T08:33:49","guid":{"rendered":"http:\/\/veda.polac.cz\/?page_id=1676"},"modified":"2019-04-18T08:08:02","modified_gmt":"2019-04-18T08:08:02","slug":"01-2006","status":"publish","type":"page","link":"https:\/\/veda.polac.cz\/?page_id=1676","title":{"rendered":"01\/2006"},"content":{"rendered":"<p><strong>Celn\u00ed spolupr\u00e1ce v\u00a0bezpe\u010dnostn\u00ed oblasti jako organick\u00e1 sou\u010d\u00e1st t\u0159et\u00edho pil\u00ed\u0159e EU<\/strong><br \/>\nDoc. JUDr. Bohumil Pikna, CSc.<\/p>\n<hr \/>\n<p><strong>Bezpe\u010dnost a udr\u017eiteln\u00fd rozvoj<\/strong><br \/>\nRNDr. Dana Proch\u00e1zkov\u00e1, DrSc., prof. Ing. Bed\u0159ich \u0160est\u00e1k, DrSc.<\/p>\n<hr \/>\n<p><strong>Anal\u00fdza sociogenn\u00edch mimo\u0159\u00e1dn\u00fdch ud\u00e1lost\u00ed pro pot\u0159eby \u010dinnosti P\u010cR<\/strong><br \/>\nRNDr. Ivan Veverka, CSc.<\/p>\n<hr \/>\n<p><strong>Teorie policejn\u00ed psychologie<\/strong><br \/>\n<strong>Prezentace d\u00edl\u010d\u00edho v\u00fdzkumn\u00e9ho \u00fakolu V\u00fdzkumn\u00e9ho z\u00e1m\u011bru PA \u010cR \u010d.1\/3<\/strong><br \/>\ndoc. PhDr. Ludmila \u010c\u00edrtkov\u00e1, CSc.<\/p>\n<hr \/>\n<p><strong>Agresivn\u00ed projevy hromadn\u00e9ho chov\u00e1n\u00ed v\u00a0policejn\u00ed praxi<\/strong><br \/>\nJUDr. Mgr. Jo\u017ea Spurn\u00fd, Ph.D.<\/p>\n<hr \/>\n<p><strong>Aktu\u00e1ln\u00ed ot\u00e1zky glob\u00e1ln\u00ed bezpe\u010dnosti. N\u011bkolik pozn\u00e1mek k\u00a0\u0159e\u0161en\u00ed v\u011bdeckov\u00fdzkumn\u00e9ho \u00fakolu V\u00fdzkumn\u00e9ho z\u00e1m\u011bru PA \u010cR \u010d. 1\/5<\/strong><br \/>\nDoc. JUDr. Vladim\u00edr Zoubek, CSc.<\/p>\n<hr \/>\n<p><strong>Dynamick\u00e9 aspekty biomechaniky \u00faderu<\/strong><br \/>\nplk. Prof. PhDr. Ji\u0159\u00ed Straus, DrSc.<\/p>\n<hr \/>\n<p><strong>Hans Gross \u2013 \u201eotec sv\u011btov\u00e9 kriminalistiky\u201c<\/strong><br \/>\nplk. Prof. PhDr. Ji\u0159\u00ed Straus, DrSc., JUDr. Franti\u0161ek Vavera<\/p>\n<hr \/>\n<p><strong>Dosavadn\u00ed pr\u016fb\u011bh v\u00fdzkumu \u201eRentgenov\u00e1 detekce v\u00fdbu\u0161nin\u201c<\/strong><br \/>\nmjr. doc. RNDr. Jaroslav Ture\u010dek, Ph.D.<\/p>\n<hr \/>\n<p><strong>Metodika vy\u0161et\u0159ov\u00e1n\u00ed jednotliv\u00fdch druh\u016f trestn\u00fdch \u010din\u016f\u00a0&#8211; \u010d\u00e1st kriminalistick\u00e9 v\u011bdy?<\/strong><br \/>\ndoc. JUDr. Zden\u011bk Konr\u00e1d, CSc.<\/p>\n<hr \/>\n<p><strong>Trestn\u00ed odpov\u011bdnost a ochrana ml\u00e1de\u017ee<\/strong><br \/>\nJUDr. Milan \u0160ubrt<\/p>\n<hr \/>\n<p><strong>Pozn\u00e1mky k\u00a0hodnocen\u00ed v\u011brohodnosti v\u00fdsledk\u016f rekognice<\/strong><br \/>\nJUDr. Ji\u0159\u00ed K\u0159epelka<\/p>\n<hr \/>\n<p><strong>Praktick\u00fd p\u0159\u00ednos po\u010d\u00edta\u010dov\u00e9 anal\u00fdzy v\u00edcerozm\u011brn\u00fdch \u00faloh z\u00a0policejn\u00ed praxe\u00a0<\/strong><br \/>\nDr. Zden\u011bk Kova\u0159\u00edk, CSc.<\/p>\n<hr \/>\n<p><strong>Absolventi Policejn\u00ed akademie \u010cR (studuj\u00edc\u00ed prezen\u010dn\u00ed formou) v\u00a0praxi\u201c<\/strong><br \/>\n<strong>(akademick\u00fd rok 2000\/01)\u00a0<\/strong><br \/>\ndoc. PhDr. Zden\u011bk Rozum, CSc.<\/p>\n<hr \/>\n<p><a href=\"https:\/\/veda.polac.cz\/?page_id=235\">Zp\u011bt<\/a><\/p>\n","protected":false},"excerpt":{"rendered":"<p>Celn\u00ed spolupr\u00e1ce v\u00a0bezpe\u010dnostn\u00ed oblasti jako organick\u00e1 sou\u010d\u00e1st t\u0159et\u00edho pil\u00ed\u0159e EU Doc. JUDr. Bohumil Pikna, CSc. Bezpe\u010dnost a udr\u017eiteln\u00fd rozvoj RNDr. Dana Proch\u00e1zkov\u00e1, DrSc., prof. Ing. Bed\u0159ich \u0160est\u00e1k, DrSc. Anal\u00fdza sociogenn\u00edch mimo\u0159\u00e1dn\u00fdch ud\u00e1lost\u00ed pro pot\u0159eby \u010dinnosti P\u010cR RNDr. Ivan Veverka, CSc. Teorie policejn\u00ed psychologie Prezentace d\u00edl\u010d\u00edho v\u00fdzkumn\u00e9ho \u00fakolu V\u00fdzkumn\u00e9ho z\u00e1m\u011bru PA \u010cR \u010d.1\/3 doc. PhDr. Ludmila [&hellip;]<\/p>\n","protected":false},"author":2,"featured_media":0,"parent":235,"menu_order":50,"comment_status":"closed","ping_status":"closed","template":"","meta":{"footnotes":""},"class_list":["post-1676","page","type-page","status-publish","hentry"],"_links":{"self":[{"href":"https:\/\/veda.polac.cz\/index.php?rest_route=\/wp\/v2\/pages\/1676","targetHints":{"allow":["GET"]}}],"collection":[{"href":"https:\/\/veda.polac.cz\/index.php?rest_route=\/wp\/v2\/pages"}],"about":[{"href":"https:\/\/veda.polac.cz\/index.php?rest_route=\/wp\/v2\/types\/page"}],"author":[{"embeddable":true,"href":"https:\/\/veda.polac.cz\/index.php?rest_route=\/wp\/v2\/users\/2"}],"replies":[{"embeddable":true,"href":"https:\/\/veda.polac.cz\/index.php?rest_route=%2Fwp%2Fv2%2Fcomments&post=1676"}],"version-history":[{"count":2,"href":"https:\/\/veda.polac.cz\/index.php?rest_route=\/wp\/v2\/pages\/1676\/revisions"}],"predecessor-version":[{"id":2569,"href":"https:\/\/veda.polac.cz\/index.php?rest_route=\/wp\/v2\/pages\/1676\/revisions\/2569"}],"up":[{"embeddable":true,"href":"https:\/\/veda.polac.cz\/index.php?rest_route=\/wp\/v2\/pages\/235"}],"wp:attachment":[{"href":"https:\/\/veda.polac.cz\/index.php?rest_route=%2Fwp%2Fv2%2Fmedia&parent=1676"}],"curies":[{"name":"wp","href":"https:\/\/api.w.org\/{rel}","templated":true}]}}