{"id":1671,"date":"2018-09-16T08:25:35","date_gmt":"2018-09-16T08:25:35","guid":{"rendered":"http:\/\/veda.polac.cz\/?page_id=1671"},"modified":"2019-04-18T09:26:50","modified_gmt":"2019-04-18T09:26:50","slug":"03-2006","status":"publish","type":"page","link":"https:\/\/veda.polac.cz\/?page_id=1671","title":{"rendered":"03\/2006"},"content":{"rendered":"<p><a href=\"https:\/\/veda.polac.cz\/?page_id=1791\"><strong>Prostor svobody, bezpe\u010dnosti a pr\u00e1va v\u00a0n\u00e1vrhu \u00dastavn\u00ed smlouvy<\/strong><\/a><br \/>\nDoc. JUDr. Bohumil Pikna, CSc.<\/p>\n<hr \/>\n<p><a href=\"https:\/\/veda.polac.cz\/?page_id=1793\"><strong>Schengensk\u00fd hrani\u010dn\u00ed kodex<\/strong><\/a><br \/>\nDoc. JUDr. Bohumil Pikna, CSc.<\/p>\n<hr \/>\n<p><a href=\"https:\/\/veda.polac.cz\/?page_id=1795\"><strong>Nov\u00e9 p\u0159\u00edstupy v teorii kriminalistick\u00fdch stop a identifikace v\u00a0souvislosti s\u00a0dokazov\u00e1n\u00edm v\u00a0trestn\u00edm \u0159\u00edzen\u00ed<\/strong><\/a><br \/>\nprof. JUDr. Ing. Viktor Porada, DrSc., plk. prof. PhDr. Ji\u0159\u00ed Straus, DrSc., prof. JUDr. Jozef Madliak, CSc.<\/p>\n<hr \/>\n<p><a href=\"https:\/\/veda.polac.cz\/?page_id=1797\"><strong>Pachov\u00e1 stopa\u00a0<\/strong><\/a><br \/>\nJUDr. Nikolaj Hrib<\/p>\n<hr \/>\n<p><a href=\"https:\/\/veda.polac.cz\/?page_id=1799\"><strong>N\u011bkolik pozn\u00e1mek k\u00a0managementu zm\u011bn v\u00a0policii<\/strong><\/a><br \/>\nIng. \u013dubica Bari\u010di\u010dov\u00e1, PhD., Ing. Milan Kn\u00fd, CSc.<\/p>\n<hr \/>\n<p><a href=\"https:\/\/veda.polac.cz\/?page_id=1801\"><strong>Probl\u00e9m \u201ejinakosti\u201c jako v\u00fdchodisko diskursu o multikulturalit\u011b<\/strong><\/a><br \/>\nPhDr. Petr Nesvadba, CSc.<\/p>\n<hr \/>\n<p><a href=\"https:\/\/veda.polac.cz\/?page_id=1803\"><strong>Neprav\u00e9 ob\u011bti<\/strong><\/a><br \/>\ndoc. PhDr. Ludmila \u010c\u00edrtkov\u00e1, CSc.<\/p>\n<hr \/>\n<p><a href=\"https:\/\/veda.polac.cz\/?page_id=1805\"><strong>Dopravn\u00ed nehodovost a princip omezen\u00e9 d\u016fv\u011bry v\u00a0doprav\u011b<\/strong><\/a><br \/>\nJUDr. Miroslav\u00a0\u00a0Polcar<\/p>\n<hr \/>\n<p><a href=\"https:\/\/veda.polac.cz\/?page_id=1807\"><strong>\u00davaha k v\u011bd\u011b o bezpe\u010dnosti<\/strong><\/a><br \/>\nRNDr. Dana Proch\u00e1zkov\u00e1, DrSc., prof. Ing. Bed\u0159ich \u0160est\u00e1k, DrSc.<\/p>\n<hr \/>\n<p><a href=\"https:\/\/veda.polac.cz\/?page_id=1809\"><strong>Priv\u00e1tn\u00ed bezpe\u010dnostn\u00ed slu\u017eby SR zcela pod\u0159\u00edzeny dozoru MV a policie\u00a0<\/strong><\/a><br \/>\nPaedDr. Franti\u0161ek Nov\u00e1k<\/p>\n<hr \/>\n<p><a href=\"https:\/\/veda.polac.cz\/?page_id=1811\"><strong>Post\u0159ehy z\u00a0izraelsk\u00e9ho konceptu vnit\u0159n\u00ed bezpe\u010dnosti \u2013 inspirace z\u00a0Bl\u00edzk\u00e9ho v\u00fdchodu<\/strong><\/a><br \/>\nnpor. Mgr. David Z\u00e1mek, ppor. JUDr. Martin Bohman<\/p>\n<hr \/>\n<p><a href=\"https:\/\/veda.polac.cz\/?page_id=1813\"><strong>Bezpe\u010dnostn\u00ed audit v organizaci<\/strong><\/a><br \/>\nDoc. PhDr. Stanislav Ne\u010das, CSc., JUDr. Milan Seiler<\/p>\n<hr \/>\n<p><a href=\"https:\/\/veda.polac.cz\/?page_id=1815\"><strong>P\u0159\u00edpad Marilyn Monroe\u00a0<\/strong><\/a><br \/>\nJUDr. Franti\u0161ek Vavera<\/p>\n<hr \/>\n<p><a href=\"https:\/\/veda.polac.cz\/?page_id=235\">Zp\u011bt<\/a><\/p>\n","protected":false},"excerpt":{"rendered":"<p>Prostor svobody, bezpe\u010dnosti a pr\u00e1va v\u00a0n\u00e1vrhu \u00dastavn\u00ed smlouvy Doc. JUDr. Bohumil Pikna, CSc. Schengensk\u00fd hrani\u010dn\u00ed kodex Doc. JUDr. Bohumil Pikna, CSc. Nov\u00e9 p\u0159\u00edstupy v teorii kriminalistick\u00fdch stop a identifikace v\u00a0souvislosti s\u00a0dokazov\u00e1n\u00edm v\u00a0trestn\u00edm \u0159\u00edzen\u00ed prof. JUDr. Ing. Viktor Porada, DrSc., plk. prof. PhDr. Ji\u0159\u00ed Straus, DrSc., prof. JUDr. Jozef Madliak, CSc. Pachov\u00e1 stopa\u00a0 JUDr. Nikolaj Hrib [&hellip;]<\/p>\n","protected":false},"author":2,"featured_media":0,"parent":235,"menu_order":47,"comment_status":"closed","ping_status":"closed","template":"","meta":{"footnotes":""},"class_list":["post-1671","page","type-page","status-publish","hentry"],"_links":{"self":[{"href":"https:\/\/veda.polac.cz\/index.php?rest_route=\/wp\/v2\/pages\/1671","targetHints":{"allow":["GET"]}}],"collection":[{"href":"https:\/\/veda.polac.cz\/index.php?rest_route=\/wp\/v2\/pages"}],"about":[{"href":"https:\/\/veda.polac.cz\/index.php?rest_route=\/wp\/v2\/types\/page"}],"author":[{"embeddable":true,"href":"https:\/\/veda.polac.cz\/index.php?rest_route=\/wp\/v2\/users\/2"}],"replies":[{"embeddable":true,"href":"https:\/\/veda.polac.cz\/index.php?rest_route=%2Fwp%2Fv2%2Fcomments&post=1671"}],"version-history":[{"count":3,"href":"https:\/\/veda.polac.cz\/index.php?rest_route=\/wp\/v2\/pages\/1671\/revisions"}],"predecessor-version":[{"id":2573,"href":"https:\/\/veda.polac.cz\/index.php?rest_route=\/wp\/v2\/pages\/1671\/revisions\/2573"}],"up":[{"embeddable":true,"href":"https:\/\/veda.polac.cz\/index.php?rest_route=\/wp\/v2\/pages\/235"}],"wp:attachment":[{"href":"https:\/\/veda.polac.cz\/index.php?rest_route=%2Fwp%2Fv2%2Fmedia&parent=1671"}],"curies":[{"name":"wp","href":"https:\/\/api.w.org\/{rel}","templated":true}]}}