{"id":1668,"date":"2018-09-16T08:21:16","date_gmt":"2018-09-16T08:21:16","guid":{"rendered":"http:\/\/veda.polac.cz\/?page_id=1668"},"modified":"2019-04-18T09:27:32","modified_gmt":"2019-04-18T09:27:32","slug":"04-2006","status":"publish","type":"page","link":"https:\/\/veda.polac.cz\/?page_id=1668","title":{"rendered":"04\/2006"},"content":{"rendered":"<p><a href=\"https:\/\/veda.polac.cz\/?page_id=1819\"><strong>K probl\u00e9mu geneze a v\u00fdvoje politick\u00e9ho isl\u00e1mu: Modernizace, migrace, urbanizace, loajalita<\/strong><\/a><br \/>\nMgr. Leo\u0161 Tu\u010dek<\/p>\n<hr \/>\n<p><a href=\"https:\/\/veda.polac.cz\/?page_id=1834\"><strong>Identifikace a hodnocen\u00ed policejn\u011b-bezpe\u010dnostn\u00ed situace<\/strong><\/a><br \/>\ndoc. JUDr. \u0160tefan Hund\u00e1k, CSc.<\/p>\n<hr \/>\n<p><a href=\"https:\/\/veda.polac.cz\/?page_id=1836\"><strong>Uplatn\u011bn\u00ed EFQM modelu Excelence na Okresn\u00edm \u0159editelstv\u00ed Policie \u010cR<\/strong><\/a><br \/>\nnpor. Mgr. David Z\u00e1mek,\u00a0\u00a0por. Bc. Dagmar Vym\u011btalov\u00e1<\/p>\n<hr \/>\n<p><a href=\"https:\/\/veda.polac.cz\/?page_id=1838\"><strong>Elektronizace administrativy Policie \u010cR<\/strong><\/a><br \/>\nnpor. Mgr. Ivan Va\u0148ura<\/p>\n<hr \/>\n<p><a href=\"https:\/\/veda.polac.cz\/?page_id=1840\"><strong>Vyu\u017eitie operat\u00edvnych inform\u00e1ci\u00ed a\u00a0poznatkov o\u00a0sp\u00f4sobe p\u00e1chania a\u00a0utajovania kriminality s\u00a0prvkami extremizmu pri zabezpe\u010dovan\u00ed jej kontroly\u00a0<\/strong><\/a><br \/>\ndoc. Dezider Bango, CSc., doc. Ing. Miroslav Liso\u0148, PhD.<\/p>\n<hr \/>\n<p><a href=\"https:\/\/veda.polac.cz\/?page_id=1842\"><strong>Zvl\u00e1\u0161tnosti proveden\u00ed domovn\u00ed prohl\u00eddky a prohl\u00eddky jin\u00fdch prostor nebo pozemk\u016f u advok\u00e1ta<\/strong><\/a><br \/>\nJUDr. Petr Voleveck\u00fd<\/p>\n<hr \/>\n<p><a href=\"https:\/\/veda.polac.cz\/?page_id=1844\"><strong>Soukrom\u00e9 bezpe\u010dnostn\u00ed slu\u017eby u n\u00e1s a v\u00a0n\u011bkter\u00fdch dal\u0161\u00edch zem\u00edch<\/strong><\/a><br \/>\ndoc. JUDr. Eva Horzinkov\u00e1, CSc.<\/p>\n<hr \/>\n<p><a href=\"https:\/\/veda.polac.cz\/?page_id=1846\"><strong>Limitativn\u00ed faktory syst\u00e9mu priv\u00e1tn\u00edch bezpe\u010dnostn\u00edch slu\u017eeb<\/strong><\/a><br \/>\nPaedDr. Franti\u0161ek Nov\u00e1k<\/p>\n<hr \/>\n<p><a href=\"https:\/\/veda.polac.cz\/?page_id=1848\"><strong>Syst\u00e9m vzd\u011bl\u00e1v\u00e1n\u00ed \u010detn\u00edk\u016f v\u00a0obdob\u00ed 1. republiky<\/strong><\/a><br \/>\ndoc. JUDr. Pavel Macek, CSc.<\/p>\n<hr \/>\n<p><a href=\"https:\/\/veda.polac.cz\/?page_id=1850\"><strong>Sport a trestn\u00ed pr\u00e1vo<\/strong><\/a><br \/>\nJUDr. Franti\u0161ek Voleveck\u00fd, JUDr. Petr Voleveck\u00fd<\/p>\n<hr \/>\n<p><a href=\"https:\/\/veda.polac.cz\/?page_id=1852\"><strong>Zku\u0161enosti s\u00a0aplikac\u00ed n\u011bkter\u00fdch prvk\u016f distan\u010dn\u00edho vzd\u011bl\u00e1v\u00e1n\u00ed p\u0159i v\u00fduce p\u0159edm\u011btu Evropsk\u00e9ho pr\u00e1vo na Policejn\u00ed akademie \u010cR<\/strong><\/a><br \/>\ndoc. JUDr. Bohumil Pikna, CSc.<\/p>\n<hr \/>\n<p><a href=\"https:\/\/veda.polac.cz\/?page_id=1854\"><strong>N\u011bkter\u00e9 evalua\u010dn\u00ed poznatky z\u00a0v\u00fduky p\u0159edm\u011btu Evropsk\u00e9 pr\u00e1vo na PA \u010cR<\/strong><\/a><br \/>\ndoc. JUDr. Bohumil Pikna, CSc.<\/p>\n<hr \/>\n<p><a href=\"https:\/\/veda.polac.cz\/?page_id=1856\"><strong>Dal\u0161\u00ed symbolick\u00e9 formy podle \u00fastavn\u00edho pr\u00e1va\u00a0<\/strong><\/a><br \/>\ndoc. JUDr. Vladim\u00edr Zoubek, CSc.<\/p>\n<hr \/>\n<p><a href=\"https:\/\/veda.polac.cz\/?page_id=1858\"><strong>V\u00fdzkumy informa\u010dn\u00ed gramotnosti\u00a0<\/strong><\/a><br \/>\nMgr. Jitka B\u00edl\u00e1<\/p>\n<hr \/>\n<p><a href=\"https:\/\/veda.polac.cz\/?page_id=1860\"><strong>Bari\u00e9ry komunikace st\u0159edo\u0161kolsk\u00e9 ml\u00e1de\u017ee a\u00a0mo\u017enost sd\u00edlen\u00ed spole\u010dn\u00e9ho sv\u011bta<\/strong><\/a><br \/>\nPhDr. David Kr\u00e1msk\u00fd, Ph.D.<\/p>\n<hr \/>\n<p><strong>Informace o pr\u016fb\u011bhu mezin\u00e1rodn\u00ed konference \u201ePokroky v kriminalistice\u201c<\/strong><br \/>\nplk. prof. PhDr. Ji\u0159\u00ed Straus, DrSc.<\/p>\n<hr \/>\n<p><strong>Informace o mezin\u00e1rodn\u00ed konferenci ITTE 2006\u00a0<\/strong><br \/>\npplk. Ing. Milan Kn\u00fd, CSc.<\/p>\n<hr \/>\n<p><strong>Recenze publikace:<\/strong><br \/>\n<strong>\u201eR\u00e9torika a prezentace\u201c\u00a0<\/strong><br \/>\nplk. Mgr. Anton\u00edn Slab\u00fd<\/p>\n<hr \/>\n<p><a href=\"https:\/\/veda.polac.cz\/?page_id=235\">Zp\u011bt<\/a><\/p>\n","protected":false},"excerpt":{"rendered":"<p>K probl\u00e9mu geneze a v\u00fdvoje politick\u00e9ho isl\u00e1mu: Modernizace, migrace, urbanizace, loajalita Mgr. Leo\u0161 Tu\u010dek Identifikace a hodnocen\u00ed policejn\u011b-bezpe\u010dnostn\u00ed situace doc. JUDr. \u0160tefan Hund\u00e1k, CSc. Uplatn\u011bn\u00ed EFQM modelu Excelence na Okresn\u00edm \u0159editelstv\u00ed Policie \u010cR npor. Mgr. David Z\u00e1mek,\u00a0\u00a0por. Bc. Dagmar Vym\u011btalov\u00e1 Elektronizace administrativy Policie \u010cR npor. Mgr. Ivan Va\u0148ura Vyu\u017eitie operat\u00edvnych inform\u00e1ci\u00ed a\u00a0poznatkov o\u00a0sp\u00f4sobe p\u00e1chania a\u00a0utajovania [&hellip;]<\/p>\n","protected":false},"author":2,"featured_media":0,"parent":235,"menu_order":45,"comment_status":"closed","ping_status":"closed","template":"","meta":{"footnotes":""},"class_list":["post-1668","page","type-page","status-publish","hentry"],"_links":{"self":[{"href":"https:\/\/veda.polac.cz\/index.php?rest_route=\/wp\/v2\/pages\/1668","targetHints":{"allow":["GET"]}}],"collection":[{"href":"https:\/\/veda.polac.cz\/index.php?rest_route=\/wp\/v2\/pages"}],"about":[{"href":"https:\/\/veda.polac.cz\/index.php?rest_route=\/wp\/v2\/types\/page"}],"author":[{"embeddable":true,"href":"https:\/\/veda.polac.cz\/index.php?rest_route=\/wp\/v2\/users\/2"}],"replies":[{"embeddable":true,"href":"https:\/\/veda.polac.cz\/index.php?rest_route=%2Fwp%2Fv2%2Fcomments&post=1668"}],"version-history":[{"count":3,"href":"https:\/\/veda.polac.cz\/index.php?rest_route=\/wp\/v2\/pages\/1668\/revisions"}],"predecessor-version":[{"id":2575,"href":"https:\/\/veda.polac.cz\/index.php?rest_route=\/wp\/v2\/pages\/1668\/revisions\/2575"}],"up":[{"embeddable":true,"href":"https:\/\/veda.polac.cz\/index.php?rest_route=\/wp\/v2\/pages\/235"}],"wp:attachment":[{"href":"https:\/\/veda.polac.cz\/index.php?rest_route=%2Fwp%2Fv2%2Fmedia&parent=1668"}],"curies":[{"name":"wp","href":"https:\/\/api.w.org\/{rel}","templated":true}]}}