{"id":1666,"date":"2018-09-16T08:15:56","date_gmt":"2018-09-16T08:15:56","guid":{"rendered":"http:\/\/veda.polac.cz\/?page_id=1666"},"modified":"2019-04-18T09:28:28","modified_gmt":"2019-04-18T09:28:28","slug":"01-2007","status":"publish","type":"page","link":"https:\/\/veda.polac.cz\/?page_id=1666","title":{"rendered":"01\/2007"},"content":{"rendered":"<p><a href=\"https:\/\/veda.polac.cz\/?page_id=1880\"><strong>Verejnopr\u00e1vna\u00a0povaha slu\u017eobn\u00e9ho pomeru pr\u00edslu\u0161n\u00edkov PZ<\/strong><\/a><br \/>\ndoc. JUDr. Jozef Kuril, CSc.<\/p>\n<hr \/>\n<p><a href=\"https:\/\/veda.polac.cz\/?page_id=1882\"><strong>N\u00e1vrh scen\u00e1rov pre potreby dlhodob\u00e9ho pl\u00e1novania rozvoja sil<\/strong><\/a><br \/>\nplk. g\u0161t. SR\u00a0\u00a0Ing. Josef Pokorn\u00fd<\/p>\n<hr \/>\n<p><a href=\"https:\/\/veda.polac.cz\/?page_id=1884\"><strong>Zav\u00e1d\u011bn\u00ed projektu Community policing do praxe Policie \u010cesk\u00e9 republiky.<\/strong><\/a><br \/>\nplk. JUDr. Mgr. Jan Br\u00e1zda, Ph.D.<\/p>\n<hr \/>\n<p><a href=\"https:\/\/veda.polac.cz\/?page_id=1886\"><strong>Policejn\u011b bezpe\u010dnostn\u00ed \u010dinnost a jej\u00ed pr\u00e1vn\u00ed z\u00e1klady<\/strong><\/a><br \/>\ndoc. JUDr. Anton\u00edn Fil\u00e1k, CSc., Mgr. Zden\u011bk Chmela<\/p>\n<hr \/>\n<p><a href=\"https:\/\/veda.polac.cz\/?page_id=1888\"><strong>Taktika z\u00edsk\u00e1v\u00e1n\u00ed informac\u00ed z\u00a0p\u0159\u00edjmu ozn\u00e1men\u00ed aplikovan\u00e1 na opera\u010dn\u00ed st\u0159edisko Spr\u00e1vy hlavn\u00edho m\u011bsta Prahy<\/strong><\/a><br \/>\nMgr. Zden\u011bk Chmela, doc. JUDr. Anton\u00edn Fil\u00e1k, CSc.,<\/p>\n<hr \/>\n<p><a href=\"https:\/\/veda.polac.cz\/?page_id=1890\"><strong>Slu\u017eba po\u0159\u00e1dkov\u00e9 policie a projekt Community policing<\/strong><\/a><br \/>\nnpor. Mgr. David Z\u00e1mek<\/p>\n<hr \/>\n<p><a href=\"https:\/\/veda.polac.cz\/?page_id=1892\"><strong>Pozn\u00e1mky k\u00a0formulaci \u00falohy, probl\u00e9mu a situace v\u00a0policejn\u011b bezpe\u010dnostn\u00ed \u010dinnosti<\/strong><\/a><br \/>\ndoc. RNDr. Josef Po\u017e\u00e1r, CSc.<\/p>\n<hr \/>\n<p><a href=\"https:\/\/veda.polac.cz\/?page_id=1894\"><strong>Obecn\u00e9 a civiln\u011b spr\u00e1vn\u00ed informa\u010dn\u00ed syst\u00e9my vyu\u017e\u00edvan\u00e9 v\u00a0policejn\u011b bezpe\u010dnostn\u00ed \u010dinnosti<\/strong><\/a><br \/>\ndoc. RNDr. Josef Po\u017e\u00e1r, CSc., JUDr. \u0160t\u011bp\u00e1n Kalam\u00e1r<\/p>\n<hr \/>\n<p><a href=\"https:\/\/veda.polac.cz\/?page_id=1896\"><strong>Probl\u00e9my sou\u017eit\u00ed a sou\u010dinnosti bezpe\u010dnostn\u00edch slu\u017eeb<\/strong><\/a><br \/>\nPaedDr. Franti\u0161ek Nov\u00e1k<\/p>\n<hr \/>\n<p><a href=\"https:\/\/veda.polac.cz\/?page_id=1898\"><strong>Lisabonsk\u00e1 strategie<\/strong><\/a><br \/>\ndoc. JUDr. Bohumil Pikna, CSc.<\/p>\n<hr \/>\n<p><a href=\"https:\/\/veda.polac.cz\/?page_id=1900\"><strong>\u0158\u00edzen\u00ed lidsk\u00fdch zdroj\u016f v\u00a0podm\u00ednk\u00e1ch Policie \u010cesk\u00e9 republiky<\/strong><\/a><br \/>\npplk. Mgr. Anton\u00edn Slab\u00fd<\/p>\n<hr \/>\n<p><a href=\"https:\/\/veda.polac.cz\/?page_id=1902\"><strong>Psychick\u00e9 n\u00e1sledky st\u0159eln\u00fdch poran\u011bn\u00ed<\/strong><\/a><br \/>\ndoc. PhDr. Ludmila \u010c\u00edrtkov\u00e1, CSc.<\/p>\n<hr \/>\n<p><a href=\"https:\/\/veda.polac.cz\/?page_id=1904\"><strong>Absolventi Policejn\u00ed akademie \u010cR studuj\u00edc\u00ed prezen\u010dn\u00ed formou v\u00a0praxi\u00a0(akademick\u00fd rok 2001\/02)<\/strong><\/a><br \/>\ndoc. PhDr. Zden\u011bk Rozum, CSc.<\/p>\n<hr \/>\n<p><a href=\"https:\/\/veda.polac.cz\/?page_id=1906\"><strong>P\u0159\u00edprava pr\u016fzkumu a metody m\u011b\u0159en\u00ed informa\u010dn\u00ed gramotnosti student\u016f PA \u010cR<\/strong><\/a><br \/>\nMgr. Jitka B\u00edl\u00e1, Ph.D.<\/p>\n<hr \/>\n<p><a href=\"https:\/\/veda.polac.cz\/?page_id=1908\"><strong>Hodnocen\u00ed a z\u00e1v\u011bry pr\u016fzkumu informa\u010dn\u00ed gramotnosti student\u016f Policejn\u00ed akademie \u010cR<\/strong><\/a><br \/>\nMgr. Jitka B\u00edl\u00e1, Ph.D.<\/p>\n<hr \/>\n<p><strong>Recenze publikace \u201eVnit\u0159n\u00ed bezpe\u010dnost a ve\u0159ejn\u00fd po\u0159\u00e1dek v\u00a0evropsk\u00e9m pr\u00e1vu (oblast policejn\u00ed a\u00a0justi\u010dn\u00ed spolupr\u00e1ce)\u201c<\/strong><br \/>\nJUDr. V\u00e1clav Mastn\u00fd<\/p>\n<hr \/>\n<p><strong>Recenze knihy \u201e\u010cetnick\u00e9 trampoty\u201c\u00a0<\/strong><br \/>\nJUDr. Franti\u0161ek Vavera<\/p>\n<hr \/>\n<p><strong>Informace o pr\u016fb\u011bhu sedm\u00e9 mezin\u00e1rodn\u00ed konference MOMAN 07 \u2013 \u201eMODERN MANAGEMENT\u201c, Praha,\u00a0\u00a01.\u00a02. 2007<\/strong><br \/>\npplk. Mgr. Anton\u00edn Slab\u00fd<\/p>\n<hr \/>\n<p><a href=\"https:\/\/veda.polac.cz\/?page_id=235\">Zp\u011bt<\/a><\/p>\n","protected":false},"excerpt":{"rendered":"<p>Verejnopr\u00e1vna\u00a0povaha slu\u017eobn\u00e9ho pomeru pr\u00edslu\u0161n\u00edkov PZ doc. JUDr. Jozef Kuril, CSc. N\u00e1vrh scen\u00e1rov pre potreby dlhodob\u00e9ho pl\u00e1novania rozvoja sil plk. g\u0161t. SR\u00a0\u00a0Ing. Josef Pokorn\u00fd Zav\u00e1d\u011bn\u00ed projektu Community policing do praxe Policie \u010cesk\u00e9 republiky. plk. JUDr. Mgr. Jan Br\u00e1zda, Ph.D. Policejn\u011b bezpe\u010dnostn\u00ed \u010dinnost a jej\u00ed pr\u00e1vn\u00ed z\u00e1klady doc. JUDr. Anton\u00edn Fil\u00e1k, CSc., Mgr. Zden\u011bk Chmela Taktika z\u00edsk\u00e1v\u00e1n\u00ed [&hellip;]<\/p>\n","protected":false},"author":2,"featured_media":0,"parent":235,"menu_order":44,"comment_status":"closed","ping_status":"closed","template":"","meta":{"footnotes":""},"class_list":["post-1666","page","type-page","status-publish","hentry"],"_links":{"self":[{"href":"https:\/\/veda.polac.cz\/index.php?rest_route=\/wp\/v2\/pages\/1666","targetHints":{"allow":["GET"]}}],"collection":[{"href":"https:\/\/veda.polac.cz\/index.php?rest_route=\/wp\/v2\/pages"}],"about":[{"href":"https:\/\/veda.polac.cz\/index.php?rest_route=\/wp\/v2\/types\/page"}],"author":[{"embeddable":true,"href":"https:\/\/veda.polac.cz\/index.php?rest_route=\/wp\/v2\/users\/2"}],"replies":[{"embeddable":true,"href":"https:\/\/veda.polac.cz\/index.php?rest_route=%2Fwp%2Fv2%2Fcomments&post=1666"}],"version-history":[{"count":3,"href":"https:\/\/veda.polac.cz\/index.php?rest_route=\/wp\/v2\/pages\/1666\/revisions"}],"predecessor-version":[{"id":2577,"href":"https:\/\/veda.polac.cz\/index.php?rest_route=\/wp\/v2\/pages\/1666\/revisions\/2577"}],"up":[{"embeddable":true,"href":"https:\/\/veda.polac.cz\/index.php?rest_route=\/wp\/v2\/pages\/235"}],"wp:attachment":[{"href":"https:\/\/veda.polac.cz\/index.php?rest_route=%2Fwp%2Fv2%2Fmedia&parent=1666"}],"curies":[{"name":"wp","href":"https:\/\/api.w.org\/{rel}","templated":true}]}}