{"id":1654,"date":"2018-09-16T07:56:23","date_gmt":"2018-09-16T07:56:23","guid":{"rendered":"http:\/\/veda.polac.cz\/?page_id=1654"},"modified":"2019-04-18T10:30:04","modified_gmt":"2019-04-18T10:30:04","slug":"zvlastni-cislo-2008","status":"publish","type":"page","link":"https:\/\/veda.polac.cz\/?page_id=1654","title":{"rendered":"Zvl\u00e1\u0161tn\u00ed \u010d\u00edslo 2008"},"content":{"rendered":"<p><em><strong>1. d\u00edl<\/strong><\/em><br \/>\nP\u0159edmluva<\/p>\n<p><strong>Integrovan\u00fd v\u00fdzkumn\u00fd \u00fakol \u010d. 1<\/strong><br \/>\n<strong>Aktu\u00e1ln\u00ed probl\u00e9my rozvoje policejn\u00edch v\u011bd a transferu jejich pozn\u00e1n\u00ed do prax<\/strong>e<br \/>\nOdpov\u011bdn\u00fd \u0159e\u0161itel: prof. PhDr. Ji\u0159\u00ed Straus, DrSc.<\/p>\n<p><strong>P\u0159\u00edsp\u011bvek k\u00a0rozvoji informatiky v\u00a0oblasti kybernetick\u00e9 kriminality\u00a0<\/strong><br \/>\ndoc. RNDr. Josef Po\u017e\u00e1r, CSc.<\/p>\n<p><strong>N\u011bkter\u00e9 probl\u00e9my boje proti kybernetick\u00e9 kriminalit\u011b\u00a0<\/strong><br \/>\ndoc. RNDr. Josef Po\u017e\u00e1r, CSc., RNDr. V\u00e1clav Hn\u00edk, CSc.<\/p>\n<p><strong>Role informa\u010dn\u00edho managementu v\u00a0oboru bezpe\u010dnostn\u00ed managemen<\/strong><br \/>\nIng. Milan Kn\u00fd, CSc.<\/p>\n<p><strong>Dom\u00e1c\u00ed n\u00e1sil\u00ed: pozn\u00e1mky k\u00a0problematice n\u00e1siln\u00fdch osob\u00a0<\/strong><br \/>\ndoc. PhDr. Ludmila \u010c\u00edrtkov\u00e1, CSc.<\/p>\n<p><strong>K\u00a0problematice forenzn\u00ed psycholingvistiky\u00a0<\/strong><br \/>\nPhDr. Jitka Vesel\u00e1<\/p>\n<p><strong>Lidsk\u00e1 pr\u00e1va a bezpe\u010dnost\u00a0<\/strong><br \/>\ndoc. JUDr. Vladim\u00edr Zoubek, CSc.<\/p>\n<hr \/>\n<p><strong>Integrovan\u00fd v\u00fdzkumn\u00fd \u00fakol \u010d. 2<\/strong><br \/>\n<strong>Krizov\u00e9 \u0159\u00edzen\u00ed ve ve\u0159ejn\u00e9 a st\u00e1tn\u00ed spr\u00e1v\u011b a Policii \u010cR\u00a0<\/strong><br \/>\nOdpov\u011bdn\u00fd \u0159e\u0161itel: prof. Ing. Bed\u0159ich \u0160est\u00e1k, DrSc.<\/p>\n<p><strong>Bezpe\u010dnost, bezpe\u010d\u00ed, bezpe\u010dnostn\u00ed v\u011bda a teorie syst\u00e9m\u016f\u00a0<\/strong><br \/>\nprof. Ing. Bed\u0159ich \u0160est\u00e1k, DrSc., Dr. Bc. J\u00e1n \u0160ug\u00e1r, CSc., Mgr. Lenka Burdov\u00e1<\/p>\n<p><strong>V\u00fdsledky v\u00fdzkumu pracovn\u00ed spokojenosti p\u0159\u00edslu\u0161n\u00edk\u016f Hasi\u010dsk\u00e9ho z\u00e1chrann\u00e9ho sboru \u010cesk\u00e9 republiky\u00a0<\/strong><br \/>\nDr. Bc. J\u00e1n \u0160ug\u00e1r, CSc., Dr. Zden\u011bk Kova\u0159\u00edk, CSc., prof. Ing. Bed\u0159ich \u0160est\u00e1k, DrSc.<\/p>\n<p><strong>V\u00fdznam dokumentu \u201eSeznam opat\u0159en\u00ed pro n\u00e1rodn\u00ed syst\u00e9m reakce na krize\u201cpro p\u0159\u00edpravu ve\u0159ejn\u00e9 spr\u00e1vy na \u0159e\u0161en\u00ed a \u0159e\u0161en\u00ed krizov\u00fdch situac\u00ed v\u00a0\u010cesk\u00e9 republice\u00a0<\/strong><br \/>\nIng. J\u00e1n Hrivn\u00e1k, CSc., Ing. Lubom\u00edr Pol\u00edvk<\/p>\n<p><strong>V\u00a0jak\u00fdch situac\u00edch se ocitaj\u00ed zasahuj\u00edc\u00ed policist\u00e9?\u00a0<\/strong><br \/>\nJUDr. Mgr. Jo\u017ea Spurn\u00fd, Ph.D.<\/p>\n<hr \/>\n<p><em><strong>2. d\u00edl<\/strong><\/em><\/p>\n<p><strong>Integrovan\u00fd v\u00fdzkumn\u00fd \u00fakol \u010d. 3<\/strong><br \/>\n<strong>Rozvoj kriminalistick\u00fdch a kriminologick\u00fdch teori\u00ed pro pot\u0159eby policejn\u00edho vzd\u011bl\u00e1v\u00e1n\u00ed a policejn\u00ed praxe<\/strong><br \/>\nOdpov\u011bdn\u00fd \u0159e\u0161itel: prof. PhDr. Ji\u0159\u00ed Straus, DrSc.<\/p>\n<p><strong>P\u016fvod pachu a jeho vn\u00edm\u00e1n\u00ed \u010dichem\u00a0<\/strong><br \/>\nprof. PhDr. Ji\u0159\u00ed Straus, DrSc., JUDr. Martin Kloubek, Ph.D.<\/p>\n<p><strong>Tolerance dynamick\u00e9ho zat\u00ed\u017een\u00ed hlavy a mozku<\/strong><br \/>\nprof. PhDr. Ji\u0159\u00ed Straus, DrSc.<\/p>\n<p><strong>Mo\u017enosti zaji\u0161\u0165ov\u00e1n\u00ed daktyloskopick\u00fdch stop z\u00a0k\u016f\u017ee mrtvol\u00a0<\/strong><br \/>\nprof. PhDr. Ji\u0159\u00ed Straus, DrSc.<\/p>\n<hr \/>\n<p><strong>Integrovan\u00fd v\u00fdzkumn\u00fd \u00fakol \u010d. 4<\/strong><br \/>\n<strong>Optimalizace syst\u00e9mu vzd\u011bl\u00e1v\u00e1n\u00ed na Policejn\u00ed akademii \u010cR\u00a0<\/strong><br \/>\nOdpov\u011bdn\u00fd \u0159e\u0161itel: doc. PhDr. Zden\u011bk Rozum, CSc.<\/p>\n<p><strong>K\u00a0z\u00e1v\u011br\u016fm empirick\u00e9ho v\u00fdzkumu proveden\u00e9ho v\u00a0r\u00e1mci v\u00fdzkumn\u00e9ho \u00fakolu \u201ePedagogika pro policisty a pracovn\u00edky MV \u010cR a pracovn\u00edky v\u00a0bezpe\u010dnostn\u00edch slu\u017eb\u00e1ch\u201c\u00a0<\/strong><br \/>\nPhDr. Iva Borsk\u00e1, CSc.<\/p>\n<p><strong>Absolventi Policejn\u00ed akademie \u010cR, studuj\u00edc\u00ed prezen\u010dn\u00ed formou, v\u00a0praxi\u00a0<\/strong><br \/>\ndoc. PhDr. Zden\u011bk Rozum, CSc.<\/p>\n<p><strong>Psychick\u00e1 z\u00e1t\u011b\u017e policist\u016f P\u010cR Spr\u00e1vy Jihomoravsk\u00e9ho kraje &#8211; zdroje, zvl\u00e1d\u00e1n\u00ed a d\u016fsledky\u00a0<\/strong><br \/>\nMUDr. Ivana Borgov\u00e1, Ph.D., Mgr. Libu\u0161e \u010cerm\u00e1kov\u00e1, Dr. Zden\u011bk Kova\u0159\u00edk, CSc.<\/p>\n<p><strong>\u00davod do teorie a metodologie v\u00fdzkumu profesn\u00ed motivace pracovn\u00edk\u016f Policie \u010cR\u00a0<\/strong><br \/>\nDr. Zden\u011bk Kova\u0159\u00edk, CSc., Dr. Bc. J\u00e1n \u0160ug\u00e1r, CSc.<\/p>\n<p><strong>V\u00fdb\u011brov\u00fd soubor a pou\u017eit\u00e9 matematicko-statistick\u00e9 metody ve v\u00fdzkumu profesn\u00ed motivace pracovn\u00edk\u016f P\u010cR\u00a0<\/strong><br \/>\nDr. Zden\u011bk Kova\u0159\u00edk, CSc.<\/p>\n<p><strong>V\u00fdsledky v\u00fdzkumu pracovn\u00ed spokojenosti pracovn\u00edk\u016f Policie \u010cR\u00a0<\/strong><br \/>\nDr. Zden\u011bk Kova\u0159\u00edk, CSc., Dr. Bc. J\u00e1n \u0160ug\u00e1r, CSc., plk. JUDr. Jan Br\u00e1zda, Ph.D.<\/p>\n<p><strong>V\u00fdsledky v\u00fdzkumu vztahu policist\u016f a ob\u010dansk\u00fdch zam\u011bstnanc\u016f k\u00a0Policii \u010cR\u00a0<\/strong><br \/>\nDr. Zden\u011bk Kova\u0159\u00edk, CSc., Dr. Bc. J\u00e1n \u0160ug\u00e1r, CSc., plk. JUDr. Jan Br\u00e1zda, Ph.D.<\/p>\n<hr \/>\n<p><a href=\"https:\/\/veda.polac.cz\/?page_id=235\">Zp\u011bt<\/a><\/p>\n","protected":false},"excerpt":{"rendered":"<p>1. d\u00edl P\u0159edmluva Integrovan\u00fd v\u00fdzkumn\u00fd \u00fakol \u010d. 1 Aktu\u00e1ln\u00ed probl\u00e9my rozvoje policejn\u00edch v\u011bd a transferu jejich pozn\u00e1n\u00ed do praxe Odpov\u011bdn\u00fd \u0159e\u0161itel: prof. PhDr. Ji\u0159\u00ed Straus, DrSc. P\u0159\u00edsp\u011bvek k\u00a0rozvoji informatiky v\u00a0oblasti kybernetick\u00e9 kriminality\u00a0 doc. RNDr. Josef Po\u017e\u00e1r, CSc. N\u011bkter\u00e9 probl\u00e9my boje proti kybernetick\u00e9 kriminalit\u011b\u00a0 doc. RNDr. Josef Po\u017e\u00e1r, CSc., RNDr. V\u00e1clav Hn\u00edk, CSc. Role informa\u010dn\u00edho managementu [&hellip;]<\/p>\n","protected":false},"author":2,"featured_media":0,"parent":235,"menu_order":40,"comment_status":"closed","ping_status":"closed","template":"","meta":{"footnotes":""},"class_list":["post-1654","page","type-page","status-publish","hentry"],"_links":{"self":[{"href":"https:\/\/veda.polac.cz\/index.php?rest_route=\/wp\/v2\/pages\/1654","targetHints":{"allow":["GET"]}}],"collection":[{"href":"https:\/\/veda.polac.cz\/index.php?rest_route=\/wp\/v2\/pages"}],"about":[{"href":"https:\/\/veda.polac.cz\/index.php?rest_route=\/wp\/v2\/types\/page"}],"author":[{"embeddable":true,"href":"https:\/\/veda.polac.cz\/index.php?rest_route=\/wp\/v2\/users\/2"}],"replies":[{"embeddable":true,"href":"https:\/\/veda.polac.cz\/index.php?rest_route=%2Fwp%2Fv2%2Fcomments&post=1654"}],"version-history":[{"count":2,"href":"https:\/\/veda.polac.cz\/index.php?rest_route=\/wp\/v2\/pages\/1654\/revisions"}],"predecessor-version":[{"id":2585,"href":"https:\/\/veda.polac.cz\/index.php?rest_route=\/wp\/v2\/pages\/1654\/revisions\/2585"}],"up":[{"embeddable":true,"href":"https:\/\/veda.polac.cz\/index.php?rest_route=\/wp\/v2\/pages\/235"}],"wp:attachment":[{"href":"https:\/\/veda.polac.cz\/index.php?rest_route=%2Fwp%2Fv2%2Fmedia&parent=1654"}],"curies":[{"name":"wp","href":"https:\/\/api.w.org\/{rel}","templated":true}]}}