{"id":1651,"date":"2018-09-16T07:49:30","date_gmt":"2018-09-16T07:49:30","guid":{"rendered":"http:\/\/veda.polac.cz\/?page_id=1651"},"modified":"2019-04-20T13:26:57","modified_gmt":"2019-04-20T13:26:57","slug":"01-2008","status":"publish","type":"page","link":"https:\/\/veda.polac.cz\/?page_id=1651","title":{"rendered":"01\/2008"},"content":{"rendered":"<p><a href=\"https:\/\/veda.polac.cz\/?page_id=3234\"><strong>Pot\u0159ebnost securitologie jako bezpe\u010dnostn\u00ed v\u011bdy<\/strong><\/a><br \/>\nplk. Ing. Jarmil Val\u00e1\u0161ek, Ph.D.<\/p>\n<hr \/>\n<p><a href=\"https:\/\/veda.polac.cz\/?page_id=3236\"><strong>Vybran\u00e9 pracovnopr\u00e1vne a\u00a0verejnopr\u00e1vne aspekty \u0161t\u00e1tnozamestnaneck\u00e9ho pomeru v\u00a0podmienkach aktu\u00e1lneho spolo\u010densk\u00e9ho v\u00fdvoja v\u00a0SR<\/strong><\/a><br \/>\nJUDr. Michal Kuril<\/p>\n<hr \/>\n<p><a href=\"https:\/\/veda.polac.cz\/?page_id=3238\"><strong>Syst\u00e9mov\u00fd p\u0159\u00edstup k bezpe\u010dnostn\u00edmu managementu<\/strong><\/a><br \/>\nIng. Milan Kn\u00fd, CSc.<\/p>\n<hr \/>\n<p><a href=\"https:\/\/veda.polac.cz\/?page_id=3240\"><strong>Informace o partnerstv\u00ed mezi polici\u00ed a ve\u0159ejnost\u00ed ve Velk\u00e9 Brit\u00e1nii<\/strong><\/a><br \/>\nMgr. Jaroslava Nov\u00e1kov\u00e1, doc. RNDr. Dana Proch\u00e1zkov\u00e1, DrSc.<\/p>\n<hr \/>\n<p><a href=\"https:\/\/veda.polac.cz\/?page_id=3242\"><strong>Sou\u010dasn\u00e9 trendy person\u00e1ln\u00ed politiky p\u0159i z\u00edsk\u00e1v\u00e1n\u00ed\u00a0\u00a0mana\u017eer\u016f<\/strong><\/a><br \/>\nIng. Kl\u00e1ra Horzinkov\u00e1<\/p>\n<hr \/>\n<p><a href=\"https:\/\/veda.polac.cz\/?page_id=3244\"><strong>Arm\u00e1da a ve\u0159ejnost 2007<\/strong><\/a><br \/>\nMgr. Ing. Radom\u00edr Saliger, Ph.D., Mgr. Nata\u0161a Ballov\u00e1, Mgr. Ji\u0159\u00ed Hodn\u00fd<\/p>\n<hr \/>\n<p><a href=\"https:\/\/veda.polac.cz\/?page_id=3246\"><strong>Milice Rusk\u00e9 federace \u2013 d\u0159\u00edve a dnes<\/strong><\/a><br \/>\ndoc. JUDr. Anton\u00edn Fil\u00e1k, CSc.,\u00a0\u00a0Mgr. Zden\u011bk Chmela<\/p>\n<hr \/>\n<p><a href=\"https:\/\/veda.polac.cz\/?page_id=3248\"><strong>Pravomocn\u00e9 rozhodnut\u00ed o p\u0159estupku jako p\u0159ek\u00e1\u017eka trestn\u00edho st\u00edh\u00e1n\u00ed<\/strong><\/a><br \/>\nJUDr. Petr Voleveck\u00fd<\/p>\n<hr \/>\n<p><a href=\"https:\/\/veda.polac.cz\/?page_id=3250\"><strong>Bezpe\u010dnostn\u00ed dokumentace<\/strong><\/a><br \/>\ndoc. RNDr. Dana Proch\u00e1zkov\u00e1, DrSc.<\/p>\n<hr \/>\n<p><a href=\"https:\/\/veda.polac.cz\/?page_id=3252\"><strong>Rekognice (n\u011bkter\u00e9 aspekty jedn\u00e9 z\u00a0kriminalisticko-taktick\u00fdch metod v\u00a0kriminalistick\u00e9 praxi)<\/strong><\/a><br \/>\npplk. JUDr. Jaroslav M\u00fcller<\/p>\n<hr \/>\n<p><a href=\"https:\/\/veda.polac.cz\/?page_id=3254\"><strong>Bodnut\u00ed no\u017eem \u2013 ubl\u00ed\u017een\u00ed na zdrav\u00ed nebo nutn\u00e1 obrana?<\/strong><\/a><br \/>\nprof. PhDr. Ji\u0159\u00ed Straus, DrSc., pplk. JUDr. Zden\u011bk Sad\u00edlek<\/p>\n<hr \/>\n<p><a href=\"https:\/\/veda.polac.cz\/?page_id=3256\"><strong>Silni\u010dn\u00ed dopravn\u00ed nehoda a jej\u00ed vliv na sou\u010dasnou dopravu<\/strong><\/a><br \/>\nplk. JUDr. Mgr. Jan Br\u00e1zda Ph.D.<\/p>\n<hr \/>\n<p><a href=\"https:\/\/veda.polac.cz\/?page_id=3258\"><strong>Vy\u0161et\u0159ov\u00e1n\u00ed dopravn\u00edch nehod v sedmdes\u00e1t\u00fdch letech minul\u00e9ho stolet\u00ed<\/strong><\/a><br \/>\nplk. JUDr. Mgr. Jan Br\u00e1zda Ph.D.<\/p>\n<hr \/>\n<p><a href=\"https:\/\/veda.polac.cz\/?page_id=3260\"><strong>Motivace s\u00e9riov\u00fdch pachatel\u016f \u2013 and\u011bl\u016f smrti<\/strong><\/a><br \/>\nMgr. Tibor Bre\u010dka<\/p>\n<hr \/>\n<p><a href=\"https:\/\/veda.polac.cz\/?page_id=3262\"><strong>Co p\u0159inese nov\u00fd z\u00e1kon o Policii \u010cesk\u00e9 republiky?<\/strong><\/a><br \/>\npplk. JUDr. Jozef Band\u017eak<\/p>\n<hr \/>\n<p><a href=\"https:\/\/veda.polac.cz\/?page_id=3264\"><strong>Alkohol na\u00a0\u00a0hromadn\u00fdch akc\u00edch<\/strong><\/a><br \/>\npplk. Mgr. David Z\u00e1mek,\u00a0\u00a0pplk. Mgr. Marek Bla\u017eejovsk\u00fd<\/p>\n<hr \/>\n<p><a href=\"https:\/\/veda.polac.cz\/?page_id=3266\"><strong>Vnit\u0159n\u00ed a vn\u011bj\u0161\u00ed kontrola policie \u2013 \u010dtvrt\u00fd pil\u00ed\u0159 policejn\u00ed reformy<\/strong><\/a><br \/>\npplk. JUDr. Josef Hrudka, pplk. JUDr. Martin Bohman<\/p>\n<hr \/>\n<p><strong>Reakce na \u010dl\u00e1nek s\u00a0n\u00e1zvem \u201eOrienta\u010dn\u00ed dechov\u00e1 zkou\u0161ka a\u00a0mo\u017enost jej\u00edho vynucen\u00ed\u201c<\/strong><br \/>\nJUDr. Franti\u0161ek Vavera, Ph.D.<\/p>\n<hr \/>\n<p><strong>M\u016f\u017eeme si vz\u00e1jemn\u011b porozum\u011bt? (zamy\u0161len\u00ed nad knihou o multikulturalismu)<\/strong><br \/>\nPhDr. Petr Nesvadba, CSc.<\/p>\n<hr \/>\n<p><strong>Informace o Mezin\u00e1rodn\u00ed konferenci o kriminalit\u011b ml\u00e1de\u017ee na Univerzit\u011b Konstantina Filosofa v\u00a0Nit\u0159e (SR)<\/strong><\/p>\n<hr \/>\n<p><strong>Recenze u\u010debnice \u201eVy\u0161etrovanie vybran\u00fdch druhov trestn\u00fdch \u010dinov<\/strong><br \/>\nprof. PhDr. Ji\u0159\u00ed Straus, DrSc.<\/p>\n<hr \/>\n<p><strong>Recenze monografie \u201eStrategie podniku\u201c<\/strong><br \/>\nIng. Milan Kn\u00fd, CSc.<\/p>\n<hr \/>\n<p><strong>Recenze u\u010debnice \u201eManagement lidsk\u00fdch zdroj\u016f&#8220;<\/strong><br \/>\nplk. Mgr. Anton\u00edn Slab\u00fd<\/p>\n<hr \/>\n<p><strong>Recenze \u201eEfektivn\u00ed vzd\u011bl\u00e1v\u00e1n\u00ed zam\u011bstnanc\u016f&#8220;<\/strong><br \/>\nplk. Mgr. Anton\u00edn Slab\u00fd<\/p>\n<hr \/>\n<p><a href=\"https:\/\/veda.polac.cz\/?page_id=235\">Zp\u011bt<\/a><\/p>\n","protected":false},"excerpt":{"rendered":"<p>Pot\u0159ebnost securitologie jako bezpe\u010dnostn\u00ed v\u011bdy plk. Ing. Jarmil Val\u00e1\u0161ek, Ph.D. Vybran\u00e9 pracovnopr\u00e1vne a\u00a0verejnopr\u00e1vne aspekty \u0161t\u00e1tnozamestnaneck\u00e9ho pomeru v\u00a0podmienkach aktu\u00e1lneho spolo\u010densk\u00e9ho v\u00fdvoja v\u00a0SR JUDr. Michal Kuril Syst\u00e9mov\u00fd p\u0159\u00edstup k bezpe\u010dnostn\u00edmu managementu Ing. Milan Kn\u00fd, CSc. Informace o partnerstv\u00ed mezi polici\u00ed a ve\u0159ejnost\u00ed ve Velk\u00e9 Brit\u00e1nii Mgr. Jaroslava Nov\u00e1kov\u00e1, doc. RNDr. Dana Proch\u00e1zkov\u00e1, DrSc. Sou\u010dasn\u00e9 trendy person\u00e1ln\u00ed politiky [&hellip;]<\/p>\n","protected":false},"author":2,"featured_media":0,"parent":235,"menu_order":39,"comment_status":"closed","ping_status":"closed","template":"","meta":{"footnotes":""},"class_list":["post-1651","page","type-page","status-publish","hentry"],"_links":{"self":[{"href":"https:\/\/veda.polac.cz\/index.php?rest_route=\/wp\/v2\/pages\/1651","targetHints":{"allow":["GET"]}}],"collection":[{"href":"https:\/\/veda.polac.cz\/index.php?rest_route=\/wp\/v2\/pages"}],"about":[{"href":"https:\/\/veda.polac.cz\/index.php?rest_route=\/wp\/v2\/types\/page"}],"author":[{"embeddable":true,"href":"https:\/\/veda.polac.cz\/index.php?rest_route=\/wp\/v2\/users\/2"}],"replies":[{"embeddable":true,"href":"https:\/\/veda.polac.cz\/index.php?rest_route=%2Fwp%2Fv2%2Fcomments&post=1651"}],"version-history":[{"count":4,"href":"https:\/\/veda.polac.cz\/index.php?rest_route=\/wp\/v2\/pages\/1651\/revisions"}],"predecessor-version":[{"id":3272,"href":"https:\/\/veda.polac.cz\/index.php?rest_route=\/wp\/v2\/pages\/1651\/revisions\/3272"}],"up":[{"embeddable":true,"href":"https:\/\/veda.polac.cz\/index.php?rest_route=\/wp\/v2\/pages\/235"}],"wp:attachment":[{"href":"https:\/\/veda.polac.cz\/index.php?rest_route=%2Fwp%2Fv2%2Fmedia&parent=1651"}],"curies":[{"name":"wp","href":"https:\/\/api.w.org\/{rel}","templated":true}]}}