{"id":1645,"date":"2018-09-16T07:30:21","date_gmt":"2018-09-16T07:30:21","guid":{"rendered":"http:\/\/veda.polac.cz\/?page_id=1645"},"modified":"2019-04-20T06:43:54","modified_gmt":"2019-04-20T06:43:54","slug":"03-2008","status":"publish","type":"page","link":"https:\/\/veda.polac.cz\/?page_id=1645","title":{"rendered":"03\/2008"},"content":{"rendered":"<p><a href=\"https:\/\/veda.polac.cz\/?page_id=3125\"><strong>Estonsko \u2013 zem\u011b s\u00a0malou, ale efektivn\u00ed polici\u00ed<\/strong><\/a><br \/>\npplk. JUDr. Martin Bohman, pplk. JUDr. Josef Hrudka<\/p>\n<hr \/>\n<p><a href=\"https:\/\/veda.polac.cz\/?page_id=3134\"><strong>Hrozba n\u00e1sil\u00edm a jej\u00ed vyhodnocov\u00e1n\u00ed\u00a0<\/strong><\/a><br \/>\ndoc. PhDr. Ludmila \u010c\u00edrtkov\u00e1, CSc.<\/p>\n<hr \/>\n<p><a href=\"https:\/\/veda.polac.cz\/?page_id=3136\"><strong>Trestn\u011bpr\u00e1vn\u00ed aspekty dom\u00e1c\u00edho n\u00e1sil\u00ed<\/strong><\/a><br \/>\nJUDr. Milan \u0160ubrt, Ph.D., por. Mgr. Petra H\u00e1jkov\u00e1<\/p>\n<hr \/>\n<p><a href=\"https:\/\/veda.polac.cz\/?page_id=3138\"><strong>K\u00a0aplikaci institutu n\u00e1sil\u00ed v\u00a0pr\u00e1vu<\/strong><\/a><br \/>\nplk. JUDr. Milan Ku\u010dera, Ph.D., Mgr. Milan Ku\u010dera<\/p>\n<hr \/>\n<p><a href=\"https:\/\/veda.polac.cz\/?page_id=3140\"><strong>M\u016f\u017ee b\u00fdt odborn\u00fd posudek znaleck\u00e9 komise pou\u017eit jako d\u016fkaz v\u00a0trestn\u00edm \u0159\u00edzen\u00ed?<\/strong><\/a><br \/>\nJUDr. Nikolaj Hrib<\/p>\n<hr \/>\n<p><a href=\"https:\/\/veda.polac.cz\/?page_id=3142\"><strong>Blokov\u00e9 a p\u0159\u00edkazn\u00ed \u0159\u00edzen\u00ed<\/strong><\/a><br \/>\nJUDr. Jozef Band\u017eak, Mgr. Zden\u011bk Fiala<\/p>\n<hr \/>\n<p><a href=\"https:\/\/veda.polac.cz\/?page_id=3144\"><strong>Charakteristika cestnej dopravy v\u00a0Slovenskej republike a\u00a0strat\u00e9gia\u00a0jej rozvoja, II. \u010das\u0165 <\/strong><\/a><br \/>\npplk. JUDr. Miroslav Felcan, PhD.<\/p>\n<hr \/>\n<p><a href=\"https:\/\/veda.polac.cz\/?page_id=3148\"><strong>Aktu\u00e1lnos\u0165 a\u00a0celospolo\u010densk\u00fd v\u00fdznam bezpe\u010dnosti cestnej prem\u00e1vky<\/strong><\/a><br \/>\npplk. JUDr. Miroslav Felcan, PhD.<\/p>\n<hr \/>\n<p><a href=\"https:\/\/veda.polac.cz\/?page_id=3150\"><strong>Je \u201eMetropolitn\u00ed policie\u201c \u0159e\u0161en\u00edm pro Prahu?\u00a0<\/strong><\/a><br \/>\nplk. JUDr. Mgr. Jan Br\u00e1zda, Ph.D.<\/p>\n<hr \/>\n<p><a href=\"https:\/\/veda.polac.cz\/?page_id=3152\"><strong>Dopravn\u00ed nehoda, z\u00e1va\u017en\u00fd probl\u00e9m ve spole\u010dnosti<\/strong><\/a><br \/>\nJUDr. Radim Pila\u0159<\/p>\n<hr \/>\n<p><a href=\"https:\/\/veda.polac.cz\/?page_id=3154\"><strong>Hled\u00e1n\u00ed optim\u00e1ln\u00edch p\u0159\u00edstup\u016f k \u00fa\u010dinn\u00e9 prevenci dopravn\u00ed nehodovosti za\u010d\u00ednaj\u00edc\u00edch \u0159idi\u010d\u016f.\u00a0\u00a0doc.<\/strong><\/a><br \/>\nPhDr. Kamil Pavl\u00ed\u010dek, CSc., pplk. Mgr. David Z\u00e1mek<\/p>\n<hr \/>\n<p><a href=\"https:\/\/veda.polac.cz\/?page_id=3156\"><strong>Fenom\u00e9n dopravn\u00edch nehod silni\u010dn\u00ed n\u00e1kladn\u00ed dopravy\u00a0<\/strong><\/a><br \/>\ndoc. PhDr. Kamil Pavl\u00ed\u010dek, CSc.<\/p>\n<hr \/>\n<p><a href=\"https:\/\/veda.polac.cz\/?page_id=3158\"><strong>V\u00fdznam informa\u010dn\u00edho syst\u00e9mu pro slu\u017ebu po\u0159\u00e1dkov\u00e9 policie<\/strong><\/a><br \/>\nMgr. Zden\u011bk Chmela, Bc. Petr K\u016fstka<\/p>\n<hr \/>\n<p><a href=\"https:\/\/veda.polac.cz\/?page_id=3160\"><strong>Nezastupitelnost liniov\u00e9ho policejn\u00edho mana\u017eera v\u00a0person\u00e1ln\u00ed pr\u00e1ci<\/strong><\/a><br \/>\nMgr. Anton\u00edn Slab\u00fd<\/p>\n<hr \/>\n<p><a href=\"https:\/\/veda.polac.cz\/?page_id=3162\"><strong>M\u011bstsk\u00fd kamerov\u00fd dohl\u00ed\u017eec\u00ed syst\u00e9m &#8211; typov\u00fd projekt<\/strong><\/a><br \/>\nJUDr. Pavel Koc\u00e1bek, JUDr. Tom\u00e1\u0161 Kon\u00ed\u010dek<\/p>\n<hr \/>\n<p><a href=\"https:\/\/veda.polac.cz\/?page_id=3164\"><strong>Syst\u00e9m prevence kriminality v\u00a0\u010cesk\u00e9 republice slav\u00ed 15.\u00a0narozeniny<\/strong><\/a><br \/>\nJUDr. Pavel Koc\u00e1bek<\/p>\n<hr \/>\n<p><strong>Informace o mezin\u00e1rodn\u00ed konferenci \u201ePokroky v\u00a0kriminalistice\u201c 2008<\/strong><br \/>\ndoc. Ing. Jaroslav Such\u00e1nek, CSc.<\/p>\n<hr \/>\n<p><strong>Recenze monografie \u201eInforma\u010dn\u00ed management v\u00a0bezpe\u010dnostn\u00edch slo\u017ek\u00e1ch\u201c<\/strong><br \/>\nprof. PhDr. Ing. Bohuslav Mina\u0159\u00edk, CSc.<\/p>\n<hr \/>\n<p><strong>Recenze prvn\u00ed ekonomick\u00e9 publikace pro poslucha\u010de PA \u010cR<\/strong><br \/>\n\u201eObecn\u00e1 ekonomie\u201c\u00a0\u00a0Ing. Milan Kn\u00fd, CSc.<\/p>\n<hr \/>\n<p><strong>Recenze knihy \u201eUd\u011blali si sami\u201d<\/strong><br \/>\nprof. PhDr. Ji\u0159\u00ed Straus, DrSc.<\/p>\n<hr \/>\n<p><a href=\"https:\/\/veda.polac.cz\/?page_id=235\">Zp\u011bt<\/a><\/p>\n","protected":false},"excerpt":{"rendered":"<p>Estonsko \u2013 zem\u011b s\u00a0malou, ale efektivn\u00ed polici\u00ed pplk. JUDr. Martin Bohman, pplk. JUDr. Josef Hrudka Hrozba n\u00e1sil\u00edm a jej\u00ed vyhodnocov\u00e1n\u00ed\u00a0 doc. PhDr. Ludmila \u010c\u00edrtkov\u00e1, CSc. Trestn\u011bpr\u00e1vn\u00ed aspekty dom\u00e1c\u00edho n\u00e1sil\u00ed JUDr. Milan \u0160ubrt, Ph.D., por. Mgr. Petra H\u00e1jkov\u00e1 K\u00a0aplikaci institutu n\u00e1sil\u00ed v\u00a0pr\u00e1vu plk. JUDr. Milan Ku\u010dera, Ph.D., Mgr. Milan Ku\u010dera M\u016f\u017ee b\u00fdt odborn\u00fd posudek znaleck\u00e9 komise [&hellip;]<\/p>\n","protected":false},"author":2,"featured_media":0,"parent":235,"menu_order":37,"comment_status":"closed","ping_status":"closed","template":"","meta":{"footnotes":""},"class_list":["post-1645","page","type-page","status-publish","hentry"],"_links":{"self":[{"href":"https:\/\/veda.polac.cz\/index.php?rest_route=\/wp\/v2\/pages\/1645","targetHints":{"allow":["GET"]}}],"collection":[{"href":"https:\/\/veda.polac.cz\/index.php?rest_route=\/wp\/v2\/pages"}],"about":[{"href":"https:\/\/veda.polac.cz\/index.php?rest_route=\/wp\/v2\/types\/page"}],"author":[{"embeddable":true,"href":"https:\/\/veda.polac.cz\/index.php?rest_route=\/wp\/v2\/users\/2"}],"replies":[{"embeddable":true,"href":"https:\/\/veda.polac.cz\/index.php?rest_route=%2Fwp%2Fv2%2Fcomments&post=1645"}],"version-history":[{"count":8,"href":"https:\/\/veda.polac.cz\/index.php?rest_route=\/wp\/v2\/pages\/1645\/revisions"}],"predecessor-version":[{"id":3171,"href":"https:\/\/veda.polac.cz\/index.php?rest_route=\/wp\/v2\/pages\/1645\/revisions\/3171"}],"up":[{"embeddable":true,"href":"https:\/\/veda.polac.cz\/index.php?rest_route=\/wp\/v2\/pages\/235"}],"wp:attachment":[{"href":"https:\/\/veda.polac.cz\/index.php?rest_route=%2Fwp%2Fv2%2Fmedia&parent=1645"}],"curies":[{"name":"wp","href":"https:\/\/api.w.org\/{rel}","templated":true}]}}