{"id":1643,"date":"2018-09-16T07:24:20","date_gmt":"2018-09-16T07:24:20","guid":{"rendered":"http:\/\/veda.polac.cz\/?page_id=1643"},"modified":"2019-04-19T09:01:54","modified_gmt":"2019-04-19T09:01:54","slug":"04-2008","status":"publish","type":"page","link":"https:\/\/veda.polac.cz\/?page_id=1643","title":{"rendered":"04\/2008"},"content":{"rendered":"<p><a href=\"https:\/\/veda.polac.cz\/?page_id=3075\"><strong>Zji\u0161\u0165ov\u00e1n\u00ed a prevence trestn\u00fdch \u010din\u016f \u017eh\u00e1\u0159stv\u00ed\u00a0<\/strong><\/a><br \/>\nFrank D. Stolt, BA<\/p>\n<hr \/>\n<p><a href=\"https:\/\/veda.polac.cz\/?page_id=3077\"><strong>Nov\u00e9 poznatky o zkoum\u00e1n\u00ed rozptylov\u00fdch obrazc\u016f pov\u00fdst\u0159elov\u00fdch zplodin<\/strong><\/a><br \/>\nIng. Rudolf V\u00e1vra, Mgr. Tom\u00e1\u0161 Kmej\u010d<\/p>\n<hr \/>\n<p><a href=\"https:\/\/veda.polac.cz\/?page_id=3079\"><strong>Kriminalistika z\u00a0pohledu v\u00fdvoje (osobnosti, konstituov\u00e1n\u00ed, po\u010d\u00e1tky)<\/strong><\/a><br \/>\nJUDr. Franti\u0161ek Vavera, Ph.D.<\/p>\n<hr \/>\n<p><a href=\"https:\/\/veda.polac.cz\/?page_id=3081\"><strong>Geneze pojmu kriminalistick\u00e1 stopa od roku 1954 do sou\u010dasnosti v \u010cR<\/strong><\/a><br \/>\nplk. JUDr. Roman Svato\u0161, Ph.D.<\/p>\n<hr \/>\n<p><a href=\"https:\/\/veda.polac.cz\/?page_id=3083\"><strong>Stalking \u2013 aktu\u00e1ln\u00ed probl\u00e9m pro kriminalistiku<\/strong><\/a><br \/>\ndoc. PhDr. Ludmila \u010c\u00edrtkov\u00e1, CSc.<\/p>\n<hr \/>\n<p><a href=\"https:\/\/veda.polac.cz\/?page_id=3085\"><strong>Kriminalisticko-kriminologick\u00e1 specifika pachatel\u016f hospod\u00e1\u0159sk\u00e9 kriminality<\/strong><\/a><br \/>\ndoc. JUDr. Ivana Zoubkov\u00e1, CSc., pplk. Mgr. Jana Firstov\u00e1, pplk. JUDr. Zden\u011bk Sad\u00edlek<\/p>\n<hr \/>\n<p><a href=\"https:\/\/veda.polac.cz\/?page_id=3089\"><strong>K teoretick\u00fdm ot\u00e1zk\u00e1m problematiky rekogni\u010dn\u00ed formy kriminalistick\u00e9 identifikace\u00a0\u00a0<\/strong><\/a><br \/>\ndoc. JUDr. Zden\u011bk Konr\u00e1d, CSc., PhDr. Jitka Vesel\u00e1<\/p>\n<hr \/>\n<p><a href=\"https:\/\/veda.polac.cz\/?page_id=3091\"><strong>K pojmu po\u010d\u00edta\u010dov\u00e1 kriminalita<\/strong><\/a><br \/>\nJUDr. Petr Voleveck\u00fd<\/p>\n<hr \/>\n<p><a href=\"https:\/\/veda.polac.cz\/?page_id=3093\"><strong>Uplat\u0148ov\u00e1n\u00ed n\u011bkter\u00fdch kriminalistick\u00fdch a trestn\u011bpr\u00e1vn\u00edch princip\u016f p\u0159i vy\u0161et\u0159ov\u00e1n\u00ed dopravn\u00edch nehod na pozemn\u00edch komunikac\u00edch<\/strong><\/a><br \/>\nJUDr. Miroslav Polcar, Ph.D.<\/p>\n<hr \/>\n<p><a href=\"https:\/\/veda.polac.cz\/?page_id=3095\"><strong>Quo Vadis AKT\u00a0\u00a0(antikofliktn\u00ed t\u00fdmy)<\/strong><\/a><br \/>\npplk. JUDr. David Z\u00e1mek<\/p>\n<hr \/>\n<p><a href=\"https:\/\/veda.polac.cz\/?page_id=3097\"><strong>Syst\u00e9m hodnocen\u00ed u slu\u017eby po\u0159\u00e1dkov\u00e9 policie<\/strong><\/a><br \/>\nMgr. Zden\u011bk Chmela, doc. JUDr. Anton\u00edn Fil\u00e1k, CSc., npor. Franti\u0161ek Vr\u00e1tn\u00fd<\/p>\n<hr \/>\n<p><a href=\"https:\/\/veda.polac.cz\/?page_id=3099\"><strong>Dopady katastrof na specifick\u00e9 skupiny obyvatelstva z\u00a0pohledu Gestalt psychoterapie\u00a0\u00a0<\/strong><\/a><br \/>\nMgr. Tibor A. Bre\u010dka<\/p>\n<hr \/>\n<p><a href=\"https:\/\/veda.polac.cz\/?page_id=3101\"><strong>\u00davaha k\u00a0\u0159\u00edzen\u00ed lidsk\u00fdch zdroj\u016f<\/strong><\/a><br \/>\nJUDr. Nikolaj Hrib<\/p>\n<hr \/>\n<p><a href=\"https:\/\/veda.polac.cz\/?page_id=3103\"><strong>V\u00fdznam chemick\u00e9 expertizy p\u0159i identifikaci omamn\u00fdch a psychotropn\u00edch l\u00e1tek z pohledu trestn\u00edho pr\u00e1va\u00a0\u00a0<\/strong><\/a><br \/>\nJUDr. Ji\u0159\u00ed Hru\u0161ka<\/p>\n<hr \/>\n<p><a href=\"https:\/\/veda.polac.cz\/?page_id=3105\"><strong>Mo\u017enosti datov\u00e1n\u00ed v\u00a0kriminalistice pomoc\u00ed analytick\u00fdch metod<\/strong><\/a><br \/>\nJana Stracho\u0148ov\u00e1, Mgr. Bc. Martin F\u00fcrbach<\/p>\n<hr \/>\n<p><a href=\"https:\/\/veda.polac.cz\/?page_id=235\">Zp\u011bt<\/a><\/p>\n","protected":false},"excerpt":{"rendered":"<p>Zji\u0161\u0165ov\u00e1n\u00ed a prevence trestn\u00fdch \u010din\u016f \u017eh\u00e1\u0159stv\u00ed\u00a0 Frank D. Stolt, BA Nov\u00e9 poznatky o zkoum\u00e1n\u00ed rozptylov\u00fdch obrazc\u016f pov\u00fdst\u0159elov\u00fdch zplodin Ing. Rudolf V\u00e1vra, Mgr. Tom\u00e1\u0161 Kmej\u010d Kriminalistika z\u00a0pohledu v\u00fdvoje (osobnosti, konstituov\u00e1n\u00ed, po\u010d\u00e1tky) JUDr. Franti\u0161ek Vavera, Ph.D. Geneze pojmu kriminalistick\u00e1 stopa od roku 1954 do sou\u010dasnosti v \u010cR plk. JUDr. Roman Svato\u0161, Ph.D. Stalking \u2013 aktu\u00e1ln\u00ed probl\u00e9m pro [&hellip;]<\/p>\n","protected":false},"author":2,"featured_media":0,"parent":235,"menu_order":36,"comment_status":"closed","ping_status":"closed","template":"","meta":{"footnotes":""},"class_list":["post-1643","page","type-page","status-publish","hentry"],"_links":{"self":[{"href":"https:\/\/veda.polac.cz\/index.php?rest_route=\/wp\/v2\/pages\/1643","targetHints":{"allow":["GET"]}}],"collection":[{"href":"https:\/\/veda.polac.cz\/index.php?rest_route=\/wp\/v2\/pages"}],"about":[{"href":"https:\/\/veda.polac.cz\/index.php?rest_route=\/wp\/v2\/types\/page"}],"author":[{"embeddable":true,"href":"https:\/\/veda.polac.cz\/index.php?rest_route=\/wp\/v2\/users\/2"}],"replies":[{"embeddable":true,"href":"https:\/\/veda.polac.cz\/index.php?rest_route=%2Fwp%2Fv2%2Fcomments&post=1643"}],"version-history":[{"count":4,"href":"https:\/\/veda.polac.cz\/index.php?rest_route=\/wp\/v2\/pages\/1643\/revisions"}],"predecessor-version":[{"id":3108,"href":"https:\/\/veda.polac.cz\/index.php?rest_route=\/wp\/v2\/pages\/1643\/revisions\/3108"}],"up":[{"embeddable":true,"href":"https:\/\/veda.polac.cz\/index.php?rest_route=\/wp\/v2\/pages\/235"}],"wp:attachment":[{"href":"https:\/\/veda.polac.cz\/index.php?rest_route=%2Fwp%2Fv2%2Fmedia&parent=1643"}],"curies":[{"name":"wp","href":"https:\/\/api.w.org\/{rel}","templated":true}]}}