{"id":1636,"date":"2018-09-16T02:16:04","date_gmt":"2018-09-16T02:16:04","guid":{"rendered":"http:\/\/veda.polac.cz\/?page_id=1636"},"modified":"2019-04-19T06:47:35","modified_gmt":"2019-04-19T06:47:35","slug":"01-2009","status":"publish","type":"page","link":"https:\/\/veda.polac.cz\/?page_id=1636","title":{"rendered":"01\/2009"},"content":{"rendered":"<p><a href=\"https:\/\/veda.polac.cz\/?page_id=2881\"><strong>Zahrani\u010dn\u00ed inspirace souvisej\u00edc\u00ed s\u00a0t\u00e9matem v\u00fdm\u011bny informac\u00ed a spolupr\u00e1ce slo\u017eek zapojen\u00fdch do boje proti terorismu\u00a0<\/strong><\/a><br \/>\nMgr. Old\u0159ich Krul\u00edk, Ph.D.<\/p>\n<hr \/>\n<p><a href=\"https:\/\/veda.polac.cz\/?page_id=2883\"><strong>Vybran\u00e9 aspekty fenom\u00e9nu terorismu<\/strong><\/a><br \/>\nplk. doc. PhDr. Marian Brzybohat\u00fd, Ph.D.<\/p>\n<hr \/>\n<p><a href=\"https:\/\/veda.polac.cz\/?page_id=2885\"><strong>Komunika\u010dn\u00ed a medi\u00e1ln\u00ed strategie hnut\u00ed glob\u00e1ln\u00edho d\u017eih\u00e1du<\/strong><\/a><br \/>\nMgr. Ji\u0159\u00ed Hodn\u00fd<\/p>\n<hr \/>\n<p><a href=\"https:\/\/veda.polac.cz\/?page_id=2889\"><strong>Predmet dokazovania legaliz\u00e1cie pr\u00edjmov z\u00a0trestnej \u010dinnosti \u2013 s\u00fa\u010dasnos\u0165 a\u00a0smerovanie\u00a0doc. JUDr. Mgr. Jana Viktoryov\u00e1, PhD.,<\/strong><\/a><br \/>\nJUDr. J\u00e1n Palarec,\u00a0\u00a0JUDr. Jaroslav Blatnick\u00fd<\/p>\n<hr \/>\n<p><a href=\"https:\/\/veda.polac.cz\/?page_id=2891\"><strong>Popis v\u011bcn\u00fdch institut\u016f k\u00a0od\u010derp\u00e1v\u00e1n\u00ed v\u00fdnos\u016f z\u00a0trestn\u00e9 \u010dinnosti<\/strong><\/a><br \/>\n<strong>\u00a0&#8211; Litevsk\u00e1 republika I.<\/strong><br \/>\nJUDr. Jan Kur\u017eeja, pplk. JUDr. David Z\u00e1mek<\/p>\n<hr \/>\n<p><a href=\"https:\/\/veda.polac.cz\/?page_id=2893\"><strong>Vyu\u017eit\u00ed dynamick\u00e9ho z\u00e1znamu z kamerov\u00e9ho syst\u00e9mu p\u0159i identifikaci osob<\/strong><\/a><br \/>\nIng. Ji\u0159\u00ed Jon\u00e1k, Ph.D,\u00a0\u00a0prof. PhDr. Ji\u0159\u00ed Straus, DrSc.<\/p>\n<hr \/>\n<p><a href=\"https:\/\/veda.polac.cz\/?page_id=2899\"><strong>Mo\u017enosti vyu\u017eit\u00ed anal\u00fdzy z\u00e1znamu ch\u016fze pro identifikaci osob podle individu\u00e1ln\u00edch funk\u010dn\u00edch a\u00a0dynamick\u00fdch charakteristick\u00fdch znak\u016f<\/strong><\/a><br \/>\nprof. JUDr. Ing. Viktor Porada, DrSc., doc. RNDr. Miroslav Janura, CSc.,<br \/>\nMgr. Zden\u011bk Svoboda, Ph.D.<\/p>\n<hr \/>\n<p><a href=\"https:\/\/veda.polac.cz\/?page_id=2901\"><strong>Zvl\u00e1\u0161tnosti viktimizace v p\u0159\u00edpadech poh\u0159e\u0161ov\u00e1n\u00ed d\u00edt\u011bte<\/strong><\/a><br \/>\ndoc. PhDr. Ludmila \u010c\u00edrtkov\u00e1, CSc.<\/p>\n<hr \/>\n<p><a href=\"https:\/\/veda.polac.cz\/?page_id=2905\"><strong>Drogov\u00e1 kriminalita vietnamsk\u00e9ho organizovan\u00e9ho zlo\u010dinu v\u00a0\u010cesk\u00e9 republice<\/strong><\/a><br \/>\nBc. Tom\u00e1\u0161 Vl\u010dek<\/p>\n<hr \/>\n<p><a href=\"https:\/\/veda.polac.cz\/?page_id=2912\"><strong>N\u011bkolik pozn\u00e1mek k\u00a0\u00faloze Policie \u010cesk\u00e9 republiky p\u0159i hromadn\u00fdch\u00a0<\/strong><\/a><br \/>\n<strong>naru\u0161en\u00edch ve\u0159ejn\u00e9ho po\u0159\u00e1dku<\/strong><br \/>\ndoc. JUDr. Anton\u00edn Fil\u00e1k, CSc., Mgr. Zden\u011bk Chmela<\/p>\n<hr \/>\n<p><strong>Recenze publikace \u201eManagement znalostn\u00edch pracovn\u00edk\u016f\u201c<\/strong><br \/>\nprof. PhDr. Ing. Bohuslav Mina\u0159\u00edk, CSc.<\/p>\n<hr \/>\n<p><strong>V\u00fdzvy person\u00e1ln\u00edho managementu k\u00a0p\u0159edsednictv\u00ed \u010cR v\u00a0Rad\u011b EU<\/strong><br \/>\nIng. Milan Kn\u00fd, CSc.<\/p>\n<hr \/>\n<p><a href=\"https:\/\/veda.polac.cz\/?page_id=235\">Zp\u011bt<\/a><\/p>\n","protected":false},"excerpt":{"rendered":"<p>Zahrani\u010dn\u00ed inspirace souvisej\u00edc\u00ed s\u00a0t\u00e9matem v\u00fdm\u011bny informac\u00ed a spolupr\u00e1ce slo\u017eek zapojen\u00fdch do boje proti terorismu\u00a0 Mgr. Old\u0159ich Krul\u00edk, Ph.D. Vybran\u00e9 aspekty fenom\u00e9nu terorismu plk. doc. PhDr. Marian Brzybohat\u00fd, Ph.D. Komunika\u010dn\u00ed a medi\u00e1ln\u00ed strategie hnut\u00ed glob\u00e1ln\u00edho d\u017eih\u00e1du Mgr. Ji\u0159\u00ed Hodn\u00fd Predmet dokazovania legaliz\u00e1cie pr\u00edjmov z\u00a0trestnej \u010dinnosti \u2013 s\u00fa\u010dasnos\u0165 a\u00a0smerovanie\u00a0doc. JUDr. Mgr. Jana Viktoryov\u00e1, PhD., JUDr. J\u00e1n Palarec,\u00a0\u00a0JUDr. [&hellip;]<\/p>\n","protected":false},"author":2,"featured_media":0,"parent":235,"menu_order":33,"comment_status":"closed","ping_status":"closed","template":"","meta":{"footnotes":""},"class_list":["post-1636","page","type-page","status-publish","hentry"],"_links":{"self":[{"href":"https:\/\/veda.polac.cz\/index.php?rest_route=\/wp\/v2\/pages\/1636","targetHints":{"allow":["GET"]}}],"collection":[{"href":"https:\/\/veda.polac.cz\/index.php?rest_route=\/wp\/v2\/pages"}],"about":[{"href":"https:\/\/veda.polac.cz\/index.php?rest_route=\/wp\/v2\/types\/page"}],"author":[{"embeddable":true,"href":"https:\/\/veda.polac.cz\/index.php?rest_route=\/wp\/v2\/users\/2"}],"replies":[{"embeddable":true,"href":"https:\/\/veda.polac.cz\/index.php?rest_route=%2Fwp%2Fv2%2Fcomments&post=1636"}],"version-history":[{"count":8,"href":"https:\/\/veda.polac.cz\/index.php?rest_route=\/wp\/v2\/pages\/1636\/revisions"}],"predecessor-version":[{"id":2915,"href":"https:\/\/veda.polac.cz\/index.php?rest_route=\/wp\/v2\/pages\/1636\/revisions\/2915"}],"up":[{"embeddable":true,"href":"https:\/\/veda.polac.cz\/index.php?rest_route=\/wp\/v2\/pages\/235"}],"wp:attachment":[{"href":"https:\/\/veda.polac.cz\/index.php?rest_route=%2Fwp%2Fv2%2Fmedia&parent=1636"}],"curies":[{"name":"wp","href":"https:\/\/api.w.org\/{rel}","templated":true}]}}