{"id":1633,"date":"2018-09-16T02:13:04","date_gmt":"2018-09-16T02:13:04","guid":{"rendered":"http:\/\/veda.polac.cz\/?page_id=1633"},"modified":"2019-04-19T07:16:58","modified_gmt":"2019-04-19T07:16:58","slug":"02-2009","status":"publish","type":"page","link":"https:\/\/veda.polac.cz\/?page_id=1633","title":{"rendered":"02\/2009"},"content":{"rendered":"<p><a href=\"https:\/\/veda.polac.cz\/?page_id=2928\"><strong>Kriminalistika a forenzn\u00ed discipl\u00edny &#8211; aktu\u00e1ln\u00ed ot\u00e1zky<\/strong><\/a><br \/>\nprof. PhDr. Ji\u0159\u00ed Straus, DrSc.<\/p>\n<hr \/>\n<p><a href=\"https:\/\/veda.polac.cz\/?page_id=2930\"><strong>Kriminalita d\u011bt\u00ed a ml\u00e1de\u017ee &#8211; p\u0159\u00ed\u010diny a v\u00fdchodiska<\/strong><\/a><br \/>\ndoc. PhDr. Zden\u011bk Rozum, CSc.<\/p>\n<hr \/>\n<p><a href=\"https:\/\/veda.polac.cz\/?page_id=2933\"><strong>Hodnocen\u00ed efektivnosti ve\u0159ejn\u00fdch projekt\u016f s\u00a0ohledem\u00a0<\/strong><strong>na bezpe\u010dnostn\u00ed slo\u017eky<\/strong><\/a><br \/>\nMgr. Franti\u0161ek H\u0159eb\u00edk, doc. Ing. PhDr. Karel \u0160r\u00e9dl, CSc.<\/p>\n<hr \/>\n<p><a href=\"https:\/\/veda.polac.cz\/?page_id=2935\"><strong>Informa\u010dn\u00ed bezpe\u010dnost a pr\u00e1vo na svobodn\u00fd p\u0159\u00edstup k\u00a0informac\u00edm<br \/>\n<\/strong><\/a>JUDr. \u0160t\u011bp\u00e1n Kalam\u00e1r,\u00a0doc. RNDr. Josef Po\u017e\u00e1r, CSc.<\/p>\n<hr \/>\n<p><a href=\"https:\/\/veda.polac.cz\/?page_id=2937\"><strong>P\u0159edstavuje \u010dlov\u011bk hrozbu pro informa\u010dn\u00ed syst\u00e9m?<\/strong><\/a><br \/>\nIng. Jan Drtil<\/p>\n<hr \/>\n<p><a href=\"https:\/\/veda.polac.cz\/?page_id=2939\"><strong>Indoktrinace a rekrutace islamist\u016f v kyberprostoru<\/strong><\/a><br \/>\nJi\u0159\u00ed Hodn\u00fd, Ph.D.<\/p>\n<hr \/>\n<p><a href=\"https:\/\/veda.polac.cz\/?page_id=2945\"><strong>Od\u010derp\u00e1v\u00e1n\u00ed\u00a0v\u00fdnos\u016f z\u00a0trestn\u00e9 \u010dinnosti z\u00a0pohledu policejn\u00edho org\u00e1nu,\u00a0<\/strong><\/a><br \/>\n<strong>st\u00e1tn\u00edho z\u00e1stupce a soudce\u00a0<\/strong><br \/>\nDr. J\u00e1n \u0160ug\u00e1r, CSc.<\/p>\n<hr \/>\n<p><a href=\"https:\/\/veda.polac.cz\/?page_id=2947\"><strong>Biomechanick\u00e1 anal\u00fdza p\u0159\u00edm\u00e9ho \u00faderu &#8211; pilotn\u00ed studie<\/strong><\/a><br \/>\nprof. PhDr. Ji\u0159\u00ed Straus, DrSc., pplk. JUDr. Zden\u011bk Sad\u00edlek, Mgr.\u00a0Lucie Filipensk\u00e1<\/p>\n<hr \/>\n<p><a href=\"https:\/\/veda.polac.cz\/?page_id=2949\"><strong>Neobvykl\u00e9 chov\u00e1n\u00ed \u0159idi\u010de po kolizi s\u00a0chodcem<\/strong><\/a><br \/>\nIng. Ale\u0161 V\u00e9mola, Ph.D.<\/p>\n<hr \/>\n<p><a href=\"https:\/\/veda.polac.cz\/?page_id=2951\"><strong>Vliv uv\u011bzn\u011bn\u00ed na zm\u011bny motivace odsouzen\u00fdch &#8211; srovn\u00e1vac\u00ed studie<\/strong><\/a><br \/>\nPhDr. Slavomil Fischer, Ph.D., MUDr. Ilja \u017dukov, CSc., PhDr. Radek Pt\u00e1\u010dek, Ph.D.<\/p>\n<hr \/>\n<p><a href=\"https:\/\/veda.polac.cz\/?page_id=2953\"><strong>Stav a perspektivy politiky Loty\u0161ska v\u00a0oblasti trestn\u011b v\u00fdkonn\u00e9ho pr\u00e1va<\/strong><\/a><br \/>\n<strong>a v\u00fdkonu trest\u016f<\/strong><br \/>\ndoc. PhDr. Stanislav Ne\u010das, CSc.<\/p>\n<hr \/>\n<p><a href=\"https:\/\/veda.polac.cz\/?page_id=2955\"><strong>Sm\u00ed\u0161en\u00fd spr\u00e1vn\u00ed delikt a jeho pojmov\u00e9 vymezen\u00ed<\/strong><\/a><br \/>\ndoc. JUDr. Eva Horzinkov\u00e1, Ph.D.<\/p>\n<hr \/>\n<p><a href=\"https:\/\/veda.polac.cz\/?page_id=2957\"><strong>Pr\u00e1vn\u00ed jedn\u00e1n\u00ed z\u00e1konn\u00fdch z\u00e1stupc\u016f podnikatele (\u00favod do problematiky)<\/strong><\/a><br \/>\nJUDr. Eva Kle\u010dkov\u00e1<\/p>\n<hr \/>\n<p><a href=\"https:\/\/veda.polac.cz\/?page_id=2959\"><strong>N\u00e1jem bytu aneb jak se vyvarovat neplatnosti n\u00e1jemn\u00ed smlouvy?<\/strong><\/a><br \/>\nJUDr. Mgr. Jan Bajura<\/p>\n<hr \/>\n<p><strong>Recenzia vysoko\u0161kolskej u\u010debnice\u00a0\u201eKr\u00edzov\u00fd mana\u017ement vo verejnej spr\u00e1ve\u201c\u00a0<\/strong><br \/>\ndoc. Vladim\u00edr Bla\u017eek, CSc.<\/p>\n<hr \/>\n<p><strong>Recenze\u00a0publikace \u201eRekognice\u201c<\/strong><br \/>\nprof. PhDr. Ji\u0159\u00ed Straus, DrSc.<\/p>\n<hr \/>\n<p><strong>Informace o mezin\u00e1rodn\u00edm semin\u00e1\u0159i o migraci na Slovensku<\/strong><br \/>\ndoc. JUDr. Vladim\u00edr Zoubek, CSc.<\/p>\n<hr \/>\n<p><strong>Informace o mezin\u00e1rodn\u00ed konferenci \u201eMetamorf\u00f3zy pr\u00e1va ve st\u0159edn\u00ed Evrop\u011b\u201c<\/strong><br \/>\ndoc. JUDr. Vladim\u00edr Zoubek, CSc.<\/p>\n<hr \/>\n<p><a href=\"https:\/\/veda.polac.cz\/?page_id=235\">Zp\u011bt<\/a><\/p>\n","protected":false},"excerpt":{"rendered":"<p>Kriminalistika a forenzn\u00ed discipl\u00edny &#8211; aktu\u00e1ln\u00ed ot\u00e1zky prof. PhDr. Ji\u0159\u00ed Straus, DrSc. Kriminalita d\u011bt\u00ed a ml\u00e1de\u017ee &#8211; p\u0159\u00ed\u010diny a v\u00fdchodiska doc. PhDr. Zden\u011bk Rozum, CSc. Hodnocen\u00ed efektivnosti ve\u0159ejn\u00fdch projekt\u016f s\u00a0ohledem\u00a0na bezpe\u010dnostn\u00ed slo\u017eky Mgr. Franti\u0161ek H\u0159eb\u00edk, doc. Ing. PhDr. Karel \u0160r\u00e9dl, CSc. Informa\u010dn\u00ed bezpe\u010dnost a pr\u00e1vo na svobodn\u00fd p\u0159\u00edstup k\u00a0informac\u00edm JUDr. \u0160t\u011bp\u00e1n Kalam\u00e1r,\u00a0doc. RNDr. Josef Po\u017e\u00e1r, [&hellip;]<\/p>\n","protected":false},"author":2,"featured_media":0,"parent":235,"menu_order":32,"comment_status":"closed","ping_status":"closed","template":"","meta":{"footnotes":""},"class_list":["post-1633","page","type-page","status-publish","hentry"],"_links":{"self":[{"href":"https:\/\/veda.polac.cz\/index.php?rest_route=\/wp\/v2\/pages\/1633","targetHints":{"allow":["GET"]}}],"collection":[{"href":"https:\/\/veda.polac.cz\/index.php?rest_route=\/wp\/v2\/pages"}],"about":[{"href":"https:\/\/veda.polac.cz\/index.php?rest_route=\/wp\/v2\/types\/page"}],"author":[{"embeddable":true,"href":"https:\/\/veda.polac.cz\/index.php?rest_route=\/wp\/v2\/users\/2"}],"replies":[{"embeddable":true,"href":"https:\/\/veda.polac.cz\/index.php?rest_route=%2Fwp%2Fv2%2Fcomments&post=1633"}],"version-history":[{"count":7,"href":"https:\/\/veda.polac.cz\/index.php?rest_route=\/wp\/v2\/pages\/1633\/revisions"}],"predecessor-version":[{"id":2966,"href":"https:\/\/veda.polac.cz\/index.php?rest_route=\/wp\/v2\/pages\/1633\/revisions\/2966"}],"up":[{"embeddable":true,"href":"https:\/\/veda.polac.cz\/index.php?rest_route=\/wp\/v2\/pages\/235"}],"wp:attachment":[{"href":"https:\/\/veda.polac.cz\/index.php?rest_route=%2Fwp%2Fv2%2Fmedia&parent=1633"}],"curies":[{"name":"wp","href":"https:\/\/api.w.org\/{rel}","templated":true}]}}