{"id":1630,"date":"2018-09-16T02:09:12","date_gmt":"2018-09-16T02:09:12","guid":{"rendered":"http:\/\/veda.polac.cz\/?page_id=1630"},"modified":"2019-04-19T08:12:12","modified_gmt":"2019-04-19T08:12:12","slug":"03-2009","status":"publish","type":"page","link":"https:\/\/veda.polac.cz\/?page_id=1630","title":{"rendered":"03\/2009"},"content":{"rendered":"<p><a href=\"https:\/\/veda.polac.cz\/?page_id=2981\"><strong>\u010ce\u0161ky a \u010ce\u0161i v kyberprostoru \u010d\u00e1st I:<\/strong><\/a><br \/>\n<strong>Zestru\u010dn\u011bn\u00e1 zpr\u00e1va v\u00fdzkumn\u00e9ho t\u00fdmu sociologie a psychologie v r\u00e1mci projektu bezpe\u010dnostn\u00edho v\u00fdzkumu &#8222;Problematika kybernetick\u00fdch hrozeb z hlediska bezpe\u010dnostn\u00edch z\u00e1jm\u016f \u010cesk\u00e9 republiky&#8220;<\/strong><br \/>\nPetr Soukup a kolektiv<\/p>\n<hr \/>\n<p><strong>Pr\u00ed\u010diny a podmienky aktiv\u00edt krimin\u00e1lnych skup\u00edn v Slovenskej republike<\/strong><br \/>\nIng. Pavol August\u00edn, CSc.<\/p>\n<hr \/>\n<p><a href=\"https:\/\/veda.polac.cz\/?page_id=2983\"><strong>Odha\u013eovanie trestn\u00fdch \u010dinov kriminality p\u00e1chanej v ekonomike<\/strong><\/a><br \/>\nIng. Pavol August\u00edn, CSc., doc. Ing. Miroslav Liso\u0148, PhD.<\/p>\n<hr \/>\n<p><a href=\"https:\/\/veda.polac.cz\/?page_id=2987\"><strong>Nieko\u013eko \u00favah k odha\u013eovaniu trestn\u00fdch \u010dinov korupcie<\/strong><\/a><br \/>\ndoc. Ing. Miroslav Liso\u0148, PhD.<\/p>\n<hr \/>\n<p><a href=\"https:\/\/veda.polac.cz\/?page_id=2989\"><strong>Nieko\u013eko pozn\u00e1mok k dokazovaniu v trestnom konan\u00ed &#8211; I. \u010das\u0165<\/strong><\/a><br \/>\ndoc. JUDr. Mgr. Jana Viktoryov\u00e1, PhD., Mgr. Lubo\u0161 Turek<\/p>\n<hr \/>\n<p><a href=\"https:\/\/veda.polac.cz\/?page_id=2994\"><strong>K niektor\u00fdm pr\u00e1vnym in\u0161tit\u00fatom pracovn\u00e9ho pomeru z h\u013eadiska Holandskej legislat\u00edvy<\/strong><\/a><br \/>\nJUDr. Michal Kuril, PhD.<\/p>\n<hr \/>\n<p><a href=\"https:\/\/veda.polac.cz\/?page_id=2996\"><strong>Zaji\u0161\u0165ov\u00e1n\u00ed v\u00fdnos\u016f z trestn\u00e9 \u010dinnosti z pohledu policejn\u00edho org\u00e1nu, st\u00e1tn\u00edho z\u00e1stupce a soudce<\/strong><\/a><br \/>\nDr. J\u00e1n \u0160ug\u00e1r, CSc.<\/p>\n<hr \/>\n<p><a href=\"https:\/\/veda.polac.cz\/?page_id=3003\"><strong>Sebevra\u017eedn\u00e9 \u00fatoky: historie, sou\u010dasnost a budouc\u00ed v\u00fdvoj<\/strong><\/a><br \/>\npplk. Ing. Bc. Lud\u011bk Mich\u00e1lek<\/p>\n<hr \/>\n<p><a href=\"https:\/\/veda.polac.cz\/?page_id=3006\"><strong>Aplikace teoretick\u00e9ho modelu zaji\u0161t\u011bn\u00ed bezpe\u010dnosti organizace v programech prevence kriminality<\/strong><\/a><br \/>\nMgr. Zden\u011bk \u0160t\u011bp\u00e1nek<\/p>\n<hr \/>\n<p><a href=\"https:\/\/veda.polac.cz\/?page_id=3008\"><strong>V\u00fdvoj policejn\u00ed hustoty ve vybran\u00fdch st\u00e1tech Evropy mezi lety 1993 &#8211; 2008<\/strong><\/a><br \/>\npplk. JUDr. Martin Bohman<\/p>\n<hr \/>\n<p><a href=\"https:\/\/veda.polac.cz\/?page_id=3010\"><strong>Slu\u017eebn\u00ed hodnocen\u00ed p\u0159\u00edslu\u0161n\u00edk\u016f Policie \u010cesk\u00e9 republiky, \u00fa\u010dinn\u00fd n\u00e1stroj kari\u00e9rn\u00edho r\u016fstu ka\u017ed\u00e9ho policisty<\/strong><\/a><br \/>\nPhDr. Petr Jedin\u00e1k, Ph.D.<\/p>\n<hr \/>\n<p><a href=\"https:\/\/veda.polac.cz\/?page_id=3014\"><strong>Reforma policejn\u00edch \u00fatvar\u016f s \u00fazemn\u011b vymezenou p\u016fsobnost\u00ed<\/strong><\/a><br \/>\nMgr. Zden\u011bk Chmela, JUDr. Jan Daleck\u00fd<\/p>\n<hr \/>\n<p><a href=\"https:\/\/veda.polac.cz\/?page_id=3016\"><strong>Integrace opera\u010dn\u00edch st\u0159edisek v Policii \u010cesk\u00e9 republiky<\/strong><\/a><br \/>\nMgr. Zden\u011bk Chmela<\/p>\n<hr \/>\n<p><strong>Informace o kon\u00e1n\u00ed mezin\u00e1rodn\u00ed konference doktorand\u016f &#8222;Junior Forensic Science Brno\u00b409&#8220;\u00a0<\/strong><br \/>\nprof. PhDr. Ji\u0159\u00ed Straus, DrSc.<\/p>\n<hr \/>\n<p><strong>Recenze publikace Management. Z\u00e1klady, modern\u00ed mana\u017eersk\u00e9 p\u0159\u00edstupy, v\u00fdkonnost a prosperita<\/strong><br \/>\nprof. PhDr. Ing. Bohuslav Mina\u0159\u00edk, CSc.<\/p>\n<hr \/>\n<p><a href=\"https:\/\/veda.polac.cz\/?page_id=235\">Zp\u011bt<\/a><\/p>\n","protected":false},"excerpt":{"rendered":"<p>\u010ce\u0161ky a \u010ce\u0161i v kyberprostoru \u010d\u00e1st I: Zestru\u010dn\u011bn\u00e1 zpr\u00e1va v\u00fdzkumn\u00e9ho t\u00fdmu sociologie a psychologie v r\u00e1mci projektu bezpe\u010dnostn\u00edho v\u00fdzkumu &#8222;Problematika kybernetick\u00fdch hrozeb z hlediska bezpe\u010dnostn\u00edch z\u00e1jm\u016f \u010cesk\u00e9 republiky&#8220; Petr Soukup a kolektiv Pr\u00ed\u010diny a podmienky aktiv\u00edt krimin\u00e1lnych skup\u00edn v Slovenskej republike Ing. Pavol August\u00edn, CSc. Odha\u013eovanie trestn\u00fdch \u010dinov kriminality p\u00e1chanej v ekonomike Ing. Pavol August\u00edn, [&hellip;]<\/p>\n","protected":false},"author":2,"featured_media":0,"parent":235,"menu_order":31,"comment_status":"closed","ping_status":"closed","template":"","meta":{"footnotes":""},"class_list":["post-1630","page","type-page","status-publish","hentry"],"_links":{"self":[{"href":"https:\/\/veda.polac.cz\/index.php?rest_route=\/wp\/v2\/pages\/1630","targetHints":{"allow":["GET"]}}],"collection":[{"href":"https:\/\/veda.polac.cz\/index.php?rest_route=\/wp\/v2\/pages"}],"about":[{"href":"https:\/\/veda.polac.cz\/index.php?rest_route=\/wp\/v2\/types\/page"}],"author":[{"embeddable":true,"href":"https:\/\/veda.polac.cz\/index.php?rest_route=\/wp\/v2\/users\/2"}],"replies":[{"embeddable":true,"href":"https:\/\/veda.polac.cz\/index.php?rest_route=%2Fwp%2Fv2%2Fcomments&post=1630"}],"version-history":[{"count":7,"href":"https:\/\/veda.polac.cz\/index.php?rest_route=\/wp\/v2\/pages\/1630\/revisions"}],"predecessor-version":[{"id":3019,"href":"https:\/\/veda.polac.cz\/index.php?rest_route=\/wp\/v2\/pages\/1630\/revisions\/3019"}],"up":[{"embeddable":true,"href":"https:\/\/veda.polac.cz\/index.php?rest_route=\/wp\/v2\/pages\/235"}],"wp:attachment":[{"href":"https:\/\/veda.polac.cz\/index.php?rest_route=%2Fwp%2Fv2%2Fmedia&parent=1630"}],"curies":[{"name":"wp","href":"https:\/\/api.w.org\/{rel}","templated":true}]}}