{"id":1621,"date":"2018-09-16T01:58:44","date_gmt":"2018-09-16T01:58:44","guid":{"rendered":"http:\/\/veda.polac.cz\/?page_id=1621"},"modified":"2018-11-02T20:47:45","modified_gmt":"2018-11-02T20:47:45","slug":"1621-2","status":"publish","type":"page","link":"https:\/\/veda.polac.cz\/?page_id=1621","title":{"rendered":""},"content":{"rendered":"<p style=\"text-align: center;\">Resum\u00e9 zvl\u00e1\u0161tn\u00edho \u010d\u00edsla 2010<\/p>\n<p align=\"justify\"><b>Ing. Milan Kn\u00fd, CSc., doc. RNDr. Josef Po\u017e\u00e1r, CSc.<br \/>\nKonceptu\u00e1ln\u00ed modelov\u00e1n\u00ed bezpe\u010dnostn\u00edho managementu a informa\u010dn\u00ed bezpe\u010dnosti \u00a8<br \/>\n<\/b><\/p>\n<p>Tento p\u0159\u00edsp\u011bvek je zkr\u00e1cen\u00fdm v\u00fdstupem v\u011bdeck\u00e9ho \u00fakolu 1\/2 V\u00fdvoj bezpe\u010d-nostn\u00edho managementu a informatiky. Postihuje z\u00e1kladn\u00ed aspekty v\u00fdzkumu z oblasti syst\u00e9mov\u00e9ho p\u0159\u00edstupu v bezpe\u010dnostn\u00edm managementu a modelov\u00e1n\u00ed procesu v\u00fdstavby a \u0159\u00edzen\u00ed informa\u010dn\u00ed bezpe\u010dnosti organizace.<br \/>\n<strong>Kl\u00ed\u010dov\u00e1 slova:<\/strong>\u00a0Informace, modelov\u00e1n\u00ed, syst\u00e9m, bezpe\u010dnostn\u00ed management, informa\u010dn\u00ed bezpe\u010dnost.<i><\/i><\/p>\n<hr \/>\n<p align=\"justify\"><b>Ing. Milan Kn\u00fd, CSc., doc. RNDr. Josef Po\u017e\u00e1r, CSc.<br \/>\nKonceptu\u00e1ln\u00ed modelov\u00e1n\u00ed bezpe\u010dnostn\u00edho managementu<br \/>\na informa\u010dn\u00ed bezpe\u010dnosti<br \/>\n<\/b><\/p>\n<p>P\u0159\u00edsp\u011bvek se zab\u00fdv\u00e1 r\u016fzn\u00fdmi pojet\u00edmi bezpe\u010dnosti, jejich diferenciac\u00ed, probl\u00e9my se zaji\u0161t\u011bn\u00edm bezpe\u010dnosti syst\u00e9m\u016f. Stochastick\u00fd charakter prost\u0159ed\u00ed zv\u00fd\u0161en\u00fdch bezpe\u010dnostn\u00edch rizik je transformov\u00e1n bezpe\u010dnostn\u00edmi institucemi na relativn\u011b deterministick\u00fd z\u00e1m\u011brn\u00fd proces p\u016fsoben\u00ed k bezpe\u010dnosti. V\u011bda a v\u00fdzkum maj\u00ed p\u0159ed sebou v t\u00e9to souvislosti je\u0161t\u011b mnoho pr\u00e1ce.<br \/>\n<strong>Kl\u00ed\u010dov\u00e1 slova:\u00a0<\/strong>Bezpe\u010dnost, bezpe\u010dnostn\u00ed rizika, bezpe\u010dnostn\u00ed management, v\u00fdzkum<\/p>\n<hr \/>\n<p align=\"justify\"><b>doc. RNDr. Josef Po\u017e\u00e1r, CSc.<br \/>\nInforma\u010dn\u00ed bezpe\u010dnost jako v\u00fdznamn\u00fd prvek mana\u017eersk\u00e9 informatiky<br \/>\n<\/b><\/p>\n<p>P\u0159\u00edsp\u011bvek se zab\u00fdv\u00e1 ze syst\u00e9mov\u00e9ho hlediska vztahem managementu, mana\u017eersk\u00e9 informatiky a informa\u010dn\u00ed bezpe\u010dnosti. Je souhrnem vybran\u00fdch publikac\u00ed, kter\u00e9 se vztahuj\u00ed k \u0159e\u0161en\u00e9mu institucion\u00e1ln\u00edmu v\u011bdeck\u00e9mu \u00fakolu v obdob\u00ed 2005 &#8211; 2010. Obsahuje definice informa\u010dn\u00ed bezpe\u010dnosti a kybernetick\u00e9 kriminality. V z\u00e1v\u011bru poukazuje na mo\u017enosti vyu\u017eit\u00ed v managementu ve\u0159ejn\u00e9 spr\u00e1vy.<br \/>\n<strong>Kl\u00ed\u010dov\u00e1 slova:<\/strong>\u00a0management, syst\u00e9mov\u00e9 hledisko, mana\u017eersk\u00e1 informatika, infor-ma\u010dn\u00ed bezpe\u010dnost, ve\u0159ejn\u00e1 spr\u00e1va.\u00a0<i><\/i><\/p>\n<hr \/>\n<p align=\"justify\"><b>doc. PhDr. Ludmila \u010c\u00edrtkov\u00e1, CSc.<br \/>\nZku\u0161enosti s vy\u0161et\u0159ov\u00e1n\u00edm trestn\u00e9ho \u010dinu nebezpe\u010dn\u00e9ho pron\u00e1sledov\u00e1n\u00ed<br \/>\n<\/b><\/p>\n<p>V p\u0159\u00edsp\u011bvku autorka shrnuje zku\u0161enosti s vy\u0161et\u0159ov\u00e1n\u00edm p\u0159\u00edpad\u016f nebezpe\u010dn\u00e9ho pron\u00e1sledov\u00e1n\u00ed z pohledu soudn\u00edho znalce a konzultanta se specializac\u00ed forenzn\u00ed psychologie. Upozor\u0148uje postupn\u011b na vybran\u00e9 probl\u00e9my: prvn\u00ed kontakt s ob\u011bt\u00ed, vyhodnocen\u00ed p\u0159\u00edpadu, zaveden\u00ed policejn\u00edch specialist\u016f na stalking.<br \/>\n<strong>Kl\u00ed\u010dov\u00e1 slova:<\/strong>\u00a0stalking, ob\u011b\u0165, policie, nebezpe\u010dn\u00e9 pron\u00e1sledov\u00e1n\u00ed, vy\u0161ett\u0159ov\u00e1n\u00ed.<\/p>\n<hr \/>\n<p align=\"justify\"><b>doc. PhDr. Ludmila \u010c\u00edrtkov\u00e1, CSc.<br \/>\nForenzn\u00ed psycholingvistika &#8211; aktu\u00e1ln\u00ed trendy<br \/>\n<\/b><\/p>\n<p>V \u010dl\u00e1nku se autorka sna\u017e\u00ed zainteresovan\u00fdm \u010dten\u00e1\u0159\u016fm nab\u00eddnout vhled do t\u0159\u00ed z\u00e1kladn\u00edch oblast\u00ed: profilov\u00e1n\u00ed na z\u00e1klad\u011b \u0159e\u010dov\u00e9ho chov\u00e1n\u00ed nezn\u00e1m\u00e9ho pachatele, vyhodnocov\u00e1n\u00ed \u0159e\u010dov\u00fdch hrozeb a psycholingvistick\u00e9ho vyhodnocov\u00e1n\u00ed v\u00fdpov\u011bd\u00ed. \u010cl\u00e1nek referuje p\u0159edev\u0161\u00edm o p\u0159\u00edstupech rozv\u00edjen\u00fdch v zahrani\u010d\u00ed.<br \/>\n<strong>Kl\u00ed\u010dov\u00e1 slova:<\/strong>\u00a0psycholingvistika, forenzn\u00ed psychologie, profilov\u00e1n\u00ed pachatele<i><\/i><\/p>\n<hr \/>\n<p align=\"justify\"><b>PhDr. Petr Nesvadba, CSc<br \/>\nPolicejn\u00ed etika jako badatelsk\u00e9 t\u00e9ma<br \/>\n<\/b><\/p>\n<p>\u010cl\u00e1nek se zam\u00fd\u0161l\u00ed nad v\u00fdsledky, jich\u017e bylo dosa\u017eeno na poli etick\u00e9ho v\u00fdzkumu v r\u00e1mci v\u011bdeck\u00e9ho \u00fakolu &#8222;Teorie policejn\u00ed psychologie a policejn\u00ed etika&#8220;. Vych\u00e1z\u00ed z definovan\u00fdch c\u00edl\u016f, kter\u00e9 sm\u011b\u0159ovaly: a) k vymezen\u00ed policejn\u00ed etiky jako sv\u00e9bytn\u00e9 discipl\u00edny aplikovan\u00e9 etiky, b) k nalezen\u00ed jej\u00edho m\u00edsta ve struktu\u0159e policejn\u00edho vzd\u011bl\u00e1v\u00e1n\u00ed a c) k identifikaci kl\u00ed\u010dov\u00fdch etick\u00fdch aspekt\u016f policejn\u00ed pr\u00e1ce. Autor v podob\u011b tez\u00ed objas\u0148uje v\u00fdchodiska, na nich\u017e bylo zalo\u017eeno badatelsk\u00e9 \u00fasil\u00ed ve v\u0161ech t\u0159ech uveden\u00fdch rovin\u00e1ch, a formuluje nejd\u016fle\u017eit\u011bj\u0161\u00ed v\u00fdstupy.<br \/>\n<strong>Kl\u00ed\u010dov\u00e1 slova:<\/strong>\u00a0etika, policejn\u00ed etika, odpov\u011bdnost, profesionalita, slu\u017eba.<br \/>\n<i><\/i><\/p>\n<hr \/>\n<p align=\"justify\"><b>doc. JUDr. Vladim\u00edr Zoubek, CSc.<br \/>\nPostmodern\u00ed ot\u00e1zky lidsk\u00fdch pr\u00e1v a glob\u00e1ln\u00ed bezpe\u010dnosti<br \/>\n<\/b><\/p>\n<p>\u010cl\u00e1nek prezentuje z\u00e1kladn\u00ed v\u00fdstupy d\u00edl\u010d\u00edho v\u00fdzkumn\u00e9ho \u00fakolu 1\/5 &#8222;Aktu\u00e1ln\u00ed ot\u00e1zky glob\u00e1ln\u00ed bezpe\u010dnosti&#8220;, kter\u00fd byl sou\u010d\u00e1st\u00ed V\u00fdzkumn\u00e9ho z\u00e1m\u011bru Policejn\u00ed akademie \u010cR v Praze (na l\u00e9ta 2004-2010) &#8222;Identifikace a reflexe rizik spole\u010densk\u00e9 praxe jako teoretick\u00fd z\u00e1klad pro rozvoj policejn\u00edch slu\u017eeb&#8220;.<br \/>\n<strong>Kl\u00ed\u010dov\u00e1 slova:<\/strong>\u00a0v\u00fdzkum, glob\u00e1n\u00ed bezpe\u010dnost.<\/p>\n<hr \/>\n<p align=\"justify\"><b>Mgr. Lenka Burdov\u00e1, Mgr. Old\u0159ich Krul\u00edk, Ph.D., dr. Bc. J\u00e1n \u0160ug\u00e1r, CSc.<br \/>\nMo\u017enosti identifikace typick\u00fdch indik\u00e1tor\u016f vybran\u00fdch sociogenn\u00edch mimo\u0159\u00e1dn\u00fdch ud\u00e1lost\u00ed<br \/>\n<\/b><\/p>\n<p>P\u0159\u00edsp\u011bvek tematizuje problematiku negativn\u00edch soci\u00e1ln\u00edch jev\u016f velk\u00e9 intenzity, kter\u00e9 se na \u00fazem\u00ed \u010cesk\u00e9 republiky za ur\u010dit\u00fdch okolnost\u00ed mohou manifestovat v podob\u011b sociogenn\u00edch mimo\u0159\u00e1dn\u00fdch ud\u00e1lost\u00ed. Auto\u0159i p\u0159\u00edsp\u011bvku zde prezentuj\u00ed v\u00fdsledky prvn\u00ed, p\u0159ev\u00e1\u017en\u011b kvantitativn\u011b zam\u011b\u0159en\u00e9 f\u00e1ze empirick\u00e9ho \u0161et\u0159en\u00ed s c\u00edlem potvrdit \u010di vyvr\u00e1tit existenci typick\u00fdch indik\u00e1tor\u016f vybran\u00fdch sociogenn\u00edch mimo\u0159\u00e1dn\u00fdch ud\u00e1lost\u00ed, tedy takov\u00fdch znak\u016f v soci\u00e1ln\u00ed realit\u011b, kter\u00e9 upozor\u0148uj\u00ed na vznik konkr\u00e9tn\u00ed sociogenn\u00ed mimo\u0159\u00e1dn\u00e9 ud\u00e1losti, pop\u0159. jej\u00ed genezi ve vz\u00e1jemn\u00e9 korelaci predikuj\u00ed.<br \/>\n<strong>Kl\u00ed\u010dov\u00e1 slova:<\/strong>\u00a0\u010detnost v\u00fdskytu, indik\u00e1tor, kvantitativn\u00ed anal\u00fdza, predikce, sociogenn\u00ed mimo\u0159\u00e1dn\u00e1 ud\u00e1lost.<i><\/i><\/p>\n<hr \/>\n<p align=\"justify\"><b>dr. Bc. J\u00e1n \u0160ug\u00e1r, CSc., PhDr. Petr Jedin\u00e1k, Ph.D<br \/>\nV\u00fdzkum vzd\u011bl\u00e1vac\u00edch pot\u0159eb policist\u016f p\u016fsob\u00edc\u00edchna mana\u017eersk\u00fdch pozic\u00edch v r\u00e1mci Policie \u010cR<br \/>\n<\/b><\/p>\n<p>V p\u0159\u00edsp\u011bvku se auto\u0159i sna\u017eili otev\u0159\u00edt problematiku zkoum\u00e1n\u00ed vzd\u011bl\u00e1vac\u00edch pot\u0159eb sou\u010dasn\u00fdch policist\u016f. Auto\u0159i na z\u00e1klad\u011b anal\u00fdzy v\u00fdsledk\u016f pilotn\u00edho pr\u016fzkumu uk\u00e1zali, kter\u00e9 vzd\u011bl\u00e1vac\u00ed pot\u0159eby jsou pro sou\u010dasn\u00e9 policisty vysoce aktu\u00e1ln\u00ed a kter\u00e9 naopak okrajov\u00e9. Z\u00e1rove\u0148 uk\u00e1zali na vztah vyu\u010dovan\u00fdch p\u0159edm\u011bt\u016f na Policejn\u00ed akademii a po\u017eadavky policejn\u00ed praxe.<br \/>\n<strong>Kl\u00ed\u010dov\u00e1 slova:\u00a0<\/strong>vzd\u011bl\u00e1vac\u00ed pot\u0159eba, vzd\u011bl\u00e1vac\u00ed po\u017eadavky, vyu\u010dovan\u00e9 p\u0159edm\u011bty, profesn\u00ed kompetence<i><br \/>\n<\/i><\/p>\n<hr \/>\n<p align=\"justify\"><b>prof. PhDr. Ji\u0159\u00ed Straus, DrSc.<br \/>\nParametry zran\u011bn\u00ed \u010dlov\u011bka na vn\u011bj\u0161\u00ed z\u00e1t\u011b\u017e<br \/>\n<\/b><\/p>\n<p>\u010cl\u00e1nek se zab\u00fdv\u00e1 biomechanikou extr\u00e9mn\u00edho dynamick\u00e9ho zat\u011b\u017eov\u00e1n\u00ed organismu. Pro popis z\u00e1vislosti mezi mechanick\u00fdm p\u016fsoben\u00edm a biomechanickou odezvou je pro znaleck\u00e9 zkoum\u00e1n\u00ed ve forenzn\u00ed biomechanice pot\u0159ebn\u00e9 definovat kriteria, kter\u00e1 vyjad\u0159uj\u00ed m\u00edru p\u0159edpokl\u00e1dan\u00e9 biomechanick\u00e9 odezvy na mechanick\u00e9 zat\u00ed\u017een\u00ed. M\u00edra zran\u011bn\u00ed m\u016f\u017ee napomoci rekonstruovat pr\u016fb\u011bh mechanick\u00e9ho zat\u00ed\u017een\u00ed organismu, pr\u016fb\u011bh napaden\u00ed osoby a m\u016f\u017ee b\u00fdt do zna\u010dn\u00e9 m\u00edry u\u017eite\u010dnou kontroln\u00ed hodnotou. Dlouhodob\u00fdm z\u00e1jmem forenzn\u00ed biomechaniky je matematicky vyj\u00e1d\u0159it paramentry tolerance organismu na vn\u011bj\u0161\u00ed mechanick\u00e9 za\u017e\u00edzen\u00ed<br \/>\n<strong>Kl\u00ed\u010dov\u00e1 slova:<\/strong>\u00a0forenzn\u00ed biomechanika, parametry zran\u011bn\u00ed, extr\u00e9mn\u00ed dynamick\u00e9 zat\u00ed\u017een\u00ed organismu, Gadd\u016fv index zran\u011bn\u00ed, parametr zran\u011bn\u00ed hlavy<i><\/i><\/p>\n<hr \/>\n<p align=\"justify\"><b>prof. PhDr. Ji\u0159\u00ed Straus, DrSc., Bc. Filip Danko, Mgr. Lucie Filipensk\u00e1<br \/>\nZakopnut\u00ed a p\u00e1dy ze stoje pohledem forenzn\u00ed biomechaniky<br \/>\n<\/b><\/p>\n<p>V\u00fdzkum naru\u0161en\u00ed postoje a ch\u016fze p\u0159edstavuje pom\u011brn\u011b zna\u010dnou \u010d\u00e1st forenzn\u00ed biomechaniky. Jedn\u00e1 se o zhruba 15% znaleck\u00fdch posudk\u016f. Krom\u011b toho existuj\u00ed je\u0161t\u011b dal\u0161\u00ed praktick\u00e1 vyu\u017eit\u00ed, jako jsou pracovn\u00ed \u00farazy anebo p\u00e1dy beze sv\u011bdk\u016f atp. \u010cl\u00e1nek v \u00favodu rozeb\u00edr\u00e1 za\u0159azen\u00ed t\u00e9to problematiky do syst\u00e9mu forenzn\u00ed biomechaniky a stru\u010dn\u011b jej\u00ed historii. Pot\u00e9 rozeb\u00edr\u00e1 n\u011bkter\u00e9 studie publikovan\u00e9 v posledn\u00edch desetilet\u00edch. V pr\u00e1ci jsou analyzov\u00e1ny variace zakopnut\u00ed v\u010detn\u011b p\u00e1d\u016f vp\u0159ed a vzad. V\u00fdsledky ukazuj\u00ed, \u017ee v p\u0159\u00edpad\u011b zakopnut\u00ed existuje jist\u00e1 hodnota \u00fahlu sklonu t\u011bla od svisl\u00e9 osy, jej\u00ed\u017e dosa\u017een\u00ed neumo\u017e\u0148uje mo\u017enost obnoven\u00ed stability. Na z\u00e1klad\u011b v\u00fdsledk\u016f jsme pospali i vliv rychlosti ch\u016fze na riziko p\u00e1du a dal\u0161\u00ed charakteristiky sni\u017euj\u00edc\u00ed riziko upadnut\u00ed.<br \/>\n<strong>Kl\u00ed\u010dov\u00e1 slova:\u00a0<\/strong>Forenzn\u00ed biomechanika, p\u00e1dy, zakopnut\u00ed, znalec, biomechanick\u00e1 figur\u00edna, rychlost ch\u016fze<i><br \/>\n<\/i><\/p>\n<hr \/>\n<p align=\"justify\"><b>prof. PhDr. Ji\u0159\u00ed Straus, DrSc.:<br \/>\nTrv\u00e1n\u00ed obrann\u00e9 reakce na nenad\u00e1l\u00fd \u00fatok<br \/>\n<\/b><\/p>\n<p>Autor se v \u010dl\u00e1nku zab\u00fdv\u00e1 doubou trv\u00e1n\u00ed obrann\u00e9 reakce na nenad\u00e1l\u00fd \u00fatok. Studium \u010dasov\u00fdch relac\u00ed, doby reakce a latentn\u00ed doby reakce jsou d\u016fle\u017eit\u00e9 biomechanick\u00e9 parametry. Pozn\u00e1n\u00edm p\u0159esn\u00fdch \u010dasov\u00fdch interval\u016f je mo\u017en\u00e9 prov\u00e1d\u011bt p\u0159esn\u00e9 simulace kritick\u00e9ho pohybov\u00e9ho d\u011bje. Autor je instpirov\u00e1n \u00fadaji ze statistik NYPD (Policie New York), kde byl dotazov\u00e1n vzorek 4 000 policist\u016f kte\u0159\u00ed museli \u010delit \u00fatoku ohra\u017euj\u00edc\u00edm jejich \u017eivot. Prezentovan\u00e1 data se sna\u017e\u00ed experiment\u00e1ln\u011b ov\u011b\u0159it.<br \/>\n<strong>Kl\u00ed\u010dov\u00e1 slova:<\/strong>\u00a0obrann\u00e1 reakce, \u00fatok, forenzn\u00ed biomechanika, experiment\u00e1ln\u00ed v\u00fdzkum<br \/>\n<i><\/i><\/p>\n<hr \/>\n<p align=\"justify\"><b>JUDr. Nikolaj Hrib, Ph.D.<br \/>\nKriminalistick\u00e9 aspekty vy\u0161et\u0159ov\u00e1n\u00ed trestn\u00fdch \u010din\u016f ubl\u00ed\u017een\u00ed na zdrav\u00ed v l\u00e9\u010debn\u00e9m procesu<br \/>\n<\/b><\/p>\n<p>Objas\u0148ov\u00e1n\u00ed a vy\u0161et\u0159ov\u00e1n\u00ed trestn\u00fdch \u010din\u016f ubl\u00ed\u017een\u00ed na zdrav\u00ed v l\u00e9\u010debn\u00e9m procesu &#8211; zejm\u00e9na prokazov\u00e1n\u00ed kauz\u00e1ln\u00edho vztahu mezi n\u00e1sledkem a p\u0159\u00ed\u010dinou a vymezen\u00ed konkr\u00e9tn\u00ed odpov\u011bdnosti zdravotnick\u00fdch pracovn\u00edk\u016f, kte\u0159\u00ed poskytovali zdravotnickou p\u00e9\u010di, je velmi slo\u017eit\u00fd proces a vy\u017eaduje vysoce anga\u017eovan\u00fd a profesion\u00e1ln\u00ed p\u0159\u00edstup, jak z pohledu kriminalistick\u00e9ho p\u0159i objas\u0148ov\u00e1n\u00ed, tak trestn\u011b pr\u00e1vn\u00edho p\u0159i vy\u0161et\u0159ov\u00e1n\u00ed podle pravidel stanoven\u00fdch trestn\u00edm \u0159\u00e1dem, p\u0159i posuzov\u00e1n\u00ed objektivn\u00ed a subjektivn\u00ed str\u00e1nky skutkov\u00e9 podstaty trestn\u00fdch \u010din\u016f usmrcen\u00ed z nedbalosti podle \u00a7 143 odst. 1, 2, p\u0159\u00edpadn\u011b ubl\u00ed\u017een\u00ed na zdrav\u00ed z nedbalosti podle \u00a7 148 odst 1 TZ.<br \/>\n<strong>Kl\u00ed\u010dov\u00e1 slova:\u00a0<\/strong>tresntn\u00fd \u010din, zdravotnictv\u00ed, l\u00e9\u010debn\u00fd proces, ubl\u00ed\u017een\u00ed na zdrav\u00ed z nedbalosti.<i><br \/>\n<\/i><\/p>\n<hr \/>\n<p align=\"justify\"><b>Dr. Zden\u011bk Kova\u0159\u00edk, CSc., PhDr. Cyril Kost\u00edk, CSc.<br \/>\n\u00davod do modelov\u00e1n\u00ed trendu \u010dtvrtletn\u00edch \u010dasov\u00fdch \u0159ad vybran\u00fdch<br \/>\nukazatel\u016f kriminality v \u010cR a SR za pomoci matematick\u00fdch funkc\u00ed<br \/>\n<\/b><\/p>\n<p>P\u0159edlo\u017een\u00fd \u010dl\u00e1nek analyzuje \u010dtvrtletn\u00ed \u010dasov\u00e9 \u0159ady nezam\u011bstnanosti v \u010cR, SR a 13 vybran\u00fdch ukazatel\u016f kriminality z oblasti kr\u00e1de\u017e\u00ed a vloup\u00e1n\u00ed v obou republik\u00e1ch. S vyu\u017eit\u00edm evalua\u010dn\u00edho software CurveExpert 1.4 byly dan\u00e9 \u010dasov\u00e9 \u0159ady prolo\u017eeny k\u0159ivkami na z\u00e1klad\u011b adekv\u00e1tn\u00edch matematick\u00fdch funkc\u00ed. \u010cl\u00e1nek demonstruje zji\u0161t\u011bn\u00ed o vhodnosti t\u011bchto model\u016f i o jejich vyu\u017eitelnosti pro extrapolaci na nejbli\u017e\u0161\u00ed sledovan\u00e9 obdob\u00ed do jednoho roku u \u010dtvrtletn\u00edch \u010dasov\u00fdch \u0159ad.<br \/>\n<strong>Kl\u00ed\u010dov\u00e1 slova:<\/strong>\u00a0\u010dasov\u00e1 \u0159ada, trend, trendov\u00e9 funkce, interpolace, extrapolace, korela\u010dn\u00ed koeficient, standardn\u00ed chyba odhadu.<i><br \/>\n<\/i><\/p>\n<hr \/>\n<p align=\"justify\"><b>Dr. Zden\u011bk Kova\u0159\u00edk, CSc.:<br \/>\nKointegra\u010dn\u00ed anal\u00fdza ro\u010dn\u00edch \u010dasov\u00fdch \u0159ad vybran\u00fdch ukazatel\u016f kriminality a nezam\u011bstnanosti v \u010cesk\u00e9 republice<br \/>\n<\/b><\/p>\n<p>P\u0159edlo\u017een\u00fd \u010dl\u00e1nek analyzuje ro\u010dn\u00ed \u010dasov\u00e9 \u0159ady jeden\u00e1cti vybran\u00fdch ukazatel\u016f kriminality ve vztahu k \u010dasov\u00e9 \u0159ad\u011b &#8222;Nezam\u011bstnanost v \u010cR.&#8220; Metodou postupn\u00fdch krok\u016f jsou provedeny v\u0161echny nezbytn\u00e9 analytick\u00e9 \u00fakony, kter\u00e9 p\u0159esv\u011bd\u010div\u011b a exaktn\u011b dokl\u00e1daj\u00ed zji\u0161t\u011bn\u00e9 kointegra\u010dn\u00ed vztahy. Uveden\u00e9 postupy anal\u00fdzy kointegrace nestacion\u00e1rn\u00edch \u010dasov\u00fdch \u0159ad mohou slou\u017eit jako n\u00e1vod pro z\u00e1jemce o podobn\u00fd typ anal\u00fdzy \u010dasov\u00fdch \u0159ad.<br \/>\n<strong>Kl\u00ed\u010dov\u00e1 slova:<\/strong>\u00a0\u010dasov\u00e1 \u0159ada, stacionarita a nestacionarita \u010dasov\u00fdch \u0159ad, test jednotkov\u00e9ho ko\u0159ene, statick\u00e1 regresn\u00ed anal\u00fdza, rezidua, b\u00edl\u00fd \u0161um, gaussovsk\u00fd b\u00edl\u00fd \u0161um, kointegrace.<i><br \/>\n<\/i><\/p>\n<hr \/>\n<p align=\"justify\"><b>Dr. Zden\u011bk Kova\u0159\u00edk, CSc.:<br \/>\nKointegra\u010dn\u00ed anal\u00fdza \u010dtvrtletn\u00edch \u010dasov\u00fdch \u0159ad vybran\u00fdch ukazatel\u016f kriminality a nezam\u011bstnanosti v \u010cesk\u00e9 republice<br \/>\n<\/b><\/p>\n<p>P\u0159edlo\u017een\u00fd \u010dl\u00e1nek analyzuje \u010dtvrtletn\u00ed \u010dasov\u00e9 \u0159ady jeden\u00e1cti vybran\u00fdch ukazatel\u016f kriminality ve vztahu k \u010dasov\u00e9 \u0159ad\u011b &#8222;Nezam\u011bstnanost v \u010cR.&#8220; Metodou postupn\u00fdch krok\u016f jsou provedeny v\u0161echny nezbytn\u00e9 analytick\u00e9 \u00fakony, kter\u00e9 p\u0159esv\u011bd\u010div\u011b a exaktn\u011b dokl\u00e1daj\u00ed zji\u0161t\u011bn\u00e9 kointegra\u010dn\u00ed vztahy. Uveden\u00e9 postupy anal\u00fdzy kointegrace nestacion\u00e1rn\u00edch \u010dasov\u00fdch \u0159ad mohou slou\u017eit jako n\u00e1vod pro z\u00e1jemce o podobn\u00fd typ anal\u00fdzy \u010dasov\u00fdch \u0159ad.<br \/>\n<strong>Kl\u00ed\u010dov\u00e1 slova:<\/strong>\u00a0\u010dasov\u00e1 \u0159ada, stacionarita a nestacionarita \u010dasov\u00fdch \u0159ad, test jednotkov\u00e9ho ko\u0159ene, statick\u00e1 regresn\u00ed anal\u00fdza, rezidua, b\u00edl\u00fd \u0161um, gaussovsk\u00fd b\u00edl\u00fd \u0161um, kointegrace.<i><br \/>\n<\/i><\/p>\n<hr \/>\n<p align=\"justify\"><b>Dr. Zden\u011bk Kova\u0159\u00edk, CSc., PhDr. Cyril Kost\u00edk, CSc.<br \/>\nSc\u00e9n\u00e1\u0159e extrapolace \u010dtvrtletn\u00edch \u010dasov\u00fdch \u0159ad vybran\u00fdch ukazatel\u016f kriminality pod vlivem nezam\u011bstnanosti v \u010cesk\u00e9 a Slovensk\u00e9 republice<br \/>\n<\/b><\/p>\n<p>P\u0159edlo\u017een\u00fd \u010dl\u00e1nek demonstruje postup kointegra\u010dn\u00ed anal\u00fdzy vztahu nezam\u011bstnanosti a ukazatele kriminality &#8222;kr\u00e1de\u017e\u00ed vloup\u00e1n\u00edm do restaurac\u00ed a hostinc\u016f&#8220; v \u010cR a SR. Takt\u00e9\u017e je nazna\u010den postup p\u0159i tvorb\u011b sc\u00e9n\u00e1\u0159e mo\u017en\u00e9ho v\u00fdvoje dan\u00e9ho ukazatele kriminality v \u010cR a SR pod vlivem extrapolovan\u00e9ho v\u00fdvoje nezam\u011bstnanosti jako prediktoru. Na grafick\u00fdch uk\u00e1zk\u00e1ch je nazna\u010den re\u00e1ln\u00fd vliv r\u016fstu nezam\u011bstnanosti na r\u016fst i dal\u0161\u00edch ukazatel\u016f kriminality.<br \/>\n<strong>Kl\u00ed\u010dov\u00e1 slova:<\/strong>\u00a0\u010dasov\u00e1 \u0159ada, stacionarita a nestacionarita \u010dasov\u00fdch \u0159ad, test jednotkov\u00e9ho ko\u0159ene, statick\u00e1 regresn\u00ed anal\u00fdza, dynamick\u00e1 regresn\u00ed anal\u00fdza (ADL), rezidua, b\u00edl\u00fd \u0161um, gaussovsk\u00fd b\u00edl\u00fd \u0161um, kointegrace.<i><\/i><\/p>\n<hr \/>\n<p align=\"justify\"><b>JUDr. Martin Bohman, Dr. Zden\u011bk Kova\u0159\u00edk, CSc.,<br \/>\nV\u00fdzkum vztahu policist\u016f ke slu\u017eb\u011b jako jeden z n\u00e1stroj\u016f posouzen\u00ed efektivnosti modelu Excelence EFQM<br \/>\n<\/b><\/p>\n<p>\u010cl\u00e1nek je druhou \u010d\u00e1st\u00ed \u0161ir\u0161\u00edho materi\u00e1lu, kter\u00fd je zam\u011b\u0159en na problematiku vztahu policist\u016f ke slu\u017eb\u011b. Jeho teoretick\u00fdm v\u00fdchodiskem je model EFQM, kter\u00fd je ji\u017e n\u011bkolik let implementov\u00e1n do podm\u00ednek \u010dinnosti Policie \u010cR. V r\u00e1mci tohoto modelu je vztah policist\u016f ke slu\u017eb\u011b velmi d\u016fle\u017eitou komponentou. \u010cl\u00e1nek na z\u00e1klad\u011b empirick\u00e9ho v\u00fdzkumu mapuje \u00farove\u0148 vztahu policist\u016f ke slu\u017eb\u011b s d\u016frazem na region ji\u017en\u00ed Moravy. V\u00fdsledky t\u00e9to anal\u00fdzy budou v n\u00e1sledn\u00e9m obdob\u00ed vyu\u017eity p\u0159i posuzov\u00e1n\u00ed efektivnosti uplat\u0148ovan\u00e9ho modelu EFQM v r\u00e1mci Policie \u010cR.<br \/>\n<strong>Kl\u00ed\u010dov\u00e1 slova:<\/strong>\u00a0model EFQM, vztah policist\u016f ke slu\u017eb\u011b, spokojenost ve slu\u017eb\u011b, subjektivn\u00ed p\u0159\u00ednosy do v\u00fdkonu slu\u017eby, identifikace se slu\u017ebou, vztahy k nad\u0159\u00edzen\u00fdm a spolu-pracovn\u00edk\u016fm, profesn\u00ed motivace policist\u016f ve slu\u017eb\u011b.<\/p>\n<hr \/>\n<p><a href=\"https:\/\/veda.polac.cz\/?page_id=1607\">Zvl\u00e1\u0161tn\u00ed \u010d\u00edslo 2010<\/a><\/p>\n","protected":false},"excerpt":{"rendered":"<p>Resum\u00e9 zvl\u00e1\u0161tn\u00edho \u010d\u00edsla 2010 Ing. Milan Kn\u00fd, CSc., doc. RNDr. Josef Po\u017e\u00e1r, CSc. Konceptu\u00e1ln\u00ed modelov\u00e1n\u00ed bezpe\u010dnostn\u00edho managementu a informa\u010dn\u00ed bezpe\u010dnosti \u00a8 Tento p\u0159\u00edsp\u011bvek je zkr\u00e1cen\u00fdm v\u00fdstupem v\u011bdeck\u00e9ho \u00fakolu 1\/2 V\u00fdvoj bezpe\u010d-nostn\u00edho managementu a informatiky. Postihuje z\u00e1kladn\u00ed aspekty v\u00fdzkumu z oblasti syst\u00e9mov\u00e9ho p\u0159\u00edstupu v bezpe\u010dnostn\u00edm managementu a modelov\u00e1n\u00ed procesu v\u00fdstavby a \u0159\u00edzen\u00ed informa\u010dn\u00ed bezpe\u010dnosti organizace. Kl\u00ed\u010dov\u00e1 [&hellip;]<\/p>\n","protected":false},"author":2,"featured_media":0,"parent":1607,"menu_order":1,"comment_status":"closed","ping_status":"closed","template":"","meta":{"footnotes":""},"class_list":["post-1621","page","type-page","status-publish","hentry"],"_links":{"self":[{"href":"https:\/\/veda.polac.cz\/index.php?rest_route=\/wp\/v2\/pages\/1621","targetHints":{"allow":["GET"]}}],"collection":[{"href":"https:\/\/veda.polac.cz\/index.php?rest_route=\/wp\/v2\/pages"}],"about":[{"href":"https:\/\/veda.polac.cz\/index.php?rest_route=\/wp\/v2\/types\/page"}],"author":[{"embeddable":true,"href":"https:\/\/veda.polac.cz\/index.php?rest_route=\/wp\/v2\/users\/2"}],"replies":[{"embeddable":true,"href":"https:\/\/veda.polac.cz\/index.php?rest_route=%2Fwp%2Fv2%2Fcomments&post=1621"}],"version-history":[{"count":4,"href":"https:\/\/veda.polac.cz\/index.php?rest_route=\/wp\/v2\/pages\/1621\/revisions"}],"predecessor-version":[{"id":1742,"href":"https:\/\/veda.polac.cz\/index.php?rest_route=\/wp\/v2\/pages\/1621\/revisions\/1742"}],"up":[{"embeddable":true,"href":"https:\/\/veda.polac.cz\/index.php?rest_route=\/wp\/v2\/pages\/1607"}],"wp:attachment":[{"href":"https:\/\/veda.polac.cz\/index.php?rest_route=%2Fwp%2Fv2%2Fmedia&parent=1621"}],"curies":[{"name":"wp","href":"https:\/\/api.w.org\/{rel}","templated":true}]}}