{"id":1600,"date":"2018-09-16T01:45:27","date_gmt":"2018-09-16T01:45:27","guid":{"rendered":"http:\/\/veda.polac.cz\/?page_id=1600"},"modified":"2018-11-02T22:42:11","modified_gmt":"2018-11-02T22:42:11","slug":"11-2-6","status":"publish","type":"page","link":"https:\/\/veda.polac.cz\/?page_id=1600","title":{"rendered":""},"content":{"rendered":"<p style=\"text-align: center;\">Resum\u00e9 \u010dl\u00e1nku<\/p>\n<p align=\"justify\"><b>HRIB, Nikolaj:<br \/>\nDOKAZOV\u00c1N\u00cd SVOBODN\u00c9HO A INFORMOVAN\u00c9HO SOUHLASU V SOUVISLOSTI S POSKYTOV\u00c1N\u00cdM ZDRAVOTN\u00cd P\u00c9\u010cE<br \/>\n<\/b><\/p>\n<p>Autor cht\u011bl v \u010dl\u00e1nku odbornou ve\u0159ejnost upozornit na v\u00fdznam &#8222;pou\u010den\u00ed a svobodn\u00e9ho a informovan\u00e9ho souhlasu&#8220; nemocn\u00e9ho p\u0159ed t\u00edm, ne\u017e se podrob\u00ed vy\u0161et\u0159ovac\u00edmu nebo l\u00e9\u010debn\u00e9mu v\u00fdkonu, zejm\u00e9na pak tomu, co mus\u00ed tento souhlas p\u0159edch\u00e1zet a \u010deho mus\u00ed b\u00fdt v\u016fle nemocn\u00e9ho vydat souhlas prosta, aby nedo\u0161lo k pr\u00e1vn\u00edmu aktu, kter\u00fd by byl neplatn\u00fd a nezakl\u00e1dal by tak pr\u00e1vn\u00ed vztah, na jeho\u017e z\u00e1klad\u011b by mohl zdravotnick\u00fd pracovn\u00edk poskytnout nemocn\u00e9mu zdravotn\u00ed p\u00e9\u010di ve form\u011b vy\u0161et\u0159ovac\u00edho nebo l\u00e9\u010debn\u00e9ho v\u00fdkonu, ani\u017e by riskoval, \u017ee takov\u00fd v\u00fdkon bude pova\u017eov\u00e1n za protipr\u00e1vn\u00ed.<br \/>\nTakov\u00e1 pochyben\u00ed mohou m\u00edt n\u00e1sledky jak v oboru ob\u010dansk\u00e9ho pr\u00e1va (n\u00e1hrady zp\u016fsoben\u00fdch \u0161kod), tak trestn\u011bpr\u00e1vn\u00ed. Pou\u010den\u00ed a souhlas se tak st\u00e1vaj\u00ed ned\u00edlnou sou\u010d\u00e1st\u00ed a v\u00fdznamn\u00fdm \u010dinitelem p\u0159i poskytov\u00e1n\u00ed zdravotn\u00ed p\u00e9\u010de v l\u00e9\u010debn\u00e9m procesu, kter\u00fd nen\u00ed radno podce\u0148ovat.<br \/>\n<strong>Kl\u00ed\u010dov\u00e1 slova:<\/strong>\u00a0pou\u010den\u00ed, informovan\u00fd a svobodn\u00fd souhlas, vy\u0161et\u0159ovac\u00ed \u00fakon, l\u00e9\u010debn\u00fd v\u00fdkon, p\u00e9\u010de o zdrav\u00ed lidu.<\/p>\n<p><a href=\"https:\/\/veda.polac.cz\/?page_id=1557\">01\/2010<\/a><\/p>\n","protected":false},"excerpt":{"rendered":"<p>Resum\u00e9 \u010dl\u00e1nku HRIB, Nikolaj: DOKAZOV\u00c1N\u00cd SVOBODN\u00c9HO A INFORMOVAN\u00c9HO SOUHLASU V SOUVISLOSTI S POSKYTOV\u00c1N\u00cdM ZDRAVOTN\u00cd P\u00c9\u010cE Autor cht\u011bl v \u010dl\u00e1nku odbornou ve\u0159ejnost upozornit na v\u00fdznam &#8222;pou\u010den\u00ed a svobodn\u00e9ho a informovan\u00e9ho souhlasu&#8220; nemocn\u00e9ho p\u0159ed t\u00edm, ne\u017e se podrob\u00ed vy\u0161et\u0159ovac\u00edmu nebo l\u00e9\u010debn\u00e9mu v\u00fdkonu, zejm\u00e9na pak tomu, co mus\u00ed tento souhlas p\u0159edch\u00e1zet a \u010deho mus\u00ed b\u00fdt v\u016fle nemocn\u00e9ho vydat [&hellip;]<\/p>\n","protected":false},"author":2,"featured_media":0,"parent":1557,"menu_order":11,"comment_status":"closed","ping_status":"closed","template":"","meta":{"footnotes":""},"class_list":["post-1600","page","type-page","status-publish","hentry"],"_links":{"self":[{"href":"https:\/\/veda.polac.cz\/index.php?rest_route=\/wp\/v2\/pages\/1600","targetHints":{"allow":["GET"]}}],"collection":[{"href":"https:\/\/veda.polac.cz\/index.php?rest_route=\/wp\/v2\/pages"}],"about":[{"href":"https:\/\/veda.polac.cz\/index.php?rest_route=\/wp\/v2\/types\/page"}],"author":[{"embeddable":true,"href":"https:\/\/veda.polac.cz\/index.php?rest_route=\/wp\/v2\/users\/2"}],"replies":[{"embeddable":true,"href":"https:\/\/veda.polac.cz\/index.php?rest_route=%2Fwp%2Fv2%2Fcomments&post=1600"}],"version-history":[{"count":2,"href":"https:\/\/veda.polac.cz\/index.php?rest_route=\/wp\/v2\/pages\/1600\/revisions"}],"predecessor-version":[{"id":1619,"href":"https:\/\/veda.polac.cz\/index.php?rest_route=\/wp\/v2\/pages\/1600\/revisions\/1619"}],"up":[{"embeddable":true,"href":"https:\/\/veda.polac.cz\/index.php?rest_route=\/wp\/v2\/pages\/1557"}],"wp:attachment":[{"href":"https:\/\/veda.polac.cz\/index.php?rest_route=%2Fwp%2Fv2%2Fmedia&parent=1600"}],"curies":[{"name":"wp","href":"https:\/\/api.w.org\/{rel}","templated":true}]}}