{"id":16,"date":"2018-08-22T20:18:50","date_gmt":"2018-08-22T20:18:50","guid":{"rendered":"http:\/\/veda.polac.cz\/?page_id=16"},"modified":"2020-01-21T13:31:34","modified_gmt":"2020-01-21T13:31:34","slug":"prehled-cisel","status":"publish","type":"page","link":"https:\/\/veda.polac.cz\/?page_id=16","title":{"rendered":"\u010cl\u00e1nky"},"content":{"rendered":"<h5><\/h5>\n<h5>Periodikum Bezpe\u010dnostn\u00ed teorie a praxe<\/h5>\n<p>\u010casopis vych\u00e1z\u00ed \u010dty\u0159ikr\u00e1t ro\u010dn\u011b od roku 2005. P\u0159ed t\u00edmto rokem vych\u00e1zel nepravideln\u011b. V roce 2006 do \u0161lo ke zm\u011bn\u011b n\u00e1zvu \u010dasopisu a k \u00faprav\u011b obsahov\u00e9 \u010d\u00e1sti. Od druh\u00e9ho vyd\u00e1n\u00ed roku 2006 jsou tak\u00e9 k dispozici resum\u00e9 jednotliv\u00fdch \u010dl\u00e1nk\u016f. St\u00e1hnout cel\u00e9 \u010dl\u00e1nky v pdf form\u00e1tu lze u \u010d\u00edsel vydan\u00fdch od roku 2017.<\/p>\n<p>Na webov\u00fdch str\u00e1nk\u00e1ch naleznete obsahy \u010d\u00edsel od roku 2000. <strong>\u010cl\u00e1nky, kter\u00e9 jsme zve\u0159ejnili od roku 2017, si m\u016f\u017eete st\u00e1hnout v pdf form\u00e1tu.<\/strong><\/p>\n","protected":false},"excerpt":{"rendered":"<p>Periodikum Bezpe\u010dnostn\u00ed teorie a praxe \u010casopis vych\u00e1z\u00ed \u010dty\u0159ikr\u00e1t ro\u010dn\u011b od roku 2005. P\u0159ed t\u00edmto rokem vych\u00e1zel nepravideln\u011b. V roce 2006 do \u0161lo ke zm\u011bn\u011b n\u00e1zvu \u010dasopisu a k \u00faprav\u011b obsahov\u00e9 \u010d\u00e1sti. Od druh\u00e9ho vyd\u00e1n\u00ed roku 2006 jsou tak\u00e9 k dispozici resum\u00e9 jednotliv\u00fdch \u010dl\u00e1nk\u016f. St\u00e1hnout cel\u00e9 \u010dl\u00e1nky v pdf form\u00e1tu lze u \u010d\u00edsel vydan\u00fdch od roku [&hellip;]<\/p>\n","protected":false},"author":6,"featured_media":0,"parent":0,"menu_order":0,"comment_status":"closed","ping_status":"closed","template":"","meta":{"footnotes":""},"class_list":["post-16","page","type-page","status-publish","hentry"],"_links":{"self":[{"href":"https:\/\/veda.polac.cz\/index.php?rest_route=\/wp\/v2\/pages\/16","targetHints":{"allow":["GET"]}}],"collection":[{"href":"https:\/\/veda.polac.cz\/index.php?rest_route=\/wp\/v2\/pages"}],"about":[{"href":"https:\/\/veda.polac.cz\/index.php?rest_route=\/wp\/v2\/types\/page"}],"author":[{"embeddable":true,"href":"https:\/\/veda.polac.cz\/index.php?rest_route=\/wp\/v2\/users\/6"}],"replies":[{"embeddable":true,"href":"https:\/\/veda.polac.cz\/index.php?rest_route=%2Fwp%2Fv2%2Fcomments&post=16"}],"version-history":[{"count":11,"href":"https:\/\/veda.polac.cz\/index.php?rest_route=\/wp\/v2\/pages\/16\/revisions"}],"predecessor-version":[{"id":5855,"href":"https:\/\/veda.polac.cz\/index.php?rest_route=\/wp\/v2\/pages\/16\/revisions\/5855"}],"wp:attachment":[{"href":"https:\/\/veda.polac.cz\/index.php?rest_route=%2Fwp%2Fv2%2Fmedia&parent=16"}],"curies":[{"name":"wp","href":"https:\/\/api.w.org\/{rel}","templated":true}]}}