{"id":1596,"date":"2018-09-16T01:44:06","date_gmt":"2018-09-16T01:44:06","guid":{"rendered":"http:\/\/veda.polac.cz\/?page_id=1596"},"modified":"2018-10-27T19:00:21","modified_gmt":"2018-10-27T19:00:21","slug":"10-2-6","status":"publish","type":"page","link":"https:\/\/veda.polac.cz\/?page_id=1596","title":{"rendered":""},"content":{"rendered":"<p style=\"text-align: center;\">Resum\u00e9 \u010dl\u00e1nku<\/p>\n<p align=\"justify\"><b>NOVOTN\u00dd, Franti\u0161ek:<br \/>\nKORUPCE V NA\u0160\u00cd SPOLE\u010cNOSTI<br \/>\n<\/b><\/p>\n<p>P\u0159\u00edsp\u011bvek se v\u011bnuje aktu\u00e1ln\u00edmu t\u00e9matu korupce. Autor nejprve prost\u0159ednictv\u00edm pojmu i typick\u00fdch prvk\u016f korupci definuje. N\u00e1sledn\u011b uv\u00e1d\u00ed druhy korupce podle oblasti, v n\u00ed\u017e se odehr\u00e1v\u00e1, a podle jej\u00edch v\u00fdvojov\u00fdch st\u00e1di\u00ed. U p\u0159\u00ed\u010din korupce popisuje jej\u00ed d\u016fvody, motivaci ke korup\u010dn\u00edmu jedn\u00e1n\u00ed, faktory vytv\u00e1\u0159ej\u00edc\u00ed korup\u010dn\u00ed prost\u0159ed\u00ed i prokorup\u010dn\u00ed (kriminogenn\u00ed) faktory. Sou\u010dasn\u011b p\u0159ibli\u017euje d\u016fsledky korupce. V r\u00e1mci kontroly korupce uv\u00e1d\u00ed teorie jej\u00edho \u0159e\u0161en\u00ed a aktu\u00e1ln\u00ed Strategii vl\u00e1dy \u010cesk\u00e9 republiky v boji proti korupci op\u00edraj\u00edc\u00ed se o prevenci, pr\u016fhlednost a postih. V z\u00e1v\u011bru p\u0159\u00edsp\u011bvku jsou uvedeny aktivity zahrnut\u00e9 ve vl\u00e1dn\u00edm komplexu protikorup\u010dn\u00edch opat\u0159en\u00ed tzv. protikorup\u010dn\u00edm bal\u00ed\u010dku.<br \/>\n<strong>Kl\u00ed\u010dov\u00e1 slova:<\/strong>\u00a0d\u016fsledky korupce, kontrola korupce, korupce, p\u0159\u00ed\u010diny korupce.<\/p>\n<p><a href=\"https:\/\/veda.polac.cz\/?page_id=1557\">01\/2010<\/a><\/p>\n","protected":false},"excerpt":{"rendered":"<p>Resum\u00e9 \u010dl\u00e1nku NOVOTN\u00dd, Franti\u0161ek: KORUPCE V NA\u0160\u00cd SPOLE\u010cNOSTI P\u0159\u00edsp\u011bvek se v\u011bnuje aktu\u00e1ln\u00edmu t\u00e9matu korupce. Autor nejprve prost\u0159ednictv\u00edm pojmu i typick\u00fdch prvk\u016f korupci definuje. N\u00e1sledn\u011b uv\u00e1d\u00ed druhy korupce podle oblasti, v n\u00ed\u017e se odehr\u00e1v\u00e1, a podle jej\u00edch v\u00fdvojov\u00fdch st\u00e1di\u00ed. U p\u0159\u00ed\u010din korupce popisuje jej\u00ed d\u016fvody, motivaci ke korup\u010dn\u00edmu jedn\u00e1n\u00ed, faktory vytv\u00e1\u0159ej\u00edc\u00ed korup\u010dn\u00ed prost\u0159ed\u00ed i prokorup\u010dn\u00ed (kriminogenn\u00ed) [&hellip;]<\/p>\n","protected":false},"author":2,"featured_media":0,"parent":0,"menu_order":10,"comment_status":"closed","ping_status":"closed","template":"","meta":{"footnotes":""},"class_list":["post-1596","page","type-page","status-publish","hentry"],"_links":{"self":[{"href":"https:\/\/veda.polac.cz\/index.php?rest_route=\/wp\/v2\/pages\/1596","targetHints":{"allow":["GET"]}}],"collection":[{"href":"https:\/\/veda.polac.cz\/index.php?rest_route=\/wp\/v2\/pages"}],"about":[{"href":"https:\/\/veda.polac.cz\/index.php?rest_route=\/wp\/v2\/types\/page"}],"author":[{"embeddable":true,"href":"https:\/\/veda.polac.cz\/index.php?rest_route=\/wp\/v2\/users\/2"}],"replies":[{"embeddable":true,"href":"https:\/\/veda.polac.cz\/index.php?rest_route=%2Fwp%2Fv2%2Fcomments&post=1596"}],"version-history":[{"count":3,"href":"https:\/\/veda.polac.cz\/index.php?rest_route=\/wp\/v2\/pages\/1596\/revisions"}],"predecessor-version":[{"id":1618,"href":"https:\/\/veda.polac.cz\/index.php?rest_route=\/wp\/v2\/pages\/1596\/revisions\/1618"}],"wp:attachment":[{"href":"https:\/\/veda.polac.cz\/index.php?rest_route=%2Fwp%2Fv2%2Fmedia&parent=1596"}],"curies":[{"name":"wp","href":"https:\/\/api.w.org\/{rel}","templated":true}]}}