{"id":1594,"date":"2018-09-16T01:43:04","date_gmt":"2018-09-16T01:43:04","guid":{"rendered":"http:\/\/veda.polac.cz\/?page_id=1594"},"modified":"2018-10-27T19:00:21","modified_gmt":"2018-10-27T19:00:21","slug":"9-2-9","status":"publish","type":"page","link":"https:\/\/veda.polac.cz\/?page_id=1594","title":{"rendered":""},"content":{"rendered":"<p style=\"text-align: center;\">Resum\u00e9 \u010dl\u00e1nku<\/p>\n<p align=\"justify\"><b>CHMELA, Zden\u011bk, DALECK\u00dd, Jan:<br \/>\nMULTIKULTURA A POLICIE \u010cESK\u00c9 REPUBLIKY<br \/>\n<\/b><\/p>\n<p>Auto\u0159i se ve sv\u00e9m \u010dl\u00e1nku pokusili velmi stru\u010dn\u011b pojmenovat multikulturu ve spojitosti s Polici\u00ed \u010cR. Nast\u00ednili sou\u010dasn\u00fd probl\u00e9m s men\u0161inami a mo\u017en\u00e9 \u0159e\u0161en\u00ed dan\u00e9 ot\u00e1zky. Implementovali zku\u0161enosti i z jin\u00fdch zem\u00ed.<br \/>\n<strong>Kl\u00ed\u010dov\u00e1 slova:<\/strong>\u00a0multikulturismus, men\u0161inov\u00e9 komunity, \u00faloha policie k men\u0161in\u00e1m, princip v\u00e1zanosti z\u00e1konem, princip etnick\u00e9 neutrality, etnokulturn\u00ed spole\u010denstv\u00ed, strategie \u010cR. Community policing.<i><br \/>\n<\/i><\/p>\n<p><a href=\"https:\/\/veda.polac.cz\/?page_id=1557\">01\/2010<\/a><\/p>\n","protected":false},"excerpt":{"rendered":"<p>Resum\u00e9 \u010dl\u00e1nku CHMELA, Zden\u011bk, DALECK\u00dd, Jan: MULTIKULTURA A POLICIE \u010cESK\u00c9 REPUBLIKY Auto\u0159i se ve sv\u00e9m \u010dl\u00e1nku pokusili velmi stru\u010dn\u011b pojmenovat multikulturu ve spojitosti s Polici\u00ed \u010cR. Nast\u00ednili sou\u010dasn\u00fd probl\u00e9m s men\u0161inami a mo\u017en\u00e9 \u0159e\u0161en\u00ed dan\u00e9 ot\u00e1zky. Implementovali zku\u0161enosti i z jin\u00fdch zem\u00ed. Kl\u00ed\u010dov\u00e1 slova:\u00a0multikulturismus, men\u0161inov\u00e9 komunity, \u00faloha policie k men\u0161in\u00e1m, princip v\u00e1zanosti z\u00e1konem, princip etnick\u00e9 [&hellip;]<\/p>\n","protected":false},"author":2,"featured_media":0,"parent":0,"menu_order":9,"comment_status":"closed","ping_status":"closed","template":"","meta":{"footnotes":""},"class_list":["post-1594","page","type-page","status-publish","hentry"],"_links":{"self":[{"href":"https:\/\/veda.polac.cz\/index.php?rest_route=\/wp\/v2\/pages\/1594","targetHints":{"allow":["GET"]}}],"collection":[{"href":"https:\/\/veda.polac.cz\/index.php?rest_route=\/wp\/v2\/pages"}],"about":[{"href":"https:\/\/veda.polac.cz\/index.php?rest_route=\/wp\/v2\/types\/page"}],"author":[{"embeddable":true,"href":"https:\/\/veda.polac.cz\/index.php?rest_route=\/wp\/v2\/users\/2"}],"replies":[{"embeddable":true,"href":"https:\/\/veda.polac.cz\/index.php?rest_route=%2Fwp%2Fv2%2Fcomments&post=1594"}],"version-history":[{"count":2,"href":"https:\/\/veda.polac.cz\/index.php?rest_route=\/wp\/v2\/pages\/1594\/revisions"}],"predecessor-version":[{"id":1616,"href":"https:\/\/veda.polac.cz\/index.php?rest_route=\/wp\/v2\/pages\/1594\/revisions\/1616"}],"wp:attachment":[{"href":"https:\/\/veda.polac.cz\/index.php?rest_route=%2Fwp%2Fv2%2Fmedia&parent=1594"}],"curies":[{"name":"wp","href":"https:\/\/api.w.org\/{rel}","templated":true}]}}