{"id":1591,"date":"2018-09-16T01:41:49","date_gmt":"2018-09-16T01:41:49","guid":{"rendered":"http:\/\/veda.polac.cz\/?page_id=1591"},"modified":"2018-10-27T19:00:21","modified_gmt":"2018-10-27T19:00:21","slug":"8-2-9","status":"publish","type":"page","link":"https:\/\/veda.polac.cz\/?page_id=1591","title":{"rendered":""},"content":{"rendered":"<p style=\"text-align: center;\">Resum\u00e9 \u010dl\u00e1nku<\/p>\n<p align=\"justify\"><b>ZP\u011aV\u00c1K, Ale\u0161, PLEIEROV\u00c1, Anna:<br \/>\nK N\u011aKTER\u00ddM PROBL\u00c9M\u016eM \u00daSTAVN\u00cdCH DEKRET\u016e PREZIDENTA REPUBLIKY V SOUVISLOSTI S LISABONSKOU SMLOUVOU<br \/>\n<\/b><\/p>\n<p>Pov\u00e1le\u010dn\u00fd odsun n\u011bmeck\u00e9ho a ma\u010farsk\u00e9ho obyvatelstva byl proveden na z\u00e1klad\u011b platn\u00fdch p\u0159edpis\u016f, zejm\u00e9na na z\u00e1klad\u011b dekret\u016f prezidenta republiky dr. Edvarda Bene\u0161e. Tento akt m\u016f\u017ee b\u00fdt \u010d\u00e1ste\u010dn\u011b charakterizov\u00e1n jako odplata za nespravedlnost, kter\u00e9 byli vystaveni ob\u010dan\u00e9 \u010ceskoslovenska b\u011bhem re\u017eimu protektor\u00e1tu.<br \/>\nV pr\u016fb\u011bhu desetilet\u00ed se tyto dekrety staly ter\u010dem \u00fatok\u016f. Jejich platnost je st\u00e1le napad\u00e1na p\u0159edev\u0161\u00edm ze strany sudeton\u011bmeck\u00fdch krajansk\u00fdch sdru\u017een\u00ed, kter\u00e9 vyv\u00edjej\u00ed neust\u00e1l\u00e9 \u00fasil\u00ed k jejich odstran\u011bn\u00ed.<br \/>\nDekrety prezidenta republiky byly vyd\u00e1ny na z\u00e1klad\u011b pr\u00e1vn\u00ed s\u00edly v minulosti. Jsou reakc\u00ed na ekonomickou a politickou situaci zp\u016fsobenou nacistick\u00fdm N\u011bmeckem. Dekrety jsou sou\u010d\u00e1st\u00ed \u00fastavn\u00edho po\u0159\u00e1dku \u010cesk\u00e9 republiky a jejich platnosti nelze naru\u0161it. Ve sd\u011blovac\u00edch prost\u0159edc\u00edch se v posledn\u00edch letech ukazuje, jak moudr\u00e9 to bylo jejich vyd\u00e1n\u00ed a jak d\u00e1vaj\u00ed smysl nejen \u010desk\u00e9, ale slovensk\u00e9 st\u00e1tnosti.<br \/>\n<strong>Kl\u00ed\u010dov\u00e1 slova:<\/strong>\u00a0Bene\u0161ovy dekrety, Lisabonsk\u00e1 smlouva, pr\u00e1vn\u00ed poradenstv\u00ed, Protektor\u00e1t \u010cechy a Morava, Sudeton\u011bmeck\u00e1 sdru\u017een\u00ed, zabaven\u00ed, retribuce, vl\u00e1da v exilu<i>.<\/i><\/p>\n<p><a href=\"https:\/\/veda.polac.cz\/?page_id=1557\">01\/2010<\/a><\/p>\n","protected":false},"excerpt":{"rendered":"<p>Resum\u00e9 \u010dl\u00e1nku ZP\u011aV\u00c1K, Ale\u0161, PLEIEROV\u00c1, Anna: K N\u011aKTER\u00ddM PROBL\u00c9M\u016eM \u00daSTAVN\u00cdCH DEKRET\u016e PREZIDENTA REPUBLIKY V SOUVISLOSTI S LISABONSKOU SMLOUVOU Pov\u00e1le\u010dn\u00fd odsun n\u011bmeck\u00e9ho a ma\u010farsk\u00e9ho obyvatelstva byl proveden na z\u00e1klad\u011b platn\u00fdch p\u0159edpis\u016f, zejm\u00e9na na z\u00e1klad\u011b dekret\u016f prezidenta republiky dr. Edvarda Bene\u0161e. Tento akt m\u016f\u017ee b\u00fdt \u010d\u00e1ste\u010dn\u011b charakterizov\u00e1n jako odplata za nespravedlnost, kter\u00e9 byli vystaveni ob\u010dan\u00e9 \u010ceskoslovenska b\u011bhem [&hellip;]<\/p>\n","protected":false},"author":2,"featured_media":0,"parent":0,"menu_order":8,"comment_status":"closed","ping_status":"closed","template":"","meta":{"footnotes":""},"class_list":["post-1591","page","type-page","status-publish","hentry"],"_links":{"self":[{"href":"https:\/\/veda.polac.cz\/index.php?rest_route=\/wp\/v2\/pages\/1591","targetHints":{"allow":["GET"]}}],"collection":[{"href":"https:\/\/veda.polac.cz\/index.php?rest_route=\/wp\/v2\/pages"}],"about":[{"href":"https:\/\/veda.polac.cz\/index.php?rest_route=\/wp\/v2\/types\/page"}],"author":[{"embeddable":true,"href":"https:\/\/veda.polac.cz\/index.php?rest_route=\/wp\/v2\/users\/2"}],"replies":[{"embeddable":true,"href":"https:\/\/veda.polac.cz\/index.php?rest_route=%2Fwp%2Fv2%2Fcomments&post=1591"}],"version-history":[{"count":2,"href":"https:\/\/veda.polac.cz\/index.php?rest_route=\/wp\/v2\/pages\/1591\/revisions"}],"predecessor-version":[{"id":1615,"href":"https:\/\/veda.polac.cz\/index.php?rest_route=\/wp\/v2\/pages\/1591\/revisions\/1615"}],"wp:attachment":[{"href":"https:\/\/veda.polac.cz\/index.php?rest_route=%2Fwp%2Fv2%2Fmedia&parent=1591"}],"curies":[{"name":"wp","href":"https:\/\/api.w.org\/{rel}","templated":true}]}}