{"id":1588,"date":"2018-09-16T01:40:39","date_gmt":"2018-09-16T01:40:39","guid":{"rendered":"http:\/\/veda.polac.cz\/?page_id=1588"},"modified":"2018-10-27T19:00:21","modified_gmt":"2018-10-27T19:00:21","slug":"7-2-11","status":"publish","type":"page","link":"https:\/\/veda.polac.cz\/?page_id=1588","title":{"rendered":""},"content":{"rendered":"<p style=\"text-align: center;\">Resum\u00e9 \u010dl\u00e1nku<\/p>\n<p align=\"justify\"><b>KRUL\u00cdK, Old\u0159ich:<br \/>\nDOBROVOLNICTV\u00cd V BEZPE\u010cNOSTN\u00cd OBLASTI: P\u0158\u00cdKLAD Z ESTONSKA<br \/>\n<\/b><\/p>\n<p>Estonsko pat\u0159\u00ed v r\u00e1mci Evropsk\u00e9 unie mezi zem\u011b, kter\u00e9 se v sou\u010dasnosti sna\u017e\u00ed vypo\u0159\u00e1dat s velmi v\u00fdznamn\u00fdm depopula\u010dn\u00edm trendem (mezi lety 1999 a 2009 se jedn\u00e1 o \u00fabytek populace o zhruba 50 000 osob). To pro tuto m\u00e1lo lidnatou zemi znamen\u00e1 mimo jin\u00e9 v\u00fdzvy pro nach\u00e1zen\u00ed person\u00e1lu pro v\u00fdkon bezpe\u010dnostn\u00edch agend. Nemalou roli zde sehr\u00e1v\u00e1 propracovan\u00fd syst\u00e9m dobrovolnictv\u00ed.<br \/>\n<strong>Kl\u00ed\u010dov\u00e1 slova:<\/strong>\u00a0bezpe\u010dnost, dobrovolnictv\u00ed, Estonsko<\/p>\n<p><a href=\"https:\/\/veda.polac.cz\/?page_id=1557\">01\/2010<\/a><\/p>\n","protected":false},"excerpt":{"rendered":"<p>Resum\u00e9 \u010dl\u00e1nku KRUL\u00cdK, Old\u0159ich: DOBROVOLNICTV\u00cd V BEZPE\u010cNOSTN\u00cd OBLASTI: P\u0158\u00cdKLAD Z ESTONSKA Estonsko pat\u0159\u00ed v r\u00e1mci Evropsk\u00e9 unie mezi zem\u011b, kter\u00e9 se v sou\u010dasnosti sna\u017e\u00ed vypo\u0159\u00e1dat s velmi v\u00fdznamn\u00fdm depopula\u010dn\u00edm trendem (mezi lety 1999 a 2009 se jedn\u00e1 o \u00fabytek populace o zhruba 50 000 osob). To pro tuto m\u00e1lo lidnatou zemi znamen\u00e1 mimo jin\u00e9 v\u00fdzvy [&hellip;]<\/p>\n","protected":false},"author":2,"featured_media":0,"parent":0,"menu_order":7,"comment_status":"closed","ping_status":"closed","template":"","meta":{"footnotes":""},"class_list":["post-1588","page","type-page","status-publish","hentry"],"_links":{"self":[{"href":"https:\/\/veda.polac.cz\/index.php?rest_route=\/wp\/v2\/pages\/1588","targetHints":{"allow":["GET"]}}],"collection":[{"href":"https:\/\/veda.polac.cz\/index.php?rest_route=\/wp\/v2\/pages"}],"about":[{"href":"https:\/\/veda.polac.cz\/index.php?rest_route=\/wp\/v2\/types\/page"}],"author":[{"embeddable":true,"href":"https:\/\/veda.polac.cz\/index.php?rest_route=\/wp\/v2\/users\/2"}],"replies":[{"embeddable":true,"href":"https:\/\/veda.polac.cz\/index.php?rest_route=%2Fwp%2Fv2%2Fcomments&post=1588"}],"version-history":[{"count":2,"href":"https:\/\/veda.polac.cz\/index.php?rest_route=\/wp\/v2\/pages\/1588\/revisions"}],"predecessor-version":[{"id":1614,"href":"https:\/\/veda.polac.cz\/index.php?rest_route=\/wp\/v2\/pages\/1588\/revisions\/1614"}],"wp:attachment":[{"href":"https:\/\/veda.polac.cz\/index.php?rest_route=%2Fwp%2Fv2%2Fmedia&parent=1588"}],"curies":[{"name":"wp","href":"https:\/\/api.w.org\/{rel}","templated":true}]}}