{"id":1585,"date":"2018-09-16T01:39:30","date_gmt":"2018-09-16T01:39:30","guid":{"rendered":"http:\/\/veda.polac.cz\/?page_id=1585"},"modified":"2018-10-27T19:00:21","modified_gmt":"2018-10-27T19:00:21","slug":"6-2-12","status":"publish","type":"page","link":"https:\/\/veda.polac.cz\/?page_id=1585","title":{"rendered":""},"content":{"rendered":"<p style=\"text-align: center;\">Resum\u00e9 \u010dl\u00e1nku<\/p>\n<p align=\"justify\"><b>NESVADBA Petr:<br \/>\nNA JAK\u00ddCH P\u0158EDPOKLADECH BUDOVAT VE\u0158EJN\u00dd PROSTOR?<br \/>\n<\/b><\/p>\n<p>Autor soud\u00ed, \u017ee jedn\u00edm ze znepokojuj\u00edc\u00edch rys\u016f sou\u010dasn\u00e9 spole\u010dnosti je \u00fapadek ve\u0159ejn\u00e9ho prostoru a jeho p\u0159em\u011bna v jakousi &#8222;projekci&#8220; individu\u00e1ln\u00edch a skupinov\u00fdch z\u00e1jm\u016f. Vrac\u00ed se ke ko\u0159en\u016fm evropsk\u00e9ho my\u0161len\u00ed a dokl\u00e1d\u00e1, \u017ee jedn\u00edm z odkaz\u016f antiky byl z\u00e1vazek p\u00e9\u010de o &#8222;polis&#8220;. J\u00e1drem \u010dl\u00e1nku je autorova formulace p\u0159edpoklad\u016f, na nich\u017e by mohl b\u00fdt zalo\u017een obrat k v\u011bcn\u011b argumentovan\u00e9mu a konsensu\u00e1ln\u011b p\u0159ijat\u00e9mu hled\u00e1n\u00ed a tvorb\u011b ve\u0159ejn\u00e9ho prostoru jako\u017eto p\u016fdy pro setk\u00e1v\u00e1n\u00ed a porozum\u011bn\u00ed \u00fa\u010dastn\u00edk\u016f soci\u00e1ln\u00ed komunikace a interakce. Kl\u00ed\u010dovou podm\u00ednkou rozum\u00ed suspenzi v\u00fdlu\u010dnosti vlastn\u00edho stanoviska &#8211; tedy schopnost nahl\u00e9dnut\u00ed a respektov\u00e1n\u00ed &#8222;jin\u00e9ho&#8220; jako\u017eto &#8222;ciz\u00edho&#8220;. Ve\u0159ejn\u00fd prostor jev\u00ed se pak jako &#8222;prostor mezi&#8220; neboli rozm\u011br p\u0159esahu, kter\u00fd zakl\u00e1d\u00e1 a umo\u017e\u0148uje jak spole\u010dnou \u0159e\u010d (dia-log), tak i spole\u010dnou \u010dinnost.<br \/>\n<strong>Kl\u00ed\u010dov\u00e1 slova:<\/strong>\u00a0domov, jinakost, multikulturalismus, politika, porozum\u011bn\u00ed, p\u0159irozen\u00fd sv\u011bt, respekt, ve\u0159ejn\u00fd prostor<i><br \/>\n<\/i><\/p>\n<p><a href=\"https:\/\/veda.polac.cz\/?page_id=1557\">01\/2010<\/a><\/p>\n","protected":false},"excerpt":{"rendered":"<p>Resum\u00e9 \u010dl\u00e1nku NESVADBA Petr: NA JAK\u00ddCH P\u0158EDPOKLADECH BUDOVAT VE\u0158EJN\u00dd PROSTOR? Autor soud\u00ed, \u017ee jedn\u00edm ze znepokojuj\u00edc\u00edch rys\u016f sou\u010dasn\u00e9 spole\u010dnosti je \u00fapadek ve\u0159ejn\u00e9ho prostoru a jeho p\u0159em\u011bna v jakousi &#8222;projekci&#8220; individu\u00e1ln\u00edch a skupinov\u00fdch z\u00e1jm\u016f. Vrac\u00ed se ke ko\u0159en\u016fm evropsk\u00e9ho my\u0161len\u00ed a dokl\u00e1d\u00e1, \u017ee jedn\u00edm z odkaz\u016f antiky byl z\u00e1vazek p\u00e9\u010de o &#8222;polis&#8220;. J\u00e1drem \u010dl\u00e1nku je autorova [&hellip;]<\/p>\n","protected":false},"author":2,"featured_media":0,"parent":0,"menu_order":6,"comment_status":"closed","ping_status":"closed","template":"","meta":{"footnotes":""},"class_list":["post-1585","page","type-page","status-publish","hentry"],"_links":{"self":[{"href":"https:\/\/veda.polac.cz\/index.php?rest_route=\/wp\/v2\/pages\/1585","targetHints":{"allow":["GET"]}}],"collection":[{"href":"https:\/\/veda.polac.cz\/index.php?rest_route=\/wp\/v2\/pages"}],"about":[{"href":"https:\/\/veda.polac.cz\/index.php?rest_route=\/wp\/v2\/types\/page"}],"author":[{"embeddable":true,"href":"https:\/\/veda.polac.cz\/index.php?rest_route=\/wp\/v2\/users\/2"}],"replies":[{"embeddable":true,"href":"https:\/\/veda.polac.cz\/index.php?rest_route=%2Fwp%2Fv2%2Fcomments&post=1585"}],"version-history":[{"count":2,"href":"https:\/\/veda.polac.cz\/index.php?rest_route=\/wp\/v2\/pages\/1585\/revisions"}],"predecessor-version":[{"id":1613,"href":"https:\/\/veda.polac.cz\/index.php?rest_route=\/wp\/v2\/pages\/1585\/revisions\/1613"}],"wp:attachment":[{"href":"https:\/\/veda.polac.cz\/index.php?rest_route=%2Fwp%2Fv2%2Fmedia&parent=1585"}],"curies":[{"name":"wp","href":"https:\/\/api.w.org\/{rel}","templated":true}]}}