{"id":1582,"date":"2018-09-16T01:38:27","date_gmt":"2018-09-16T01:38:27","guid":{"rendered":"http:\/\/veda.polac.cz\/?page_id=1582"},"modified":"2018-10-27T19:00:21","modified_gmt":"2018-10-27T19:00:21","slug":"5-2-12","status":"publish","type":"page","link":"https:\/\/veda.polac.cz\/?page_id=1582","title":{"rendered":""},"content":{"rendered":"<p style=\"text-align: center;\">Resum\u00e9 \u010dl\u00e1nku<\/p>\n<p align=\"justify\"><b>DEPTA, Karol:<br \/>\nKOMPAR\u00c1CIA OCHRANY CITLIV\u00ddCH \u00daDAJOV V SLOVENSK\u00ddCH A CELOSVETOV\u00ddCH ONLINE SOCI\u00c1LNYCH SIE\u0164ACH<br \/>\n<\/b><\/p>\n<p>V pr\u00edspevku sa porovn\u00e1va s\u00fa\u010dasn\u00e1 \u00farove\u0148 ochrany osobn\u00fdch \u00fadajov v online soci\u00e1lnych sie\u0165ach s po\u017eadovanou \u00farov\u0148ou, ako ju vo svojom stanovisku definovala Pracovn\u00e1 skupina pre ochranu \u00fadajov zriaden\u00e1 pod\u013ea \u010dl\u00e1nku 29 smernice Eur\u00f3pskeho parlamentu a rady 95\/46\/EC. Ako reprezentanti s\u00fa\u010dasn\u00fdch online soci\u00e1lnych siet\u00ed boli zvolen\u00ed celosvetovo popul\u00e1rny Facebook a slovensk\u00fd Pokec. V \u00favode s\u00fa uveden\u00e9 charakteristiky slu\u017eieb soci\u00e1lnych siet\u00ed a \u00favaha o tom, kto je v zmysle smernice o ochrane osobn\u00fdch \u00fadajov prev\u00e1dzkovate\u013e a kto dotknut\u00e1 osoba. Pr\u00edspevok \u010falej dokumentuje jednotliv\u00e9 body stanoviska pracovnej skupiny a kontroluje sa, \u010di spomenut\u00e9 slu\u017eby soci\u00e1lnych siet\u00ed sp\u013a\u0148aj\u00fa povinnosti a odpor\u00fa\u010dania v danom bode. Nakoniec sa sumarizuj\u00fa v\u00fdsledky porovnania a kon\u0161tatuje sa, \u017ee hoci sa poskytovatelia slu\u017eieb soci\u00e1lnych siet\u00ed sna\u017eia o ochranu s\u00fakromia svojich pou\u017e\u00edvate\u013eov, zatia\u013e nie s\u00fa v \u00faplnom s\u00falade so stanoviskom pracovnej skupiny.<br \/>\n<strong>K\u013e\u00fa\u010dov\u00e9 slov\u00e1:<\/strong>\u00a0slu\u017eby soci\u00e1lnych siet\u00ed, online komunita, ochrana osobn\u00fdch \u00fadajov, ochrana s\u00fakromia, prev\u00e1dzkovate\u013e, poskytovate\u013e, dotknut\u00e1 osoba, pou\u017e\u00edvate\u013e.<\/p>\n<p><a href=\"https:\/\/veda.polac.cz\/?page_id=1557\">01\/2010<\/a><\/p>\n","protected":false},"excerpt":{"rendered":"<p>Resum\u00e9 \u010dl\u00e1nku DEPTA, Karol: KOMPAR\u00c1CIA OCHRANY CITLIV\u00ddCH \u00daDAJOV V SLOVENSK\u00ddCH A CELOSVETOV\u00ddCH ONLINE SOCI\u00c1LNYCH SIE\u0164ACH V pr\u00edspevku sa porovn\u00e1va s\u00fa\u010dasn\u00e1 \u00farove\u0148 ochrany osobn\u00fdch \u00fadajov v online soci\u00e1lnych sie\u0165ach s po\u017eadovanou \u00farov\u0148ou, ako ju vo svojom stanovisku definovala Pracovn\u00e1 skupina pre ochranu \u00fadajov zriaden\u00e1 pod\u013ea \u010dl\u00e1nku 29 smernice Eur\u00f3pskeho parlamentu a rady 95\/46\/EC. Ako reprezentanti s\u00fa\u010dasn\u00fdch [&hellip;]<\/p>\n","protected":false},"author":2,"featured_media":0,"parent":0,"menu_order":5,"comment_status":"closed","ping_status":"closed","template":"","meta":{"footnotes":""},"class_list":["post-1582","page","type-page","status-publish","hentry"],"_links":{"self":[{"href":"https:\/\/veda.polac.cz\/index.php?rest_route=\/wp\/v2\/pages\/1582","targetHints":{"allow":["GET"]}}],"collection":[{"href":"https:\/\/veda.polac.cz\/index.php?rest_route=\/wp\/v2\/pages"}],"about":[{"href":"https:\/\/veda.polac.cz\/index.php?rest_route=\/wp\/v2\/types\/page"}],"author":[{"embeddable":true,"href":"https:\/\/veda.polac.cz\/index.php?rest_route=\/wp\/v2\/users\/2"}],"replies":[{"embeddable":true,"href":"https:\/\/veda.polac.cz\/index.php?rest_route=%2Fwp%2Fv2%2Fcomments&post=1582"}],"version-history":[{"count":2,"href":"https:\/\/veda.polac.cz\/index.php?rest_route=\/wp\/v2\/pages\/1582\/revisions"}],"predecessor-version":[{"id":1612,"href":"https:\/\/veda.polac.cz\/index.php?rest_route=\/wp\/v2\/pages\/1582\/revisions\/1612"}],"wp:attachment":[{"href":"https:\/\/veda.polac.cz\/index.php?rest_route=%2Fwp%2Fv2%2Fmedia&parent=1582"}],"curies":[{"name":"wp","href":"https:\/\/api.w.org\/{rel}","templated":true}]}}