{"id":1579,"date":"2018-09-16T01:37:10","date_gmt":"2018-09-16T01:37:10","guid":{"rendered":"http:\/\/veda.polac.cz\/?page_id=1579"},"modified":"2018-10-27T19:00:21","modified_gmt":"2018-10-27T19:00:21","slug":"4-2-12","status":"publish","type":"page","link":"https:\/\/veda.polac.cz\/?page_id=1579","title":{"rendered":""},"content":{"rendered":"<p style=\"text-align: center;\">Resum\u00e9 \u010dl\u00e1nku<\/p>\n<p align=\"justify\"><b>KURIL, Michal:<br \/>\nDISKRIMIN\u00c1CIA V PRACOVNOPR\u00c1VNYCH VZ\u0164AHOCH (NIEKO\u013dKO POZN\u00c1MOK K MO\u017dNOSTIAM PR\u00c1VNEJ OCHRANY V SLOVENSKEJ REPUBLIKE)<br \/>\n<\/b><\/p>\n<p>Z\u00e1sada z\u00e1kazu diskrimin\u00e1cie predstavuje v pr\u00e1vnych a demokratick\u00fdch \u0161t\u00e1toch sveta vr\u00e1tane pr\u00e1vneho priestoru \u010dlensk\u00fdch \u0161t\u00e1tov Eur\u00f3pskej \u00fanie jeden zo z\u00e1-kladn\u00fdch pilierov ich modern\u00fdch a vyspel\u00fdch pr\u00e1vnych poriadkov. Implementovanie a efekt\u00edvne vykon\u00e1vanie normat\u00edvnych pravidiel postaven\u00fdch na hodnotov\u00fdch z\u00e1kladoch rovnak\u00e9ho zaobch\u00e1dzania napom\u00e1ha vytv\u00e1ra\u0165 predpoklady v z\u00e1sade bezprobl\u00e9mov\u00e9ho fungovania pr\u00e1vneho syst\u00e9mu ako celku. Hoci oblas\u0165 pr\u00e1vnej ochrany pred nerovnak\u00fdm zaobch\u00e1dzan\u00edm mo\u017eno kvalifikova\u0165 ako pomerne komplexn\u00fa, i tu objavujeme ur\u010dit\u00e9 odborn\u00e9 v\u00fdzvy, na ktor\u00e9 sme sa v spracovanom pr\u00edspevku pok\u00fasili pouk\u00e1za\u0165.<\/p>\n<p><a href=\"https:\/\/veda.polac.cz\/?page_id=1557\">01\/2010<\/a><\/p>\n","protected":false},"excerpt":{"rendered":"<p>Resum\u00e9 \u010dl\u00e1nku KURIL, Michal: DISKRIMIN\u00c1CIA V PRACOVNOPR\u00c1VNYCH VZ\u0164AHOCH (NIEKO\u013dKO POZN\u00c1MOK K MO\u017dNOSTIAM PR\u00c1VNEJ OCHRANY V SLOVENSKEJ REPUBLIKE) Z\u00e1sada z\u00e1kazu diskrimin\u00e1cie predstavuje v pr\u00e1vnych a demokratick\u00fdch \u0161t\u00e1toch sveta vr\u00e1tane pr\u00e1vneho priestoru \u010dlensk\u00fdch \u0161t\u00e1tov Eur\u00f3pskej \u00fanie jeden zo z\u00e1-kladn\u00fdch pilierov ich modern\u00fdch a vyspel\u00fdch pr\u00e1vnych poriadkov. Implementovanie a efekt\u00edvne vykon\u00e1vanie normat\u00edvnych pravidiel postaven\u00fdch na hodnotov\u00fdch z\u00e1kladoch rovnak\u00e9ho [&hellip;]<\/p>\n","protected":false},"author":2,"featured_media":0,"parent":0,"menu_order":4,"comment_status":"closed","ping_status":"closed","template":"","meta":{"footnotes":""},"class_list":["post-1579","page","type-page","status-publish","hentry"],"_links":{"self":[{"href":"https:\/\/veda.polac.cz\/index.php?rest_route=\/wp\/v2\/pages\/1579","targetHints":{"allow":["GET"]}}],"collection":[{"href":"https:\/\/veda.polac.cz\/index.php?rest_route=\/wp\/v2\/pages"}],"about":[{"href":"https:\/\/veda.polac.cz\/index.php?rest_route=\/wp\/v2\/types\/page"}],"author":[{"embeddable":true,"href":"https:\/\/veda.polac.cz\/index.php?rest_route=\/wp\/v2\/users\/2"}],"replies":[{"embeddable":true,"href":"https:\/\/veda.polac.cz\/index.php?rest_route=%2Fwp%2Fv2%2Fcomments&post=1579"}],"version-history":[{"count":2,"href":"https:\/\/veda.polac.cz\/index.php?rest_route=\/wp\/v2\/pages\/1579\/revisions"}],"predecessor-version":[{"id":1611,"href":"https:\/\/veda.polac.cz\/index.php?rest_route=\/wp\/v2\/pages\/1579\/revisions\/1611"}],"wp:attachment":[{"href":"https:\/\/veda.polac.cz\/index.php?rest_route=%2Fwp%2Fv2%2Fmedia&parent=1579"}],"curies":[{"name":"wp","href":"https:\/\/api.w.org\/{rel}","templated":true}]}}