{"id":1575,"date":"2018-09-16T01:35:37","date_gmt":"2018-09-16T01:35:37","guid":{"rendered":"http:\/\/veda.polac.cz\/?page_id=1575"},"modified":"2018-10-27T19:00:21","modified_gmt":"2018-10-27T19:00:21","slug":"3-2-13","status":"publish","type":"page","link":"https:\/\/veda.polac.cz\/?page_id=1575","title":{"rendered":""},"content":{"rendered":"<p style=\"text-align: center;\">Resum\u00e9 \u010dl\u00e1nku<\/p>\n<p align=\"justify\"><b>MARE\u0160, Miroslav:<br \/>\nPARAMILITARISMUS JAKO BEZPE\u010cNOSTN\u00cd HROZBA PRO \u010cESKOU REPUBLIKU<br \/>\n<\/b><\/p>\n<p>Soudob\u00fd paramilitarismus je v n\u011bkter\u00fdch sv\u00fdch form\u00e1ch specifickou bezpe\u010d-nostn\u00ed hrozbou, zvl\u00e1\u0161t\u011b pokud je uskute\u010d\u0148ov\u00e1n pravicov\u011b extremistick\u00fdmi skupinami. Na evropsk\u00e9m kontinentu existuj\u00ed r\u016fzn\u00e9 formy nest\u00e1tn\u00edho paramilitarismu. Na Balk\u00e1n\u011b a v postsov\u011btsk\u00e9m prostoru se paramilit\u00e1rn\u00ed jednotky zapojily do m\u00edstn\u00edch v\u00e1le\u010dn\u00fdch konflikt\u016f a jejich \u010dlenov\u00e9 se dodnes sna\u017e\u00ed m\u00edt vliv na politick\u00e9 d\u011bn\u00ed. Ve st\u0159edov\u00fdchodn\u00ed Evrop\u011b je hlavn\u00edm c\u00edlem krajn\u011b pravicov\u00fdch paramilit\u00e1rn\u00edch skupin vigilantismus proti romsk\u00fdch komunit\u00e1m. Nov\u00fdm trendem je vytv\u00e1\u0159en\u00ed paramilit\u00e1rn\u00edch jednotek s c\u00edlem zv\u00fd\u0161it popularitu politick\u00fdm stran\u00e1m. Nap\u0159. ma\u010farsk\u00e1 strana Jobbik usp\u011bla v evropsk\u00fdch volb\u00e1ch 2009 pot\u00e9, co v roce 2007 zalo\u017eila Ma\u010farskou gardu. V \u010desk\u00fdch zem\u00edch maj\u00ed extr\u00e9mn\u011b pravicov\u00e9 paramilit\u00e1rn\u00ed jednotky tradice z obdob\u00ed prvn\u00ed i druh\u00e9 \u010deskoslovensk\u00e9 republiky a z obdob\u00ed protektor\u00e1tu \u010cechy a Morava. Nov\u00e9 \u00e9ra jejich rozvoje nastala v 90. letech. Soudob\u00fdmi hlavn\u00edmi paramilit\u00e1rn\u00edmi organizacemi jsou Ochrann\u00e9 sbory D\u011blnick\u00e9 strany, zalo\u017een\u00e9 v roce 2007. Naopak pouze velmi omezen\u00e1 je \u010dinnost N\u00e1rodn\u00ed gardy N\u00e1rodn\u00ed strany. Extr\u00e9mn\u011b pravicov\u00e9 paramilit\u00e1rn\u00ed jednotky p\u0159edstavuj\u00ed v\u00fdzvu pro \u010desk\u00e9 pr\u00e1vo. Ozbrojen\u00e9 stranick\u00e9 jednotky a sdru\u017een\u00ed jsou zak\u00e1z\u00e1ny. Av\u0161ak pr\u00e1vn\u00ed regulace organizovan\u00e9ho vigilantismu je nejasn\u00e1. Extr\u00e9mn\u011b pravicov\u00fd paramilit\u00e1rn\u00ed vigilantismus bude bezpe\u010dnostn\u00ed hrozbou v \u010cR i v budoucnu, zvl\u00e1\u0161t\u011b pokud se zradikalizuj\u00ed etnick\u00e9 spory.<br \/>\nTento p\u0159\u00edsp\u011bvek byl zpracov\u00e1n v r\u00e1mci projektu GA407\/09\/0100 &#8222;Soudob\u00fd paramilitarismus v \u010cesk\u00e9 republice v kontextu transnacion\u00e1ln\u00edch v\u00fdvojov\u00fdch trend\u016f politick\u00e9ho n\u00e1sil\u00ed v Evrop\u011b&#8220;.<i><br \/>\n<\/i><\/p>\n<p><a href=\"https:\/\/veda.polac.cz\/?page_id=1557\">01\/2010<\/a><\/p>\n","protected":false},"excerpt":{"rendered":"<p>Resum\u00e9 \u010dl\u00e1nku MARE\u0160, Miroslav: PARAMILITARISMUS JAKO BEZPE\u010cNOSTN\u00cd HROZBA PRO \u010cESKOU REPUBLIKU Soudob\u00fd paramilitarismus je v n\u011bkter\u00fdch sv\u00fdch form\u00e1ch specifickou bezpe\u010d-nostn\u00ed hrozbou, zvl\u00e1\u0161t\u011b pokud je uskute\u010d\u0148ov\u00e1n pravicov\u011b extremistick\u00fdmi skupinami. Na evropsk\u00e9m kontinentu existuj\u00ed r\u016fzn\u00e9 formy nest\u00e1tn\u00edho paramilitarismu. Na Balk\u00e1n\u011b a v postsov\u011btsk\u00e9m prostoru se paramilit\u00e1rn\u00ed jednotky zapojily do m\u00edstn\u00edch v\u00e1le\u010dn\u00fdch konflikt\u016f a jejich \u010dlenov\u00e9 se dodnes [&hellip;]<\/p>\n","protected":false},"author":2,"featured_media":0,"parent":0,"menu_order":3,"comment_status":"closed","ping_status":"closed","template":"","meta":{"footnotes":""},"class_list":["post-1575","page","type-page","status-publish","hentry"],"_links":{"self":[{"href":"https:\/\/veda.polac.cz\/index.php?rest_route=\/wp\/v2\/pages\/1575","targetHints":{"allow":["GET"]}}],"collection":[{"href":"https:\/\/veda.polac.cz\/index.php?rest_route=\/wp\/v2\/pages"}],"about":[{"href":"https:\/\/veda.polac.cz\/index.php?rest_route=\/wp\/v2\/types\/page"}],"author":[{"embeddable":true,"href":"https:\/\/veda.polac.cz\/index.php?rest_route=\/wp\/v2\/users\/2"}],"replies":[{"embeddable":true,"href":"https:\/\/veda.polac.cz\/index.php?rest_route=%2Fwp%2Fv2%2Fcomments&post=1575"}],"version-history":[{"count":2,"href":"https:\/\/veda.polac.cz\/index.php?rest_route=\/wp\/v2\/pages\/1575\/revisions"}],"predecessor-version":[{"id":1610,"href":"https:\/\/veda.polac.cz\/index.php?rest_route=\/wp\/v2\/pages\/1575\/revisions\/1610"}],"wp:attachment":[{"href":"https:\/\/veda.polac.cz\/index.php?rest_route=%2Fwp%2Fv2%2Fmedia&parent=1575"}],"curies":[{"name":"wp","href":"https:\/\/api.w.org\/{rel}","templated":true}]}}