{"id":1573,"date":"2018-09-16T01:34:05","date_gmt":"2018-09-16T01:34:05","guid":{"rendered":"http:\/\/veda.polac.cz\/?page_id=1573"},"modified":"2018-11-02T22:24:46","modified_gmt":"2018-11-02T22:24:46","slug":"2-2-14","status":"publish","type":"page","link":"https:\/\/veda.polac.cz\/?page_id=1573","title":{"rendered":""},"content":{"rendered":"<p style=\"text-align: center;\">Resum\u00e9 \u010dl\u00e1nku<\/p>\n<p align=\"justify\"><b>ZUZ\u00c1K, Roman, K\u00d6NIGOV\u00c1, Martina, URBANCOV\u00c1, Hana, BA\u010cOVSK\u00dd, Michal:<br \/>\nTRANSFER ZNALOST\u00cd V ODLI\u0160N\u00ddCH ORGANIZA\u010cN\u00cdCH STRUKTUR\u00c1CH<br \/>\n<\/b><\/p>\n<p>P\u0159\u00edsp\u011bvek se zab\u00fdv\u00e1 vztahem mezi organiza\u010dn\u00ed strukturou a transferem znalost\u00ed v organizaci. Organiza\u010dn\u00ed struktura m\u016f\u017ee v\u00fdznamn\u00fdm zp\u016fsobem ovlivnit p\u0159enos zejm\u00e9na tacitn\u00edch znalost\u00ed, kter\u00e9 jsou pro \u00fasp\u011bch organizace v literatu\u0159e pova\u017eov\u00e1ny za podstatn\u011bj\u0161\u00ed ne\u017e znalosti explicitn\u00ed. Tacitn\u00ed znalosti nemohou b\u00fdt vyj\u00e1d\u0159eny p\u0159\u00edmo form\u00e1ln\u00edm zp\u016fsobem jako explicitn\u00ed (po\u0159\u00edzen\u00edm z\u00e1pisu, nahr\u00e1vky, p\u0159edpisu), ale \u010d\u00e1st tacitn\u00edch znalost\u00ed, tzv. implicitn\u00ed znalosti, ji\u017e takto zformalizovat lze. Tacitn\u00ed znalosti se pak p\u0159ed\u00e1vaj\u00ed zejm\u00e9na osobn\u00edm kontaktem mezi lidmi, odpozorov\u00e1n\u00edm postup\u016f \u010di u\u010den\u00ed se ze zku\u0161enost\u00ed jin\u00fdch. Hlavn\u00ed vliv organiza\u010dn\u00ed struktury na p\u0159enos tacitn\u00edch znalost\u00ed se realizuje regulov\u00e1n\u00edm neform\u00e1ln\u00edch kontakt\u016f a vztah\u016f mezi kolegy. V p\u0159\u00edsn\u011b hierarchicky veden\u00fdch organizac\u00edch jsou neform\u00e1ln\u00ed vztahy omezeny a p\u0159enos tacitn\u00edch znalost\u00ed prob\u00edh\u00e1 sn\u00ed\u017eenou m\u011brou. Veden\u00ed organizace by m\u011blo um\u011bt naj\u00edt vhodnou rovnov\u00e1hu mezi nezbytn\u00fdm hierarchick\u00fdm upevn\u011bn\u00edm v organizaci a dostatkem prostoru pro p\u0159enos tacitn\u00edch znalost\u00ed mezi pracovn\u00edky.<br \/>\n<strong>Kl\u00ed\u010dov\u00e1 slova:<\/strong>\u00a0znalost, \u0159\u00edzen\u00ed znalost\u00ed, explicitn\u00ed znalost, tacitn\u00ed znalost, organiza\u010dn\u00ed struktura, organiza\u010dn\u00ed kultura<\/p>\n<p><a href=\"https:\/\/veda.polac.cz\/?page_id=1557\">01\/2010<\/a><\/p>\n","protected":false},"excerpt":{"rendered":"<p>Resum\u00e9 \u010dl\u00e1nku ZUZ\u00c1K, Roman, K\u00d6NIGOV\u00c1, Martina, URBANCOV\u00c1, Hana, BA\u010cOVSK\u00dd, Michal: TRANSFER ZNALOST\u00cd V ODLI\u0160N\u00ddCH ORGANIZA\u010cN\u00cdCH STRUKTUR\u00c1CH P\u0159\u00edsp\u011bvek se zab\u00fdv\u00e1 vztahem mezi organiza\u010dn\u00ed strukturou a transferem znalost\u00ed v organizaci. Organiza\u010dn\u00ed struktura m\u016f\u017ee v\u00fdznamn\u00fdm zp\u016fsobem ovlivnit p\u0159enos zejm\u00e9na tacitn\u00edch znalost\u00ed, kter\u00e9 jsou pro \u00fasp\u011bch organizace v literatu\u0159e pova\u017eov\u00e1ny za podstatn\u011bj\u0161\u00ed ne\u017e znalosti explicitn\u00ed. Tacitn\u00ed znalosti nemohou b\u00fdt [&hellip;]<\/p>\n","protected":false},"author":2,"featured_media":0,"parent":1557,"menu_order":2,"comment_status":"closed","ping_status":"closed","template":"","meta":{"footnotes":""},"class_list":["post-1573","page","type-page","status-publish","hentry"],"_links":{"self":[{"href":"https:\/\/veda.polac.cz\/index.php?rest_route=\/wp\/v2\/pages\/1573","targetHints":{"allow":["GET"]}}],"collection":[{"href":"https:\/\/veda.polac.cz\/index.php?rest_route=\/wp\/v2\/pages"}],"about":[{"href":"https:\/\/veda.polac.cz\/index.php?rest_route=\/wp\/v2\/types\/page"}],"author":[{"embeddable":true,"href":"https:\/\/veda.polac.cz\/index.php?rest_route=\/wp\/v2\/users\/2"}],"replies":[{"embeddable":true,"href":"https:\/\/veda.polac.cz\/index.php?rest_route=%2Fwp%2Fv2%2Fcomments&post=1573"}],"version-history":[{"count":2,"href":"https:\/\/veda.polac.cz\/index.php?rest_route=\/wp\/v2\/pages\/1573\/revisions"}],"predecessor-version":[{"id":1609,"href":"https:\/\/veda.polac.cz\/index.php?rest_route=\/wp\/v2\/pages\/1573\/revisions\/1609"}],"up":[{"embeddable":true,"href":"https:\/\/veda.polac.cz\/index.php?rest_route=\/wp\/v2\/pages\/1557"}],"wp:attachment":[{"href":"https:\/\/veda.polac.cz\/index.php?rest_route=%2Fwp%2Fv2%2Fmedia&parent=1573"}],"curies":[{"name":"wp","href":"https:\/\/api.w.org\/{rel}","templated":true}]}}