{"id":1557,"date":"2018-09-16T01:31:01","date_gmt":"2018-09-16T01:31:01","guid":{"rendered":"http:\/\/veda.polac.cz\/?page_id=1557"},"modified":"2019-04-18T10:37:39","modified_gmt":"2019-04-18T10:37:39","slug":"01-2010","status":"publish","type":"page","link":"https:\/\/veda.polac.cz\/?page_id=1557","title":{"rendered":"01\/2010"},"content":{"rendered":"<p><a href=\"https:\/\/veda.polac.cz\/?page_id=1570\"><strong>V\u011b\u010dn\u00e9 my\u0161lenky o p\u016fvodu (podstat\u011b) st\u00e1tu a o metod\u00e1ch vl\u00e1dnut\u00ed v pr\u00e1vn\u00edm st\u00e1t\u011b<\/strong><\/a><br \/>\ndoc. JUDr. Vladim\u00edr Zoubek, CSc.<\/p>\n<hr \/>\n<p><a href=\"https:\/\/veda.polac.cz\/?page_id=1573\"><strong>Transfer znalost\u00ed v odli\u0161n\u00fdch organiza\u010dn\u00edch struktur\u00e1ch<\/strong><\/a><br \/>\ndoc. Ing. Roman Zuz\u00e1k, Ph.D., Ing. Martina K\u00f6nigov\u00e1, Ph.D., Ing. Hana Urbancov\u00e1, Ing. Michal Ba\u010dovsk\u00fd<\/p>\n<hr \/>\n<p><a href=\"https:\/\/veda.polac.cz\/?page_id=1575\"><strong>Paramilitarismus jako bezpe\u010dnostn\u00ed hrozba pro \u010ceskou republiku<\/strong><\/a><br \/>\ndoc. JUDr. PhDr. Miroslav Mare\u0161, PhD.<\/p>\n<hr \/>\n<p><a href=\"https:\/\/veda.polac.cz\/?page_id=1579\"><strong>Diskrimin\u00e1cia v pracovnopr\u00e1vnych vz\u0165ahoch (nieko\u013eko pozn\u00e1mok k mo\u017enostiam pr\u00e1vnej ochrany v Slovenskej republike)<\/strong><\/a><br \/>\nJUDr. Michal Kuril, PhD.<\/p>\n<hr \/>\n<p><a href=\"https:\/\/veda.polac.cz\/?page_id=1582\"><strong>Kompar\u00e1cia ochrany citliv\u00fdch \u00fadajov v slovensk\u00fdch a celosvetov\u00fdch online soci\u00e1lnych sie\u0165ach<\/strong><\/a><br \/>\nIng. Karol Depta<\/p>\n<hr \/>\n<p><a href=\"https:\/\/veda.polac.cz\/?page_id=1585\"><strong>Na jak\u00fdch p\u0159edpokladech budovat ve\u0159ejn\u00fd prostor?<\/strong><\/a><br \/>\nPhDr. Petr Nesvadba, CSc.<\/p>\n<hr \/>\n<p><a href=\"https:\/\/veda.polac.cz\/?page_id=1588\"><strong>Dobrovolnictv\u00ed v bezpe\u010dnostn\u00ed oblasti: P\u0159\u00edklad z Estonska<\/strong><\/a><br \/>\nMgr. Old\u0159ich Krul\u00edk, Ph.D.<\/p>\n<hr \/>\n<p><a href=\"https:\/\/veda.polac.cz\/?page_id=1591\"><strong>K n\u011bkter\u00fdm probl\u00e9m\u016fm \u00fastavn\u00edch dekret\u016f prezidenta republiky v souvislosti s Lisabonskou smlouvou<\/strong><\/a><br \/>\nMgr. Ale\u0161 Zp\u011bv\u00e1k, Mgr. Anna Pleierov\u00e1<\/p>\n<hr \/>\n<p><a href=\"https:\/\/veda.polac.cz\/?page_id=1594\"><strong>Multikultura a Policie \u010cesk\u00e9 republiky<\/strong><\/a><br \/>\nMgr. et Bc. Jan Daleck\u00fd, Mgr. Zden\u011bk Chmela<\/p>\n<hr \/>\n<p><a href=\"https:\/\/veda.polac.cz\/?page_id=1600\"><strong>Dokazov\u00e1n\u00ed svobodn\u00e9ho a informovan\u00e9ho souhlasu v souvislosti s poskytov\u00e1n\u00edm zdravotn\u00ed p\u00e9\u010de<\/strong><\/a><br \/>\nJUDr. Nikolaj Hrib, Ph.D.<\/p>\n<hr \/>\n<p><a href=\"https:\/\/veda.polac.cz\/?page_id=1596\"><strong>Korupce v na\u0161\u00ed spole\u010dnosti<\/strong><\/a><br \/>\nJUDr. Franti\u0161ek Novotn\u00fd<\/p>\n<hr \/>\n<p><a href=\"https:\/\/veda.polac.cz\/?page_id=1603\"><strong>Novelizace z\u00e1kona o shroma\u017e\u010fov\u00e1n\u00ed z hlediska ochrany demokracie:\u00a0\u00a0<\/strong><strong>Z\u00e1kaz maskov\u00e1n\u00ed<\/strong><\/a><br \/>\nBc. V\u00e1clav Walach<\/p>\n<hr \/>\n<p><strong>Recenze monografie &#8222;Mistrovsk\u00e9 \u0159\u00edzen\u00ed lidsk\u00fdch zdroj\u016f&#8220;<\/strong><br \/>\nMgr. Anton\u00edn Slab\u00fd<\/p>\n<hr \/>\n<p><strong>Informace o kon\u00e1n\u00ed 97. \u017dof\u00ednsk\u00e9ho f\u00f3ra\u00a0<\/strong><br \/>\n<strong>&#8222;Kde se zastav\u00ed n\u00e1\u0161 propad v \u017eeb\u0159\u00ed\u010dku korupce?&#8220;<\/strong><br \/>\nPhDr. Petr Jedin\u00e1k, Ph.D.<\/p>\n<hr \/>\n<p><a href=\"https:\/\/veda.polac.cz\/?page_id=235\">Zp\u011bt<\/a><\/p>\n","protected":false},"excerpt":{"rendered":"<p>V\u011b\u010dn\u00e9 my\u0161lenky o p\u016fvodu (podstat\u011b) st\u00e1tu a o metod\u00e1ch vl\u00e1dnut\u00ed v pr\u00e1vn\u00edm st\u00e1t\u011b doc. JUDr. Vladim\u00edr Zoubek, CSc. Transfer znalost\u00ed v odli\u0161n\u00fdch organiza\u010dn\u00edch struktur\u00e1ch doc. Ing. Roman Zuz\u00e1k, Ph.D., Ing. Martina K\u00f6nigov\u00e1, Ph.D., Ing. Hana Urbancov\u00e1, Ing. Michal Ba\u010dovsk\u00fd Paramilitarismus jako bezpe\u010dnostn\u00ed hrozba pro \u010ceskou republiku doc. JUDr. PhDr. Miroslav Mare\u0161, PhD. Diskrimin\u00e1cia v pracovnopr\u00e1vnych [&hellip;]<\/p>\n","protected":false},"author":2,"featured_media":0,"parent":235,"menu_order":28,"comment_status":"closed","ping_status":"closed","template":"","meta":{"footnotes":""},"class_list":["post-1557","page","type-page","status-publish","hentry"],"_links":{"self":[{"href":"https:\/\/veda.polac.cz\/index.php?rest_route=\/wp\/v2\/pages\/1557","targetHints":{"allow":["GET"]}}],"collection":[{"href":"https:\/\/veda.polac.cz\/index.php?rest_route=\/wp\/v2\/pages"}],"about":[{"href":"https:\/\/veda.polac.cz\/index.php?rest_route=\/wp\/v2\/types\/page"}],"author":[{"embeddable":true,"href":"https:\/\/veda.polac.cz\/index.php?rest_route=\/wp\/v2\/users\/2"}],"replies":[{"embeddable":true,"href":"https:\/\/veda.polac.cz\/index.php?rest_route=%2Fwp%2Fv2%2Fcomments&post=1557"}],"version-history":[{"count":14,"href":"https:\/\/veda.polac.cz\/index.php?rest_route=\/wp\/v2\/pages\/1557\/revisions"}],"predecessor-version":[{"id":2607,"href":"https:\/\/veda.polac.cz\/index.php?rest_route=\/wp\/v2\/pages\/1557\/revisions\/2607"}],"up":[{"embeddable":true,"href":"https:\/\/veda.polac.cz\/index.php?rest_route=\/wp\/v2\/pages\/235"}],"wp:attachment":[{"href":"https:\/\/veda.polac.cz\/index.php?rest_route=%2Fwp%2Fv2%2Fmedia&parent=1557"}],"curies":[{"name":"wp","href":"https:\/\/api.w.org\/{rel}","templated":true}]}}