{"id":1519,"date":"2018-09-16T01:09:07","date_gmt":"2018-09-16T01:09:07","guid":{"rendered":"http:\/\/veda.polac.cz\/?page_id=1519"},"modified":"2019-04-18T10:38:14","modified_gmt":"2019-04-18T10:38:14","slug":"02-2010","status":"publish","type":"page","link":"https:\/\/veda.polac.cz\/?page_id=1519","title":{"rendered":"02\/2010"},"content":{"rendered":"<p><a href=\"https:\/\/veda.polac.cz\/?page_id=1518\"><strong>\u00damluva o kybernetick\u00e9 kriminalit\u011b a neopr\u00e1vn\u011bn\u00fd z\u00e1sah do po\u010d\u00edta\u010dov\u00e9ho syst\u00e9mu<\/strong><\/a><br \/>\nJUDr. Petr Voleveck\u00fd<\/p>\n<hr \/>\n<p><a href=\"https:\/\/veda.polac.cz\/?page_id=1523\"><strong>Od dat k moudrosti. Diskuse z pohledu pozn\u00e1v\u00e1n\u00ed a business inteligence<\/strong><\/a><br \/>\nJUDr. Jan Anderle, Ing. Milan Kn\u00fd, CSc.<\/p>\n<hr \/>\n<p><a href=\"https:\/\/veda.polac.cz\/?page_id=1526\"><strong>Psychologick\u00e9 tr\u00e9ninky jako efektivn\u00ed technologie v syst\u00e9mu p\u0159\u00edpravy bezpe\u010dnostn\u00edch sil na Ukrajin\u011b<\/strong><\/a><br \/>\nV. N. Bes\u010dastnyj<\/p>\n<hr \/>\n<p><a href=\"https:\/\/veda.polac.cz\/?page_id=1529\"><strong>Opot\u0159eben\u00ed pode\u0161ve obuvi v z\u00e1vislosti na \u010dase<\/strong><\/a><br \/>\nprof. PhDr. Ji\u0159\u00ed Straus, DrSc., Mgr. Martin Vom\u00e1\u010dka, Ing. Dagmar Nov\u00e1kov\u00e1<\/p>\n<hr \/>\n<p><a href=\"https:\/\/veda.polac.cz\/?page_id=1532\"><strong>Typologie v\u00fdhr\u016f\u017en\u00fdch dopis\u016f<\/strong><\/a><br \/>\nPhDr. Jitka Vesel\u00e1<\/p>\n<hr \/>\n<p><a href=\"https:\/\/veda.polac.cz\/?page_id=1535\"><strong>Zkou\u0161ka spolehlivosti &#8211; kl\u00ed\u010dov\u00e9 probl\u00e9my<\/strong><\/a><br \/>\nJUDr. Benedikt Vangeli<\/p>\n<hr \/>\n<p><a href=\"https:\/\/veda.polac.cz\/?page_id=1538\"><strong>N\u011bkolik pozn\u00e1mek k organizovan\u00e9 zlo\u010dineck\u00e9 skupin\u011b\u00a0<\/strong><\/a><br \/>\nBc. Lucie Meisnerov\u00e1<\/p>\n<hr \/>\n<p><a href=\"https:\/\/veda.polac.cz\/?page_id=1541\"><strong>Geografick\u00fd informa\u010dn\u00fd syst\u00e9m a \u0161tatistick\u00e9 zobrazovanie dopravnej nehodovosti pomocou digit\u00e1lnych d\u00e1t\u00a0<\/strong><\/a><br \/>\npplk. JUDr. Miroslav Felcan, PhD.<\/p>\n<hr \/>\n<p><a href=\"https:\/\/veda.polac.cz\/?page_id=1544\"><strong>Syst\u00e9m v\u010dasn\u00e9 intervence a jeho informa\u010dn\u00ed \u010d\u00e1st<\/strong><\/a><br \/>\npor. Mgr. Nina Kopeck\u00e1, Blanka \u0160ubrtov\u00e1, Mgr. Ferdinand Raditsch<\/p>\n<hr \/>\n<p><a href=\"https:\/\/veda.polac.cz\/?page_id=1548\"><strong>Kl\u00ed\u010dov\u00e9 kompetence mana\u017eera v dokumentech EU a \u010cR<\/strong><\/a><br \/>\nMgr. Anton\u00edn Slab\u00fd<\/p>\n<hr \/>\n<p><a href=\"https:\/\/veda.polac.cz\/?page_id=1550\"><strong>Profilace cestuj\u00edc\u00edch jako bezpe\u010dnostn\u00ed metoda na leti\u0161t\u00edch<\/strong><\/a><br \/>\nBc. Ing. Daniel Mar\u0161\u00e1lek, doc. Mgr. Ing. Radom\u00edr \u0160\u010durek, Ph.D.<\/p>\n<hr \/>\n<p><a href=\"https:\/\/veda.polac.cz\/?page_id=1553\"><strong>Priorita v pr\u00e1ci mana\u017eera &#8211; um\u011bn\u00ed \u0159\u00eddit lidsk\u00e9 zdroje<\/strong><\/a><br \/>\nPhDr. Petr Jedin\u00e1k, Ph.D.<\/p>\n<hr \/>\n<p><strong>Studentsk\u00e1 v\u011bdeck\u00e1 a odborn\u00e1 \u010dinnost na Policejn\u00ed akademii \u010cR v Praze v roce 2010<\/strong><br \/>\nprof. PhDr. Ji\u0159\u00ed Straus, DrSc.<\/p>\n<hr \/>\n<p><strong>V\u00fdukov\u00fd pobyt v r\u00e1mci programu &#8222;ERASMUS&#8220;<\/strong><br \/>\nIng. Bc. Marek \u010cand\u00edk, Ph.D., PhDr. Petr Jedin\u00e1k, Ph.D. 135<\/p>\n<hr \/>\n<p><strong>Recenze vysoko\u0161kolsk\u00e9 u\u010debnice &#8222;Pr\u00e1vov\u011bda a st\u00e1tov\u011bda.\u00a0<\/strong><br \/>\n<strong>\u00davod do pr\u00e1vn\u00edho a st\u00e1tov\u011bdn\u00edho my\u0161len\u00ed.&#8220;<\/strong><br \/>\nJUDr. et Mgr. Petr Kroupa, Ph.D.<\/p>\n<hr \/>\n<p><strong>Recenze u\u010debnice &#8222;Kriminol\u00f3gia&#8220;<\/strong><br \/>\ndoc. JUDr. Ivana Zoubkov\u00e1, CSc.<\/p>\n<hr \/>\n<p><strong>Recenze monografie &#8222;Od\u010derp\u00e1v\u00e1n\u00ed v\u00fdnos\u016f z trestn\u00e9 \u010dinnosti v praxi org\u00e1n\u016f \u010dinn\u00fdch v trestn\u00edm \u0159\u00edzen\u00ed&#8220;<\/strong><br \/>\nJUDr. Franti\u0161ek Novotn\u00fd<\/p>\n<hr \/>\n<p><strong>Recenze publikace &#8222;Teorie nevzd\u011blanosti. Omyly spole\u010dnosti v\u011bd\u011bn\u00ed&#8220;<\/strong><br \/>\nMgr. Anton\u00edn Slab\u00fd<\/p>\n<hr \/>\n<p><a href=\"https:\/\/veda.polac.cz\/?page_id=235\">Zp\u011bt<\/a><\/p>\n","protected":false},"excerpt":{"rendered":"<p>\u00damluva o kybernetick\u00e9 kriminalit\u011b a neopr\u00e1vn\u011bn\u00fd z\u00e1sah do po\u010d\u00edta\u010dov\u00e9ho syst\u00e9mu JUDr. Petr Voleveck\u00fd Od dat k moudrosti. Diskuse z pohledu pozn\u00e1v\u00e1n\u00ed a business inteligence JUDr. Jan Anderle, Ing. Milan Kn\u00fd, CSc. Psychologick\u00e9 tr\u00e9ninky jako efektivn\u00ed technologie v syst\u00e9mu p\u0159\u00edpravy bezpe\u010dnostn\u00edch sil na Ukrajin\u011b V. N. Bes\u010dastnyj Opot\u0159eben\u00ed pode\u0161ve obuvi v z\u00e1vislosti na \u010dase prof. PhDr. [&hellip;]<\/p>\n","protected":false},"author":2,"featured_media":0,"parent":235,"menu_order":28,"comment_status":"closed","ping_status":"closed","template":"","meta":{"footnotes":""},"class_list":["post-1519","page","type-page","status-publish","hentry"],"_links":{"self":[{"href":"https:\/\/veda.polac.cz\/index.php?rest_route=\/wp\/v2\/pages\/1519","targetHints":{"allow":["GET"]}}],"collection":[{"href":"https:\/\/veda.polac.cz\/index.php?rest_route=\/wp\/v2\/pages"}],"about":[{"href":"https:\/\/veda.polac.cz\/index.php?rest_route=\/wp\/v2\/types\/page"}],"author":[{"embeddable":true,"href":"https:\/\/veda.polac.cz\/index.php?rest_route=\/wp\/v2\/users\/2"}],"replies":[{"embeddable":true,"href":"https:\/\/veda.polac.cz\/index.php?rest_route=%2Fwp%2Fv2%2Fcomments&post=1519"}],"version-history":[{"count":14,"href":"https:\/\/veda.polac.cz\/index.php?rest_route=\/wp\/v2\/pages\/1519\/revisions"}],"predecessor-version":[{"id":2609,"href":"https:\/\/veda.polac.cz\/index.php?rest_route=\/wp\/v2\/pages\/1519\/revisions\/2609"}],"up":[{"embeddable":true,"href":"https:\/\/veda.polac.cz\/index.php?rest_route=\/wp\/v2\/pages\/235"}],"wp:attachment":[{"href":"https:\/\/veda.polac.cz\/index.php?rest_route=%2Fwp%2Fv2%2Fmedia&parent=1519"}],"curies":[{"name":"wp","href":"https:\/\/api.w.org\/{rel}","templated":true}]}}