{"id":1503,"date":"2018-09-16T01:04:07","date_gmt":"2018-09-16T01:04:07","guid":{"rendered":"http:\/\/veda.polac.cz\/?page_id=1503"},"modified":"2018-10-27T19:00:08","modified_gmt":"2018-10-27T19:00:08","slug":"11-2-5","status":"publish","type":"page","link":"https:\/\/veda.polac.cz\/?page_id=1503","title":{"rendered":""},"content":{"rendered":"<p style=\"text-align: center;\">Resum\u00e9 \u010dl\u00e1nku<\/p>\n<p><em>Bc. Barbora Loudov\u00e1, Mgr. Old\u0159ich Krul\u00edk, Ph.D.<\/em><br \/>\n<strong>Island: mal\u00fd, ale efektivn\u00ed policejn\u00ed sbor<\/strong><\/p>\n<p>\u010cl\u00e1nek si klade za c\u00edl sezn\u00e1mit dom\u00e1c\u00ed \u010dten\u00e1\u0159e s v\u00fdkonem policejn\u00edch \u010dinnost\u00ed na Islandu. Tato vzd\u00e1len\u00e1 zem\u011b je se sv\u00fdm netypick\u00fdm modelem v \u0159ad\u011b ohled\u016f pro \u010ceskou republiku inspirativn\u00ed. Na text bude navazovat p\u0159\u00edsp\u011bvek, v\u011bnovan\u00fd bezpe\u010dnostn\u00edmu syst\u00e9mu Islandu jako celku.<br \/>\nKl\u00ed\u010dov\u00e1 slova:\u00a0Island, policejn\u00ed sbor, \u00fazemn\u00ed uspo\u0159\u00e1d\u00e1n\u00ed, prosazov\u00e1n\u00ed pr\u00e1va, policejn\u00ed vzd\u011bl\u00e1v\u00e1n\u00ed.<\/p>\n<p><a href=\"https:\/\/veda.polac.cz\/?page_id=1460\">03\/2010<\/a><\/p>\n","protected":false},"excerpt":{"rendered":"<p>Resum\u00e9 \u010dl\u00e1nku Bc. Barbora Loudov\u00e1, Mgr. Old\u0159ich Krul\u00edk, Ph.D. Island: mal\u00fd, ale efektivn\u00ed policejn\u00ed sbor \u010cl\u00e1nek si klade za c\u00edl sezn\u00e1mit dom\u00e1c\u00ed \u010dten\u00e1\u0159e s v\u00fdkonem policejn\u00edch \u010dinnost\u00ed na Islandu. Tato vzd\u00e1len\u00e1 zem\u011b je se sv\u00fdm netypick\u00fdm modelem v \u0159ad\u011b ohled\u016f pro \u010ceskou republiku inspirativn\u00ed. Na text bude navazovat p\u0159\u00edsp\u011bvek, v\u011bnovan\u00fd bezpe\u010dnostn\u00edmu syst\u00e9mu Islandu jako celku. [&hellip;]<\/p>\n","protected":false},"author":2,"featured_media":0,"parent":0,"menu_order":11,"comment_status":"closed","ping_status":"closed","template":"","meta":{"footnotes":""},"class_list":["post-1503","page","type-page","status-publish","hentry"],"_links":{"self":[{"href":"https:\/\/veda.polac.cz\/index.php?rest_route=\/wp\/v2\/pages\/1503","targetHints":{"allow":["GET"]}}],"collection":[{"href":"https:\/\/veda.polac.cz\/index.php?rest_route=\/wp\/v2\/pages"}],"about":[{"href":"https:\/\/veda.polac.cz\/index.php?rest_route=\/wp\/v2\/types\/page"}],"author":[{"embeddable":true,"href":"https:\/\/veda.polac.cz\/index.php?rest_route=\/wp\/v2\/users\/2"}],"replies":[{"embeddable":true,"href":"https:\/\/veda.polac.cz\/index.php?rest_route=%2Fwp%2Fv2%2Fcomments&post=1503"}],"version-history":[{"count":2,"href":"https:\/\/veda.polac.cz\/index.php?rest_route=\/wp\/v2\/pages\/1503\/revisions"}],"predecessor-version":[{"id":1512,"href":"https:\/\/veda.polac.cz\/index.php?rest_route=\/wp\/v2\/pages\/1503\/revisions\/1512"}],"wp:attachment":[{"href":"https:\/\/veda.polac.cz\/index.php?rest_route=%2Fwp%2Fv2%2Fmedia&parent=1503"}],"curies":[{"name":"wp","href":"https:\/\/api.w.org\/{rel}","templated":true}]}}