{"id":1500,"date":"2018-09-16T01:02:31","date_gmt":"2018-09-16T01:02:31","guid":{"rendered":"http:\/\/veda.polac.cz\/?page_id=1500"},"modified":"2018-10-27T19:00:08","modified_gmt":"2018-10-27T19:00:08","slug":"10-2-5","status":"publish","type":"page","link":"https:\/\/veda.polac.cz\/?page_id=1500","title":{"rendered":""},"content":{"rendered":"<p style=\"text-align: center;\">Resum\u00e9 \u010dl\u00e1nku<\/p>\n<p align=\"justify\"><strong>Pro\u010d se mluv\u00ed o korupci v souvislosti s Polici\u00ed \u010cR<\/strong><br \/>\n<em>Mgr. et. Bc. Jan Daleck\u00fd, Mgr. Zden\u011bk Chmela<\/em><\/p>\n<p>Auto\u0159i se ve sv\u00e9m \u010dl\u00e1nku zab\u00fdvaj\u00ed korupc\u00ed v obecn\u00e9m pojet\u00ed. D\u00e1le rozv\u00e1d\u00ed, jak je vn\u00edm\u00e1na korupce u Policie \u010cR ve\u0159ejnost\u00ed s rozveden\u00edm z\u00e1kladn\u00edch korup\u010dn\u00edch indik\u00e1tor\u016f a jak sd\u011blovac\u00ed prost\u0159edky ovliv\u0148uj\u00ed samotn\u00fd fakt korupce v souvislosti s v\u00fdkonem slu\u017eby samotn\u00e9 policie. Auto\u0159i poukazuj\u00ed i na zku\u0161enosti v \u0159e\u0161en\u00ed korupce v USA a Brit\u00e1nii.<br \/>\n<strong>Kl\u00ed\u010dov\u00e1 slova:<\/strong>\u00a0Policie \u010cR, korupce, korup\u010dn\u00ed indik\u00e1tory, sd\u011blovac\u00ed m\u00e9dia, ve\u0159ejnost.<\/p>\n<p><a href=\"https:\/\/veda.polac.cz\/?page_id=1460\">03\/2010<\/a><\/p>\n","protected":false},"excerpt":{"rendered":"<p>Resum\u00e9 \u010dl\u00e1nku Pro\u010d se mluv\u00ed o korupci v souvislosti s Polici\u00ed \u010cR Mgr. et. Bc. Jan Daleck\u00fd, Mgr. Zden\u011bk Chmela Auto\u0159i se ve sv\u00e9m \u010dl\u00e1nku zab\u00fdvaj\u00ed korupc\u00ed v obecn\u00e9m pojet\u00ed. D\u00e1le rozv\u00e1d\u00ed, jak je vn\u00edm\u00e1na korupce u Policie \u010cR ve\u0159ejnost\u00ed s rozveden\u00edm z\u00e1kladn\u00edch korup\u010dn\u00edch indik\u00e1tor\u016f a jak sd\u011blovac\u00ed prost\u0159edky ovliv\u0148uj\u00ed samotn\u00fd fakt korupce v souvislosti [&hellip;]<\/p>\n","protected":false},"author":2,"featured_media":0,"parent":0,"menu_order":10,"comment_status":"closed","ping_status":"closed","template":"","meta":{"footnotes":""},"class_list":["post-1500","page","type-page","status-publish","hentry"],"_links":{"self":[{"href":"https:\/\/veda.polac.cz\/index.php?rest_route=\/wp\/v2\/pages\/1500","targetHints":{"allow":["GET"]}}],"collection":[{"href":"https:\/\/veda.polac.cz\/index.php?rest_route=\/wp\/v2\/pages"}],"about":[{"href":"https:\/\/veda.polac.cz\/index.php?rest_route=\/wp\/v2\/types\/page"}],"author":[{"embeddable":true,"href":"https:\/\/veda.polac.cz\/index.php?rest_route=\/wp\/v2\/users\/2"}],"replies":[{"embeddable":true,"href":"https:\/\/veda.polac.cz\/index.php?rest_route=%2Fwp%2Fv2%2Fcomments&post=1500"}],"version-history":[{"count":2,"href":"https:\/\/veda.polac.cz\/index.php?rest_route=\/wp\/v2\/pages\/1500\/revisions"}],"predecessor-version":[{"id":1511,"href":"https:\/\/veda.polac.cz\/index.php?rest_route=\/wp\/v2\/pages\/1500\/revisions\/1511"}],"wp:attachment":[{"href":"https:\/\/veda.polac.cz\/index.php?rest_route=%2Fwp%2Fv2%2Fmedia&parent=1500"}],"curies":[{"name":"wp","href":"https:\/\/api.w.org\/{rel}","templated":true}]}}