{"id":1485,"date":"2018-09-16T00:56:01","date_gmt":"2018-09-16T00:56:01","guid":{"rendered":"http:\/\/veda.polac.cz\/?page_id=1485"},"modified":"2018-10-27T19:00:08","modified_gmt":"2018-10-27T19:00:08","slug":"5-2-10","status":"publish","type":"page","link":"https:\/\/veda.polac.cz\/?page_id=1485","title":{"rendered":""},"content":{"rendered":"<p style=\"text-align: center;\">Resum\u00e9 \u010dl\u00e1nku<\/p>\n<p align=\"justify\"><em>Mgr. Anton\u00edn Slab\u00fd\u00a0<\/em><br \/>\n<strong>Vymezen\u00ed celo\u017eivotn\u00edho u\u010den\u00ed v dokumentech sv\u011btov\u00e9<br \/>\na evropsk\u00e9 vzd\u011bl\u00e1vac\u00ed politiky<\/strong><\/p>\n<p>Nutnost neust\u00e1l\u00e9ho vzd\u011bl\u00e1v\u00e1n\u00ed je dnes br\u00e1no jako samoz\u0159ejmost. Vedou se neust\u00e1l\u00e9 diskuse o principech, metod\u00e1ch a form\u00e1ch vlastn\u00edho procesu celo\u017eivotn\u00edho u\u010den\u00ed. Krom\u011b odpov\u011bdn\u00fdch p\u0159\u00edstup\u016f k t\u00e9to problematice jsou tak\u00e9 p\u0159\u00edstupy m\u00f3dn\u00ed. P\u0159edlo\u017een\u00fd \u010dl\u00e1nek p\u0159edstavuje ucelen\u00fd pohled a z\u00e1sadn\u00ed n\u00e1zory nejen sv\u011btov\u00fdch, ale i evropsk\u00fdch instituc\u00ed k pojmu celo\u017eivotn\u00ed u\u010den\u00ed.<br \/>\n<strong>Kl\u00ed\u010dov\u00e1 slova:<\/strong>\u00a0vzd\u011bl\u00e1v\u00e1n\u00ed, v\u00fdznam vzd\u011bl\u00e1v\u00e1n\u00ed, odpov\u011bdnost za vzd\u011bl\u00e1v\u00e1n\u00ed, u\u010den\u00ed, celo\u017eivotn\u00ed u\u010den\u00ed.<\/p>\n<p><a href=\"https:\/\/veda.polac.cz\/?page_id=1460\">03\/2010<\/a><\/p>\n","protected":false},"excerpt":{"rendered":"<p>Resum\u00e9 \u010dl\u00e1nku Mgr. Anton\u00edn Slab\u00fd\u00a0 Vymezen\u00ed celo\u017eivotn\u00edho u\u010den\u00ed v dokumentech sv\u011btov\u00e9 a evropsk\u00e9 vzd\u011bl\u00e1vac\u00ed politiky Nutnost neust\u00e1l\u00e9ho vzd\u011bl\u00e1v\u00e1n\u00ed je dnes br\u00e1no jako samoz\u0159ejmost. Vedou se neust\u00e1l\u00e9 diskuse o principech, metod\u00e1ch a form\u00e1ch vlastn\u00edho procesu celo\u017eivotn\u00edho u\u010den\u00ed. Krom\u011b odpov\u011bdn\u00fdch p\u0159\u00edstup\u016f k t\u00e9to problematice jsou tak\u00e9 p\u0159\u00edstupy m\u00f3dn\u00ed. P\u0159edlo\u017een\u00fd \u010dl\u00e1nek p\u0159edstavuje ucelen\u00fd pohled a z\u00e1sadn\u00ed n\u00e1zory nejen [&hellip;]<\/p>\n","protected":false},"author":2,"featured_media":0,"parent":0,"menu_order":5,"comment_status":"closed","ping_status":"closed","template":"","meta":{"footnotes":""},"class_list":["post-1485","page","type-page","status-publish","hentry"],"_links":{"self":[{"href":"https:\/\/veda.polac.cz\/index.php?rest_route=\/wp\/v2\/pages\/1485","targetHints":{"allow":["GET"]}}],"collection":[{"href":"https:\/\/veda.polac.cz\/index.php?rest_route=\/wp\/v2\/pages"}],"about":[{"href":"https:\/\/veda.polac.cz\/index.php?rest_route=\/wp\/v2\/types\/page"}],"author":[{"embeddable":true,"href":"https:\/\/veda.polac.cz\/index.php?rest_route=\/wp\/v2\/users\/2"}],"replies":[{"embeddable":true,"href":"https:\/\/veda.polac.cz\/index.php?rest_route=%2Fwp%2Fv2%2Fcomments&post=1485"}],"version-history":[{"count":2,"href":"https:\/\/veda.polac.cz\/index.php?rest_route=\/wp\/v2\/pages\/1485\/revisions"}],"predecessor-version":[{"id":1517,"href":"https:\/\/veda.polac.cz\/index.php?rest_route=\/wp\/v2\/pages\/1485\/revisions\/1517"}],"wp:attachment":[{"href":"https:\/\/veda.polac.cz\/index.php?rest_route=%2Fwp%2Fv2%2Fmedia&parent=1485"}],"curies":[{"name":"wp","href":"https:\/\/api.w.org\/{rel}","templated":true}]}}