{"id":1482,"date":"2018-09-16T00:54:31","date_gmt":"2018-09-16T00:54:31","guid":{"rendered":"http:\/\/veda.polac.cz\/?page_id=1482"},"modified":"2018-10-27T19:00:08","modified_gmt":"2018-10-27T19:00:08","slug":"4-2-10","status":"publish","type":"page","link":"https:\/\/veda.polac.cz\/?page_id=1482","title":{"rendered":""},"content":{"rendered":"<p style=\"text-align: center;\">Resum\u00e9 \u010dl\u00e1nku<\/p>\n<p align=\"justify\"><em>Ing. Stanislav Burian, Ing. Pavel Svoboda, Mgr. Franti\u0161ek H\u0159eb\u00edk,<\/em><br \/>\n<em>doc. Ing. Josef Br\u010d\u00e1k, CSc.<\/em><br \/>\n<strong>Rizika vypl\u00fdvaj\u00edc\u00ed z jednotn\u00e9 evropsk\u00e9 m\u011bny v kontextu<br \/>\nhistorick\u00fdch zku\u0161enost\u00ed s m\u011bnov\u00fdmi krizemi<\/strong><\/p>\n<p>P\u0159\u00edsp\u011bvek reaguje na aktu\u00e1ln\u00ed problematiku v\u00fdvoje evropsk\u00e9ho projektu m\u011bnov\u00e9 unie, p\u0159i\u010dem\u017e obohacuje sou\u010dasn\u00fd v\u00fdzkum v t\u00e9to oblasti o cenn\u00fd pohled do historie ve specifick\u00fdch souvislostech. Konkr\u00e9tn\u011b text obsahuje analyzovan\u00e9 zku\u0161enosti t\u0159\u00ed zem\u00ed s m\u011bnov\u00fdmi krizemi, je\u017e se ud\u00e1ly v ned\u00e1vn\u00e9 minulosti v r\u016fzn\u00fdch koutech sv\u011bta. Ve v\u0161ech t\u0159ech p\u0159\u00edpadech byly vybr\u00e1ny ekonomiky s fixn\u00edm kurzov\u00fdm re\u017eimem. Na z\u00e1klad\u011b anal\u00fdzy makroekonomick\u00fdch relac\u00ed z krizov\u00fdch obdob\u00ed jsou identifikov\u00e1ny hlavn\u00ed p\u0159\u00ed\u010diny m\u011bnov\u00fdch kriz\u00ed, p\u0159i\u010dem\u017e zvl\u00e1\u0161tn\u00ed d\u016fraz je kladen pr\u00e1v\u011b na problematiku m\u011bnov\u00e9 politiky zalo\u017een\u00e9 na syst\u00e9mu fixn\u00edho kurzu. Posledn\u00ed \u010d\u00e1st p\u0159\u00edsp\u011bvku obsahuje komparaci zji\u0161t\u011bn\u00fdch fakt\u016f, kter\u00e1 p\u0159isp\u00edv\u00e1 k z\u00e1v\u011br\u016fm poukazuj\u00edc\u00edm na obecnou nevhodnost re\u017eimu pevn\u00e9ho kurzu pro otev\u0159en\u00e9 ekonomiky.<br \/>\n<strong>Kl\u00ed\u010dov\u00e1 slova:<\/strong>\u00a0Ekonomick\u00e1 rizika, komparativn\u00ed anal\u00fdza, kurzov\u00fd re\u017eim, m\u011bnov\u00e1 krize, m\u011bnov\u00fd kurz, optim\u00e1ln\u00ed m\u011bnov\u00e1 oblast.<\/p>\n<p><a href=\"https:\/\/veda.polac.cz\/?page_id=1460\">03\/2010<\/a><\/p>\n","protected":false},"excerpt":{"rendered":"<p>Resum\u00e9 \u010dl\u00e1nku Ing. Stanislav Burian, Ing. Pavel Svoboda, Mgr. Franti\u0161ek H\u0159eb\u00edk, doc. Ing. Josef Br\u010d\u00e1k, CSc. Rizika vypl\u00fdvaj\u00edc\u00ed z jednotn\u00e9 evropsk\u00e9 m\u011bny v kontextu historick\u00fdch zku\u0161enost\u00ed s m\u011bnov\u00fdmi krizemi P\u0159\u00edsp\u011bvek reaguje na aktu\u00e1ln\u00ed problematiku v\u00fdvoje evropsk\u00e9ho projektu m\u011bnov\u00e9 unie, p\u0159i\u010dem\u017e obohacuje sou\u010dasn\u00fd v\u00fdzkum v t\u00e9to oblasti o cenn\u00fd pohled do historie ve specifick\u00fdch souvislostech. Konkr\u00e9tn\u011b [&hellip;]<\/p>\n","protected":false},"author":2,"featured_media":0,"parent":0,"menu_order":4,"comment_status":"closed","ping_status":"closed","template":"","meta":{"footnotes":""},"class_list":["post-1482","page","type-page","status-publish","hentry"],"_links":{"self":[{"href":"https:\/\/veda.polac.cz\/index.php?rest_route=\/wp\/v2\/pages\/1482","targetHints":{"allow":["GET"]}}],"collection":[{"href":"https:\/\/veda.polac.cz\/index.php?rest_route=\/wp\/v2\/pages"}],"about":[{"href":"https:\/\/veda.polac.cz\/index.php?rest_route=\/wp\/v2\/types\/page"}],"author":[{"embeddable":true,"href":"https:\/\/veda.polac.cz\/index.php?rest_route=\/wp\/v2\/users\/2"}],"replies":[{"embeddable":true,"href":"https:\/\/veda.polac.cz\/index.php?rest_route=%2Fwp%2Fv2%2Fcomments&post=1482"}],"version-history":[{"count":2,"href":"https:\/\/veda.polac.cz\/index.php?rest_route=\/wp\/v2\/pages\/1482\/revisions"}],"predecessor-version":[{"id":1516,"href":"https:\/\/veda.polac.cz\/index.php?rest_route=\/wp\/v2\/pages\/1482\/revisions\/1516"}],"wp:attachment":[{"href":"https:\/\/veda.polac.cz\/index.php?rest_route=%2Fwp%2Fv2%2Fmedia&parent=1482"}],"curies":[{"name":"wp","href":"https:\/\/api.w.org\/{rel}","templated":true}]}}