{"id":1479,"date":"2018-09-16T00:53:14","date_gmt":"2018-09-16T00:53:14","guid":{"rendered":"http:\/\/veda.polac.cz\/?page_id=1479"},"modified":"2018-10-27T19:00:08","modified_gmt":"2018-10-27T19:00:08","slug":"3-2-11","status":"publish","type":"page","link":"https:\/\/veda.polac.cz\/?page_id=1479","title":{"rendered":""},"content":{"rendered":"<p style=\"text-align: center;\">Resum\u00e9 \u010dl\u00e1nku<\/p>\n<p align=\"justify\"><em>JUDr. Jan Anderle, Ing. Milan Kn\u00fd, CSc.<\/em><br \/>\n<strong>Moudrost pozn\u00e1n\u00ed. \u0158\u00edzen\u00ed znalost\u00ed ke criminal intelligence<\/strong><\/p>\n<p>Krizov\u00fd v\u00fdvoj sv\u011btov\u00e9 ekonomiky a dal\u0161\u00edch atribut\u016f sou\u010dasn\u00e9 spole\u010dnosti vyvol\u00e1vaj\u00ed zv\u00fd\u0161enou pot\u0159ebu konkuren\u010dn\u00edch informac\u00ed pro subjekty, kter\u00e9 maj\u00ed obst\u00e1t. Tento projev nal\u00e9z\u00e1me nejen mezi podnikov\u00fdmi subjekty, ale i ve ve\u0159ejn\u00e9m sektoru a v oblasti bezpe\u010dnosti. Leg\u00e1ln\u00ed sv\u011bt trvale soupe\u0159\u00ed s neleg\u00e1ln\u00edm &#8211; krimin\u00e1ln\u00edm podsv\u011bt\u00edm, proto nen\u00ed divu, \u017ee se z bussines intelligence vyvinula criminal intelligence. P\u0159edm\u011btem z\u00e1jmu v\u0161ech subjekt\u016f se st\u00e1v\u00e1 nejen prioritn\u00ed z\u00edsk\u00e1n\u00ed dat, informac\u00ed, ale i znalost\u00ed. Zve\u0159ejn\u011bn\u00e9, prozrazen\u00e9 znalosti se st\u00e1vaj\u00ed sou\u010d\u00e1st\u00ed sd\u00edlen\u00fdch v\u011bdomost\u00ed v\u0161ech. Mohou se st\u00e1t i kl\u00ed\u010dem k moudrosti a k z\u00e1chran\u011b strategie lidstva i \u010dlov\u011bka. Polemika p\u0159\u00edsp\u011bvku se pohybuje mezi abstraktn\u00edm a konkr\u00e9tn\u00edm s c\u00edlem sp\u00ed\u0161e uvolnit my\u0161len\u00ed nad jedn\u00edm probl\u00e9mem teorie a praxe, ne\u017e ji obohatit poznatky.<br \/>\n<strong>Kl\u00ed\u010dov\u00e1 slova:<\/strong>\u00a0pozn\u00e1n\u00ed, znalostn\u00ed management, informace, kriminalita, znalostn\u00ed in\u017een\u00fdrstv\u00ed.<\/p>\n<p><a href=\"https:\/\/veda.polac.cz\/?page_id=1460\">03\/2010<\/a><\/p>\n","protected":false},"excerpt":{"rendered":"<p>Resum\u00e9 \u010dl\u00e1nku JUDr. Jan Anderle, Ing. Milan Kn\u00fd, CSc. Moudrost pozn\u00e1n\u00ed. \u0158\u00edzen\u00ed znalost\u00ed ke criminal intelligence Krizov\u00fd v\u00fdvoj sv\u011btov\u00e9 ekonomiky a dal\u0161\u00edch atribut\u016f sou\u010dasn\u00e9 spole\u010dnosti vyvol\u00e1vaj\u00ed zv\u00fd\u0161enou pot\u0159ebu konkuren\u010dn\u00edch informac\u00ed pro subjekty, kter\u00e9 maj\u00ed obst\u00e1t. Tento projev nal\u00e9z\u00e1me nejen mezi podnikov\u00fdmi subjekty, ale i ve ve\u0159ejn\u00e9m sektoru a v oblasti bezpe\u010dnosti. Leg\u00e1ln\u00ed sv\u011bt trvale soupe\u0159\u00ed [&hellip;]<\/p>\n","protected":false},"author":2,"featured_media":0,"parent":0,"menu_order":3,"comment_status":"closed","ping_status":"closed","template":"","meta":{"footnotes":""},"class_list":["post-1479","page","type-page","status-publish","hentry"],"_links":{"self":[{"href":"https:\/\/veda.polac.cz\/index.php?rest_route=\/wp\/v2\/pages\/1479","targetHints":{"allow":["GET"]}}],"collection":[{"href":"https:\/\/veda.polac.cz\/index.php?rest_route=\/wp\/v2\/pages"}],"about":[{"href":"https:\/\/veda.polac.cz\/index.php?rest_route=\/wp\/v2\/types\/page"}],"author":[{"embeddable":true,"href":"https:\/\/veda.polac.cz\/index.php?rest_route=\/wp\/v2\/users\/2"}],"replies":[{"embeddable":true,"href":"https:\/\/veda.polac.cz\/index.php?rest_route=%2Fwp%2Fv2%2Fcomments&post=1479"}],"version-history":[{"count":2,"href":"https:\/\/veda.polac.cz\/index.php?rest_route=\/wp\/v2\/pages\/1479\/revisions"}],"predecessor-version":[{"id":1515,"href":"https:\/\/veda.polac.cz\/index.php?rest_route=\/wp\/v2\/pages\/1479\/revisions\/1515"}],"wp:attachment":[{"href":"https:\/\/veda.polac.cz\/index.php?rest_route=%2Fwp%2Fv2%2Fmedia&parent=1479"}],"curies":[{"name":"wp","href":"https:\/\/api.w.org\/{rel}","templated":true}]}}