{"id":1475,"date":"2018-09-16T00:50:57","date_gmt":"2018-09-16T00:50:57","guid":{"rendered":"http:\/\/veda.polac.cz\/?page_id=1475"},"modified":"2018-11-02T22:22:52","modified_gmt":"2018-11-02T22:22:52","slug":"2-2-12","status":"publish","type":"page","link":"https:\/\/veda.polac.cz\/?page_id=1475","title":{"rendered":""},"content":{"rendered":"<p style=\"text-align: center;\">Resum\u00e9 \u010dl\u00e1nku<\/p>\n<p align=\"justify\"><em>doc. JUDr. Ivana Zoubkov\u00e1, CSc.<\/em><br \/>\n<strong>Kriminologie jako studijn\u00ed p\u0159edm\u011bt a v\u011bdn\u00ed obor<\/strong><\/p>\n<p>V p\u0159\u00edsp\u011bvku jde o zamy\u0161len\u00ed nad kriminologi\u00ed jako pedagogick\u00e9 discipl\u00edny a v\u011bdn\u00edho oboru. Jako studijn\u00ed p\u0159edm\u011bt m\u00e1 \u0161irok\u00e9 zastoupen\u00ed na Fakult\u011b bezpe\u010dnostn\u011b pr\u00e1vn\u00ed Policejn\u00ed akademie \u010cR, kde je vyu\u010dov\u00e1na ve v\u0161ech studijn\u00edch oborech v\u0161ech studijn\u00edch program\u016f. Na Pr\u00e1vnick\u00e9 fakult\u011b Univerzity Karlovy je etablov\u00e1na nejen jako p\u0159edm\u011bt, ale akreditov\u00e1na je v r\u00e1mci doktorsk\u00e9ho studijn\u00edho programu Teoretick\u00e9 pr\u00e1vn\u00ed v\u011bdy (ve skupin\u011b Ve\u0159ejn\u00e9 pr\u00e1vo, vedle \u00fastavn\u00edho pr\u00e1va, trestn\u00edho pr\u00e1va a kriminalistiky) a pro habilita\u010dn\u00ed \u0159\u00edzen\u00ed a \u0159\u00edzen\u00ed profesorem ve v\u011bdn\u00edm oboru Trestn\u00ed pr\u00e1vo, kriminologie, kriminalistika.<br \/>\n<strong>Kl\u00ed\u010dov\u00e1 slova:\u00a0<\/strong>vzd\u011bl\u00e1v\u00e1n\u00ed, kriminologie, kriminalistika, trestn\u00ed pr\u00e1vo<i><br \/>\n<\/i><\/p>\n<p><a href=\"https:\/\/veda.polac.cz\/?page_id=1460\">03\/2010<\/a><\/p>\n","protected":false},"excerpt":{"rendered":"<p>Resum\u00e9 \u010dl\u00e1nku doc. JUDr. Ivana Zoubkov\u00e1, CSc. Kriminologie jako studijn\u00ed p\u0159edm\u011bt a v\u011bdn\u00ed obor V p\u0159\u00edsp\u011bvku jde o zamy\u0161len\u00ed nad kriminologi\u00ed jako pedagogick\u00e9 discipl\u00edny a v\u011bdn\u00edho oboru. Jako studijn\u00ed p\u0159edm\u011bt m\u00e1 \u0161irok\u00e9 zastoupen\u00ed na Fakult\u011b bezpe\u010dnostn\u011b pr\u00e1vn\u00ed Policejn\u00ed akademie \u010cR, kde je vyu\u010dov\u00e1na ve v\u0161ech studijn\u00edch oborech v\u0161ech studijn\u00edch program\u016f. Na Pr\u00e1vnick\u00e9 fakult\u011b Univerzity Karlovy [&hellip;]<\/p>\n","protected":false},"author":2,"featured_media":0,"parent":1460,"menu_order":2,"comment_status":"closed","ping_status":"closed","template":"","meta":{"footnotes":""},"class_list":["post-1475","page","type-page","status-publish","hentry"],"_links":{"self":[{"href":"https:\/\/veda.polac.cz\/index.php?rest_route=\/wp\/v2\/pages\/1475","targetHints":{"allow":["GET"]}}],"collection":[{"href":"https:\/\/veda.polac.cz\/index.php?rest_route=\/wp\/v2\/pages"}],"about":[{"href":"https:\/\/veda.polac.cz\/index.php?rest_route=\/wp\/v2\/types\/page"}],"author":[{"embeddable":true,"href":"https:\/\/veda.polac.cz\/index.php?rest_route=\/wp\/v2\/users\/2"}],"replies":[{"embeddable":true,"href":"https:\/\/veda.polac.cz\/index.php?rest_route=%2Fwp%2Fv2%2Fcomments&post=1475"}],"version-history":[{"count":2,"href":"https:\/\/veda.polac.cz\/index.php?rest_route=\/wp\/v2\/pages\/1475\/revisions"}],"predecessor-version":[{"id":1514,"href":"https:\/\/veda.polac.cz\/index.php?rest_route=\/wp\/v2\/pages\/1475\/revisions\/1514"}],"up":[{"embeddable":true,"href":"https:\/\/veda.polac.cz\/index.php?rest_route=\/wp\/v2\/pages\/1460"}],"wp:attachment":[{"href":"https:\/\/veda.polac.cz\/index.php?rest_route=%2Fwp%2Fv2%2Fmedia&parent=1475"}],"curies":[{"name":"wp","href":"https:\/\/api.w.org\/{rel}","templated":true}]}}