{"id":1473,"date":"2018-09-16T00:49:40","date_gmt":"2018-09-16T00:49:40","guid":{"rendered":"http:\/\/veda.polac.cz\/?page_id=1473"},"modified":"2018-11-02T20:46:13","modified_gmt":"2018-11-02T20:46:13","slug":"1-2-11","status":"publish","type":"page","link":"https:\/\/veda.polac.cz\/?page_id=1473","title":{"rendered":""},"content":{"rendered":"<p style=\"text-align: center;\">Resum\u00e9 \u010dl\u00e1nku<\/p>\n<p align=\"justify\"><em>doc. JUDr. Mgr. Jana Viktoryov\u00e1, PhD., prof. PhDr. Ji\u0159\u00ed Straus, DrSc.,<\/em><br \/>\n<em>JUDr. \u0160tefan Ko\u010dan, PhD., JUDr. Jaroslav Blatnick\u00fd, PhD.,\u00a0<\/em><br \/>\n<em>JUDr. Ladislav Vajzer, JUDr. Klaudia Marczyov\u00e1, PhD.<\/em><br \/>\n<strong>Vstupn\u00e1 anal\u00fdza medzin\u00e1rodnej v\u00fdskumnej \u00falohy<br \/>\n&#8222;Aktu\u00e1lne probl\u00e9my vy\u0161etrovania vybran\u00fdch druhov trestn\u00fdch \u010dinov&#8220;<br \/>\n<\/strong><\/p>\n<p>Rie\u0161itelia medzin\u00e1rodnej vedecko-v\u00fdskumnej \u00falohy &#8222;Aktu\u00e1lne probl\u00e9my vy\u0161etrovania vybran\u00fdch druhov trestn\u00fdch \u010dinov&#8220; z PA \u010cR v Prahe a A PZ v Bratislave pon\u00fakaj\u00fa \u0161irokej odbornej verejnosti prv\u00fd \u010diastkov\u00fd v\u00fdstup a to vstupn\u00fa anal\u00fdzu sk\u00faman\u00fdch probl\u00e9mov. Ide o problematiku dom\u00e1ceho n\u00e1silia, korupcie, zneu\u017e\u00edvania pr\u00e1vomoci verejn\u00fdch \u010dinite\u013eov a trestnej \u010dinnosti spojenej s realiz\u00e1ciou volieb a maren\u00edm pr\u00edpravy a priebehu volieb a referenda. V\u00fdskumn\u00e1 \u00faloha reaguje na konkr\u00e9tne po\u017eiadavky bezpe\u010dnostnej a trestno-pr\u00e1vnej praxe. V predmetnej etape sk\u00famania mapuje stav, \u0161trukt\u00faru, dynamiku a v\u00fdvoj uvedenej kriminality a analyzuje mieru jej spracovania v odbornej literat\u00fare a z\u00e1ujem o \u0148u na vedeck\u00fdch konferenci\u00e1ch a semin\u00e1roch.<br \/>\n<strong>K\u013e\u00fa\u010dov\u00e9 slov\u00e1:\u00a0<\/strong>vy\u0161etrovanie, dom\u00e1ce n\u00e1silie, korupcia, verejn\u00fd \u010dinite\u013e, vo\u013eby, referendum.<i><br \/>\n<\/i><\/p>\n<p><a href=\"https:\/\/veda.polac.cz\/?page_id=1460\">03\/2010<\/a><\/p>\n","protected":false},"excerpt":{"rendered":"<p>Resum\u00e9 \u010dl\u00e1nku doc. JUDr. Mgr. Jana Viktoryov\u00e1, PhD., prof. PhDr. Ji\u0159\u00ed Straus, DrSc., JUDr. \u0160tefan Ko\u010dan, PhD., JUDr. Jaroslav Blatnick\u00fd, PhD.,\u00a0 JUDr. Ladislav Vajzer, JUDr. Klaudia Marczyov\u00e1, PhD. Vstupn\u00e1 anal\u00fdza medzin\u00e1rodnej v\u00fdskumnej \u00falohy &#8222;Aktu\u00e1lne probl\u00e9my vy\u0161etrovania vybran\u00fdch druhov trestn\u00fdch \u010dinov&#8220; Rie\u0161itelia medzin\u00e1rodnej vedecko-v\u00fdskumnej \u00falohy &#8222;Aktu\u00e1lne probl\u00e9my vy\u0161etrovania vybran\u00fdch druhov trestn\u00fdch \u010dinov&#8220; z PA \u010cR v [&hellip;]<\/p>\n","protected":false},"author":2,"featured_media":0,"parent":1460,"menu_order":1,"comment_status":"closed","ping_status":"closed","template":"","meta":{"footnotes":""},"class_list":["post-1473","page","type-page","status-publish","hentry"],"_links":{"self":[{"href":"https:\/\/veda.polac.cz\/index.php?rest_route=\/wp\/v2\/pages\/1473","targetHints":{"allow":["GET"]}}],"collection":[{"href":"https:\/\/veda.polac.cz\/index.php?rest_route=\/wp\/v2\/pages"}],"about":[{"href":"https:\/\/veda.polac.cz\/index.php?rest_route=\/wp\/v2\/types\/page"}],"author":[{"embeddable":true,"href":"https:\/\/veda.polac.cz\/index.php?rest_route=\/wp\/v2\/users\/2"}],"replies":[{"embeddable":true,"href":"https:\/\/veda.polac.cz\/index.php?rest_route=%2Fwp%2Fv2%2Fcomments&post=1473"}],"version-history":[{"count":2,"href":"https:\/\/veda.polac.cz\/index.php?rest_route=\/wp\/v2\/pages\/1473\/revisions"}],"predecessor-version":[{"id":1513,"href":"https:\/\/veda.polac.cz\/index.php?rest_route=\/wp\/v2\/pages\/1473\/revisions\/1513"}],"up":[{"embeddable":true,"href":"https:\/\/veda.polac.cz\/index.php?rest_route=\/wp\/v2\/pages\/1460"}],"wp:attachment":[{"href":"https:\/\/veda.polac.cz\/index.php?rest_route=%2Fwp%2Fv2%2Fmedia&parent=1473"}],"curies":[{"name":"wp","href":"https:\/\/api.w.org\/{rel}","templated":true}]}}