{"id":147,"date":"2018-09-07T15:24:01","date_gmt":"2018-09-07T15:24:01","guid":{"rendered":"http:\/\/veda.polac.cz\/?page_id=147"},"modified":"2018-11-02T17:08:02","modified_gmt":"2018-11-02T17:08:02","slug":"resume-8-02-18","status":"publish","type":"page","link":"https:\/\/veda.polac.cz\/?page_id=147","title":{"rendered":""},"content":{"rendered":"<p style=\"text-align: center;\">Resum\u00e9 \u010dl\u00e1nku<\/p>\n<p><strong>Pr\u00e1vn\u00ed r\u00e1mec pou\u017e\u00edv\u00e1n\u00ed nesmrt\u00edc\u00edch technologi\u00ed vybran\u00fdmi bezpe\u010dnostn\u00edmi sbory v \u010cesk\u00e9 republice<\/strong><br \/>\n<em>Mgr. Marek Radosta, Policejn\u00ed akademie \u010cesk\u00e9 republiky v Praze<\/em><br \/>\n<em>Fakulta bezpe\u010dnostn\u011b pr\u00e1vn\u00ed, katedra krimin\u00e1ln\u00ed policie<\/em><\/p>\n<p>Tento \u010dl\u00e1nek analyzuje a porovn\u00e1v\u00e1 sou\u010dasn\u00fd stav legislativy t\u00fdkaj\u00edc\u00ed se ozbrojen\u00fdch a bezpe\u010dnostn\u00edch sbor\u016f, kter\u00e9 leg\u00e1ln\u011b pou\u017e\u00edvaj\u00ed vybran\u00e9 nesmrt\u00edc\u00ed zbran\u011b a prost\u0159edky. \u010cl\u00e1nek se zam\u011b\u0159uje v\u00fdhradn\u011b na ustanoven\u00ed z\u00e1kon\u016f t\u00fdkaj\u00edc\u00edch se v\u00fd\u010dtu, opr\u00e1vn\u011bn\u00ed a zp\u016fsobu pou\u017eit\u00ed t\u011bchto technologi\u00ed. Dle znalost\u00ed z\u00edskan\u00fdch z expertn\u00edch rozhovor\u016f jsou zji\u0161t\u011bn\u00e9 nesmrt\u00edc\u00ed technologie zapracov\u00e1ny do p\u0159ehledn\u00fdch tabulek s ohledem i na spr\u00e1vn\u00e9 za\u0159azen\u00ed k zn\u011bn\u00edm paragraf\u016f dot\u010den\u00fdch z\u00e1kon\u016f.<br \/>\n<strong>Kl\u00ed\u010dov\u00e1 slova:<\/strong>\u00a0bezpe\u010dnostn\u00ed sbor, nesmrt\u00edc\u00ed zbran\u011b, distan\u010dn\u00ed elektrick\u00fd paralyz\u00e9r, vrhac\u00ed prost\u0159edek, z\u00e1sahov\u00e1 v\u00fdbu\u0161ka.<\/p>\n<p><a href=\"https:\/\/veda.polac.cz\/wp-content\/uploads\/2018\/11\/0218Pr\u00e1vn\u00ed-r\u00e1mec-pou\u017e\u00edv\u00e1n\u00ed-nesmrt\u00edc\u00edch-technologi\u00ed-vybran\u00fdmi-bezpe\u010dnostn\u00edmi-sbory-v-\u010cesk\u00e9-republice.pdf\">Pdf form\u00e1t<\/a><\/p>\n<p><a href=\"https:\/\/veda.polac.cz\/?page_id=81\">02\/2018<\/a><\/p>\n","protected":false},"excerpt":{"rendered":"<p>Resum\u00e9 \u010dl\u00e1nku Pr\u00e1vn\u00ed r\u00e1mec pou\u017e\u00edv\u00e1n\u00ed nesmrt\u00edc\u00edch technologi\u00ed vybran\u00fdmi bezpe\u010dnostn\u00edmi sbory v \u010cesk\u00e9 republice Mgr. Marek Radosta, Policejn\u00ed akademie \u010cesk\u00e9 republiky v Praze Fakulta bezpe\u010dnostn\u011b pr\u00e1vn\u00ed, katedra krimin\u00e1ln\u00ed policie Tento \u010dl\u00e1nek analyzuje a porovn\u00e1v\u00e1 sou\u010dasn\u00fd stav legislativy t\u00fdkaj\u00edc\u00ed se ozbrojen\u00fdch a bezpe\u010dnostn\u00edch sbor\u016f, kter\u00e9 leg\u00e1ln\u011b pou\u017e\u00edvaj\u00ed vybran\u00e9 nesmrt\u00edc\u00ed zbran\u011b a prost\u0159edky. \u010cl\u00e1nek se zam\u011b\u0159uje v\u00fdhradn\u011b na [&hellip;]<\/p>\n","protected":false},"author":2,"featured_media":0,"parent":81,"menu_order":8,"comment_status":"closed","ping_status":"closed","template":"","meta":{"footnotes":""},"class_list":["post-147","page","type-page","status-publish","hentry"],"_links":{"self":[{"href":"https:\/\/veda.polac.cz\/index.php?rest_route=\/wp\/v2\/pages\/147","targetHints":{"allow":["GET"]}}],"collection":[{"href":"https:\/\/veda.polac.cz\/index.php?rest_route=\/wp\/v2\/pages"}],"about":[{"href":"https:\/\/veda.polac.cz\/index.php?rest_route=\/wp\/v2\/types\/page"}],"author":[{"embeddable":true,"href":"https:\/\/veda.polac.cz\/index.php?rest_route=\/wp\/v2\/users\/2"}],"replies":[{"embeddable":true,"href":"https:\/\/veda.polac.cz\/index.php?rest_route=%2Fwp%2Fv2%2Fcomments&post=147"}],"version-history":[{"count":6,"href":"https:\/\/veda.polac.cz\/index.php?rest_route=\/wp\/v2\/pages\/147\/revisions"}],"predecessor-version":[{"id":2120,"href":"https:\/\/veda.polac.cz\/index.php?rest_route=\/wp\/v2\/pages\/147\/revisions\/2120"}],"up":[{"embeddable":true,"href":"https:\/\/veda.polac.cz\/index.php?rest_route=\/wp\/v2\/pages\/81"}],"wp:attachment":[{"href":"https:\/\/veda.polac.cz\/index.php?rest_route=%2Fwp%2Fv2%2Fmedia&parent=147"}],"curies":[{"name":"wp","href":"https:\/\/api.w.org\/{rel}","templated":true}]}}