{"id":1456,"date":"2018-09-16T00:35:46","date_gmt":"2018-09-16T00:35:46","guid":{"rendered":"http:\/\/veda.polac.cz\/?page_id=1456"},"modified":"2018-11-03T00:11:07","modified_gmt":"2018-11-03T00:11:07","slug":"11-2-9","status":"publish","type":"page","link":"https:\/\/veda.polac.cz\/?page_id=1456","title":{"rendered":""},"content":{"rendered":"<p style=\"text-align: center;\">Resum\u00e9 \u010dl\u00e1nku<\/p>\n<p align=\"justify\"><b>Zm\u011bny v prov\u00e1d\u011bn\u00ed klasifikace, ozna\u010dov\u00e1n\u00ed a balen\u00ed nebezpe\u010dn\u00fdch l\u00e1tek a sm\u011bs\u00ed na z\u00e1klad\u011b nov\u011b vydan\u00fdch norem Evropsk\u00e9 unie<br \/>\n<\/b><em>Ing. Lubom\u00edr Pol\u00edvka, Ing. J\u00e1n Hrivn\u00e1k, CSc.<\/em><b><br \/>\n<\/b><\/p>\n<p>Auto\u0159i \u010dl\u00e1nku se sna\u017e\u00ed upozornit na zm\u011bny pr\u00e1vn\u00edch norem v oblasti problematiky nakl\u00e1d\u00e1n\u00ed s nebezpe\u010dn\u00fdmi l\u00e1tkami v r\u00e1mci \u010cR a pouk\u00e1zat na materi\u00e1ly, kter\u00e9 nakl\u00e1d\u00e1n\u00ed s nebezpe\u010dn\u00fdmi l\u00e1tkami upravuj\u00ed. \u010cl\u00e1nek je ur\u010den specialist\u016fm a pracovn\u00edk\u016f v t\u00e9to oblasti a m\u00e1 p\u0159isp\u011bt k lep\u0161\u00ed orientaci ve zm\u011bn\u00e1ch pr\u00e1vn\u00edch norem.<br \/>\n<strong>Kl\u00ed\u010dov\u00e1 slova:<\/strong>\u00a0pr\u00e1vn\u00ed normy, nebezpe\u010dn\u00e9 l\u00e1tky, legislativa \u010cR.<i><br \/>\n<\/i><\/p>\n<p><a href=\"https:\/\/veda.polac.cz\/?page_id=1428\">04\/2010<\/a><\/p>\n","protected":false},"excerpt":{"rendered":"<p>Resum\u00e9 \u010dl\u00e1nku Zm\u011bny v prov\u00e1d\u011bn\u00ed klasifikace, ozna\u010dov\u00e1n\u00ed a balen\u00ed nebezpe\u010dn\u00fdch l\u00e1tek a sm\u011bs\u00ed na z\u00e1klad\u011b nov\u011b vydan\u00fdch norem Evropsk\u00e9 unie Ing. Lubom\u00edr Pol\u00edvka, Ing. J\u00e1n Hrivn\u00e1k, CSc. Auto\u0159i \u010dl\u00e1nku se sna\u017e\u00ed upozornit na zm\u011bny pr\u00e1vn\u00edch norem v oblasti problematiky nakl\u00e1d\u00e1n\u00ed s nebezpe\u010dn\u00fdmi l\u00e1tkami v r\u00e1mci \u010cR a pouk\u00e1zat na materi\u00e1ly, kter\u00e9 nakl\u00e1d\u00e1n\u00ed s nebezpe\u010dn\u00fdmi l\u00e1tkami [&hellip;]<\/p>\n","protected":false},"author":2,"featured_media":0,"parent":1428,"menu_order":11,"comment_status":"closed","ping_status":"closed","template":"","meta":{"footnotes":""},"class_list":["post-1456","page","type-page","status-publish","hentry"],"_links":{"self":[{"href":"https:\/\/veda.polac.cz\/index.php?rest_route=\/wp\/v2\/pages\/1456","targetHints":{"allow":["GET"]}}],"collection":[{"href":"https:\/\/veda.polac.cz\/index.php?rest_route=\/wp\/v2\/pages"}],"about":[{"href":"https:\/\/veda.polac.cz\/index.php?rest_route=\/wp\/v2\/types\/page"}],"author":[{"embeddable":true,"href":"https:\/\/veda.polac.cz\/index.php?rest_route=\/wp\/v2\/users\/2"}],"replies":[{"embeddable":true,"href":"https:\/\/veda.polac.cz\/index.php?rest_route=%2Fwp%2Fv2%2Fcomments&post=1456"}],"version-history":[{"count":2,"href":"https:\/\/veda.polac.cz\/index.php?rest_route=\/wp\/v2\/pages\/1456\/revisions"}],"predecessor-version":[{"id":1472,"href":"https:\/\/veda.polac.cz\/index.php?rest_route=\/wp\/v2\/pages\/1456\/revisions\/1472"}],"up":[{"embeddable":true,"href":"https:\/\/veda.polac.cz\/index.php?rest_route=\/wp\/v2\/pages\/1428"}],"wp:attachment":[{"href":"https:\/\/veda.polac.cz\/index.php?rest_route=%2Fwp%2Fv2%2Fmedia&parent=1456"}],"curies":[{"name":"wp","href":"https:\/\/api.w.org\/{rel}","templated":true}]}}