{"id":1454,"date":"2018-09-16T00:34:15","date_gmt":"2018-09-16T00:34:15","guid":{"rendered":"http:\/\/veda.polac.cz\/?page_id=1454"},"modified":"2018-10-27T19:01:28","modified_gmt":"2018-10-27T19:01:28","slug":"10-2-9","status":"publish","type":"page","link":"https:\/\/veda.polac.cz\/?page_id=1454","title":{"rendered":""},"content":{"rendered":"<p style=\"text-align: center;\">Resum\u00e9 \u010dl\u00e1nku<\/p>\n<p align=\"justify\"><b>Hospod\u00e1\u0159sk\u00e1 opat\u0159en\u00ed pro \u0159e\u0161en\u00ed krizov\u00fdch situac\u00ed<br \/>\n<\/b><em>Mgr. Luk\u00e1\u0161 Harazin, Mgr. Old\u0159ich Lu\u017ea<\/em><b><br \/>\n<\/b><\/p>\n<p>\u010cl\u00e1nek se zab\u00fdv\u00e1 popisem hospod\u00e1\u0159sk\u00fdch opat\u0159en\u00ed zahrnuj\u00edc\u00ed organiza\u010dn\u00ed, materi\u00e1ln\u00ed a finan\u010dn\u00ed opat\u0159en\u00ed, je\u017e jsou p\u0159ij\u00edman\u00e1 org\u00e1ny krizov\u00e9ho \u0159\u00edzen\u00ed s c\u00edlem zabezpe\u010dit materi\u00e1ln\u00ed zdroje, kter\u00e9 jsou pot\u0159eba k \u0159e\u0161en\u00ed krizov\u00e9 situace a to ve form\u011b nezbytn\u00fdch dod\u00e1vek nebo mobiliza\u010dn\u00edch dod\u00e1vek.<br \/>\n<strong>Kl\u00ed\u010dov\u00e1 slova:<\/strong>\u00a0syst\u00e9m hospod\u00e1\u0159sk\u00fdch opat\u0159en\u00ed pro krizov\u00e9 stavy, nouzov\u00e9 hospod\u00e1\u0159stv\u00ed, hospod\u00e1\u0159sk\u00e1 mobilizace<i><br \/>\n<\/i><\/p>\n<p><a href=\"https:\/\/veda.polac.cz\/?page_id=1428\">04\/2010<\/a><\/p>\n","protected":false},"excerpt":{"rendered":"<p>Resum\u00e9 \u010dl\u00e1nku Hospod\u00e1\u0159sk\u00e1 opat\u0159en\u00ed pro \u0159e\u0161en\u00ed krizov\u00fdch situac\u00ed Mgr. Luk\u00e1\u0161 Harazin, Mgr. Old\u0159ich Lu\u017ea \u010cl\u00e1nek se zab\u00fdv\u00e1 popisem hospod\u00e1\u0159sk\u00fdch opat\u0159en\u00ed zahrnuj\u00edc\u00ed organiza\u010dn\u00ed, materi\u00e1ln\u00ed a finan\u010dn\u00ed opat\u0159en\u00ed, je\u017e jsou p\u0159ij\u00edman\u00e1 org\u00e1ny krizov\u00e9ho \u0159\u00edzen\u00ed s c\u00edlem zabezpe\u010dit materi\u00e1ln\u00ed zdroje, kter\u00e9 jsou pot\u0159eba k \u0159e\u0161en\u00ed krizov\u00e9 situace a to ve form\u011b nezbytn\u00fdch dod\u00e1vek nebo mobiliza\u010dn\u00edch dod\u00e1vek. Kl\u00ed\u010dov\u00e1 slova:\u00a0syst\u00e9m [&hellip;]<\/p>\n","protected":false},"author":2,"featured_media":0,"parent":0,"menu_order":10,"comment_status":"closed","ping_status":"closed","template":"","meta":{"footnotes":""},"class_list":["post-1454","page","type-page","status-publish","hentry"],"_links":{"self":[{"href":"https:\/\/veda.polac.cz\/index.php?rest_route=\/wp\/v2\/pages\/1454","targetHints":{"allow":["GET"]}}],"collection":[{"href":"https:\/\/veda.polac.cz\/index.php?rest_route=\/wp\/v2\/pages"}],"about":[{"href":"https:\/\/veda.polac.cz\/index.php?rest_route=\/wp\/v2\/types\/page"}],"author":[{"embeddable":true,"href":"https:\/\/veda.polac.cz\/index.php?rest_route=\/wp\/v2\/users\/2"}],"replies":[{"embeddable":true,"href":"https:\/\/veda.polac.cz\/index.php?rest_route=%2Fwp%2Fv2%2Fcomments&post=1454"}],"version-history":[{"count":2,"href":"https:\/\/veda.polac.cz\/index.php?rest_route=\/wp\/v2\/pages\/1454\/revisions"}],"predecessor-version":[{"id":1471,"href":"https:\/\/veda.polac.cz\/index.php?rest_route=\/wp\/v2\/pages\/1454\/revisions\/1471"}],"wp:attachment":[{"href":"https:\/\/veda.polac.cz\/index.php?rest_route=%2Fwp%2Fv2%2Fmedia&parent=1454"}],"curies":[{"name":"wp","href":"https:\/\/api.w.org\/{rel}","templated":true}]}}