{"id":1452,"date":"2018-09-16T00:32:36","date_gmt":"2018-09-16T00:32:36","guid":{"rendered":"http:\/\/veda.polac.cz\/?page_id=1452"},"modified":"2018-10-27T19:01:28","modified_gmt":"2018-10-27T19:01:28","slug":"9-2-12","status":"publish","type":"page","link":"https:\/\/veda.polac.cz\/?page_id=1452","title":{"rendered":""},"content":{"rendered":"<p style=\"text-align: center;\">Resum\u00e9 \u010dl\u00e1nku<\/p>\n<p align=\"justify\"><b>Zamy\u0161len\u00ed nad jedn\u00edm rozhodnut\u00edm o propu\u0161t\u011bn\u00ed<br \/>\n<\/b><em>JUDr. Petr Tomek, Mgr. Irena Holzhauserov\u00e1<\/em><\/p>\n<p align=\"justify\"><b><\/b>V p\u0159\u00edsp\u011bvku se auto\u0159i zam\u00fd\u0161l\u00ed nad aplikac\u00ed kontroverzn\u00edho ustanoven\u00ed \u00a7 42 odst. 1 p\u00edsm. d) z\u00e1kona o slu\u017eebn\u00edm pom\u011bru o propu\u0161t\u011bn\u00ed z d\u016fvodu poru\u0161en\u00ed slu\u017eebn\u00edho slibu. Na konkr\u00e9tn\u00edm rozhodnut\u00ed slu\u017eebn\u00edho funkcion\u00e1\u0159e poukazuj\u00ed na n\u00edzkou kvalitu rozhodnut\u00ed ve v\u011bcech slu\u017eebn\u00edho pom\u011bru.<br \/>\n<strong>Kl\u00ed\u010dov\u00e1 slova:<\/strong>\u00a0Slu\u017eebn\u00ed pom\u011br, propu\u0161t\u011bn\u00ed, opravn\u00e9 prost\u0159edky<\/p>\n<p align=\"justify\"><a href=\"https:\/\/veda.polac.cz\/?page_id=1428\">04\/2010<\/a><\/p>\n","protected":false},"excerpt":{"rendered":"<p>Resum\u00e9 \u010dl\u00e1nku Zamy\u0161len\u00ed nad jedn\u00edm rozhodnut\u00edm o propu\u0161t\u011bn\u00ed JUDr. Petr Tomek, Mgr. Irena Holzhauserov\u00e1 V p\u0159\u00edsp\u011bvku se auto\u0159i zam\u00fd\u0161l\u00ed nad aplikac\u00ed kontroverzn\u00edho ustanoven\u00ed \u00a7 42 odst. 1 p\u00edsm. d) z\u00e1kona o slu\u017eebn\u00edm pom\u011bru o propu\u0161t\u011bn\u00ed z d\u016fvodu poru\u0161en\u00ed slu\u017eebn\u00edho slibu. Na konkr\u00e9tn\u00edm rozhodnut\u00ed slu\u017eebn\u00edho funkcion\u00e1\u0159e poukazuj\u00ed na n\u00edzkou kvalitu rozhodnut\u00ed ve v\u011bcech slu\u017eebn\u00edho pom\u011bru. Kl\u00ed\u010dov\u00e1 [&hellip;]<\/p>\n","protected":false},"author":2,"featured_media":0,"parent":0,"menu_order":9,"comment_status":"closed","ping_status":"closed","template":"","meta":{"footnotes":""},"class_list":["post-1452","page","type-page","status-publish","hentry"],"_links":{"self":[{"href":"https:\/\/veda.polac.cz\/index.php?rest_route=\/wp\/v2\/pages\/1452","targetHints":{"allow":["GET"]}}],"collection":[{"href":"https:\/\/veda.polac.cz\/index.php?rest_route=\/wp\/v2\/pages"}],"about":[{"href":"https:\/\/veda.polac.cz\/index.php?rest_route=\/wp\/v2\/types\/page"}],"author":[{"embeddable":true,"href":"https:\/\/veda.polac.cz\/index.php?rest_route=\/wp\/v2\/users\/2"}],"replies":[{"embeddable":true,"href":"https:\/\/veda.polac.cz\/index.php?rest_route=%2Fwp%2Fv2%2Fcomments&post=1452"}],"version-history":[{"count":2,"href":"https:\/\/veda.polac.cz\/index.php?rest_route=\/wp\/v2\/pages\/1452\/revisions"}],"predecessor-version":[{"id":1470,"href":"https:\/\/veda.polac.cz\/index.php?rest_route=\/wp\/v2\/pages\/1452\/revisions\/1470"}],"wp:attachment":[{"href":"https:\/\/veda.polac.cz\/index.php?rest_route=%2Fwp%2Fv2%2Fmedia&parent=1452"}],"curies":[{"name":"wp","href":"https:\/\/api.w.org\/{rel}","templated":true}]}}